{"id":11910,"date":"2025-07-18T17:15:02","date_gmt":"2025-07-18T09:15:02","guid":{"rendered":"https:\/\/ulpmat.com\/product\/oxyde-de-lanthane-de-strontium-et-de-nickel\/"},"modified":"2025-07-18T17:15:02","modified_gmt":"2025-07-18T09:15:02","slug":"oxyde-de-lanthane-de-strontium-et-de-nickel","status":"publish","type":"product","link":"https:\/\/ulpmat.com\/fr\/produit\/oxyde-de-lanthane-de-strontium-et-de-nickel\/","title":{"rendered":"Oxyde de lanthane, de strontium et de nickel"},"content":{"rendered":"<h2><span style=\"font-size: 14pt;\">Aper\u00e7u de l&rsquo;oxyde de lanthane-strontium-nickel<\/span><\/h2>\n<p><strong><span style=\"color: #3366ff;\"><a style=\"color: #3366ff;\" href=\"https:\/\/ulpmat.com\/fr\/recherche\/?type=element&#038;keyword=La%2CSr%2CNi%2CO\">La poudre d&rsquo;oxyde de lanthane strontium nickel<\/a><\/span><\/strong> est une poudre c\u00e9ramique de haute performance con\u00e7ue pour les mat\u00e9riaux fonctionnels avanc\u00e9s et les appareils \u00e9lectroniques. Elle pr\u00e9sente une composition pr\u00e9cise, une structure stable, une excellente conductivit\u00e9 et une grande stabilit\u00e9 thermique. Elle est largement utilis\u00e9e dans les piles \u00e0 combustible, les catalyseurs et les c\u00e9ramiques \u00e9lectroniques.<\/p>\n<p>Nous fournissons de la poudre d&rsquo;oxyde de lanthanum strontium nickel dans diff\u00e9rentes sp\u00e9cifications et puret\u00e9s, et nous pouvons personnaliser la taille des particules et l&#8217;emballage en fonction des besoins du client. Nous fournissons \u00e9galement une gamme compl\u00e8te d&rsquo;assistance technique et de service apr\u00e8s-vente pour garantir le bon d\u00e9roulement de votre application.<\/p>\n<h2><span style=\"font-size: 14pt;\">Points forts du produit<\/span><\/h2>\n<p>Haute puret\u00e9, 99,9 %, performances stables garanties<br \/>\nParticules uniformes, adapt\u00e9es au frittage et \u00e0 la pr\u00e9paration de films minces<br \/>\nStructure stable, structure cristalline p\u00e9rovskite, excellente conductivit\u00e9<br \/>\nApplicable aux piles \u00e0 combustible \u00e0 oxyde solide (SOFC), aux c\u00e9ramiques \u00e9lectroniques et aux catalyseurs<br \/>\nEmballage personnalisable<\/p>\n<h2><span style=\"font-size: 14pt;\">Applications de la poudre d&rsquo;oxyde de lanthane-strontium-nickel<\/span><\/h2>\n<p>Piles \u00e0 combustible : En tant que mat\u00e9riaux d&rsquo;anode, fournissent une conductivit\u00e9 \u00e0 haut rendement et une performance \u00e9lectrochimique stable<br \/>\nSupport de catalyseur : Favorise les r\u00e9actions catalytiques, am\u00e9liore l&rsquo;activit\u00e9 et la dur\u00e9e de vie des catalyseurs<br \/>\nC\u00e9ramiques fonctionnelles : utilis\u00e9es dans les dispositifs \u00e9lectroniques, les capteurs et la pr\u00e9paration de mat\u00e9riaux en couches minces<\/p>\n<h2><span style=\"font-size: 14pt;\">Rapports<\/span><\/h2>\n<p>Nous fournissons des certificats d&rsquo;analyse d\u00e9taill\u00e9s, des fiches de donn\u00e9es de s\u00e9curit\u00e9 et d&rsquo;autres rapports d&rsquo;essai pour chaque lot de produits, nous prenons en charge les essais par des tiers et nous veillons \u00e0 ce que la qualit\u00e9 et les performances des produits r\u00e9pondent aux exigences des clients.<\/p>\n","protected":false},"excerpt":{"rendered":"<p>Aper\u00e7u de l&rsquo;oxyde de lanthane-strontium-nickel La poudre d&rsquo;oxyde de lanthane strontium nickel est une poudre c\u00e9ramique de haute performance con\u00e7ue pour les mat\u00e9riaux fonctionnels avanc\u00e9s et les appareils \u00e9lectroniques. Elle pr\u00e9sente une composition pr\u00e9cise, une structure stable, une excellente conductivit\u00e9 et une grande stabilit\u00e9 thermique. Elle est largement utilis\u00e9e dans les piles \u00e0 combustible, les [&hellip;]<\/p>\n","protected":false},"featured_media":5636,"template":"","meta":{"_acf_changed":false},"product_brand":[132],"product_cat":[314,920,921],"product_tag":[951,439,922,950],"class_list":{"0":"post-11910","1":"product","2":"type-product","3":"status-publish","4":"has-post-thumbnail","6":"product_brand-ulpmat","7":"product_cat-materiaux-a-base-de-terres-rares","8":"product_cat-materiaux-de-dopage-pour-batteries","9":"product_cat-materiaux-de-la-batterie","10":"product_tag-lsno-fr","11":"product_tag-materiaux-a-base-de-terres-rares","12":"product_tag-materiaux-de-la-batterie","13":"product_tag-oxyde-de-lanthane-de-strontium-et-de-nickel","15":"first","16":"instock","17":"shipping-taxable","18":"product-type-variable"},"acf":[],"_links":{"self":[{"href":"https:\/\/ulpmat.com\/fr\/wp-json\/wp\/v2\/product\/11910","targetHints":{"allow":["GET"]}}],"collection":[{"href":"https:\/\/ulpmat.com\/fr\/wp-json\/wp\/v2\/product"}],"about":[{"href":"https:\/\/ulpmat.com\/fr\/wp-json\/wp\/v2\/types\/product"}],"wp:featuredmedia":[{"embeddable":true,"href":"https:\/\/ulpmat.com\/fr\/wp-json\/wp\/v2\/media\/5636"}],"wp:attachment":[{"href":"https:\/\/ulpmat.com\/fr\/wp-json\/wp\/v2\/media?parent=11910"}],"wp:term":[{"taxonomy":"product_brand","embeddable":true,"href":"https:\/\/ulpmat.com\/fr\/wp-json\/wp\/v2\/product_brand?post=11910"},{"taxonomy":"product_cat","embeddable":true,"href":"https:\/\/ulpmat.com\/fr\/wp-json\/wp\/v2\/product_cat?post=11910"},{"taxonomy":"product_tag","embeddable":true,"href":"https:\/\/ulpmat.com\/fr\/wp-json\/wp\/v2\/product_tag?post=11910"}],"curies":[{"name":"wp","href":"https:\/\/api.w.org\/{rel}","templated":true}]}}