{"id":11898,"date":"2025-07-18T17:15:02","date_gmt":"2025-07-18T09:15:02","guid":{"rendered":"https:\/\/ulpmat.com\/product\/oxyde-de-lanthane-et-de-strontium-et-de-titane\/"},"modified":"2025-07-18T17:15:02","modified_gmt":"2025-07-18T09:15:02","slug":"oxyde-de-lanthane-et-de-strontium-et-de-titane","status":"publish","type":"product","link":"https:\/\/ulpmat.com\/fr\/produit\/oxyde-de-lanthane-et-de-strontium-et-de-titane\/","title":{"rendered":"Oxyde de lanthane et de strontium et de titane"},"content":{"rendered":"<h2><span style=\"font-size: 14pt;\">Aper\u00e7u de l&rsquo;oxyde de lanthane, de <span style=\"font-size: 12pt;\">strontium et<\/span> de titane<\/span><\/h2>\n<p><strong><span style=\"color: #3366ff;\"><a style=\"color: #3366ff;\" href=\"https:\/\/ulpmat.com\/fr\/recherche\/?type=element&#038;keyword=La%2CSr%2CTi%2CO\">La poudre d&rsquo;oxyde de titane et de strontium-lanthane<\/a><\/span><\/strong> est un mat\u00e9riau c\u00e9ramique de haute performance con\u00e7u pour les couches minces fonctionnelles et les dispositifs \u00e9lectroniques avanc\u00e9s. Ce mat\u00e9riau pr\u00e9sente une bonne conductivit\u00e9, une structure cristalline stable et une excellente stabilit\u00e9 chimique et thermique. Il est largement utilis\u00e9 dans les c\u00e9ramiques \u00e9lectroniques, les semi-conducteurs \u00e0 base d&rsquo;oxyde, les piles \u00e0 combustible et les capteurs.<\/p>\n<p>Nous fournissons de la poudre d&rsquo;oxyde de titane et de strontium lanthanum dans une vari\u00e9t\u00e9 de sp\u00e9cifications pour r\u00e9pondre \u00e0 diff\u00e9rents besoins en mati\u00e8re de processus et de recherche. Le produit est soumis \u00e0 un contr\u00f4le strict de la taille des particules et \u00e0 des tests de puret\u00e9 afin de garantir des performances stables et uniformes pendant les processus de frittage, de d\u00e9p\u00f4t et de frittage. Nous aidons \u00e9galement nos clients \u00e0 personnaliser la distribution de la taille des particules et les sp\u00e9cifications d&#8217;emballage afin de les aider \u00e0 passer sans heurts de la recherche et du d\u00e9veloppement en laboratoire \u00e0 la production \u00e0 grande \u00e9chelle.<\/p>\n<h2><span style=\"font-size: 14pt;\">Points forts du produit<\/span><\/h2>\n<p>Taille des particules en option : La personnalisation est possible<br \/>\nPuret\u00e9 : 99,9 %, teneur en impuret\u00e9s extr\u00eamement faible<br \/>\nForte stabilit\u00e9 \u00e0 haute temp\u00e9rature, adapt\u00e9 \u00e0 une vari\u00e9t\u00e9 de technologies de d\u00e9p\u00f4t et de frittage<br \/>\nEmballage personnalisable<\/p>\n<h2><span style=\"font-size: 14pt;\">Applications de la poudre d&rsquo;oxyde de titane et de strontium-lanthane<\/span><\/h2>\n<p>Semi-conducteurs \u00e0 base d&rsquo;oxyde et mat\u00e9riaux d&rsquo;\u00e9lectrode : Le LSTO est utilis\u00e9 comme couche conductrice dop\u00e9e dans des dispositifs tels que les transistors \u00e0 effet de champ et les films conducteurs transparents, combinant conductivit\u00e9 et stabilit\u00e9 structurelle.<br \/>\nPiles \u00e0 combustible \u00e0 oxyde solide (SOFC) : peut \u00eatre utilis\u00e9 comme anode ou mat\u00e9riau de couche de transition pour am\u00e9liorer la conductivit\u00e9 et l&rsquo;adaptation thermique.<br \/>\nMat\u00e9riaux c\u00e9ramiques \u00e9lectroniques : Convient aux dispositifs \u00e0 constante di\u00e9lectrique \u00e9lev\u00e9e, aux condensateurs, aux dispositifs pi\u00e9zo\u00e9lectriques, etc.<br \/>\nD\u00e9p\u00f4t de couches minces : Utilis\u00e9 comme pr\u00e9curseur de cible dans les processus PLD, CVD et de pulv\u00e9risation pour fournir une source de composition stable pour les films \u00e0 structure p\u00e9rovskite.<\/p>\n<h2><span style=\"font-size: 14pt;\">Rapports<\/span><\/h2>\n<p>Nous fournissons des certificats d&rsquo;analyse, des fiches de donn\u00e9es de s\u00e9curit\u00e9 et d&rsquo;autres rapports pertinents pour chaque lot de marchandises. En outre, nous prenons \u00e9galement en charge les tests effectu\u00e9s par des tiers afin d&rsquo;am\u00e9liorer l&rsquo;assurance qualit\u00e9.<\/p>\n","protected":false},"excerpt":{"rendered":"<p>Aper\u00e7u de l&rsquo;oxyde de lanthane, de strontium et de titane La poudre d&rsquo;oxyde de titane et de strontium-lanthane est un mat\u00e9riau c\u00e9ramique de haute performance con\u00e7u pour les couches minces fonctionnelles et les dispositifs \u00e9lectroniques avanc\u00e9s. Ce mat\u00e9riau pr\u00e9sente une bonne conductivit\u00e9, une structure cristalline stable et une excellente stabilit\u00e9 chimique et thermique. Il est [&hellip;]<\/p>\n","protected":false},"featured_media":6902,"template":"","meta":{"_acf_changed":false},"product_brand":[132],"product_cat":[314,920,921],"product_tag":[924,439,922,923],"class_list":{"0":"post-11898","1":"product","2":"type-product","3":"status-publish","4":"has-post-thumbnail","6":"product_brand-ulpmat","7":"product_cat-materiaux-a-base-de-terres-rares","8":"product_cat-materiaux-de-dopage-pour-batteries","9":"product_cat-materiaux-de-la-batterie","10":"product_tag-lato-fr","11":"product_tag-materiaux-a-base-de-terres-rares","12":"product_tag-materiaux-de-la-batterie","13":"product_tag-oxyde-de-lanthane-et-de-strontium-et-de-titane","15":"first","16":"instock","17":"shipping-taxable","18":"product-type-variable"},"acf":[],"_links":{"self":[{"href":"https:\/\/ulpmat.com\/fr\/wp-json\/wp\/v2\/product\/11898","targetHints":{"allow":["GET"]}}],"collection":[{"href":"https:\/\/ulpmat.com\/fr\/wp-json\/wp\/v2\/product"}],"about":[{"href":"https:\/\/ulpmat.com\/fr\/wp-json\/wp\/v2\/types\/product"}],"wp:featuredmedia":[{"embeddable":true,"href":"https:\/\/ulpmat.com\/fr\/wp-json\/wp\/v2\/media\/6902"}],"wp:attachment":[{"href":"https:\/\/ulpmat.com\/fr\/wp-json\/wp\/v2\/media?parent=11898"}],"wp:term":[{"taxonomy":"product_brand","embeddable":true,"href":"https:\/\/ulpmat.com\/fr\/wp-json\/wp\/v2\/product_brand?post=11898"},{"taxonomy":"product_cat","embeddable":true,"href":"https:\/\/ulpmat.com\/fr\/wp-json\/wp\/v2\/product_cat?post=11898"},{"taxonomy":"product_tag","embeddable":true,"href":"https:\/\/ulpmat.com\/fr\/wp-json\/wp\/v2\/product_tag?post=11898"}],"curies":[{"name":"wp","href":"https:\/\/api.w.org\/{rel}","templated":true}]}}