{"id":11789,"date":"2025-07-18T17:15:05","date_gmt":"2025-07-18T09:15:05","guid":{"rendered":"https:\/\/ulpmat.com\/product\/fluorure-de-cerium-2\/"},"modified":"2025-07-18T17:15:05","modified_gmt":"2025-07-18T09:15:05","slug":"fluorure-de-cerium-2","status":"publish","type":"product","link":"https:\/\/ulpmat.com\/fr\/produit\/fluorure-de-cerium-2\/","title":{"rendered":"Fluorure de c\u00e9rium"},"content":{"rendered":"<h2><span style=\"font-size: 14pt;\">Aper\u00e7u de la poudre de fluorure de c\u00e9rium<\/span><\/h2>\n<p><strong><span style=\"color: #3366ff;\"><a style=\"color: #3366ff;\" href=\"https:\/\/ulpmat.com\/fr\/recherche\/?type=element&#038;keyword=Ce%2CF\">La poudre de fluorure de c\u00e9rium<\/a><\/span><\/strong> est une poudre inorganique de haute puret\u00e9 con\u00e7ue pour la pr\u00e9paration de mat\u00e9riaux fonctionnels et de rev\u00eatements avanc\u00e9s. Avec une puret\u00e9 allant jusqu&rsquo;\u00e0 99,995 %, des particules uniformes, une excellente stabilit\u00e9 thermique et chimique, elle convient \u00e0 de nombreux domaines de haute technologie tels que l&rsquo;optique, l&rsquo;\u00e9lectronique et la catalyse.<\/p>\n<p>Nous fournissons des <strong>poudres de fluorure de c\u00e9rium de haute qualit\u00e9<\/strong> avec diff\u00e9rentes tailles de particules et sp\u00e9cifications, et pouvons personnaliser la distribution des particules et les sp\u00e9cifications d&#8217;emballage en fonction des besoins du client. Nous disposons \u00e9galement d&rsquo;une \u00e9quipe d&rsquo;assistance technique professionnelle pour vous apporter une aide compl\u00e8te dans la s\u00e9lection et l&rsquo;application des mat\u00e9riaux.<\/p>\n<h2><span style=\"font-size: 14pt;\">Points forts du produit<\/span><\/h2>\n<p>Puret\u00e9 : 99,995 %<br \/>\nParticules uniformes, bonne dispersion<br \/>\nExcellente stabilit\u00e9 thermique et chimique<br \/>\nTaille des particules et sp\u00e9cifications d&#8217;emballage personnalisables<br \/>\nLargement utilis\u00e9 dans les rev\u00eatements optiques, les mat\u00e9riaux \u00e9lectroniques et les catalyseurs<\/p>\n<h2><span style=\"font-size: 14pt;\">Applications de la poudre de fluorure de c\u00e9rium<\/span><\/h2>\n<p>Mat\u00e9riaux optiques : CeF3 est utilis\u00e9 comme mati\u00e8re premi\u00e8re cl\u00e9 dans les luminophores et les lasers pour am\u00e9liorer les performances optiques.<br \/>\nDispositifs \u00e9lectroniques : utilis\u00e9 dans les films fonctionnels et les couches conductrices transparentes pour am\u00e9liorer la stabilit\u00e9 des dispositifs.<br \/>\nSupports de catalyseurs : Le CeF3 est utilis\u00e9 dans la pr\u00e9paration des catalyseurs en raison de sa bonne stabilit\u00e9 chimique et de sa surface sp\u00e9cifique \u00e9lev\u00e9e.<br \/>\nRev\u00eatements r\u00e9sistants \u00e0 l&rsquo;usure : Ils offrent une excellente r\u00e9sistance \u00e0 la corrosion et \u00e0 l&rsquo;usure dans les rev\u00eatements durs et les couches protectrices.<\/p>\n<h2><span style=\"font-size: 14pt;\">Rapports<\/span><\/h2>\n<p>Nous fournissons un certificat d&rsquo;analyse (COA), une fiche de donn\u00e9es de s\u00e9curit\u00e9 (MSDS) et des rapports d&rsquo;essai connexes pour chaque lot de poudre de fluorure de c\u00e9rium, nous prenons en charge les essais par des tiers et nous garantissons la fiabilit\u00e9 de la qualit\u00e9 et de la performance des mat\u00e9riaux.<\/p>\n<h2><span style=\"font-size: 14pt;\">Pourquoi nous choisir ?<\/span><\/h2>\n<p>En tant que <strong>fournisseur de<\/strong> confiance de <strong>fluorure de c\u00e9rium (CeF\u2083)<\/strong>, nous offrons une poudre de haute puret\u00e9 avec une excellente stabilit\u00e9, une faible hygroscopicit\u00e9 et une qualit\u00e9 constante. Avec des tailles de particules personnalisables, un contr\u00f4le de qualit\u00e9 strict et une livraison mondiale fiable, nous fournissons des solutions fiables pour la recherche, l&rsquo;optique et les applications industrielles avanc\u00e9es.<\/p>\n","protected":false},"excerpt":{"rendered":"<p>Aper\u00e7u de la poudre de fluorure de c\u00e9rium La poudre de fluorure de c\u00e9rium est une poudre inorganique de haute puret\u00e9 con\u00e7ue pour la pr\u00e9paration de mat\u00e9riaux fonctionnels et de rev\u00eatements avanc\u00e9s. Avec une puret\u00e9 allant jusqu&rsquo;\u00e0 99,995 %, des particules uniformes, une excellente stabilit\u00e9 thermique et chimique, elle convient \u00e0 de nombreux domaines de [&hellip;]<\/p>\n","protected":false},"featured_media":5690,"template":"","meta":{"_acf_changed":false},"product_brand":[132],"product_cat":[314,313],"product_tag":[860,439,315],"class_list":{"0":"post-11789","1":"product","2":"type-product","3":"status-publish","4":"has-post-thumbnail","6":"product_brand-ulpmat","7":"product_cat-materiaux-a-base-de-terres-rares","8":"product_cat-materiaux-halogenes","9":"product_tag-fluorure-de-cerium","10":"product_tag-materiaux-a-base-de-terres-rares","11":"product_tag-materiaux-halogenes","13":"first","14":"instock","15":"shipping-taxable","16":"product-type-variable"},"acf":[],"_links":{"self":[{"href":"https:\/\/ulpmat.com\/fr\/wp-json\/wp\/v2\/product\/11789","targetHints":{"allow":["GET"]}}],"collection":[{"href":"https:\/\/ulpmat.com\/fr\/wp-json\/wp\/v2\/product"}],"about":[{"href":"https:\/\/ulpmat.com\/fr\/wp-json\/wp\/v2\/types\/product"}],"wp:featuredmedia":[{"embeddable":true,"href":"https:\/\/ulpmat.com\/fr\/wp-json\/wp\/v2\/media\/5690"}],"wp:attachment":[{"href":"https:\/\/ulpmat.com\/fr\/wp-json\/wp\/v2\/media?parent=11789"}],"wp:term":[{"taxonomy":"product_brand","embeddable":true,"href":"https:\/\/ulpmat.com\/fr\/wp-json\/wp\/v2\/product_brand?post=11789"},{"taxonomy":"product_cat","embeddable":true,"href":"https:\/\/ulpmat.com\/fr\/wp-json\/wp\/v2\/product_cat?post=11789"},{"taxonomy":"product_tag","embeddable":true,"href":"https:\/\/ulpmat.com\/fr\/wp-json\/wp\/v2\/product_tag?post=11789"}],"curies":[{"name":"wp","href":"https:\/\/api.w.org\/{rel}","templated":true}]}}