{"id":11715,"date":"2025-07-18T17:15:06","date_gmt":"2025-07-18T09:15:06","guid":{"rendered":"https:\/\/ulpmat.com\/product\/oxyde-de-cerium-3\/"},"modified":"2025-07-18T17:15:06","modified_gmt":"2025-07-18T09:15:06","slug":"oxyde-de-cerium-3","status":"publish","type":"product","link":"https:\/\/ulpmat.com\/fr\/produit\/oxyde-de-cerium-3\/","title":{"rendered":"Oxyde de c\u00e9rium"},"content":{"rendered":"<h2><span style=\"font-size: 14pt;\">Aper\u00e7u de l&rsquo;oxyde de c\u00e9rium<\/span><\/h2>\n<p><strong><span style=\"color: #3366ff;\"><a style=\"color: #3366ff;\" href=\"https:\/\/ulpmat.com\/fr\/recherche\/?type=formula&#038;keyword=ceo2\">Les granul\u00e9s d&rsquo;oxyde de c\u00e9rium<\/a><\/span><\/strong> sont des mat\u00e9riaux inorganiques de haute puret\u00e9 con\u00e7us pour les mat\u00e9riaux fonctionnels haut de gamme et les applications de d\u00e9p\u00f4t de couches minces. Les granul\u00e9s d&rsquo;oxyde de c\u00e9rium que nous fournissons ont une excellente puret\u00e9, une distribution granulom\u00e9trique uniforme et une bonne stabilit\u00e9 thermique. Ils conviennent \u00e0 divers domaines de l&rsquo;optique, de l&rsquo;\u00e9lectricit\u00e9 et de la protection de l&rsquo;environnement, et garantissent d&rsquo;excellentes performances dans diff\u00e9rents environnements de traitement.<\/p>\n<p>Nous pouvons fournir des granul\u00e9s d&rsquo;oxyde de c\u00e9rium de diff\u00e9rentes tailles et prendre en charge la personnalisation de diff\u00e9rentes sp\u00e9cifications de taille pour r\u00e9pondre aux besoins sp\u00e9cifiques des clients en mati\u00e8re de frittage de cibles, de rev\u00eatements optiques, de pr\u00e9paration de catalyseurs, etc. En m\u00eame temps, nous fournissons une assistance technique et un service apr\u00e8s-vente rapides afin de garantir que les clients n&rsquo;ont aucun souci dans la s\u00e9lection et l&rsquo;application des produits <span style=\"color: #3366ff;\"><a style=\"color: #3366ff;\" href=\"https:\/\/ulpmat.com\/fr\/contactez-nous\/\">nous contacter<\/a><\/span>.<\/p>\n<h2><span style=\"font-size: 14pt;\">Points forts du produit<\/span><\/h2>\n<p>Puret\u00e9 : de 99,9 % \u00e0 99,99 %<br \/>\nTaille des particules et emballage personnalisables<br \/>\nPoudre blanche ou jaune clair, excellente stabilit\u00e9 chimique<br \/>\nSurface sp\u00e9cifique \u00e9lev\u00e9e, peut am\u00e9liorer l&rsquo;activit\u00e9 catalytique ou de frittage<br \/>\nPeut \u00eatre utilis\u00e9 pour le pressage de cibles, le sol-gel, la pulv\u00e9risation de plasma et d&rsquo;autres processus<\/p>\n<h2><span style=\"font-size: 14pt;\">Applications des granul\u00e9s d&rsquo;oxyde de c\u00e9rium<\/span><\/h2>\n<p>Rev\u00eatement optique : En tant que film antireflet, film \u00e0 haute r\u00e9fraction ou couche de blocage des UV, il est utilis\u00e9 dans les composants optiques de haute performance tels que les lentilles et les filtres optiques.<br \/>\nSupport de catalyseur : CeO2 est un composant cl\u00e9 des catalyseurs \u00e0 trois voies, avec une bonne capacit\u00e9 de stockage de l&rsquo;oxyg\u00e8ne (OSC), qui peut am\u00e9liorer l&rsquo;efficacit\u00e9 de la purification des gaz d&rsquo;\u00e9chappement des automobiles.<br \/>\nPile \u00e0 combustible : En tant que mat\u00e9riau d&rsquo;\u00e9lectrolyte dans les piles \u00e0 combustible \u00e0 oxyde solide (SOFC), il am\u00e9liore la conductivit\u00e9 ionique et la stabilit\u00e9 thermique.<br \/>\nMat\u00e9riau de polissage : L&rsquo;oxyde de c\u00e9rium de haute puret\u00e9 est largement utilis\u00e9 dans le processus de polissage de pr\u00e9cision des mat\u00e9riaux haut de gamme tels que le verre, les plaquettes de silicium et les fibres optiques.<\/p>\n<h2><span style=\"font-size: 14pt;\">Rapports<\/span><\/h2>\n<p>Nous fournissons des certificats d&rsquo;analyse, des fiches de donn\u00e9es de s\u00e9curit\u00e9 et d&rsquo;autres rapports pertinents pour chaque lot de marchandises. En outre, nous prenons \u00e9galement en charge les tests effectu\u00e9s par des tiers afin d&rsquo;am\u00e9liorer l&rsquo;assurance qualit\u00e9.<\/p>\n","protected":false},"excerpt":{"rendered":"<p>Aper\u00e7u de l&rsquo;oxyde de c\u00e9rium Les granul\u00e9s d&rsquo;oxyde de c\u00e9rium sont des mat\u00e9riaux inorganiques de haute puret\u00e9 con\u00e7us pour les mat\u00e9riaux fonctionnels haut de gamme et les applications de d\u00e9p\u00f4t de couches minces. Les granul\u00e9s d&rsquo;oxyde de c\u00e9rium que nous fournissons ont une excellente puret\u00e9, une distribution granulom\u00e9trique uniforme et une bonne stabilit\u00e9 thermique. Ils [&hellip;]<\/p>\n","protected":false},"featured_media":6956,"template":"","meta":{"_acf_changed":false},"product_brand":[132],"product_cat":[296],"product_tag":[439,848],"class_list":{"0":"post-11715","1":"product","2":"type-product","3":"status-publish","4":"has-post-thumbnail","6":"product_brand-ulpmat","7":"product_cat-materiaux-devaporation","8":"product_tag-materiaux-a-base-de-terres-rares","9":"product_tag-oxyde-de-cerium","11":"first","12":"instock","13":"shipping-taxable","14":"product-type-variable"},"acf":[],"_links":{"self":[{"href":"https:\/\/ulpmat.com\/fr\/wp-json\/wp\/v2\/product\/11715","targetHints":{"allow":["GET"]}}],"collection":[{"href":"https:\/\/ulpmat.com\/fr\/wp-json\/wp\/v2\/product"}],"about":[{"href":"https:\/\/ulpmat.com\/fr\/wp-json\/wp\/v2\/types\/product"}],"wp:featuredmedia":[{"embeddable":true,"href":"https:\/\/ulpmat.com\/fr\/wp-json\/wp\/v2\/media\/6956"}],"wp:attachment":[{"href":"https:\/\/ulpmat.com\/fr\/wp-json\/wp\/v2\/media?parent=11715"}],"wp:term":[{"taxonomy":"product_brand","embeddable":true,"href":"https:\/\/ulpmat.com\/fr\/wp-json\/wp\/v2\/product_brand?post=11715"},{"taxonomy":"product_cat","embeddable":true,"href":"https:\/\/ulpmat.com\/fr\/wp-json\/wp\/v2\/product_cat?post=11715"},{"taxonomy":"product_tag","embeddable":true,"href":"https:\/\/ulpmat.com\/fr\/wp-json\/wp\/v2\/product_tag?post=11715"}],"curies":[{"name":"wp","href":"https:\/\/api.w.org\/{rel}","templated":true}]}}