{"id":11658,"date":"2025-07-18T17:15:09","date_gmt":"2025-07-18T09:15:09","guid":{"rendered":"https:\/\/ulpmat.com\/product\/siliciure-de-cerium-2\/"},"modified":"2025-07-18T17:15:09","modified_gmt":"2025-07-18T09:15:09","slug":"siliciure-de-cerium-2","status":"publish","type":"product","link":"https:\/\/ulpmat.com\/fr\/produit\/siliciure-de-cerium-2\/","title":{"rendered":"Siliciure de c\u00e9rium"},"content":{"rendered":"<h2><span style=\"font-size: 14pt;\">Siliciure de c\u00e9rium Aper\u00e7u<\/span><\/h2>\n<p><strong><span style=\"color: #3366ff;\"><a style=\"color: #3366ff;\" href=\"https:\/\/ulpmat.com\/fr\/recherche\/?type=formula&#038;keyword=cesi2\">Les granul\u00e9s de siliciure de c\u00e9rium<\/a> <\/span><\/strong><span style=\"color: #3366ff;\">(CeSi2)<\/span> sont des mat\u00e9riaux inorganiques de haute performance con\u00e7us pour la recherche sur les mat\u00e9riaux avanc\u00e9s et les processus de d\u00e9p\u00f4t de couches minces. Ils pr\u00e9sentent une excellente stabilit\u00e9 chimique, une grande puret\u00e9 et une grande compacit\u00e9, ce qui permet d&rsquo;am\u00e9liorer l&rsquo;uniformit\u00e9 et les performances fonctionnelles des films d\u00e9pos\u00e9s. Les granul\u00e9s de siliciure de c\u00e9rium sont largement utilis\u00e9s dans des domaines de pointe tels que la micro\u00e9lectronique, les mat\u00e9riaux thermo\u00e9lectriques et l&rsquo;ing\u00e9nierie des surfaces.<\/p>\n<p>Nous pouvons fournir des granul\u00e9s de siliciure de c\u00e9rium avec une vari\u00e9t\u00e9 de distributions de tailles de particules, qui peuvent \u00eatre personnalis\u00e9es en fonction de vos exigences de processus sp\u00e9cifiques. En outre, nous fournissons une gamme compl\u00e8te de services d&rsquo;assistance apr\u00e8s-vente. Si vous avez des questions techniques pendant l&rsquo;utilisation, n&rsquo;h\u00e9sitez pas \u00e0 <span style=\"color: #3366ff;\"><a style=\"color: #3366ff;\" href=\"https:\/\/ulpmat.com\/fr\/contactez-nous\/\">nous contacter<\/a><\/span>.<\/p>\n<h2><span style=\"font-size: 14pt;\">Points forts du produit<\/span><\/h2>\n<p>CeSi2 de haute puret\u00e9 : 99,9%<br \/>\nDistribution pr\u00e9cise de la taille des particules : convient \u00e0 diverses technologies de d\u00e9p\u00f4t en phase vapeur ou solide<br \/>\nForte stabilit\u00e9 : excellente r\u00e9sistance \u00e0 l&rsquo;oxydation et stabilit\u00e9 thermique<br \/>\nAdaptabilit\u00e9 \u00e0 de multiples domaines : mat\u00e9riaux \u00e9lectroniques, membranes fonctionnelles, dispositifs thermo\u00e9lectriques, etc.<br \/>\nEmballage personnalis\u00e9<\/p>\n<h2><span style=\"font-size: 14pt;\">Applications des granul\u00e9s de siliciure de c\u00e9rium<\/span><\/h2>\n<p>Dispositifs micro\u00e9lectroniques : utilis\u00e9s comme source de Ce dans la structure de contact du siliciure de m\u00e9tal pour am\u00e9liorer la stabilit\u00e9 des dispositifs<br \/>\nMat\u00e9riaux thermo\u00e9lectriques : utilis\u00e9s pour la production d&rsquo;\u00e9nergie thermo\u00e9lectrique \u00e0 haute temp\u00e9rature ou pour les \u00e9l\u00e9ments de refroidissement, offrant d&rsquo;excellentes performances thermo\u00e9lectriques<br \/>\nRev\u00eatement de surface : formation de rev\u00eatements r\u00e9sistants \u00e0 la corrosion et aux temp\u00e9ratures \u00e9lev\u00e9es dans le cadre d&rsquo;une ing\u00e9nierie de surface sp\u00e9ciale<br \/>\nDomaine de recherche : utilis\u00e9 comme mati\u00e8re premi\u00e8re exp\u00e9rimentale pour explorer les propri\u00e9t\u00e9s \u00e9lectriques et magn\u00e9tiques des compos\u00e9s interm\u00e9talliques \u00e0 base de m\u00e9taux des terres rares<\/p>\n<h2><span style=\"font-size: 14pt;\">Rapports<\/span><\/h2>\n<p>Nous fournissons des certificats d&rsquo;analyse, des fiches de donn\u00e9es de s\u00e9curit\u00e9 et d&rsquo;autres rapports pertinents pour chaque lot de marchandises. En outre, nous prenons \u00e9galement en charge les tests effectu\u00e9s par des tiers afin d&rsquo;am\u00e9liorer l&rsquo;assurance qualit\u00e9.<\/p>\n<p>Pourquoi nous choisir ?<\/p>\n<p>En tant que <strong>fournisseur de siliciure de c\u00e9rium (CeSi2)<\/strong> de confiance, nous fournissons des mat\u00e9riaux de haute puret\u00e9 avec une taille de particule uniforme, d&rsquo;excellentes propri\u00e9t\u00e9s thermiques et \u00e9lectriques et une qualit\u00e9 constante. Avec des sp\u00e9cifications personnalisables, un contr\u00f4le de qualit\u00e9 strict et une livraison mondiale fiable, nous offrons des solutions fiables pour les mat\u00e9riaux avanc\u00e9s, l&rsquo;\u00e9lectronique et les applications de recherche.<\/p>\n","protected":false},"excerpt":{"rendered":"<p>Siliciure de c\u00e9rium Aper\u00e7u Les granul\u00e9s de siliciure de c\u00e9rium (CeSi2) sont des mat\u00e9riaux inorganiques de haute performance con\u00e7us pour la recherche sur les mat\u00e9riaux avanc\u00e9s et les processus de d\u00e9p\u00f4t de couches minces. Ils pr\u00e9sentent une excellente stabilit\u00e9 chimique, une grande puret\u00e9 et une grande compacit\u00e9, ce qui permet d&rsquo;am\u00e9liorer l&rsquo;uniformit\u00e9 et les performances [&hellip;]<\/p>\n","protected":false},"featured_media":5702,"template":"","meta":{"_acf_changed":false},"product_brand":[132],"product_cat":[296],"product_tag":[439],"class_list":{"0":"post-11658","1":"product","2":"type-product","3":"status-publish","4":"has-post-thumbnail","6":"product_brand-ulpmat","7":"product_cat-materiaux-devaporation","8":"product_tag-materiaux-a-base-de-terres-rares","10":"first","11":"instock","12":"shipping-taxable","13":"product-type-variable"},"acf":[],"_links":{"self":[{"href":"https:\/\/ulpmat.com\/fr\/wp-json\/wp\/v2\/product\/11658","targetHints":{"allow":["GET"]}}],"collection":[{"href":"https:\/\/ulpmat.com\/fr\/wp-json\/wp\/v2\/product"}],"about":[{"href":"https:\/\/ulpmat.com\/fr\/wp-json\/wp\/v2\/types\/product"}],"wp:featuredmedia":[{"embeddable":true,"href":"https:\/\/ulpmat.com\/fr\/wp-json\/wp\/v2\/media\/5702"}],"wp:attachment":[{"href":"https:\/\/ulpmat.com\/fr\/wp-json\/wp\/v2\/media?parent=11658"}],"wp:term":[{"taxonomy":"product_brand","embeddable":true,"href":"https:\/\/ulpmat.com\/fr\/wp-json\/wp\/v2\/product_brand?post=11658"},{"taxonomy":"product_cat","embeddable":true,"href":"https:\/\/ulpmat.com\/fr\/wp-json\/wp\/v2\/product_cat?post=11658"},{"taxonomy":"product_tag","embeddable":true,"href":"https:\/\/ulpmat.com\/fr\/wp-json\/wp\/v2\/product_tag?post=11658"}],"curies":[{"name":"wp","href":"https:\/\/api.w.org\/{rel}","templated":true}]}}