{"id":11601,"date":"2025-07-18T17:15:11","date_gmt":"2025-07-18T09:15:11","guid":{"rendered":"https:\/\/ulpmat.com\/product\/acetate-de-praseodyme\/"},"modified":"2025-07-18T17:15:11","modified_gmt":"2025-07-18T09:15:11","slug":"acetate-de-praseodyme","status":"publish","type":"product","link":"https:\/\/ulpmat.com\/fr\/produit\/acetate-de-praseodyme\/","title":{"rendered":"Ac\u00e9tate de pras\u00e9odyme"},"content":{"rendered":"<h2><span style=\"font-size: 14pt;\">Ac\u00e9tate de pras\u00e9odyme Aper\u00e7u<\/span><\/h2>\n<p><strong><span style=\"color: #3366ff;\"><a style=\"color: #3366ff;\" href=\"https:\/\/ulpmat.com\/fr\/recherche\/?type=name&#038;keyword=Praseodymium+Acetate\">La poudre d&rsquo;ac\u00e9tate de pras\u00e9odyme (PrC6H9O6)<\/a><\/span><\/strong> est un compos\u00e9 de terres rares de haute puret\u00e9 et de haute qualit\u00e9 con\u00e7u pour la recherche scientifique et les applications industrielles, garantissant l&rsquo;efficacit\u00e9 et la stabilit\u00e9 de vos processus de d\u00e9veloppement et de production de mat\u00e9riaux.<\/p>\n<p>Nous fournissons de la <strong>poudre d&rsquo;ac\u00e9tate de pras\u00e9odyme \u00e0 99,9 %<\/strong> avec des particules uniformes et une bonne solubilit\u00e9, convenant \u00e0 une vari\u00e9t\u00e9 de synth\u00e8ses chimiques et de pr\u00e9parations de mat\u00e9riaux fonctionnels. L&#8217;emballage du produit est vari\u00e9 et peut \u00eatre personnalis\u00e9 en fonction des besoins du client. En m\u00eame temps, il est \u00e9quip\u00e9 d&rsquo;un service apr\u00e8s-vente complet pour vous assurer que vous n&rsquo;avez pas de soucis.<\/p>\n<h2><span style=\"font-size: 14pt;\">Points forts du produit<\/span><\/h2>\n<p>99.puret\u00e9 de 9 %, teneur en impuret\u00e9s extr\u00eamement faible<br \/>\nBonne solubilit\u00e9, convient \u00e0 une vari\u00e9t\u00e9 de syst\u00e8mes de solvants<br \/>\nSp\u00e9cifications d&#8217;emballage flexibles pour r\u00e9pondre \u00e0 diff\u00e9rents besoins<\/p>\n<h2><span style=\"font-size: 14pt;\">Applications de la poudre d&rsquo;ac\u00e9tate de pras\u00e9odyme<\/span><\/h2>\n<p>Pr\u00e9paration de mat\u00e9riaux fonctionnels : comme dopant de terres rares pour les mat\u00e9riaux optiques, magn\u00e9tiques et catalytiques<br \/>\nSynth\u00e8se chimique : PrC6H9O6 est utilis\u00e9 pour pr\u00e9parer des complexes de terres rares et de nouveaux mat\u00e9riaux<br \/>\nIndustrie \u00e9lectronique : joue un r\u00f4le cl\u00e9 dans les c\u00e9ramiques \u00e9lectroniques et les mat\u00e9riaux en couches minces<br \/>\nEnvironnement et catalyse : utilis\u00e9 pour la synth\u00e8se et la modification de catalyseurs respectueux de l&rsquo;environnement<\/p>\n<h2><span style=\"font-size: 14pt;\">Rapports<\/span><\/h2>\n<p>Nous fournissons des certificats d&rsquo;analyse, des fiches de donn\u00e9es de s\u00e9curit\u00e9 et d&rsquo;autres rapports pertinents pour chaque lot de marchandises. En outre, nous prenons \u00e9galement en charge les tests effectu\u00e9s par des tiers afin d&rsquo;am\u00e9liorer l&rsquo;assurance qualit\u00e9.<\/p>\n","protected":false},"excerpt":{"rendered":"<p>Ac\u00e9tate de pras\u00e9odyme Aper\u00e7u La poudre d&rsquo;ac\u00e9tate de pras\u00e9odyme (PrC6H9O6) est un compos\u00e9 de terres rares de haute puret\u00e9 et de haute qualit\u00e9 con\u00e7u pour la recherche scientifique et les applications industrielles, garantissant l&rsquo;efficacit\u00e9 et la stabilit\u00e9 de vos processus de d\u00e9veloppement et de production de mat\u00e9riaux. Nous fournissons de la poudre d&rsquo;ac\u00e9tate de pras\u00e9odyme [&hellip;]<\/p>\n","protected":false},"featured_media":5708,"template":"","meta":{"_acf_changed":false},"product_brand":[132],"product_cat":[314],"product_tag":[836,439],"class_list":{"0":"post-11601","1":"product","2":"type-product","3":"status-publish","4":"has-post-thumbnail","6":"product_brand-ulpmat","7":"product_cat-materiaux-a-base-de-terres-rares","8":"product_tag-acetate-de-praseodyme","9":"product_tag-materiaux-a-base-de-terres-rares","11":"first","12":"instock","13":"shipping-taxable","14":"product-type-variable"},"acf":[],"_links":{"self":[{"href":"https:\/\/ulpmat.com\/fr\/wp-json\/wp\/v2\/product\/11601","targetHints":{"allow":["GET"]}}],"collection":[{"href":"https:\/\/ulpmat.com\/fr\/wp-json\/wp\/v2\/product"}],"about":[{"href":"https:\/\/ulpmat.com\/fr\/wp-json\/wp\/v2\/types\/product"}],"wp:featuredmedia":[{"embeddable":true,"href":"https:\/\/ulpmat.com\/fr\/wp-json\/wp\/v2\/media\/5708"}],"wp:attachment":[{"href":"https:\/\/ulpmat.com\/fr\/wp-json\/wp\/v2\/media?parent=11601"}],"wp:term":[{"taxonomy":"product_brand","embeddable":true,"href":"https:\/\/ulpmat.com\/fr\/wp-json\/wp\/v2\/product_brand?post=11601"},{"taxonomy":"product_cat","embeddable":true,"href":"https:\/\/ulpmat.com\/fr\/wp-json\/wp\/v2\/product_cat?post=11601"},{"taxonomy":"product_tag","embeddable":true,"href":"https:\/\/ulpmat.com\/fr\/wp-json\/wp\/v2\/product_tag?post=11601"}],"curies":[{"name":"wp","href":"https:\/\/api.w.org\/{rel}","templated":true}]}}