{"id":11592,"date":"2025-07-18T17:15:11","date_gmt":"2025-07-18T09:15:11","guid":{"rendered":"https:\/\/ulpmat.com\/product\/oxyde-de-praseodyme\/"},"modified":"2025-07-18T17:15:11","modified_gmt":"2025-07-18T09:15:11","slug":"oxyde-de-praseodyme","status":"publish","type":"product","link":"https:\/\/ulpmat.com\/fr\/produit\/oxyde-de-praseodyme\/","title":{"rendered":"Oxyde de pras\u00e9odyme"},"content":{"rendered":"<h2><span style=\"font-size: 14pt;\">Aper\u00e7u de l&rsquo;oxyde de pras\u00e9odyme<\/span><\/h2>\n<p><strong><span style=\"color: #3366ff;\"><a style=\"color: #3366ff;\" href=\"https:\/\/ulpmat.com\/fr\/recherche\/?type=element&#038;keyword=Pr%2CO\">La poudre d&rsquo;oxyde de pras\u00e9odyme<\/a><\/span><\/strong> (Pr6O11) est un oxyde de terre rare con\u00e7u pour des applications mat\u00e9rielles de haute performance. Sa puret\u00e9 est de 99,5 %, ses particules sont uniformes et fines, sa stabilit\u00e9 chimique et thermique est bonne et il peut r\u00e9pondre aux exigences rigoureuses des c\u00e9ramiques avanc\u00e9es, des catalyseurs et des mat\u00e9riaux opto\u00e9lectroniques.<\/p>\n<p>Nous fournissons des <strong>poudres d&rsquo;oxyde de pras\u00e9odyme de haute puret\u00e9<\/strong> avec diff\u00e9rentes tailles de particules et pouvons personnaliser l&#8217;emballage et les sp\u00e9cifications en fonction des besoins du client. Parall\u00e8lement, nous disposons de services d&rsquo;assistance apr\u00e8s-vente complets pour garantir que les clients b\u00e9n\u00e9ficient de conseils techniques professionnels et de solutions en cours d&rsquo;utilisation.<\/p>\n<h2><span style=\"font-size: 14pt;\">Points forts du produit<\/span><\/h2>\n<p>Puret\u00e9 : 99,5 %, la faible teneur en impuret\u00e9s garantit la performance du mat\u00e9riau<br \/>\nParticules uniformes, excellente dispersibilit\u00e9<br \/>\nExcellente stabilit\u00e9 thermique et chimique, convient aux processus \u00e0 haute temp\u00e9rature<br \/>\nEmballage personnalisable<\/p>\n<h2><span style=\"font-size: 14pt;\">Applications de la poudre d&rsquo;oxyde de pras\u00e9odyme<\/span><\/h2>\n<p>Catalyseurs : mat\u00e9riaux importants pour la purification des gaz d&rsquo;\u00e9chappement des automobiles et la catalyse chimique<br \/>\nMat\u00e9riaux opto\u00e9lectroniques : utilis\u00e9s dans la fabrication de luminophores et de dispositifs luminescents<br \/>\nC\u00e9ramiques fonctionnelles : utilis\u00e9es pour fabriquer des c\u00e9ramiques \u00e9lectroniques et des mat\u00e9riaux magn\u00e9tiques de haute performance<br \/>\nMat\u00e9riaux environnementaux : utilis\u00e9s dans les technologies de traitement et d&rsquo;\u00e9puration des gaz d&rsquo;\u00e9chappement<\/p>\n<h2><span style=\"font-size: 14pt;\">Rapports<\/span><\/h2>\n<p>Nous fournissons des certificats d&rsquo;analyse d\u00e9taill\u00e9s, des fiches de donn\u00e9es de s\u00e9curit\u00e9 et d&rsquo;autres rapports de test n\u00e9cessaires pour chaque lot de poudre d&rsquo;oxyde de pras\u00e9odyme. En m\u00eame temps, nous prenons en charge l&rsquo;inspection de la qualit\u00e9 par une tierce partie afin de garantir la stabilit\u00e9 de la qualit\u00e9 du produit et la fiabilit\u00e9 des performances.<\/p>\n","protected":false},"excerpt":{"rendered":"<p>Aper\u00e7u de l&rsquo;oxyde de pras\u00e9odyme La poudre d&rsquo;oxyde de pras\u00e9odyme (Pr6O11) est un oxyde de terre rare con\u00e7u pour des applications mat\u00e9rielles de haute performance. Sa puret\u00e9 est de 99,5 %, ses particules sont uniformes et fines, sa stabilit\u00e9 chimique et thermique est bonne et il peut r\u00e9pondre aux exigences rigoureuses des c\u00e9ramiques avanc\u00e9es, des [&hellip;]<\/p>\n","protected":false},"featured_media":5714,"template":"","meta":{"_acf_changed":false},"product_brand":[132],"product_cat":[314,335],"product_tag":[439,830],"class_list":{"0":"post-11592","1":"product","2":"type-product","3":"status-publish","4":"has-post-thumbnail","6":"product_brand-ulpmat","7":"product_cat-materiaux-a-base-de-terres-rares","8":"product_cat-oxydes","9":"product_tag-materiaux-a-base-de-terres-rares","10":"product_tag-oxyde-de-praseodyme","12":"first","13":"instock","14":"shipping-taxable","15":"product-type-variable"},"acf":[],"_links":{"self":[{"href":"https:\/\/ulpmat.com\/fr\/wp-json\/wp\/v2\/product\/11592","targetHints":{"allow":["GET"]}}],"collection":[{"href":"https:\/\/ulpmat.com\/fr\/wp-json\/wp\/v2\/product"}],"about":[{"href":"https:\/\/ulpmat.com\/fr\/wp-json\/wp\/v2\/types\/product"}],"wp:featuredmedia":[{"embeddable":true,"href":"https:\/\/ulpmat.com\/fr\/wp-json\/wp\/v2\/media\/5714"}],"wp:attachment":[{"href":"https:\/\/ulpmat.com\/fr\/wp-json\/wp\/v2\/media?parent=11592"}],"wp:term":[{"taxonomy":"product_brand","embeddable":true,"href":"https:\/\/ulpmat.com\/fr\/wp-json\/wp\/v2\/product_brand?post=11592"},{"taxonomy":"product_cat","embeddable":true,"href":"https:\/\/ulpmat.com\/fr\/wp-json\/wp\/v2\/product_cat?post=11592"},{"taxonomy":"product_tag","embeddable":true,"href":"https:\/\/ulpmat.com\/fr\/wp-json\/wp\/v2\/product_tag?post=11592"}],"curies":[{"name":"wp","href":"https:\/\/api.w.org\/{rel}","templated":true}]}}