{"id":11548,"date":"2025-07-18T17:15:12","date_gmt":"2025-07-18T09:15:12","guid":{"rendered":"https:\/\/ulpmat.com\/product\/metal-neodyme-2\/"},"modified":"2025-07-18T17:15:12","modified_gmt":"2025-07-18T09:15:12","slug":"metal-neodyme-2","status":"publish","type":"product","link":"https:\/\/ulpmat.com\/fr\/produit\/metal-neodyme-2\/","title":{"rendered":"M\u00e9tal n\u00e9odyme"},"content":{"rendered":"<h2><span style=\"font-size: 14pt;\">Aper\u00e7u des barres de n\u00e9odyme<\/span><\/h2>\n<p><strong><span style=\"color: #3366ff;\"><a style=\"color: #3366ff;\" href=\"https:\/\/ulpmat.com\/fr\/recherche\/?type=element&#038;keyword=Nd\">Les barreaux de n\u00e9odyme<\/a><\/span><\/strong> Sont des m\u00e9taux rares con\u00e7us pour les mat\u00e9riaux magn\u00e9tiques de haute performance, la m\u00e9tallurgie sous vide et la recherche et le d\u00e9veloppement de mat\u00e9riaux avanc\u00e9s. D&rsquo;une puret\u00e9 allant jusqu&rsquo;\u00e0 99,9 %, ils pr\u00e9sentent une densit\u00e9 structurelle et une coh\u00e9rence dimensionnelle excellentes. Ils sont largement utilis\u00e9s dans des processus cl\u00e9s tels que l&rsquo;ajout d&rsquo;alliages, le rev\u00eatement sous vide pouss\u00e9 et la pr\u00e9paration de mat\u00e9riaux magn\u00e9tiques, afin de garantir des performances efficaces et stables.<\/p>\n<p>Nous fournissons des barres de n\u00e9odyme de haute puret\u00e9 de diff\u00e9rents diam\u00e8tres et longueurs, avec un traitement personnalis\u00e9 et un traitement de surface pour r\u00e9pondre aux diff\u00e9rentes exigences du processus. Si vous avez des besoins particuliers, notre \u00e9quipe d&rsquo;ing\u00e9nieurs vous aidera \u00e0 trouver des solutions personnalis\u00e9es. N&rsquo;h\u00e9sitez pas \u00e0 nous <span style=\"color: #3366ff;\"><a style=\"color: #3366ff;\" href=\"https:\/\/ulpmat.com\/fr\/contactez-nous\/\">nous contacter<\/a><\/span>.<\/p>\n<h2><span style=\"font-size: 14pt;\">Points forts du produit<\/span><\/h2>\n<p>Puret\u00e9 : 99,9 %, peu d&rsquo;impuret\u00e9s<br \/>\nStructure dense, bords nets, usinage facile et traitement \u00e0 haute temp\u00e9rature<br \/>\nLe diam\u00e8tre, la longueur et la pr\u00e9cision de coupe peuvent \u00eatre personnalis\u00e9s sur demande<br \/>\nExcellentes propri\u00e9t\u00e9s magn\u00e9tiques et de terres rares, adapt\u00e9es \u00e0 une vari\u00e9t\u00e9 de sc\u00e9narios d&rsquo;application avanc\u00e9s<\/p>\n<h2><span style=\"font-size: 14pt;\">Applications du barreau de n\u00e9odyme<\/span><\/h2>\n<p>Synth\u00e8se de mat\u00e9riaux magn\u00e9tiques de haute performance : Utilis\u00e9 comme source d&rsquo;alliage pour l&rsquo;alliage d&rsquo;aimant permanent Nd-Fe-B afin de garantir l&rsquo;uniformit\u00e9 magn\u00e9tique.<br \/>\nM\u00e9tallurgie et fusion sous vide : Utilis\u00e9 comme agent de d\u00e9soxydation\/d\u00e9sulfuration dans les m\u00e9taux actifs tels que le titane et le zirconium pour am\u00e9liorer la puret\u00e9 du mat\u00e9riau.<br \/>\nProcessus d&rsquo;enrobage : Utilis\u00e9 comme mat\u00e9riau source d&rsquo;\u00e9vaporation pour pr\u00e9parer des couches minces fonctionnelles ayant des propri\u00e9t\u00e9s opto\u00e9lectroniques ou magn\u00e9tiques sp\u00e9cifiques.<br \/>\nDomaine de recherche : Largement utilis\u00e9 dans les laboratoires tels que la recherche sur les terres rares, la synth\u00e8se des mat\u00e9riaux, le contr\u00f4le de l&rsquo;atmosph\u00e8re des r\u00e9actions, etc.<\/p>\n<h2><span style=\"font-size: 14pt;\">Rapports<\/span><\/h2>\n<p>Nous fournissons un certificat d&rsquo;analyse (COA), une fiche de donn\u00e9es de s\u00e9curit\u00e9 (MSDS) et d&rsquo;autres rapports pertinents pour chaque lot de barres de n\u00e9odyme. En outre, nous prenons \u00e9galement en charge les tests effectu\u00e9s par des tiers afin d&rsquo;am\u00e9liorer l&rsquo;assurance qualit\u00e9.<\/p>\n","protected":false},"excerpt":{"rendered":"<p>Aper\u00e7u des barres de n\u00e9odyme Les barreaux de n\u00e9odyme Sont des m\u00e9taux rares con\u00e7us pour les mat\u00e9riaux magn\u00e9tiques de haute performance, la m\u00e9tallurgie sous vide et la recherche et le d\u00e9veloppement de mat\u00e9riaux avanc\u00e9s. D&rsquo;une puret\u00e9 allant jusqu&rsquo;\u00e0 99,9 %, ils pr\u00e9sentent une densit\u00e9 structurelle et une coh\u00e9rence dimensionnelle excellentes. Ils sont largement utilis\u00e9s dans [&hellip;]<\/p>\n","protected":false},"featured_media":5738,"template":"","meta":{"_acf_changed":false},"product_brand":[132],"product_cat":[394],"product_tag":[439,812],"class_list":{"0":"post-11548","1":"product","2":"type-product","3":"status-publish","4":"has-post-thumbnail","6":"product_brand-ulpmat","7":"product_cat-autres-materiaux","8":"product_tag-materiaux-a-base-de-terres-rares","9":"product_tag-metal-neodyme","11":"first","12":"instock","13":"shipping-taxable","14":"product-type-variable"},"acf":[],"_links":{"self":[{"href":"https:\/\/ulpmat.com\/fr\/wp-json\/wp\/v2\/product\/11548","targetHints":{"allow":["GET"]}}],"collection":[{"href":"https:\/\/ulpmat.com\/fr\/wp-json\/wp\/v2\/product"}],"about":[{"href":"https:\/\/ulpmat.com\/fr\/wp-json\/wp\/v2\/types\/product"}],"wp:featuredmedia":[{"embeddable":true,"href":"https:\/\/ulpmat.com\/fr\/wp-json\/wp\/v2\/media\/5738"}],"wp:attachment":[{"href":"https:\/\/ulpmat.com\/fr\/wp-json\/wp\/v2\/media?parent=11548"}],"wp:term":[{"taxonomy":"product_brand","embeddable":true,"href":"https:\/\/ulpmat.com\/fr\/wp-json\/wp\/v2\/product_brand?post=11548"},{"taxonomy":"product_cat","embeddable":true,"href":"https:\/\/ulpmat.com\/fr\/wp-json\/wp\/v2\/product_cat?post=11548"},{"taxonomy":"product_tag","embeddable":true,"href":"https:\/\/ulpmat.com\/fr\/wp-json\/wp\/v2\/product_tag?post=11548"}],"curies":[{"name":"wp","href":"https:\/\/api.w.org\/{rel}","templated":true}]}}