{"id":11499,"date":"2025-07-18T17:15:12","date_gmt":"2025-07-18T09:15:12","guid":{"rendered":"https:\/\/ulpmat.com\/product\/aimant-en-neodyme-nib\/"},"modified":"2025-07-18T17:15:12","modified_gmt":"2025-07-18T09:15:12","slug":"aimant-en-neodyme-nib","status":"publish","type":"product","link":"https:\/\/ulpmat.com\/fr\/produit\/aimant-en-neodyme-nib\/","title":{"rendered":"Aimant en n\u00e9odyme (NIB)"},"content":{"rendered":"<h2><span style=\"font-size: 14pt;\">Aper\u00e7u des aimants en n\u00e9odyme (NIB)<\/span><\/h2>\n<p><strong><span style=\"color: #3366ff;\"><a style=\"color: #3366ff;\" href=\"https:\/\/ulpmat.com\/fr\/recherche\/?type=name&#038;keyword=nib\">Les cibles de pulv\u00e9risation cathodique en n\u00e9odyme (NIB)<\/a><\/span><\/strong> sont des mat\u00e9riaux fonctionnels con\u00e7us pour des applications de films magn\u00e9tiques de haute performance, avec d&rsquo;excellentes propri\u00e9t\u00e9s magn\u00e9tiques et une grande stabilit\u00e9 structurelle. En contr\u00f4lant strictement la puret\u00e9 des mati\u00e8res premi\u00e8res et la densit\u00e9 de frittage, nos aimants au n\u00e9odyme (NIB) peuvent obtenir un d\u00e9p\u00f4t uniforme, une forte adh\u00e9rence et d&rsquo;excellentes performances en mati\u00e8re d&rsquo;anisotropie magn\u00e9tique.<\/p>\n<p>Nous fournissons des cibles de pulv\u00e9risation de n\u00e9odyme (NIB) magn\u00e9tique de haute puret\u00e9 dans une vari\u00e9t\u00e9 de sp\u00e9cifications et de formes, y compris des structures rondes, rectangulaires et personnalis\u00e9es, pour s&rsquo;adapter aux diff\u00e9rents \u00e9quipements de rev\u00eatement et aux exigences du processus. Parall\u00e8lement, nous fournissons \u00e9galement une assistance technique professionnelle et un service apr\u00e8s-vente pour vous aider \u00e0 mener efficacement vos recherches ou votre production. N&rsquo;h\u00e9sitez pas \u00e0 nous <span style=\"color: #3366ff;\"><a style=\"color: #3366ff;\" href=\"https:\/\/ulpmat.com\/fr\/contactez-nous\/\">nous contacter<\/a><\/span>.<\/p>\n<h2><span style=\"font-size: 14pt;\">Points forts du produit<\/span><\/h2>\n<p>Haute puret\u00e9 garantissant la stabilit\u00e9 des propri\u00e9t\u00e9s magn\u00e9tiques des films minces<br \/>\nCible \u00e0 haute densit\u00e9, am\u00e9liorant l&rsquo;efficacit\u00e9 de la pulv\u00e9risation et l&rsquo;homog\u00e9n\u00e9it\u00e9 du film<br \/>\nUn service de fixation des cibles est disponible<br \/>\nLa taille et la position du trou de montage peuvent \u00eatre personnalis\u00e9es en fonction des besoins<\/p>\n<h2><span style=\"font-size: 14pt;\">Applications de la cible de pulv\u00e9risation de l&rsquo;aimant n\u00e9odyme (NIB)<\/span><\/h2>\n<p>\u00c9lectronique de spin : Convient pour les couches fonctionnelles dans des dispositifs tels que les MRAM et les jonctions tunnel magn\u00e9tiques, offrant d&rsquo;excellentes performances en mati\u00e8re d&rsquo;hyst\u00e9r\u00e9sis et de stabilit\u00e9 thermique.<br \/>\nCapteurs magn\u00e9tiques : Le Nd2Fe14B est utilis\u00e9 dans la pr\u00e9paration de capteurs GMR ou TMR pour obtenir une d\u00e9tection de champ magn\u00e9tique \u00e0 haute sensibilit\u00e9.<br \/>\nStockage de donn\u00e9es : Sous forme de t\u00eates de disques durs ou de films micro-magn\u00e9tiques, il fournit des solutions pour l&rsquo;enregistrement \u00e0 haute densit\u00e9.<br \/>\nSyst\u00e8mes micro\u00e9lectrom\u00e9caniques (MEMS) : utilis\u00e9 pour pr\u00e9parer des couches magn\u00e9tiques dans des microstructures telles que des actionneurs micromagn\u00e9tiques et des \u00e9l\u00e9ments de suspension magn\u00e9tique.<\/p>\n<h2><span style=\"font-size: 14pt;\">Rapports<\/span><\/h2>\n<p>Nous fournissons des certificats d&rsquo;analyse, des fiches de donn\u00e9es de s\u00e9curit\u00e9 et d&rsquo;autres rapports pertinents pour chaque lot de marchandises. En outre, nous prenons \u00e9galement en charge les tests effectu\u00e9s par des tiers afin d&rsquo;am\u00e9liorer l&rsquo;assurance qualit\u00e9.<\/p>\n","protected":false},"excerpt":{"rendered":"<p>Aper\u00e7u des aimants en n\u00e9odyme (NIB) Les cibles de pulv\u00e9risation cathodique en n\u00e9odyme (NIB) sont des mat\u00e9riaux fonctionnels con\u00e7us pour des applications de films magn\u00e9tiques de haute performance, avec d&rsquo;excellentes propri\u00e9t\u00e9s magn\u00e9tiques et une grande stabilit\u00e9 structurelle. En contr\u00f4lant strictement la puret\u00e9 des mati\u00e8res premi\u00e8res et la densit\u00e9 de frittage, nos aimants au n\u00e9odyme (NIB) [&hellip;]<\/p>\n","protected":false},"featured_media":5750,"template":"","meta":{"_acf_changed":false},"product_brand":[132],"product_cat":[449],"product_tag":[800,439],"class_list":{"0":"post-11499","1":"product","2":"type-product","3":"status-publish","4":"has-post-thumbnail","6":"product_brand-ulpmat","7":"product_cat-cible-de-pulverisation-ceramique","8":"product_tag-aimant-en-neodyme-nib","9":"product_tag-materiaux-a-base-de-terres-rares","11":"first","12":"instock","13":"shipping-taxable","14":"product-type-variable"},"acf":[],"_links":{"self":[{"href":"https:\/\/ulpmat.com\/fr\/wp-json\/wp\/v2\/product\/11499","targetHints":{"allow":["GET"]}}],"collection":[{"href":"https:\/\/ulpmat.com\/fr\/wp-json\/wp\/v2\/product"}],"about":[{"href":"https:\/\/ulpmat.com\/fr\/wp-json\/wp\/v2\/types\/product"}],"wp:featuredmedia":[{"embeddable":true,"href":"https:\/\/ulpmat.com\/fr\/wp-json\/wp\/v2\/media\/5750"}],"wp:attachment":[{"href":"https:\/\/ulpmat.com\/fr\/wp-json\/wp\/v2\/media?parent=11499"}],"wp:term":[{"taxonomy":"product_brand","embeddable":true,"href":"https:\/\/ulpmat.com\/fr\/wp-json\/wp\/v2\/product_brand?post=11499"},{"taxonomy":"product_cat","embeddable":true,"href":"https:\/\/ulpmat.com\/fr\/wp-json\/wp\/v2\/product_cat?post=11499"},{"taxonomy":"product_tag","embeddable":true,"href":"https:\/\/ulpmat.com\/fr\/wp-json\/wp\/v2\/product_tag?post=11499"}],"curies":[{"name":"wp","href":"https:\/\/api.w.org\/{rel}","templated":true}]}}