{"id":11441,"date":"2025-07-18T17:15:12","date_gmt":"2025-07-18T09:15:12","guid":{"rendered":"https:\/\/ulpmat.com\/product\/oxyde-de-neodyme\/"},"modified":"2025-07-18T17:15:12","modified_gmt":"2025-07-18T09:15:12","slug":"oxyde-de-neodyme","status":"publish","type":"product","link":"https:\/\/ulpmat.com\/fr\/produit\/oxyde-de-neodyme\/","title":{"rendered":"Oxyde de n\u00e9odyme"},"content":{"rendered":"<h2><span style=\"font-size: 14pt;\">Aper\u00e7u de l&rsquo;oxyde de n\u00e9odyme<\/span><\/h2>\n<p><strong><span style=\"color: #3366ff;\"><a style=\"color: #3366ff;\" href=\"https:\/\/ulpmat.com\/fr\/recherche\/?type=element&#038;keyword=Nd%2CO\">L&rsquo;oxyde de n\u00e9odyme<\/a><\/span><\/strong> Les cibles de pulv\u00e9risation sont des mat\u00e9riaux de haute performance con\u00e7us pour les processus de d\u00e9p\u00f4t de films minces de haute pr\u00e9cision. D&rsquo;une puret\u00e9 de 99,95 %, elles pr\u00e9sentent une densit\u00e9 et une uniformit\u00e9 excellentes, garantissant une adh\u00e9rence uniforme et forte des films d\u00e9pos\u00e9s, tout en ayant une teneur en impuret\u00e9s extr\u00eamement faible, r\u00e9pondant aux exigences rigoureuses des processus de fabrication avanc\u00e9s.<\/p>\n<p>Nous proposons des <strong>cibles de pulv\u00e9risation d&rsquo;oxyde de n\u00e9odyme (Nd2O3) de haute puret\u00e9<\/strong> dans une vari\u00e9t\u00e9 de formes et de tailles, y compris rondes et rectangulaires, et peuvent \u00eatre personnalis\u00e9es pour r\u00e9pondre aux exigences de processus sp\u00e9cifiques de nos clients. Notre \u00e9quipe de professionnels vous offre une gamme compl\u00e8te de services apr\u00e8s-vente afin de garantir un processus de production fluide et sans souci.<\/p>\n<h2><span style=\"font-size: 14pt;\">Points forts du produit<\/span><\/h2>\n<p>Puret\u00e9 de 99,95 % pour garantir la stabilit\u00e9 du mat\u00e9riau et la qualit\u00e9 du film<br \/>\nDensit\u00e9 \u00e9lev\u00e9e pour garantir un d\u00e9p\u00f4t de film uniforme et une excellente adh\u00e9rence<br \/>\nTaille et forme personnalisables pour r\u00e9pondre aux diverses exigences des processus<br \/>\nServices de collage de cibles disponibles<\/p>\n<h2><span style=\"font-size: 14pt;\">Applications des cibles de pulv\u00e9risation d&rsquo;oxyde de n\u00e9odyme<\/span><\/h2>\n<p>Semi-conducteurs : utilis\u00e9s pour pr\u00e9parer des films fonctionnels de haute performance afin d&rsquo;am\u00e9liorer la stabilit\u00e9 et les performances des dispositifs \u00e9lectroniques<br \/>\n\u00c9crans : en tant que mat\u00e9riaux d&rsquo;\u00e9mission et de r\u00e9duction de la lumi\u00e8re, largement utilis\u00e9s dans les technologies d&rsquo;affichage LCD et OLED<br \/>\nPhotovolta\u00efque : films fonctionnels utilis\u00e9s dans la fabrication des cellules solaires pour am\u00e9liorer l&rsquo;efficacit\u00e9 de la conversion et la durabilit\u00e9<br \/>\nRev\u00eatements optiques : protection de haute qualit\u00e9 et rev\u00eatements fonctionnels pour les lentilles, les r\u00e9flecteurs et les composants optiques<\/p>\n<h2><span style=\"font-size: 14pt;\">Rapports<\/span><\/h2>\n<p>Chaque lot de cibles de pulv\u00e9risation d&rsquo;oxyde de n\u00e9odyme (Nd2O3) est accompagn\u00e9 d&rsquo;un certificat d&rsquo;analyse (COA) d\u00e9taill\u00e9, d&rsquo;une fiche de donn\u00e9es de s\u00e9curit\u00e9 (MSDS) et d&rsquo;autres rapports de test pertinents. Nous soutenons des services de test tiers afin de garantir que la qualit\u00e9 des produits est toujours conforme ou sup\u00e9rieure aux normes de l&rsquo;industrie.<\/p>\n","protected":false},"excerpt":{"rendered":"<p>Aper\u00e7u de l&rsquo;oxyde de n\u00e9odyme L&rsquo;oxyde de n\u00e9odyme Les cibles de pulv\u00e9risation sont des mat\u00e9riaux de haute performance con\u00e7us pour les processus de d\u00e9p\u00f4t de films minces de haute pr\u00e9cision. D&rsquo;une puret\u00e9 de 99,95 %, elles pr\u00e9sentent une densit\u00e9 et une uniformit\u00e9 excellentes, garantissant une adh\u00e9rence uniforme et forte des films d\u00e9pos\u00e9s, tout en ayant [&hellip;]<\/p>\n","protected":false},"featured_media":5762,"template":"","meta":{"_acf_changed":false},"product_brand":[132],"product_cat":[449],"product_tag":[439,794],"class_list":{"0":"post-11441","1":"product","2":"type-product","3":"status-publish","4":"has-post-thumbnail","6":"product_brand-ulpmat","7":"product_cat-cible-de-pulverisation-ceramique","8":"product_tag-materiaux-a-base-de-terres-rares","9":"product_tag-oxyde-de-neodyme","11":"first","12":"instock","13":"shipping-taxable","14":"product-type-variable"},"acf":[],"_links":{"self":[{"href":"https:\/\/ulpmat.com\/fr\/wp-json\/wp\/v2\/product\/11441","targetHints":{"allow":["GET"]}}],"collection":[{"href":"https:\/\/ulpmat.com\/fr\/wp-json\/wp\/v2\/product"}],"about":[{"href":"https:\/\/ulpmat.com\/fr\/wp-json\/wp\/v2\/types\/product"}],"wp:featuredmedia":[{"embeddable":true,"href":"https:\/\/ulpmat.com\/fr\/wp-json\/wp\/v2\/media\/5762"}],"wp:attachment":[{"href":"https:\/\/ulpmat.com\/fr\/wp-json\/wp\/v2\/media?parent=11441"}],"wp:term":[{"taxonomy":"product_brand","embeddable":true,"href":"https:\/\/ulpmat.com\/fr\/wp-json\/wp\/v2\/product_brand?post=11441"},{"taxonomy":"product_cat","embeddable":true,"href":"https:\/\/ulpmat.com\/fr\/wp-json\/wp\/v2\/product_cat?post=11441"},{"taxonomy":"product_tag","embeddable":true,"href":"https:\/\/ulpmat.com\/fr\/wp-json\/wp\/v2\/product_tag?post=11441"}],"curies":[{"name":"wp","href":"https:\/\/api.w.org\/{rel}","templated":true}]}}