{"id":11410,"date":"2025-07-18T17:15:13","date_gmt":"2025-07-18T09:15:13","guid":{"rendered":"https:\/\/ulpmat.com\/product\/fluorure-de-neodyme-dfm-2\/"},"modified":"2025-07-18T17:15:13","modified_gmt":"2025-07-18T09:15:13","slug":"fluorure-de-neodyme-dfm-2","status":"publish","type":"product","link":"https:\/\/ulpmat.com\/fr\/produit\/fluorure-de-neodyme-dfm-2\/","title":{"rendered":"Fluorure de n\u00e9odyme (DFM)"},"content":{"rendered":"<h2><span style=\"font-size: 14pt;\">Aper\u00e7u du fluorure de n\u00e9odyme<\/span><\/h2>\n<p><strong><span style=\"color: #3366ff;\"><a style=\"color: #3366ff;\" href=\"https:\/\/ulpmat.com\/fr\/recherche\/?type=element&#038;keyword=Nd%2CF\">Les granul\u00e9s de fluorure de n\u00e9odyme<\/a><\/span><\/strong> sont con\u00e7us pour des applications de mat\u00e9riaux optiques et \u00e9lectroniques de haute performance. Leur puret\u00e9 et l&rsquo;uniformit\u00e9 de la taille des particules sont excellentes, ce qui garantit des performances stables et fiables dans divers processus avanc\u00e9s.<\/p>\n<p>Nos granul\u00e9s de fluorure de n\u00e9odyme ont une puret\u00e9 allant jusqu&rsquo;\u00e0 99,99 %, une excellente stabilit\u00e9 thermique et une inertie chimique, et r\u00e9pondent \u00e0 des exigences strictes en mati\u00e8re de qualit\u00e9 des mat\u00e9riaux. Nous disposons d&rsquo;un service apr\u00e8s-vente parfait pour r\u00e9pondre \u00e0 tous vos besoins d&rsquo;utilisation. N&rsquo;h\u00e9sitez pas \u00e0 nous <span style=\"color: #3366ff;\"><a style=\"color: #3366ff;\" href=\"https:\/\/ulpmat.com\/fr\/contactez-nous\/\">nous contacter<\/a><\/span>.<\/p>\n<h2><span style=\"font-size: 14pt;\">Points forts du produit<\/span><\/h2>\n<p>Puret\u00e9 : 99,99 %<br \/>\nForte stabilit\u00e9 thermique, adaptable \u00e0 l&rsquo;environnement des processus \u00e0 haute temp\u00e9rature<br \/>\nPropri\u00e9t\u00e9s chimiques stables, r\u00e9sistance \u00e0 la corrosion acide et alcaline<br \/>\nEmballage personnalisable<\/p>\n<h2><span style=\"font-size: 14pt;\">Applications des granul\u00e9s de fluorure de n\u00e9odyme<\/span><\/h2>\n<p>Fabrication de lasers : En tant que composant important du milieu de gain laser, il am\u00e9liore l&rsquo;efficacit\u00e9 et la stabilit\u00e9 du laser.<br \/>\nFilm optique : Utilis\u00e9 pour les mat\u00e9riaux de rev\u00eatement optique de haute performance afin d&rsquo;am\u00e9liorer la transmission et la durabilit\u00e9.<br \/>\nMat\u00e9riaux magn\u00e9tiques \u00e0 base de terres rares : Pr\u00e9curseurs cl\u00e9s, ils am\u00e9liorent les propri\u00e9t\u00e9s magn\u00e9tiques et la stabilit\u00e9 des mat\u00e9riaux.<br \/>\nC\u00e9ramiques \u00e9lectroniques : Utilis\u00e9es dans la fabrication de composants \u00e9lectroniques avanc\u00e9s pour assurer un fonctionnement stable et \u00e0 long terme des \u00e9quipements.<\/p>\n<h2><span style=\"font-size: 14pt;\">Rapports<\/span><\/h2>\n<p>Chaque lot de <strong>fluorure de n\u00e9odyme (NdF3<\/strong> ) est accompagn\u00e9 d&rsquo;un certificat d&rsquo;analyse (COA) d\u00e9taill\u00e9, d&rsquo;une fiche de donn\u00e9es de s\u00e9curit\u00e9 (MSDS) et des rapports de test correspondants. Nous prenons en charge les tests de qualit\u00e9 effectu\u00e9s par des tiers et les tests personnalis\u00e9s par les clients afin de garantir la qualit\u00e9 des produits.<\/p>\n","protected":false},"excerpt":{"rendered":"<p>Aper\u00e7u du fluorure de n\u00e9odyme Les granul\u00e9s de fluorure de n\u00e9odyme sont con\u00e7us pour des applications de mat\u00e9riaux optiques et \u00e9lectroniques de haute performance. Leur puret\u00e9 et l&rsquo;uniformit\u00e9 de la taille des particules sont excellentes, ce qui garantit des performances stables et fiables dans divers processus avanc\u00e9s. Nos granul\u00e9s de fluorure de n\u00e9odyme ont une [&hellip;]<\/p>\n","protected":false},"featured_media":7016,"template":"","meta":{"_acf_changed":false},"product_brand":[132],"product_cat":[296],"product_tag":[771,770,439],"class_list":{"0":"post-11410","1":"product","2":"type-product","3":"status-publish","4":"has-post-thumbnail","6":"product_brand-ulpmat","7":"product_cat-materiaux-devaporation","8":"product_tag-dfm-fr","9":"product_tag-fluorure-de-neodyme","10":"product_tag-materiaux-a-base-de-terres-rares","12":"first","13":"instock","14":"shipping-taxable","15":"product-type-variable"},"acf":[],"_links":{"self":[{"href":"https:\/\/ulpmat.com\/fr\/wp-json\/wp\/v2\/product\/11410","targetHints":{"allow":["GET"]}}],"collection":[{"href":"https:\/\/ulpmat.com\/fr\/wp-json\/wp\/v2\/product"}],"about":[{"href":"https:\/\/ulpmat.com\/fr\/wp-json\/wp\/v2\/types\/product"}],"wp:featuredmedia":[{"embeddable":true,"href":"https:\/\/ulpmat.com\/fr\/wp-json\/wp\/v2\/media\/7016"}],"wp:attachment":[{"href":"https:\/\/ulpmat.com\/fr\/wp-json\/wp\/v2\/media?parent=11410"}],"wp:term":[{"taxonomy":"product_brand","embeddable":true,"href":"https:\/\/ulpmat.com\/fr\/wp-json\/wp\/v2\/product_brand?post=11410"},{"taxonomy":"product_cat","embeddable":true,"href":"https:\/\/ulpmat.com\/fr\/wp-json\/wp\/v2\/product_cat?post=11410"},{"taxonomy":"product_tag","embeddable":true,"href":"https:\/\/ulpmat.com\/fr\/wp-json\/wp\/v2\/product_tag?post=11410"}],"curies":[{"name":"wp","href":"https:\/\/api.w.org\/{rel}","templated":true}]}}