{"id":11403,"date":"2025-07-18T17:15:13","date_gmt":"2025-07-18T09:15:13","guid":{"rendered":"https:\/\/ulpmat.com\/product\/fluorure-de-neodyme-dfm\/"},"modified":"2025-07-18T17:15:13","modified_gmt":"2025-07-18T09:15:13","slug":"fluorure-de-neodyme-dfm","status":"publish","type":"product","link":"https:\/\/ulpmat.com\/fr\/produit\/fluorure-de-neodyme-dfm\/","title":{"rendered":"Fluorure de n\u00e9odyme (DFM)"},"content":{"rendered":"<h2><span style=\"font-size: 14pt;\">Poudre de fluorure de n\u00e9odyme Aper\u00e7u<\/span><\/h2>\n<p><strong><span style=\"color: #3366ff;\"><a style=\"color: #3366ff;\" href=\"https:\/\/ulpmat.com\/fr\/recherche\/?type=element&#038;keyword=Nd%2CF\">La poudre de fluorure de n\u00e9odyme<\/a><\/span><\/strong> est un mat\u00e9riau de haute puret\u00e9 con\u00e7u pour les applications optiques et \u00e9lectroniques haut de gamme. D&rsquo;une puret\u00e9 pouvant atteindre 99,99 %, elle pr\u00e9sente une excellente stabilit\u00e9 thermique et une inertie chimique qui garantissent des performances stables et la formation d&rsquo;un film uniforme dans des conditions de traitement complexes.<\/p>\n<p>Nous fournissons des poudres de fluorure de n\u00e9odyme de haute puret\u00e9 de diff\u00e9rentes tailles de particules et sp\u00e9cifications pour r\u00e9pondre aux divers besoins des clients en mati\u00e8re de processus, tout en proposant des services personnalis\u00e9s et une assistance technique compl\u00e8te. N&rsquo;h\u00e9sitez pas \u00e0 <span style=\"color: #3366ff;\"><a style=\"color: #3366ff;\" href=\"https:\/\/ulpmat.com\/fr\/contactez-nous\/\">nous contacter<\/a><\/span>.<\/p>\n<h2><span style=\"font-size: 14pt;\">Points forts du produit<\/span><\/h2>\n<p>Puret\u00e9 : 99,99 %, peu d&rsquo;impuret\u00e9s<br \/>\nStabilit\u00e9 thermique \u00e9lev\u00e9e, convient aux processus \u00e0 haute temp\u00e9rature<br \/>\nTaille de particule uniforme, facile \u00e0 disperser et \u00e0 former des films<br \/>\nExcellente stabilit\u00e9 chimique, r\u00e9sistance \u00e0 la corrosion acide et alcaline<br \/>\nEmballage personnalis\u00e9<\/p>\n<h2><span style=\"font-size: 14pt;\">Applications de la poudre de fluorure de n\u00e9odyme<\/span><\/h2>\n<p>Mat\u00e9riaux pour lasers : En tant que pr\u00e9curseur cl\u00e9 des mat\u00e9riaux de dopage dans les lasers, il permet d&rsquo;obtenir des performances laser efficaces.<br \/>\nRev\u00eatements optiques : Le NdF3 est utilis\u00e9 pour les films optiques de haute performance afin d&rsquo;am\u00e9liorer la transmission et la durabilit\u00e9.<br \/>\nMat\u00e9riaux magn\u00e9tiques : Pr\u00e9parer des aimants \u00e0 base de terres rares de haute performance pour am\u00e9liorer les propri\u00e9t\u00e9s magn\u00e9tiques et la stabilit\u00e9.<br \/>\nC\u00e9ramiques \u00e9lectroniques : En tant que mat\u00e9riau fonctionnel cl\u00e9 dans les appareils \u00e9lectroniques avanc\u00e9s, elles garantissent un fonctionnement stable de l&rsquo;\u00e9quipement.<\/p>\n<h2><span style=\"font-size: 14pt;\">Rapports<\/span><\/h2>\n<p>Nous fournissons des certificats d&rsquo;analyse d\u00e9taill\u00e9s, des fiches de donn\u00e9es de s\u00e9curit\u00e9 et d&rsquo;autres rapports d&rsquo;inspection de la qualit\u00e9 pour chaque lot de produits. Nous prenons en charge les inspections par des tiers et les tests sp\u00e9cifiques aux clients afin de garantir que la qualit\u00e9 des produits r\u00e9pond aux normes internationales \u00e9lev\u00e9es.<\/p>\n","protected":false},"excerpt":{"rendered":"<p>Poudre de fluorure de n\u00e9odyme Aper\u00e7u La poudre de fluorure de n\u00e9odyme est un mat\u00e9riau de haute puret\u00e9 con\u00e7u pour les applications optiques et \u00e9lectroniques haut de gamme. D&rsquo;une puret\u00e9 pouvant atteindre 99,99 %, elle pr\u00e9sente une excellente stabilit\u00e9 thermique et une inertie chimique qui garantissent des performances stables et la formation d&rsquo;un film uniforme [&hellip;]<\/p>\n","protected":false},"featured_media":7010,"template":"","meta":{"_acf_changed":false},"product_brand":[132],"product_cat":[314,313],"product_tag":[771,770,439],"class_list":{"0":"post-11403","1":"product","2":"type-product","3":"status-publish","4":"has-post-thumbnail","6":"product_brand-ulpmat","7":"product_cat-materiaux-a-base-de-terres-rares","8":"product_cat-materiaux-halogenes","9":"product_tag-dfm-fr","10":"product_tag-fluorure-de-neodyme","11":"product_tag-materiaux-a-base-de-terres-rares","13":"first","14":"instock","15":"shipping-taxable","16":"product-type-variable"},"acf":[],"_links":{"self":[{"href":"https:\/\/ulpmat.com\/fr\/wp-json\/wp\/v2\/product\/11403","targetHints":{"allow":["GET"]}}],"collection":[{"href":"https:\/\/ulpmat.com\/fr\/wp-json\/wp\/v2\/product"}],"about":[{"href":"https:\/\/ulpmat.com\/fr\/wp-json\/wp\/v2\/types\/product"}],"wp:featuredmedia":[{"embeddable":true,"href":"https:\/\/ulpmat.com\/fr\/wp-json\/wp\/v2\/media\/7010"}],"wp:attachment":[{"href":"https:\/\/ulpmat.com\/fr\/wp-json\/wp\/v2\/media?parent=11403"}],"wp:term":[{"taxonomy":"product_brand","embeddable":true,"href":"https:\/\/ulpmat.com\/fr\/wp-json\/wp\/v2\/product_brand?post=11403"},{"taxonomy":"product_cat","embeddable":true,"href":"https:\/\/ulpmat.com\/fr\/wp-json\/wp\/v2\/product_cat?post=11403"},{"taxonomy":"product_tag","embeddable":true,"href":"https:\/\/ulpmat.com\/fr\/wp-json\/wp\/v2\/product_tag?post=11403"}],"curies":[{"name":"wp","href":"https:\/\/api.w.org\/{rel}","templated":true}]}}