{"id":11256,"date":"2025-07-18T17:15:14","date_gmt":"2025-07-18T09:15:14","guid":{"rendered":"https:\/\/ulpmat.com\/product\/chlorure-de-samarium-hexahydrate\/"},"modified":"2025-07-18T17:15:14","modified_gmt":"2025-07-18T09:15:14","slug":"chlorure-de-samarium-hexahydrate","status":"publish","type":"product","link":"https:\/\/ulpmat.com\/fr\/produit\/chlorure-de-samarium-hexahydrate\/","title":{"rendered":"Chlorure de samarium hexahydrat\u00e9"},"content":{"rendered":"<h2><span style=\"font-size: 14pt;\">Aper\u00e7u du chlorure de samarium hexahydrat\u00e9<\/span><\/h2>\n<p><strong><span style=\"color: #3366ff;\"><a style=\"color: #3366ff;\" href=\"https:\/\/ulpmat.com\/fr\/recherche\/?type=formula&#038;keyword=SmCl3\">Le chlorure de samarium<\/a><\/span><\/strong> Hexahydrate (SmCl\u2083-6H\u2082O) est un mat\u00e9riau de haute puret\u00e9 con\u00e7u pour la recherche scientifique et les applications industrielles. Sa puret\u00e9 atteint 99,9 %, ce qui garantit une excellente stabilit\u00e9 chimique et des propri\u00e9t\u00e9s physiques constantes, r\u00e9pondant ainsi aux exigences rigoureuses des domaines haut de gamme.<\/p>\n<p>Nous fournissons de la <strong>poudre de chlorure de samarium hexahydrat\u00e9 de haute puret\u00e9<\/strong> convenant \u00e0 une vari\u00e9t\u00e9 de sc\u00e9narios d&rsquo;application tels que la pr\u00e9paration de catalyseurs, la recherche et le d\u00e9veloppement de mat\u00e9riaux optiques et la fabrication d&rsquo;appareils \u00e9lectroniques. N&rsquo;h\u00e9sitez pas \u00e0 <span style=\"color: #3366ff;\"><a style=\"color: #3366ff;\" href=\"https:\/\/ulpmat.com\/fr\/contactez-nous\/\">nous contacter<\/a><\/span> si vous avez des questions.<\/p>\n<h2><span style=\"font-size: 14pt;\">Points forts du produit<\/span><\/h2>\n<p>Plusieurs niveaux de puret\u00e9 sont disponibles<br \/>\nForte stabilit\u00e9 chimique, convient \u00e0 une utilisation dans une vari\u00e9t\u00e9 d&rsquo;environnements<br \/>\nLes sp\u00e9cifications d&#8217;emballage peuvent \u00eatre personnalis\u00e9es en fonction des besoins du client<\/p>\n<h2><span style=\"font-size: 14pt;\">Applications du chlorure de samarium hexahydrat\u00e9<\/span><\/h2>\n<p>Pr\u00e9paration de catalyseurs : En tant que source d&rsquo;\u00e9l\u00e9ments de terres rares, il est largement utilis\u00e9 dans la synth\u00e8se de mat\u00e9riaux catalytiques \u00e0 haut rendement.<br \/>\nMat\u00e9riaux optiques : Utilis\u00e9 pour doper les lasers et le verre optique afin d&rsquo;am\u00e9liorer les propri\u00e9t\u00e9s optiques.<br \/>\nIndustrie \u00e9lectronique : Utilis\u00e9 pour fabriquer des diodes \u00e9lectroluminescentes (DEL) et d&rsquo;autres composants \u00e9lectroniques.<br \/>\nRecherche en science des mat\u00e9riaux : Joue un r\u00f4le important dans le d\u00e9veloppement de mat\u00e9riaux fonctionnels et dans la recherche sur les mat\u00e9riaux magn\u00e9tiques.<\/p>\n<h2><span style=\"font-size: 14pt;\">Rapports <\/span><\/h2>\n<p>Nous fournissons un certificat d&rsquo;analyse (COA), une fiche de donn\u00e9es de s\u00e9curit\u00e9 (MSDS) et d&rsquo;autres rapports connexes pour chaque lot de marchandises. En outre, nous prenons en charge les tests effectu\u00e9s par des tiers pour une meilleure assurance qualit\u00e9.<\/p>\n<h2><span style=\"font-size: 14pt;\">Pourquoi nous choisir ?<\/span><\/h2>\n<p>En tant que <strong>fournisseur<\/strong> fiable <strong>de chlorure de samarium hexahydrat\u00e9<\/strong> (SmCl\u2083-6H\u2082O), nous fournissons des mat\u00e9riaux de haute puret\u00e9 (\u226599,9%) avec une qualit\u00e9 constante et des performances stables pour la recherche et les applications industrielles. Nos poudres sont produites sous un contr\u00f4le de qualit\u00e9 strict, et nous offrons une assistance technique experte, un emballage personnalisable et une logistique mondiale fiable avec une documentation d&rsquo;exportation compl\u00e8te.<\/p>\n","protected":false},"excerpt":{"rendered":"<p>Aper\u00e7u du chlorure de samarium hexahydrat\u00e9 Le chlorure de samarium Hexahydrate (SmCl\u2083-6H\u2082O) est un mat\u00e9riau de haute puret\u00e9 con\u00e7u pour la recherche scientifique et les applications industrielles. Sa puret\u00e9 atteint 99,9 %, ce qui garantit une excellente stabilit\u00e9 chimique et des propri\u00e9t\u00e9s physiques constantes, r\u00e9pondant ainsi aux exigences rigoureuses des domaines haut de gamme. Nous [&hellip;]<\/p>\n","protected":false},"featured_media":5810,"template":"","meta":{"_acf_changed":false},"product_brand":[132],"product_cat":[314,313],"product_tag":[729,728,439,730],"class_list":{"0":"post-11256","1":"product","2":"type-product","3":"status-publish","4":"has-post-thumbnail","6":"product_brand-ulpmat","7":"product_cat-materiaux-a-base-de-terres-rares","8":"product_cat-materiaux-halogenes","9":"product_tag-chlorure-de-samarium","10":"product_tag-chlorure-de-samarium-hexahydrate","11":"product_tag-materiaux-a-base-de-terres-rares","12":"product_tag-smcl-6ho","14":"first","15":"instock","16":"shipping-taxable","17":"product-type-variable"},"acf":[],"_links":{"self":[{"href":"https:\/\/ulpmat.com\/fr\/wp-json\/wp\/v2\/product\/11256","targetHints":{"allow":["GET"]}}],"collection":[{"href":"https:\/\/ulpmat.com\/fr\/wp-json\/wp\/v2\/product"}],"about":[{"href":"https:\/\/ulpmat.com\/fr\/wp-json\/wp\/v2\/types\/product"}],"wp:featuredmedia":[{"embeddable":true,"href":"https:\/\/ulpmat.com\/fr\/wp-json\/wp\/v2\/media\/5810"}],"wp:attachment":[{"href":"https:\/\/ulpmat.com\/fr\/wp-json\/wp\/v2\/media?parent=11256"}],"wp:term":[{"taxonomy":"product_brand","embeddable":true,"href":"https:\/\/ulpmat.com\/fr\/wp-json\/wp\/v2\/product_brand?post=11256"},{"taxonomy":"product_cat","embeddable":true,"href":"https:\/\/ulpmat.com\/fr\/wp-json\/wp\/v2\/product_cat?post=11256"},{"taxonomy":"product_tag","embeddable":true,"href":"https:\/\/ulpmat.com\/fr\/wp-json\/wp\/v2\/product_tag?post=11256"}],"curies":[{"name":"wp","href":"https:\/\/api.w.org\/{rel}","templated":true}]}}