{"id":10905,"date":"2025-07-18T17:15:22","date_gmt":"2025-07-18T09:15:22","guid":{"rendered":"https:\/\/ulpmat.com\/product\/chlorure-de-gadolinium\/"},"modified":"2025-07-18T17:15:22","modified_gmt":"2025-07-18T09:15:22","slug":"chlorure-de-gadolinium","status":"publish","type":"product","link":"https:\/\/ulpmat.com\/fr\/produit\/chlorure-de-gadolinium\/","title":{"rendered":"Chlorure de gadolinium"},"content":{"rendered":"<h2><span style=\"font-size: 14pt;\">Chlorure de gadolinium en poudre Aper\u00e7u<\/span><\/h2>\n<p><strong><span style=\"color: #3366ff;\"><a style=\"color: #3366ff;\" href=\"https:\/\/ulpmat.com\/fr\/recherche\/?type=name&#038;keyword=Gadolinium+Chloride\">La poudre de chlorure de gadolinium <\/a><\/span><\/strong><strong data-start=\"106\" data-end=\"168\">pour la synth\u00e8se de mat\u00e9riaux avanc\u00e9s<\/strong> est un compos\u00e9 de terres rares de haute puret\u00e9 con\u00e7u pour la recherche et le d\u00e9veloppement scientifiques et la synth\u00e8se de mat\u00e9riaux haut de gamme. Sa puret\u00e9 atteint 99,99 %, sa solubilit\u00e9 et son activit\u00e9 chimique sont bonnes. Il s&rsquo;agit d&rsquo;un pr\u00e9curseur important pour la pr\u00e9paration de mat\u00e9riaux fonctionnels \u00e0 base de gadolinium.<\/p>\n<p data-start=\"463\" data-end=\"911\">Nous fournissons une vari\u00e9t\u00e9 de sp\u00e9cifications de <strong data-start=\"505\" data-end=\"571\">poudre de chlorure de gadolinium de haute puret\u00e9 pour la recherche en laboratoire<\/strong>, avec des particules uniformes et stables, permettant un emballage personnalis\u00e9 et des tests de qualit\u00e9. Notre \u00e9quipe technique fournit \u00e9galement aux clients une gamme compl\u00e8te de services apr\u00e8s-vente. Si vous rencontrez des probl\u00e8mes lors de l&rsquo;utilisation, n&rsquo;h\u00e9sitez pas \u00e0 nous contacter au sujet de nos <strong data-start=\"834\" data-end=\"908\">solutions de fournisseur de poudre de chlorure de gadolinium pour les mat\u00e9riaux fonctionnels<\/strong>.<\/p>\n<h2><span style=\"font-size: 14pt;\">Points forts du chlorure de gadolinium en poudre<\/span><\/h2>\n<p>Puret\u00e9 : 99,99%, r\u00e9pondant aux besoins de la recherche scientifique et des applications industrielles<br \/>\nTaille de particule uniforme, bonne fluidit\u00e9, facile \u00e0 m\u00e9langer et \u00e0 traiter avec pr\u00e9cision<br \/>\nBonne solubilit\u00e9 dans l&rsquo;eau, facile \u00e0 pr\u00e9parer des solutions et des mat\u00e9riaux composites<br \/>\nLes sp\u00e9cifications d&#8217;emballage et les degr\u00e9s de puret\u00e9 peuvent \u00eatre personnalis\u00e9s en fonction des besoins du client<br \/>\nLarge \u00e9ventail d&rsquo;applications, r\u00e9pondant aux besoins de pr\u00e9paration d&rsquo;une vari\u00e9t\u00e9 de mat\u00e9riaux de haute performance<\/p>\n<h2><span style=\"font-size: 14pt;\">Applications du chlorure de gadolinium en poudre<\/span><\/h2>\n<p>Pr\u00e9paration de mat\u00e9riaux fonctionnels \u00e0 base de terres rares : en tant que source d&rsquo;ions Gd\u00b3\u207a, utilis\u00e9 dans la synth\u00e8se de mat\u00e9riaux luminescents, de mat\u00e9riaux magn\u00e9to-optiques et de mat\u00e9riaux laser, etc.<br \/>\nDomaine m\u00e9dical : pr\u00e9curseur du composant principal des agents de contraste IRM, contribuant au d\u00e9veloppement de la technologie de l&rsquo;imagerie m\u00e9dicale<br \/>\nCatalyseurs et chimie de coordination : utilis\u00e9 comme mati\u00e8re premi\u00e8re essentielle dans la synth\u00e8se de supports de catalyseurs ou de ligands<br \/>\nIndustrie de la c\u00e9ramique et du verre : dopage pour pr\u00e9parer des c\u00e9ramiques sp\u00e9ciales et des verres de terres rares afin d&rsquo;am\u00e9liorer les propri\u00e9t\u00e9s des mat\u00e9riaux<br \/>\nRecherche scientifique et d\u00e9veloppement : largement utilis\u00e9 dans la recherche fondamentale dans les domaines de la synth\u00e8se chimique, de la science des mat\u00e9riaux et de la nanotechnologie<\/p>\n<h2><span style=\"font-size: 14pt;\">Rapports<\/span><\/h2>\n<p>Nous fournissons des certificats d&rsquo;analyse (COA), des fiches de donn\u00e9es de s\u00e9curit\u00e9 (MSDS) et d&rsquo;autres rapports pertinents pour chaque lot de marchandises. En outre, nous prenons \u00e9galement en charge les tests effectu\u00e9s par des tiers afin d&rsquo;am\u00e9liorer l&rsquo;assurance qualit\u00e9.<\/p>\n","protected":false},"excerpt":{"rendered":"<p>Chlorure de gadolinium en poudre Aper\u00e7u La poudre de chlorure de gadolinium pour la synth\u00e8se de mat\u00e9riaux avanc\u00e9s est un compos\u00e9 de terres rares de haute puret\u00e9 con\u00e7u pour la recherche et le d\u00e9veloppement scientifiques et la synth\u00e8se de mat\u00e9riaux haut de gamme. Sa puret\u00e9 atteint 99,99 %, sa solubilit\u00e9 et son activit\u00e9 chimique sont [&hellip;]<\/p>\n","protected":false},"featured_media":5918,"template":"","meta":{"_acf_changed":false},"product_brand":[132],"product_cat":[314,313],"product_tag":[620],"class_list":{"0":"post-10905","1":"product","2":"type-product","3":"status-publish","4":"has-post-thumbnail","6":"product_brand-ulpmat","7":"product_cat-materiaux-a-base-de-terres-rares","8":"product_cat-materiaux-halogenes","9":"product_tag-chlorure-de-gadolinium","11":"first","12":"instock","13":"shipping-taxable","14":"product-type-variable"},"acf":[],"_links":{"self":[{"href":"https:\/\/ulpmat.com\/fr\/wp-json\/wp\/v2\/product\/10905","targetHints":{"allow":["GET"]}}],"collection":[{"href":"https:\/\/ulpmat.com\/fr\/wp-json\/wp\/v2\/product"}],"about":[{"href":"https:\/\/ulpmat.com\/fr\/wp-json\/wp\/v2\/types\/product"}],"wp:featuredmedia":[{"embeddable":true,"href":"https:\/\/ulpmat.com\/fr\/wp-json\/wp\/v2\/media\/5918"}],"wp:attachment":[{"href":"https:\/\/ulpmat.com\/fr\/wp-json\/wp\/v2\/media?parent=10905"}],"wp:term":[{"taxonomy":"product_brand","embeddable":true,"href":"https:\/\/ulpmat.com\/fr\/wp-json\/wp\/v2\/product_brand?post=10905"},{"taxonomy":"product_cat","embeddable":true,"href":"https:\/\/ulpmat.com\/fr\/wp-json\/wp\/v2\/product_cat?post=10905"},{"taxonomy":"product_tag","embeddable":true,"href":"https:\/\/ulpmat.com\/fr\/wp-json\/wp\/v2\/product_tag?post=10905"}],"curies":[{"name":"wp","href":"https:\/\/api.w.org\/{rel}","templated":true}]}}