{"id":10855,"date":"2025-07-18T17:15:22","date_gmt":"2025-07-18T09:15:22","guid":{"rendered":"https:\/\/ulpmat.com\/product\/fluorure-de-gadolinium-dfm\/"},"modified":"2025-07-18T17:15:22","modified_gmt":"2025-07-18T09:15:22","slug":"fluorure-de-gadolinium-dfm","status":"publish","type":"product","link":"https:\/\/ulpmat.com\/fr\/produit\/fluorure-de-gadolinium-dfm\/","title":{"rendered":"Fluorure de gadolinium (DFM)"},"content":{"rendered":"<h2><span style=\"font-size: 14pt;\">Vue d&rsquo;ensemble des cibles de pulv\u00e9risation de fluorure de gadolinium<\/span><\/h2>\n<p data-start=\"95\" data-end=\"519\">Les<strong data-start=\"99\" data-end=\"189\"><span style=\"color: #0000ff;\"><a style=\"color: #0000ff;\" href=\"https:\/\/ulpmat.com\/fr\/recherche\/?type=name&#038;keyword=Gadolinium+Fluoride\">cibles de pulv\u00e9risation de fluorure de gadolinium<\/a><\/span> pour les couches minces magn\u00e9tiques et optiques<\/strong> sont des mat\u00e9riaux cl\u00e9s con\u00e7us pour les processus de d\u00e9p\u00f4t de couches minces \u00e0 haute performance, avec une puret\u00e9 extr\u00eamement \u00e9lev\u00e9e et d&rsquo;excellentes propri\u00e9t\u00e9s physiques. Leur puret\u00e9 peut atteindre 99,99 %, ce qui garantit un d\u00e9p\u00f4t de films minces de haute qualit\u00e9 et une teneur en impuret\u00e9s extr\u00eamement faible, assurant une formation uniforme des films, une forte adh\u00e9rence et une fonction stable.<\/p>\n<p data-start=\"521\" data-end=\"999\">Nous proposons diff\u00e9rentes tailles et formes pour r\u00e9pondre aux besoins de personnalisation des clients. Par ailleurs, nous disposons d&rsquo;une \u00e9quipe d&rsquo;assistance technique professionnelle pour assurer des services complets lors de la s\u00e9lection et de l&rsquo;utilisation des produits. En outre, nos <strong data-start=\"760\" data-end=\"848\">cibles de pulv\u00e9risation de fluorure de gadolinium personnalis\u00e9es pour les applications \u00e9lectroniques<\/strong> et nos <strong data-start=\"853\" data-end=\"946\">cibles de pulv\u00e9risation de fluorure de gadolinium optimis\u00e9es pour les processus de couches minces \u00e0 haute performance<\/strong> r\u00e9pondent aux diverses exigences de l&rsquo;industrie et de la recherche.<\/p>\n<h2><span style=\"font-size: 14pt;\">Points forts des produits de la cible de pulv\u00e9risation de fluorure de gadolinium<\/span><\/h2>\n<p>Grande puret\u00e9 : 99,99 %, garantissant un taux d&rsquo;impuret\u00e9s extr\u00eamement faible<br \/>\nExcellente stabilit\u00e9 chimique et thermique<br \/>\nHaute densit\u00e9, garantissant un d\u00e9p\u00f4t uniforme et stable de couches minces<br \/>\nLes tailles et les formes peuvent \u00eatre personnalis\u00e9es en fonction des besoins du client<br \/>\nDes services de fixation de cibles peuvent \u00eatre fournis<br \/>\nApplicable \u00e0 la pr\u00e9paration des mat\u00e9riaux magn\u00e9tiques, aux rev\u00eatements optiques et aux dispositifs \u00e9lectroniques<\/p>\n<h2><span style=\"font-size: 14pt;\">Applications de la cible de pulv\u00e9risation de fluorure de gadolinium<\/span><\/h2>\n<p>Mat\u00e9riaux magn\u00e9tiques : En tant que mati\u00e8re premi\u00e8re essentielle pour les films magn\u00e9tiques de haute performance, ils sont largement utilis\u00e9s dans les dispositifs d&rsquo;enregistrement magn\u00e9tique et de spintronique.<br \/>\nRev\u00eatement optique : Utilis\u00e9es pour pr\u00e9parer des rev\u00eatements optiques \u00e0 indice de r\u00e9fraction \u00e9lev\u00e9 et r\u00e9sistants \u00e0 l&rsquo;usure, tels que des r\u00e9flecteurs et des filtres.<br \/>\nAppareils \u00e9lectroniques : Fournir des mat\u00e9riaux de rev\u00eatement stables dans la fabrication de films minces \u00e9lectroniques afin d&rsquo;am\u00e9liorer les performances et la fiabilit\u00e9 des appareils.<\/p>\n<h2><span style=\"font-size: 14pt;\">Rapports<\/span><\/h2>\n<p>Nous fournissons des certificats d&rsquo;analyse, des fiches de donn\u00e9es de s\u00e9curit\u00e9 et d&rsquo;autres rapports pertinents pour chaque lot de marchandises. En outre, nous prenons \u00e9galement en charge les tests effectu\u00e9s par des tiers afin d&rsquo;am\u00e9liorer l&rsquo;assurance qualit\u00e9.<\/p>\n","protected":false},"excerpt":{"rendered":"<p>Vue d&rsquo;ensemble des cibles de pulv\u00e9risation de fluorure de gadolinium Lescibles de pulv\u00e9risation de fluorure de gadolinium pour les couches minces magn\u00e9tiques et optiques sont des mat\u00e9riaux cl\u00e9s con\u00e7us pour les processus de d\u00e9p\u00f4t de couches minces \u00e0 haute performance, avec une puret\u00e9 extr\u00eamement \u00e9lev\u00e9e et d&rsquo;excellentes propri\u00e9t\u00e9s physiques. Leur puret\u00e9 peut atteindre 99,99 %, [&hellip;]<\/p>\n","protected":false},"featured_media":6992,"template":"","meta":{"_acf_changed":false},"product_brand":[132],"product_cat":[449],"product_tag":[608,316],"class_list":{"0":"post-10855","1":"product","2":"type-product","3":"status-publish","4":"has-post-thumbnail","6":"product_brand-ulpmat","7":"product_cat-cible-de-pulverisation-ceramique","8":"product_tag-fluorure-de-gadolinium","9":"product_tag-materiaux-optiques","11":"first","12":"instock","13":"shipping-taxable","14":"product-type-variable"},"acf":[],"_links":{"self":[{"href":"https:\/\/ulpmat.com\/fr\/wp-json\/wp\/v2\/product\/10855","targetHints":{"allow":["GET"]}}],"collection":[{"href":"https:\/\/ulpmat.com\/fr\/wp-json\/wp\/v2\/product"}],"about":[{"href":"https:\/\/ulpmat.com\/fr\/wp-json\/wp\/v2\/types\/product"}],"wp:featuredmedia":[{"embeddable":true,"href":"https:\/\/ulpmat.com\/fr\/wp-json\/wp\/v2\/media\/6992"}],"wp:attachment":[{"href":"https:\/\/ulpmat.com\/fr\/wp-json\/wp\/v2\/media?parent=10855"}],"wp:term":[{"taxonomy":"product_brand","embeddable":true,"href":"https:\/\/ulpmat.com\/fr\/wp-json\/wp\/v2\/product_brand?post=10855"},{"taxonomy":"product_cat","embeddable":true,"href":"https:\/\/ulpmat.com\/fr\/wp-json\/wp\/v2\/product_cat?post=10855"},{"taxonomy":"product_tag","embeddable":true,"href":"https:\/\/ulpmat.com\/fr\/wp-json\/wp\/v2\/product_tag?post=10855"}],"curies":[{"name":"wp","href":"https:\/\/api.w.org\/{rel}","templated":true}]}}