{"id":10836,"date":"2025-07-18T17:15:22","date_gmt":"2025-07-18T09:15:22","guid":{"rendered":"https:\/\/ulpmat.com\/product\/alliage-de-fer-au-gadolinium\/"},"modified":"2025-07-18T17:15:22","modified_gmt":"2025-07-18T09:15:22","slug":"alliage-de-fer-au-gadolinium","status":"publish","type":"product","link":"https:\/\/ulpmat.com\/fr\/produit\/alliage-de-fer-au-gadolinium\/","title":{"rendered":"Alliage de fer au gadolinium"},"content":{"rendered":"<h2><span style=\"font-size: 14pt;\"><strong>Vue d&rsquo;ensemble des cibles de pulv\u00e9risation cathodique en alliage fer-gadolinium<\/strong><\/span><\/h2>\n<p data-start=\"118\" data-end=\"585\">Les<span style=\"color: #0000ff;\"><a style=\"color: #0000ff;\" href=\"https:\/\/ulpmat.com\/fr\/recherche\/?type=name&#038;keyword=Gadolinium+Iron+Alloy\"><strong>cibles de pulv\u00e9risation en alliage fer-gadolinium<\/strong><\/a><\/span> sont des mat\u00e9riaux de haute performance con\u00e7us pour la fabrication de films minces magn\u00e9tiques et de dispositifs spintroniques. Les cibles en alliage pr\u00e9sentent une excellente puret\u00e9 et une distribution uniforme de la composition, ce qui garantit la stabilit\u00e9 pendant le processus de pulv\u00e9risation et des performances de haute qualit\u00e9 pour le film. Nos <strong data-start=\"439\" data-end=\"531\">cibles de pulv\u00e9risation en alliage fer-gadolinium de haute puret\u00e9 pour les applications de couches minces magn\u00e9tiques<\/strong> offrent des r\u00e9sultats de d\u00e9p\u00f4t coh\u00e9rents et fiables.<\/p>\n<p data-start=\"587\" data-end=\"1104\">Nous proposons une grande vari\u00e9t\u00e9 de sp\u00e9cifications et de tailles, ce qui permet \u00e0 nos clients de les personnaliser en fonction de leurs besoins. Nous disposons \u00e9galement d&rsquo;une \u00e9quipe compl\u00e8te de service apr\u00e8s-vente pour r\u00e9pondre \u00e0 vos questions \u00e0 tout moment. En outre, nos <strong data-start=\"776\" data-end=\"854\">cibles de pulv\u00e9risation en alliage fer-gadolinium personnalis\u00e9es pour les dispositifs spintroniques<\/strong> sont con\u00e7ues pour r\u00e9pondre aux divers besoins de l&rsquo;industrie et de la recherche.<\/p>\n<h2><span style=\"font-size: 14pt;\">Points forts du produit <strong><span style=\"font-size: 14pt;\">Alliage de fer au gadolinium<\/span> <\/strong><\/span><\/h2>\n<p>Haute puret\u00e9 : 99,9 %, r\u00e9pondant \u00e0 l&rsquo;application des mat\u00e9riaux magn\u00e9tiques haut de gamme<br \/>\nComposition uniforme de l&rsquo;alliage pour garantir la stabilit\u00e9 des performances du film<br \/>\nStructure dense et de haute densit\u00e9 pour assurer un d\u00e9p\u00f4t uniforme par pulv\u00e9risation cathodique<br \/>\nTaille et forme personnalisables, adapt\u00e9es \u00e0 une grande vari\u00e9t\u00e9 d&rsquo;\u00e9quipements<br \/>\nUn service de fixation de la cible peut \u00eatre fourni<br \/>\nExcellentes propri\u00e9t\u00e9s magn\u00e9tiques et stabilit\u00e9 thermique, adapt\u00e9es \u00e0 l&rsquo;\u00e9lectronique de spin, au stockage magn\u00e9tique et \u00e0 d&rsquo;autres domaines<\/p>\n<h2><span style=\"font-size: 14pt;\">Applications de l&rsquo;alliage fer-gadolinium <strong><span style=\"font-size: 14pt;\">Alliage de fer au gadolinium<\/span> <\/strong><\/span><\/h2>\n<p>Film magn\u00e9tique : utilis\u00e9 pour pr\u00e9parer la m\u00e9moire vive magn\u00e9tor\u00e9sistive (MRAM) et les couches fonctionnelles cl\u00e9s des capteurs magn\u00e9tiques<br \/>\nDispositifs spintroniques : r\u00e9pondent aux besoins de fabrication de dispositifs \u00e0 haute sensibilit\u00e9 et \u00e0 haute performance<br \/>\nDispositifs magn\u00e9to-optiques : adapt\u00e9s aux domaines du stockage et de l&rsquo;affichage magn\u00e9to-optiques<br \/>\nAutres dispositifs \u00e9lectroniques : en tant que composant central des mat\u00e9riaux magn\u00e9tiques<\/p>\n<h2><span style=\"font-size: 14pt;\">Rapport<\/span><\/h2>\n<p>Nous fournissons des certificats d&rsquo;analyse (COA) d\u00e9taill\u00e9s, des fiches de donn\u00e9es de s\u00e9curit\u00e9 (MSDS) et des rapports d&rsquo;essai de tiers pour chaque lot de produits afin de garantir la qualit\u00e9 du produit et la stabilit\u00e9 des performances. N&rsquo;h\u00e9sitez pas \u00e0 nous contacter pour obtenir une assistance technique et des services suppl\u00e9mentaires.<\/p>\n","protected":false},"excerpt":{"rendered":"<p>Vue d&rsquo;ensemble des cibles de pulv\u00e9risation cathodique en alliage fer-gadolinium Lescibles de pulv\u00e9risation en alliage fer-gadolinium sont des mat\u00e9riaux de haute performance con\u00e7us pour la fabrication de films minces magn\u00e9tiques et de dispositifs spintroniques. Les cibles en alliage pr\u00e9sentent une excellente puret\u00e9 et une distribution uniforme de la composition, ce qui garantit la stabilit\u00e9 pendant [&hellip;]<\/p>\n","protected":false},"featured_media":6980,"template":"","meta":{"_acf_changed":false},"product_brand":[132],"product_cat":[560],"product_tag":[602],"class_list":{"0":"post-10836","1":"product","2":"type-product","3":"status-publish","4":"has-post-thumbnail","6":"product_brand-ulpmat","7":"product_cat-cible-de-pulverisation-dalliage","8":"product_tag-alliage-de-fer-au-gadolinium","10":"first","11":"instock","12":"shipping-taxable","13":"product-type-variable"},"acf":[],"_links":{"self":[{"href":"https:\/\/ulpmat.com\/fr\/wp-json\/wp\/v2\/product\/10836","targetHints":{"allow":["GET"]}}],"collection":[{"href":"https:\/\/ulpmat.com\/fr\/wp-json\/wp\/v2\/product"}],"about":[{"href":"https:\/\/ulpmat.com\/fr\/wp-json\/wp\/v2\/types\/product"}],"wp:featuredmedia":[{"embeddable":true,"href":"https:\/\/ulpmat.com\/fr\/wp-json\/wp\/v2\/media\/6980"}],"wp:attachment":[{"href":"https:\/\/ulpmat.com\/fr\/wp-json\/wp\/v2\/media?parent=10836"}],"wp:term":[{"taxonomy":"product_brand","embeddable":true,"href":"https:\/\/ulpmat.com\/fr\/wp-json\/wp\/v2\/product_brand?post=10836"},{"taxonomy":"product_cat","embeddable":true,"href":"https:\/\/ulpmat.com\/fr\/wp-json\/wp\/v2\/product_cat?post=10836"},{"taxonomy":"product_tag","embeddable":true,"href":"https:\/\/ulpmat.com\/fr\/wp-json\/wp\/v2\/product_tag?post=10836"}],"curies":[{"name":"wp","href":"https:\/\/api.w.org\/{rel}","templated":true}]}}