{"id":10829,"date":"2025-07-18T17:15:23","date_gmt":"2025-07-18T09:15:23","guid":{"rendered":"https:\/\/ulpmat.com\/product\/terbium-metal-2\/"},"modified":"2025-07-18T17:15:23","modified_gmt":"2025-07-18T09:15:23","slug":"terbium-metal-2","status":"publish","type":"product","link":"https:\/\/ulpmat.com\/fr\/produit\/terbium-metal-2\/","title":{"rendered":"Terbium m\u00e9tal"},"content":{"rendered":"<h2 data-start=\"96\" data-end=\"617\"><span style=\"font-size: 14pt;\"><strong data-start=\"96\" data-end=\"169\">Granules de terbium m\u00e9tal Vue d&rsquo;ensemble<\/strong><\/span><\/h2>\n<p data-start=\"96\" data-end=\"617\">Les<strong data-start=\"96\" data-end=\"169\"><span style=\"color: #0000ff;\"><a style=\"color: #0000ff;\" href=\"https:\/\/ulpmat.com\/fr\/recherche\/?type=name&#038;keyword=Terbium+metal\">granul\u00e9s de terbium m\u00e9tal<\/a> destin\u00e9s \u00e0 la <\/span>recherche et au d\u00e9veloppement de mat\u00e9riaux haut de gamme<\/strong> sont des mati\u00e8res premi\u00e8res de haute qualit\u00e9 con\u00e7ues pour la fabrication de mat\u00e9riaux avanc\u00e9s. Les particules ont une puret\u00e9 \u00e9lev\u00e9e de 99,9 %, une morphologie uniforme et une taille fine, ce qui garantit d&rsquo;excellentes performances dans diverses applications. Gr\u00e2ce \u00e0 leurs propri\u00e9t\u00e9s physiques et chimiques exceptionnelles, les <strong data-start=\"448\" data-end=\"520\">granul\u00e9s de terbium m\u00e9tal pour mat\u00e9riaux magn\u00e9tiques et appareils \u00e9lectroniques<\/strong> sont largement utilis\u00e9s dans les films fonctionnels, les mat\u00e9riaux magn\u00e9tiques, les appareils \u00e9lectroniques et d&rsquo;autres domaines.<\/p>\n<p data-start=\"619\" data-end=\"914\">Nous fournissons des <strong data-start=\"630\" data-end=\"700\">granul\u00e9s de terbium m\u00e9tal pour des tailles de particules et des emballages personnalis\u00e9s<\/strong> dans diverses sp\u00e9cifications, adapt\u00e9s pour r\u00e9pondre aux exigences particuli\u00e8res des diff\u00e9rents processus. Notre syst\u00e8me complet de service apr\u00e8s-vente garantit une assistance technique et une r\u00e9ponse rapide \u00e0 tout probl\u00e8me survenant en cours d&rsquo;utilisation.<\/p>\n<h2><span style=\"font-size: 14pt;\">Points forts des <strong data-start=\"96\" data-end=\"169\">granul\u00e9s de terbium m\u00e9tal <\/strong><\/span><\/h2>\n<p>Puret\u00e9 jusqu&rsquo;\u00e0 99,9 %, garantissant la puret\u00e9 et la stabilit\u00e9 des performances du mat\u00e9riau<br \/>\nForme uniforme des particules, distribution raisonnable, contr\u00f4le facile du processus<br \/>\nLa taille des particules et les sp\u00e9cifications d&#8217;emballage peuvent \u00eatre personnalis\u00e9es en fonction des besoins du client<br \/>\nApplicable \u00e0 la pr\u00e9paration de mat\u00e9riaux magn\u00e9tiques, \u00e0 la fabrication de composants \u00e9lectroniques et \u00e0 la pr\u00e9paration d&rsquo;alliages de terres rares<\/p>\n<h2><span style=\"font-size: 14pt;\">Application des <strong data-start=\"96\" data-end=\"169\">granul\u00e9s de terbium m\u00e9tal <\/strong><\/span><\/h2>\n<p>Mat\u00e9riaux magn\u00e9tiques : En tant que composant important des aimants permanents en terres rares, il am\u00e9liore les propri\u00e9t\u00e9s magn\u00e9tiques et la stabilit\u00e9 thermique<br \/>\nIndustrie \u00e9lectronique : Pr\u00e9paration de mat\u00e9riaux pour des films et des dispositifs fonctionnels<br \/>\nPr\u00e9paration d&rsquo;alliages : Application d&rsquo;alliage, am\u00e9lioration des propri\u00e9t\u00e9s physiques et chimiques des mat\u00e9riaux<br \/>\nRecherche scientifique et d\u00e9veloppement : R\u00e9pondre aux besoins des laboratoires et de la recherche et du d\u00e9veloppement de nouveaux mat\u00e9riaux pour les particules de terres rares de haute puret\u00e9<\/p>\n<h2><span style=\"font-size: 14pt;\">Rapport<\/span><\/h2>\n<p data-start=\"31\" data-end=\"229\">Chaque lot est accompagn\u00e9 d&rsquo;un certificat d&rsquo;analyse (COA) et d&rsquo;une fiche de donn\u00e9es de s\u00e9curit\u00e9 (MSDS) d\u00e9taill\u00e9s, ainsi que d&rsquo;une assistance pour les tests effectu\u00e9s par des tiers, afin de garantir une qualit\u00e9 de produit constante et fiable.<\/p>\n","protected":false},"excerpt":{"rendered":"<p>Granules de terbium m\u00e9tal Vue d&rsquo;ensemble Lesgranul\u00e9s de terbium m\u00e9tal destin\u00e9s \u00e0 la recherche et au d\u00e9veloppement de mat\u00e9riaux haut de gamme sont des mati\u00e8res premi\u00e8res de haute qualit\u00e9 con\u00e7ues pour la fabrication de mat\u00e9riaux avanc\u00e9s. Les particules ont une puret\u00e9 \u00e9lev\u00e9e de 99,9 %, une morphologie uniforme et une taille fine, ce qui garantit [&hellip;]<\/p>\n","protected":false},"featured_media":5942,"template":"","meta":{"_acf_changed":false},"product_brand":[132],"product_cat":[296],"product_tag":[596],"class_list":{"0":"post-10829","1":"product","2":"type-product","3":"status-publish","4":"has-post-thumbnail","6":"product_brand-ulpmat","7":"product_cat-materiaux-devaporation","8":"product_tag-terbium-fr","10":"first","11":"instock","12":"shipping-taxable","13":"product-type-variable"},"acf":[],"_links":{"self":[{"href":"https:\/\/ulpmat.com\/fr\/wp-json\/wp\/v2\/product\/10829","targetHints":{"allow":["GET"]}}],"collection":[{"href":"https:\/\/ulpmat.com\/fr\/wp-json\/wp\/v2\/product"}],"about":[{"href":"https:\/\/ulpmat.com\/fr\/wp-json\/wp\/v2\/types\/product"}],"wp:featuredmedia":[{"embeddable":true,"href":"https:\/\/ulpmat.com\/fr\/wp-json\/wp\/v2\/media\/5942"}],"wp:attachment":[{"href":"https:\/\/ulpmat.com\/fr\/wp-json\/wp\/v2\/media?parent=10829"}],"wp:term":[{"taxonomy":"product_brand","embeddable":true,"href":"https:\/\/ulpmat.com\/fr\/wp-json\/wp\/v2\/product_brand?post=10829"},{"taxonomy":"product_cat","embeddable":true,"href":"https:\/\/ulpmat.com\/fr\/wp-json\/wp\/v2\/product_cat?post=10829"},{"taxonomy":"product_tag","embeddable":true,"href":"https:\/\/ulpmat.com\/fr\/wp-json\/wp\/v2\/product_tag?post=10829"}],"curies":[{"name":"wp","href":"https:\/\/api.w.org\/{rel}","templated":true}]}}