{"id":10804,"date":"2025-07-18T17:15:23","date_gmt":"2025-07-18T09:15:23","guid":{"rendered":"https:\/\/ulpmat.com\/product\/terbium-metal\/"},"modified":"2025-07-18T17:15:23","modified_gmt":"2025-07-18T09:15:23","slug":"terbium-metal","status":"publish","type":"product","link":"https:\/\/ulpmat.com\/fr\/produit\/terbium-metal\/","title":{"rendered":"Terbium m\u00e9tal"},"content":{"rendered":"<h2><span style=\"font-size: 14pt;\">Cible de pulv\u00e9risation cathodique en terbium m\u00e9tal Vue d&rsquo;ensemble<\/span><\/h2>\n<p data-start=\"106\" data-end=\"503\">Les<strong data-start=\"106\" data-end=\"176\"><span style=\"color: #0000ff;\"><a style=\"color: #0000ff;\" href=\"https:\/\/ulpmat.com\/fr\/recherche\/?type=name&#038;keyword=Terbium+metal\">cibles de pulv\u00e9risation cathodique de terbium m\u00e9tal<\/a><\/span> pour le d\u00e9p\u00f4t de couches minces avanc\u00e9es<\/strong> sont des mat\u00e9riaux de haute performance con\u00e7us pour r\u00e9pondre aux exigences rigoureuses des appareils \u00e9lectroniques et optiques. D&rsquo;une puret\u00e9 allant jusqu&rsquo;\u00e0 99,95 %, la cible pr\u00e9sente une excellente densit\u00e9 et une structure dense, garantissant un d\u00e9p\u00f4t uniforme et stable de couches minces tout en formant une couche de film dense et ferme avec une teneur en impuret\u00e9s extr\u00eamement faible.<\/p>\n<p data-start=\"505\" data-end=\"923\">Nous proposons <strong data-start=\"514\" data-end=\"582\">des cibles de pulv\u00e9risation de Terbium m\u00e9tal de formes et de tailles personnalis\u00e9es<\/strong>, y compris des options rondes et rectangulaires, adapt\u00e9es aux exigences des processus des clients. Un syst\u00e8me complet de service apr\u00e8s-vente garantit une r\u00e9ponse et une assistance rapides pour tout probl\u00e8me technique rencontr\u00e9 en cours d&rsquo;utilisation, ce qui fait des <strong data-start=\"798\" data-end=\"867\">cibles de pulv\u00e9risation m\u00e9tallique de Terbium pour les applications d&rsquo;appareils haut de gamme<\/strong> un choix fiable pour la fabrication de films minces avanc\u00e9s.<\/p>\n<h2><span style=\"font-size: 14pt;\">Points forts du produit cible de pulv\u00e9risation de m\u00e9tal Terbium<\/span><\/h2>\n<p>Puret\u00e9 : 99,95 %, garantissant la puret\u00e9 de la qualit\u00e9 du film<br \/>\nHaute densit\u00e9 et structure dense pour garantir un d\u00e9p\u00f4t de film uniforme et stable<br \/>\nLa taille et la forme peuvent \u00eatre personnalis\u00e9es en fonction des besoins du client et peuvent \u00eatre adapt\u00e9es de mani\u00e8re flexible \u00e0 diff\u00e9rents processus<br \/>\nApplicable aux mat\u00e9riaux magn\u00e9tiques, aux dispositifs \u00e0 semi-conducteurs, aux rev\u00eatements optiques et \u00e0 d&rsquo;autres domaines<br \/>\nPeut prendre en charge les services de reliure de cibles<\/p>\n<h2><span style=\"font-size: 14pt;\">Application de la cible de pulv\u00e9risation du m\u00e9tal Terbium<\/span><\/h2>\n<p>Pr\u00e9paration de mat\u00e9riaux magn\u00e9tiques : largement utilis\u00e9e pour le d\u00e9p\u00f4t d&rsquo;aimants permanents et de films magn\u00e9tiques \u00e0 base de terres rares<br \/>\nTraitement des semi-conducteurs : utilis\u00e9 pour les couches fonctionnelles afin d&rsquo;am\u00e9liorer les performances et la stabilit\u00e9 des dispositifs<br \/>\nRev\u00eatement optique : Forme des films fonctionnels de haute performance sur la surface de composants optiques sp\u00e9ciaux<br \/>\nRecherche et d\u00e9veloppement : R\u00e9pondre aux besoins sp\u00e9cifiques des instituts de recherche scientifique en mati\u00e8re de cibles m\u00e9talliques \u00e0 base de terres rares<\/p>\n<h2><span style=\"font-size: 14pt;\">Rapport<\/span><\/h2>\n<p>Chaque lot de cibles de pulv\u00e9risation de terbium m\u00e9tal est accompagn\u00e9 d&rsquo;un certificat d&rsquo;analyse (COA), d&rsquo;une fiche de donn\u00e9es de s\u00e9curit\u00e9 (MSDS) et de rapports d&rsquo;essai connexes faisant autorit\u00e9. Nous prenons en charge les tests effectu\u00e9s par des tiers afin de garantir une qualit\u00e9 de produit stable et fiable et d&rsquo;aider les clients \u00e0 obtenir des performances de processus optimales.<\/p>\n","protected":false},"excerpt":{"rendered":"<p>Cible de pulv\u00e9risation cathodique en terbium m\u00e9tal Vue d&rsquo;ensemble Lescibles de pulv\u00e9risation cathodique de terbium m\u00e9tal pour le d\u00e9p\u00f4t de couches minces avanc\u00e9es sont des mat\u00e9riaux de haute performance con\u00e7us pour r\u00e9pondre aux exigences rigoureuses des appareils \u00e9lectroniques et optiques. D&rsquo;une puret\u00e9 allant jusqu&rsquo;\u00e0 99,95 %, la cible pr\u00e9sente une excellente densit\u00e9 et une structure [&hellip;]<\/p>\n","protected":false},"featured_media":6920,"template":"","meta":{"_acf_changed":false},"product_brand":[132],"product_cat":[274],"product_tag":[476,596],"class_list":{"0":"post-10804","1":"product","2":"type-product","3":"status-publish","4":"has-post-thumbnail","6":"product_brand-ulpmat","7":"product_cat-cible-de-pulverisation-metallique","8":"product_tag-cible-de-pulverisation-metallique","9":"product_tag-terbium-fr","11":"first","12":"instock","13":"shipping-taxable","14":"product-type-variable"},"acf":[],"_links":{"self":[{"href":"https:\/\/ulpmat.com\/fr\/wp-json\/wp\/v2\/product\/10804","targetHints":{"allow":["GET"]}}],"collection":[{"href":"https:\/\/ulpmat.com\/fr\/wp-json\/wp\/v2\/product"}],"about":[{"href":"https:\/\/ulpmat.com\/fr\/wp-json\/wp\/v2\/types\/product"}],"wp:featuredmedia":[{"embeddable":true,"href":"https:\/\/ulpmat.com\/fr\/wp-json\/wp\/v2\/media\/6920"}],"wp:attachment":[{"href":"https:\/\/ulpmat.com\/fr\/wp-json\/wp\/v2\/media?parent=10804"}],"wp:term":[{"taxonomy":"product_brand","embeddable":true,"href":"https:\/\/ulpmat.com\/fr\/wp-json\/wp\/v2\/product_brand?post=10804"},{"taxonomy":"product_cat","embeddable":true,"href":"https:\/\/ulpmat.com\/fr\/wp-json\/wp\/v2\/product_cat?post=10804"},{"taxonomy":"product_tag","embeddable":true,"href":"https:\/\/ulpmat.com\/fr\/wp-json\/wp\/v2\/product_tag?post=10804"}],"curies":[{"name":"wp","href":"https:\/\/api.w.org\/{rel}","templated":true}]}}