{"id":10797,"date":"2025-07-18T17:15:23","date_gmt":"2025-07-18T09:15:23","guid":{"rendered":"https:\/\/ulpmat.com\/product\/oxyde-de-fer-et-de-terbium\/"},"modified":"2025-07-18T17:15:23","modified_gmt":"2025-07-18T09:15:23","slug":"oxyde-de-fer-et-de-terbium","status":"publish","type":"product","link":"https:\/\/ulpmat.com\/fr\/produit\/oxyde-de-fer-et-de-terbium\/","title":{"rendered":"Oxyde de fer et de terbium"},"content":{"rendered":"<h2><span style=\"font-size: 14pt;\">Cible de pulv\u00e9risation d&rsquo;oxyde de fer et de terbium Vue d&rsquo;ensemble<\/span><\/h2>\n<p data-start=\"110\" data-end=\"453\">La<strong data-start=\"110\" data-end=\"174\"><span style=\"color: #0000ff;\"><a style=\"color: #0000ff;\" href=\"https:\/\/ulpmat.com\/fr\/recherche\/?type=name&#038;keyword=Terbium+Iron+Oxide\">cible de pulv\u00e9risation d&rsquo;oxyde de fer et de terbium<\/a> pour les <\/span>couches minces magn\u00e9tiques<\/strong> est un mat\u00e9riau de haute performance con\u00e7u pour la pr\u00e9paration de dispositifs opto\u00e9lectroniques et de rev\u00eatements fonctionnels. D&rsquo;une puret\u00e9 pouvant atteindre 99,9 %, il pr\u00e9sente une densit\u00e9 et une compacit\u00e9 uniformes, ce qui garantit que le film d\u00e9pos\u00e9 pr\u00e9sente d&rsquo;excellentes propri\u00e9t\u00e9s magn\u00e9tiques et une structure stable.<\/p>\n<p data-start=\"455\" data-end=\"861\">Nous proposons <strong data-start=\"464\" data-end=\"536\">des cibles de pulv\u00e9risation d&rsquo;oxyde de fer et de terbium de formes et de tailles personnalis\u00e9es<\/strong>, y compris des options rondes et rectangulaires, adapt\u00e9es aux exigences d&rsquo;application de diff\u00e9rents processus et \u00e9quipements. Une assistance technique compl\u00e8te et un service apr\u00e8s-vente sont fournis pour garantir une assistance professionnelle lors de l&rsquo;utilisation des <strong data-start=\"782\" data-end=\"858\">cibles de pulv\u00e9risation d&rsquo;oxyde de fer Terbium pour les applications de couches minces avanc\u00e9es<\/strong>.<\/p>\n<h2><span style=\"font-size: 14pt;\">Points forts du produit cible de pulv\u00e9risation d&rsquo;oxyde de fer terbium<\/span><\/h2>\n<p>Puret\u00e9 : 99,9<br \/>\nHaute densit\u00e9, microstructure dense et uniforme<br \/>\nTaille et forme personnalisables<br \/>\nExcellentes propri\u00e9t\u00e9s magn\u00e9tiques et optiques<br \/>\nConvient au stockage magn\u00e9tique, aux dispositifs magn\u00e9to-optiques et \u00e0 la technologie des micro-ondes<br \/>\nUn service de reliure de cibles peut \u00eatre fourni<\/p>\n<h2><span style=\"font-size: 14pt;\">Application de la cible de pulv\u00e9risation de l&rsquo;oxyde de fer et de terbium<\/span><\/h2>\n<p>Couches minces magn\u00e9tiques : utilis\u00e9es pour fabriquer des mat\u00e9riaux magn\u00e9tiques de haute performance tels que des dispositifs de stockage magn\u00e9tique et des capteurs magn\u00e9tiques.<br \/>\nDispositifs magn\u00e9to-optiques : convient \u00e0 la fabrication de dispositifs opto\u00e9lectroniques tels que les isolateurs magn\u00e9to-optiques et les modulateurs optiques.<br \/>\nTechnologie des micro-ondes : utilis\u00e9e dans la fabrication de mat\u00e9riaux magn\u00e9tiques dans les appareils \u00e0 micro-ondes pour am\u00e9liorer la qualit\u00e9 du signal et les performances de l&rsquo;appareil.<br \/>\nRecherche et d\u00e9veloppement : Largement utilis\u00e9 dans les domaines de la science des mat\u00e9riaux et de la recherche sur les films magn\u00e9tiques.<\/p>\n<h2><span style=\"font-size: 14pt;\">Rapport<\/span><\/h2>\n<p data-start=\"32\" data-end=\"313\">Chaque lot est accompagn\u00e9 d&rsquo;un certificat d&rsquo;analyse (COA) et d&rsquo;une fiche de donn\u00e9es de s\u00e9curit\u00e9 (MSDS) d\u00e9taill\u00e9s, ainsi que d&rsquo;une assistance pour les tests effectu\u00e9s par des tiers afin de garantir une qualit\u00e9 de produit constante et fiable. Pour plus d&rsquo;assistance technique ou des services personnalis\u00e9s, n&rsquo;h\u00e9sitez pas \u00e0 nous contacter.<\/p>\n","protected":false},"excerpt":{"rendered":"<p>Cible de pulv\u00e9risation d&rsquo;oxyde de fer et de terbium Vue d&rsquo;ensemble Lacible de pulv\u00e9risation d&rsquo;oxyde de fer et de terbium pour les couches minces magn\u00e9tiques est un mat\u00e9riau de haute performance con\u00e7u pour la pr\u00e9paration de dispositifs opto\u00e9lectroniques et de rev\u00eatements fonctionnels. D&rsquo;une puret\u00e9 pouvant atteindre 99,9 %, il pr\u00e9sente une densit\u00e9 et une compacit\u00e9 [&hellip;]<\/p>\n","protected":false},"featured_media":6908,"template":"","meta":{"_acf_changed":false},"product_brand":[132],"product_cat":[449],"product_tag":[596],"class_list":{"0":"post-10797","1":"product","2":"type-product","3":"status-publish","4":"has-post-thumbnail","6":"product_brand-ulpmat","7":"product_cat-cible-de-pulverisation-ceramique","8":"product_tag-terbium-fr","10":"first","11":"instock","12":"shipping-taxable","13":"product-type-variable"},"acf":[],"_links":{"self":[{"href":"https:\/\/ulpmat.com\/fr\/wp-json\/wp\/v2\/product\/10797","targetHints":{"allow":["GET"]}}],"collection":[{"href":"https:\/\/ulpmat.com\/fr\/wp-json\/wp\/v2\/product"}],"about":[{"href":"https:\/\/ulpmat.com\/fr\/wp-json\/wp\/v2\/types\/product"}],"wp:featuredmedia":[{"embeddable":true,"href":"https:\/\/ulpmat.com\/fr\/wp-json\/wp\/v2\/media\/6908"}],"wp:attachment":[{"href":"https:\/\/ulpmat.com\/fr\/wp-json\/wp\/v2\/media?parent=10797"}],"wp:term":[{"taxonomy":"product_brand","embeddable":true,"href":"https:\/\/ulpmat.com\/fr\/wp-json\/wp\/v2\/product_brand?post=10797"},{"taxonomy":"product_cat","embeddable":true,"href":"https:\/\/ulpmat.com\/fr\/wp-json\/wp\/v2\/product_cat?post=10797"},{"taxonomy":"product_tag","embeddable":true,"href":"https:\/\/ulpmat.com\/fr\/wp-json\/wp\/v2\/product_tag?post=10797"}],"curies":[{"name":"wp","href":"https:\/\/api.w.org\/{rel}","templated":true}]}}