{"id":10782,"date":"2025-07-18T17:15:23","date_gmt":"2025-07-18T09:15:23","guid":{"rendered":"https:\/\/ulpmat.com\/product\/oxyde-de-terbium\/"},"modified":"2025-07-18T17:15:23","modified_gmt":"2025-07-18T09:15:23","slug":"oxyde-de-terbium","status":"publish","type":"product","link":"https:\/\/ulpmat.com\/fr\/produit\/oxyde-de-terbium\/","title":{"rendered":"Oxyde de terbium"},"content":{"rendered":"<h2><span style=\"font-size: 14pt;\">Aper\u00e7u de la poudre d&rsquo;oxyde de terbium<\/span><\/h2>\n<p data-start=\"94\" data-end=\"470\">La<strong data-start=\"94\" data-end=\"152\"><span style=\"color: #0000ff;\"><a style=\"color: #0000ff;\" href=\"https:\/\/ulpmat.com\/fr\/recherche\/?type=name&#038;keyword=Terbium+Oxide\">poudre d&rsquo;oxyde de terbium<\/a><\/span> pour mat\u00e9riaux fonctionnels avanc\u00e9s<\/strong> est un produit de haute performance con\u00e7u pour la pr\u00e9paration de cibles c\u00e9ramiques et d&rsquo;autres applications sp\u00e9cialis\u00e9es. La poudre a une puret\u00e9 allant jusqu&rsquo;\u00e0 99,99 %, avec des particules uniformes et fines, et d&rsquo;excellentes propri\u00e9t\u00e9s physiques et chimiques, ce qui garantit la stabilit\u00e9 et la coh\u00e9rence du mat\u00e9riau dans diverses applications.<\/p>\n<p data-start=\"472\" data-end=\"809\">Nous fournissons de la <strong data-start=\"483\" data-end=\"559\">poudre d&rsquo;oxyde de terbium pour la recherche scientifique et les applications industrielles<\/strong> dans diff\u00e9rentes sp\u00e9cifications et tailles de particules. Une assistance technique compl\u00e8te est \u00e9galement disponible &#8211; si vous avez des questions pendant l&rsquo;utilisation, notre \u00e9quipe peut vous aider \u00e0 obtenir des conseils sur la <strong data-start=\"733\" data-end=\"806\">poudre d&rsquo;oxyde de terbium pour des tailles de particules et des sp\u00e9cifications personnalis\u00e9es<\/strong>.<\/p>\n<h2><span style=\"font-size: 14pt;\">Principaux produits de la poudre d&rsquo;oxyde de terbium <\/span><\/h2>\n<p>Puret\u00e9 : 99,99%<br \/>\nParticules uniformes, taille des particules personnalisable<br \/>\nBonne stabilit\u00e9 thermique et chimique<br \/>\nConvient aux domaines haut de gamme tels que les cibles c\u00e9ramiques, les mat\u00e9riaux magn\u00e9tiques et les luminophores<br \/>\nEmballage personnalisable<\/p>\n<h2><span style=\"font-size: 14pt;\">Application de la poudre d&rsquo;oxyde de terbium <\/span><\/h2>\n<p>Pr\u00e9paration de cibles c\u00e9ramiques : La puret\u00e9 \u00e9lev\u00e9e garantit la formation d&rsquo;un film uniforme du mat\u00e9riau cible, adapt\u00e9 au processus de d\u00e9p\u00f4t par pulv\u00e9risation cathodique.<br \/>\nMat\u00e9riaux magn\u00e9tiques : En raison de leurs propri\u00e9t\u00e9s magn\u00e9tiques uniques, ils sont largement utilis\u00e9s dans les aimants permanents et les mat\u00e9riaux d&rsquo;enregistrement magn\u00e9tique.<br \/>\nMat\u00e9riaux fluorescents : En tant que dopants des terres rares, ils sont utilis\u00e9s dans les dispositifs d&rsquo;\u00e9mission de lumi\u00e8re et la technologie d&rsquo;affichage.<br \/>\nSupports de catalyseurs : Ils pr\u00e9sentent une bonne stabilit\u00e9 chimique et conviennent aux environnements de r\u00e9action catalytique \u00e0 haute temp\u00e9rature.<\/p>\n<h2><span style=\"font-size: 14pt;\">Rapport<\/span><\/h2>\n<p>Chaque lot de poudre est accompagn\u00e9 d&rsquo;un certificat d&rsquo;analyse (COA) et d&rsquo;une fiche de donn\u00e9es de s\u00e9curit\u00e9 (MSDS) d\u00e9taill\u00e9s. Nous soutenons les tests d&rsquo;autorit\u00e9s tierces afin de garantir la stabilit\u00e9 et la fiabilit\u00e9 de la qualit\u00e9 des produits. N&rsquo;h\u00e9sitez pas \u00e0 nous contacter pour obtenir plus d&rsquo;informations techniques et des services personnalis\u00e9s.<\/p>\n","protected":false},"excerpt":{"rendered":"<p>Aper\u00e7u de la poudre d&rsquo;oxyde de terbium Lapoudre d&rsquo;oxyde de terbium pour mat\u00e9riaux fonctionnels avanc\u00e9s est un produit de haute performance con\u00e7u pour la pr\u00e9paration de cibles c\u00e9ramiques et d&rsquo;autres applications sp\u00e9cialis\u00e9es. La poudre a une puret\u00e9 allant jusqu&rsquo;\u00e0 99,99 %, avec des particules uniformes et fines, et d&rsquo;excellentes propri\u00e9t\u00e9s physiques et chimiques, ce qui [&hellip;]<\/p>\n","protected":false},"featured_media":5948,"template":"","meta":{"_acf_changed":false},"product_brand":[132],"product_cat":[314,335],"product_tag":[590],"class_list":{"0":"post-10782","1":"product","2":"type-product","3":"status-publish","4":"has-post-thumbnail","6":"product_brand-ulpmat","7":"product_cat-materiaux-a-base-de-terres-rares","8":"product_cat-oxydes","9":"product_tag-oxyde-de-terbium","11":"first","12":"instock","13":"shipping-taxable","14":"product-type-variable"},"acf":[],"_links":{"self":[{"href":"https:\/\/ulpmat.com\/fr\/wp-json\/wp\/v2\/product\/10782","targetHints":{"allow":["GET"]}}],"collection":[{"href":"https:\/\/ulpmat.com\/fr\/wp-json\/wp\/v2\/product"}],"about":[{"href":"https:\/\/ulpmat.com\/fr\/wp-json\/wp\/v2\/types\/product"}],"wp:featuredmedia":[{"embeddable":true,"href":"https:\/\/ulpmat.com\/fr\/wp-json\/wp\/v2\/media\/5948"}],"wp:attachment":[{"href":"https:\/\/ulpmat.com\/fr\/wp-json\/wp\/v2\/media?parent=10782"}],"wp:term":[{"taxonomy":"product_brand","embeddable":true,"href":"https:\/\/ulpmat.com\/fr\/wp-json\/wp\/v2\/product_brand?post=10782"},{"taxonomy":"product_cat","embeddable":true,"href":"https:\/\/ulpmat.com\/fr\/wp-json\/wp\/v2\/product_cat?post=10782"},{"taxonomy":"product_tag","embeddable":true,"href":"https:\/\/ulpmat.com\/fr\/wp-json\/wp\/v2\/product_tag?post=10782"}],"curies":[{"name":"wp","href":"https:\/\/api.w.org\/{rel}","templated":true}]}}