{"id":10626,"date":"2025-07-18T17:15:26","date_gmt":"2025-07-18T09:15:26","guid":{"rendered":"https:\/\/ulpmat.com\/product\/fluorure-de-dysprosium-dfm-2\/"},"modified":"2025-07-18T17:15:26","modified_gmt":"2025-07-18T09:15:26","slug":"fluorure-de-dysprosium-dfm-2","status":"publish","type":"product","link":"https:\/\/ulpmat.com\/fr\/produit\/fluorure-de-dysprosium-dfm-2\/","title":{"rendered":"Fluorure de dysprosium (DFM)"},"content":{"rendered":"<h2><span style=\"font-size: 14pt;\">Aper\u00e7u des granul\u00e9s de fluorure de dysprosium<\/span><\/h2>\n<p><span style=\"color: #0000ff;\"><a style=\"color: #0000ff;\" href=\"https:\/\/ulpmat.com\/fr\/recherche\/?type=name&#038;keyword=Dysprosium+Fluoride\"><strong>Les granul\u00e9s de fluorure de dysprosium<\/strong> <\/a><\/span><strong data-start=\"102\" data-end=\"168\">destin\u00e9s \u00e0 la pr\u00e9paration de mat\u00e9riaux haut de gamme<\/strong> sont des fluorures de terres rares de haute performance con\u00e7us pour des applications de films fonctionnels. Le mat\u00e9riau pr\u00e9sente une grande puret\u00e9, des particules uniformes et une excellente stabilit\u00e9 thermique, ce qui rend les <strong data-start=\"343\" data-end=\"413\">granul\u00e9s de fluorure de dysprosium pour les applications magn\u00e9tiques et optiques<\/strong> id\u00e9ales pour les mat\u00e9riaux magn\u00e9tiques, les rev\u00eatements optiques et le frittage des c\u00e9ramiques.<\/p>\n<p data-start=\"495\" data-end=\"802\">Nous fournissons <strong data-start=\"506\" data-end=\"568\">des granul\u00e9s de fluorure de dysprosium pour des tailles de particules personnalis\u00e9es<\/strong> avec des tailles standard ainsi que des sp\u00e9cifications de taille de particules sur mesure, permettant \u00e0 la fois de petits \u00e9chantillons d&rsquo;essai et la fourniture de lots. Si vous avez des questions pendant l&rsquo;utilisation, notre \u00e9quipe technique est disponible pour vous fournir une assistance et des conseils complets.<\/p>\n<h2><span style=\"font-size: 14pt;\">Points forts des granul\u00e9s de fluorure de dysprosium<\/span><\/h2>\n<p>Puret\u00e9 : 99,99%<br \/>\nParticules r\u00e9guli\u00e8res et denses, propices \u00e0 une distribution uniforme et \u00e0 un moulage de pr\u00e9cision<br \/>\nBonne stabilit\u00e9 thermique et chimique<br \/>\nPeuvent \u00eatre emball\u00e9es selon les exigences du client<br \/>\nPeut \u00eatre utilis\u00e9 dans le vide, \u00e0 haute temp\u00e9rature, dans la synth\u00e8se inorganique et dans les syst\u00e8mes c\u00e9ramiques fonctionnels \u00e0 base de terres rares<\/p>\n<h2><span style=\"font-size: 14pt;\">Applications des granul\u00e9s de fluorure de dysprosium<\/span><\/h2>\n<p>Domaine des mat\u00e9riaux magn\u00e9tiques : En tant que composant dopant important des mat\u00e9riaux de refroidissement magn\u00e9tique \u00e0 haute performance et des alliages d&rsquo;aimants permanents \u00e0 base de terres rares, il am\u00e9liore l&rsquo;effet magn\u00e9tocalorique et la stabilit\u00e9.<br \/>\nRev\u00eatement optique : Utilis\u00e9 dans la pr\u00e9paration de composants optiques infrarouges et de mat\u00e9riaux pour fen\u00eatres, il pr\u00e9sente une bonne transmittance infrarouge et une bonne stabilit\u00e9.<br \/>\nC\u00e9ramiques \u00e0 haute temp\u00e9rature et mat\u00e9riaux composites fonctionnels : Am\u00e9lioration des c\u00e9ramiques structurelles, dopage des mat\u00e9riaux luminescents, am\u00e9lioration des propri\u00e9t\u00e9s thermom\u00e9caniques et de la r\u00e9sistance \u00e0 la corrosion.<br \/>\nPr\u00e9curseur de cibles de pulv\u00e9risation : peut \u00eatre utilis\u00e9 pour fritter des cibles de pulv\u00e9risation de haute densit\u00e9 afin de r\u00e9pondre aux besoins des processus de rev\u00eatement PVD\/CVD.<\/p>\n<h2><span style=\"font-size: 14pt;\">Rapports<\/span><\/h2>\n<p>Nous fournissons des certificats d&rsquo;analyse, des fiches de donn\u00e9es de s\u00e9curit\u00e9 et d&rsquo;autres rapports pertinents pour chaque lot de marchandises. En outre, nous prenons \u00e9galement en charge les tests effectu\u00e9s par des tiers afin d&rsquo;am\u00e9liorer l&rsquo;assurance qualit\u00e9.<\/p>\n","protected":false},"excerpt":{"rendered":"<p>Aper\u00e7u des granul\u00e9s de fluorure de dysprosium Les granul\u00e9s de fluorure de dysprosium destin\u00e9s \u00e0 la pr\u00e9paration de mat\u00e9riaux haut de gamme sont des fluorures de terres rares de haute performance con\u00e7us pour des applications de films fonctionnels. Le mat\u00e9riau pr\u00e9sente une grande puret\u00e9, des particules uniformes et une excellente stabilit\u00e9 thermique, ce qui rend [&hellip;]<\/p>\n","protected":false},"featured_media":6008,"template":"","meta":{"_acf_changed":false},"product_brand":[132],"product_cat":[296],"product_tag":[524,316],"class_list":{"0":"post-10626","1":"product","2":"type-product","3":"status-publish","4":"has-post-thumbnail","6":"product_brand-ulpmat","7":"product_cat-materiaux-devaporation","8":"product_tag-fluorure-de-dysprosium","9":"product_tag-materiaux-optiques","11":"first","12":"instock","13":"shipping-taxable","14":"product-type-variable"},"acf":[],"_links":{"self":[{"href":"https:\/\/ulpmat.com\/fr\/wp-json\/wp\/v2\/product\/10626","targetHints":{"allow":["GET"]}}],"collection":[{"href":"https:\/\/ulpmat.com\/fr\/wp-json\/wp\/v2\/product"}],"about":[{"href":"https:\/\/ulpmat.com\/fr\/wp-json\/wp\/v2\/types\/product"}],"wp:featuredmedia":[{"embeddable":true,"href":"https:\/\/ulpmat.com\/fr\/wp-json\/wp\/v2\/media\/6008"}],"wp:attachment":[{"href":"https:\/\/ulpmat.com\/fr\/wp-json\/wp\/v2\/media?parent=10626"}],"wp:term":[{"taxonomy":"product_brand","embeddable":true,"href":"https:\/\/ulpmat.com\/fr\/wp-json\/wp\/v2\/product_brand?post=10626"},{"taxonomy":"product_cat","embeddable":true,"href":"https:\/\/ulpmat.com\/fr\/wp-json\/wp\/v2\/product_cat?post=10626"},{"taxonomy":"product_tag","embeddable":true,"href":"https:\/\/ulpmat.com\/fr\/wp-json\/wp\/v2\/product_tag?post=10626"}],"curies":[{"name":"wp","href":"https:\/\/api.w.org\/{rel}","templated":true}]}}