{"id":10551,"date":"2025-07-18T17:15:28","date_gmt":"2025-07-18T09:15:28","guid":{"rendered":"https:\/\/ulpmat.com\/product\/chlorure-dholmium\/"},"modified":"2025-07-18T17:15:28","modified_gmt":"2025-07-18T09:15:28","slug":"chlorure-dholmium","status":"publish","type":"product","link":"https:\/\/ulpmat.com\/fr\/produit\/chlorure-dholmium\/","title":{"rendered":"Chlorure d&rsquo;holmium"},"content":{"rendered":"<h2><span style=\"font-size: 14pt;\"><strong>Poudre de chlorure d&rsquo;holmium<\/strong> Aper\u00e7u<\/span><\/h2>\n<p><span style=\"color: #0000ff;\"><a style=\"color: #0000ff;\" href=\"https:\/\/ulpmat.com\/product\/cerium-chloride-cecl3-powder\/\"><strong>La poudre de chlorure d&rsquo;holmium <\/strong><\/a><\/span><strong data-start=\"97\" data-end=\"149\">pour le dopage des cristaux laser<\/strong> est un important compos\u00e9 de terres rares, largement utilis\u00e9 dans la pr\u00e9paration des mat\u00e9riaux magn\u00e9to-optiques et des composants \u00e9lectroniques de haute performance. Nous fournissons de la <strong data-start=\"315\" data-end=\"367\">poudre de chlorure d&rsquo;holmium<\/strong> de haute puret\u00e9 <strong data-start=\"315\" data-end=\"367\">pour les mat\u00e9riaux fonctionnels<\/strong> avec une puret\u00e9 allant jusqu&rsquo;\u00e0 99,95 %. Le produit est une poudre jaune clair \u00e0 rose clair, avec une bonne solubilit\u00e9 et une bonne activit\u00e9 chimique, qui convient \u00e0 la synth\u00e8se ult\u00e9rieure ou \u00e0 la pr\u00e9paration de mat\u00e9riaux composites dans la recherche scientifique et les applications industrielles.<\/p>\n<p data-start=\"614\" data-end=\"952\">Nous fournissons de la <strong data-start=\"625\" data-end=\"676\">poudre de chlorure d&rsquo;holmium pour la recherche scientifique<\/strong> avec diff\u00e9rentes gammes de tailles de particules selon les besoins du client afin de garantir une grande uniformit\u00e9 et une r\u00e9p\u00e9tabilit\u00e9 pendant l&rsquo;utilisation. En m\u00eame temps, un emballage professionnel et une protection contre l&rsquo;humidit\u00e9 sont fournis pour assurer un transport stable et un stockage \u00e0 long terme du produit.<\/p>\n<h2><span style=\"font-size: 14pt;\">Points forts de la <strong>poudre de chlorure d&rsquo;holmium<\/strong> <\/span><\/h2>\n<p>Puret\u00e9 de 99,95 %, peu d&rsquo;impuret\u00e9s, convient aux applications haut de gamme<br \/>\nFacilement soluble dans l&rsquo;eau et les alcools, facile \u00e0 traiter et \u00e0 composer<br \/>\nLa taille des particules peut \u00eatre personnalis\u00e9e en fonction des besoins du client<br \/>\nUtilis\u00e9 pour le dopage des cristaux de laser, les alliages de terres rares, les mat\u00e9riaux \u00e9lectro-optiques, magn\u00e9to-optiques et la synth\u00e8se de la recherche scientifique<br \/>\nEmballage personnalisable<\/p>\n<h2><span style=\"font-size: 14pt;\">Applications de la <strong>poudre de chlorure d&rsquo;holmium<\/strong> <\/span><\/h2>\n<p>Mat\u00e9riaux laser : utilis\u00e9s pour doper des cristaux tels que le YAG afin qu&rsquo;ils \u00e9mettent des lasers de longueurs d&rsquo;onde sp\u00e9cifiques.<br \/>\nMat\u00e9riaux magn\u00e9to-optiques et \u00e9lectroniques : impliqu\u00e9s dans la pr\u00e9paration de composants magn\u00e9tiques ou optiques sp\u00e9cifiques.<br \/>\nSynth\u00e8se de compos\u00e9s de terres rares : comme pr\u00e9curseur pour la pr\u00e9paration d&rsquo;autres s\u00e9ries de terbium ou de sels mixtes de terres rares.<\/p>\n<h2><span style=\"font-size: 14pt;\">Rapport<\/span><\/h2>\n<p>Nous fournissons un certificat d&rsquo;analyse (COA) complet, une fiche de donn\u00e9es de s\u00e9curit\u00e9 (MSDS) et les rapports n\u00e9cessaires \u00e0 l&rsquo;importation et \u00e0 l&rsquo;exportation pour chaque lot de produits. Nous pouvons \u00e9galement fournir un support d&rsquo;essai tiers selon les exigences du client afin de garantir la qualit\u00e9 du produit.<\/p>\n","protected":false},"excerpt":{"rendered":"<p>Poudre de chlorure d&rsquo;holmium Aper\u00e7u La poudre de chlorure d&rsquo;holmium pour le dopage des cristaux laser est un important compos\u00e9 de terres rares, largement utilis\u00e9 dans la pr\u00e9paration des mat\u00e9riaux magn\u00e9to-optiques et des composants \u00e9lectroniques de haute performance. Nous fournissons de la poudre de chlorure d&rsquo;holmium de haute puret\u00e9 pour les mat\u00e9riaux fonctionnels avec une [&hellip;]<\/p>\n","protected":false},"featured_media":6788,"template":"","meta":{"_acf_changed":false},"product_brand":[132],"product_cat":[314,313],"product_tag":[506],"class_list":{"0":"post-10551","1":"product","2":"type-product","3":"status-publish","4":"has-post-thumbnail","6":"product_brand-ulpmat","7":"product_cat-materiaux-a-base-de-terres-rares","8":"product_cat-materiaux-halogenes","9":"product_tag-chlorure-dholmium","11":"first","12":"instock","13":"shipping-taxable","14":"product-type-variable"},"acf":[],"_links":{"self":[{"href":"https:\/\/ulpmat.com\/fr\/wp-json\/wp\/v2\/product\/10551","targetHints":{"allow":["GET"]}}],"collection":[{"href":"https:\/\/ulpmat.com\/fr\/wp-json\/wp\/v2\/product"}],"about":[{"href":"https:\/\/ulpmat.com\/fr\/wp-json\/wp\/v2\/types\/product"}],"wp:featuredmedia":[{"embeddable":true,"href":"https:\/\/ulpmat.com\/fr\/wp-json\/wp\/v2\/media\/6788"}],"wp:attachment":[{"href":"https:\/\/ulpmat.com\/fr\/wp-json\/wp\/v2\/media?parent=10551"}],"wp:term":[{"taxonomy":"product_brand","embeddable":true,"href":"https:\/\/ulpmat.com\/fr\/wp-json\/wp\/v2\/product_brand?post=10551"},{"taxonomy":"product_cat","embeddable":true,"href":"https:\/\/ulpmat.com\/fr\/wp-json\/wp\/v2\/product_cat?post=10551"},{"taxonomy":"product_tag","embeddable":true,"href":"https:\/\/ulpmat.com\/fr\/wp-json\/wp\/v2\/product_tag?post=10551"}],"curies":[{"name":"wp","href":"https:\/\/api.w.org\/{rel}","templated":true}]}}