{"id":10544,"date":"2025-07-18T17:15:28","date_gmt":"2025-07-18T09:15:28","guid":{"rendered":"https:\/\/ulpmat.com\/product\/alliage-de-cuivre-holmium\/"},"modified":"2025-07-18T17:15:28","modified_gmt":"2025-07-18T09:15:28","slug":"alliage-de-cuivre-holmium","status":"publish","type":"product","link":"https:\/\/ulpmat.com\/fr\/produit\/alliage-de-cuivre-holmium\/","title":{"rendered":"Alliage de cuivre holmium"},"content":{"rendered":"<h2><span style=\"font-size: 14pt;\"><strong>Granul\u00e9s d&rsquo;alliage cuivreux holmium<\/strong> Vue d&rsquo;ensemble<\/span><\/h2>\n<p><span style=\"color: #0000ff;\"><a style=\"color: #0000ff;\" href=\"https:\/\/ulpmat.com\/fr\/recherche\/?type=name&#038;keyword=Holmium+Copper+\"><strong>Les granul\u00e9s d&rsquo;alliage cuivreux au holmium<\/strong><\/a><\/span><strong data-start=\"101\" data-end=\"165\"> pour les applications semi-conductrices<\/strong> sont con\u00e7us pour la pr\u00e9paration de mat\u00e9riaux avanc\u00e9s et la recherche et le d\u00e9veloppement d&rsquo;alliages fonctionnels, avec une excellente puret\u00e9 et des propri\u00e9t\u00e9s physiques stables. Leur grande puret\u00e9 garantit que le mat\u00e9riau est exempt d&rsquo;impuret\u00e9s, que les particules sont uniformes et que la densit\u00e9 est mod\u00e9r\u00e9e. <strong data-start=\"448\" data-end=\"504\">Les granul\u00e9s d&rsquo;alliage cuivreux holmium pour appareils \u00e9lectroniques<\/strong> sont donc id\u00e9aux pour les semi-conducteurs, les composants \u00e9lectroniques de haute performance et les rev\u00eatements optiques.<\/p>\n<p data-start=\"603\" data-end=\"948\">Nous fournissons des <strong data-start=\"614\" data-end=\"668\">granul\u00e9s d&rsquo;alliage de cuivre holmium pour les rev\u00eatements optiques<\/strong> dans une vari\u00e9t\u00e9 de tailles de particules, qui peuvent \u00eatre personnalis\u00e9es en fonction des besoins du client. Pour favoriser une application efficace et une stabilit\u00e9 \u00e0 long terme, nous offrons \u00e9galement une assistance technique compl\u00e8te et un service apr\u00e8s-vente qui permettent aux clients d&rsquo;optimiser pleinement leurs processus.<\/p>\n<h2><span style=\"font-size: 14pt;\">Points forts des <strong>granul\u00e9s d&rsquo;alliage cuivreux holmium<\/strong> <\/span><\/h2>\n<p>Puret\u00e9 \u00e9lev\u00e9e, 99,9 %, garantissant une performance stable de l&rsquo;alliage<br \/>\nMorphologie uniforme des particules, distribution pr\u00e9cise de la taille des particules<br \/>\nExcellente stabilit\u00e9 chimique, forte r\u00e9sistance \u00e0 la corrosion<br \/>\nLa taille des particules et les sp\u00e9cifications d&#8217;emballage peuvent \u00eatre personnalis\u00e9es sur demande<\/p>\n<h2><span style=\"font-size: 14pt;\">Applications des <strong>granul\u00e9s d&rsquo;alliage Holmium-Cuivre<\/strong> <\/span><\/h2>\n<p>Industrie des semi-conducteurs : pr\u00e9paration de cibles d&rsquo;alliages fonctionnels pour am\u00e9liorer les propri\u00e9t\u00e9s \u00e9lectriques et magn\u00e9tiques des couches minces<br \/>\nAppareils \u00e9lectroniques : en tant que composant d&rsquo;alliage, ils am\u00e9liorent la conductivit\u00e9 et la stabilit\u00e9 thermique des appareils<br \/>\nRecherche en science des mat\u00e9riaux : soutien \u00e0 la recherche, au d\u00e9veloppement et \u00e0 la pr\u00e9paration de nouveaux alliages \u00e0 haute performance<br \/>\nMat\u00e9riaux optiques : utilis\u00e9s pour la fabrication de rev\u00eatements optiques et de mat\u00e9riaux d&rsquo;application magn\u00e9to-optique<\/p>\n<h2><span style=\"font-size: 14pt;\">Rapports<\/span><\/h2>\n<p data-start=\"35\" data-end=\"267\">Nous fournissons un certificat d&rsquo;analyse (COA), une fiche de donn\u00e9es de s\u00e9curit\u00e9 (MSDS) et d&rsquo;autres rapports d&rsquo;essai pertinents pour chaque lot de particules, nous soutenons les essais de tiers faisant autorit\u00e9 et nous garantissons une qualit\u00e9 de produit stable et fiable.<\/p>\n","protected":false},"excerpt":{"rendered":"<p>Granul\u00e9s d&rsquo;alliage cuivreux holmium Vue d&rsquo;ensemble Les granul\u00e9s d&rsquo;alliage cuivreux au holmium pour les applications semi-conductrices sont con\u00e7us pour la pr\u00e9paration de mat\u00e9riaux avanc\u00e9s et la recherche et le d\u00e9veloppement d&rsquo;alliages fonctionnels, avec une excellente puret\u00e9 et des propri\u00e9t\u00e9s physiques stables. Leur grande puret\u00e9 garantit que le mat\u00e9riau est exempt d&rsquo;impuret\u00e9s, que les particules sont [&hellip;]<\/p>\n","protected":false},"featured_media":6026,"template":"","meta":{"_acf_changed":false},"product_brand":[132],"product_cat":[296],"product_tag":[500],"class_list":{"0":"post-10544","1":"product","2":"type-product","3":"status-publish","4":"has-post-thumbnail","6":"product_brand-ulpmat","7":"product_cat-materiaux-devaporation","8":"product_tag-cuivre-holmium","10":"first","11":"instock","12":"shipping-taxable","13":"product-type-variable"},"acf":[],"_links":{"self":[{"href":"https:\/\/ulpmat.com\/fr\/wp-json\/wp\/v2\/product\/10544","targetHints":{"allow":["GET"]}}],"collection":[{"href":"https:\/\/ulpmat.com\/fr\/wp-json\/wp\/v2\/product"}],"about":[{"href":"https:\/\/ulpmat.com\/fr\/wp-json\/wp\/v2\/types\/product"}],"wp:featuredmedia":[{"embeddable":true,"href":"https:\/\/ulpmat.com\/fr\/wp-json\/wp\/v2\/media\/6026"}],"wp:attachment":[{"href":"https:\/\/ulpmat.com\/fr\/wp-json\/wp\/v2\/media?parent=10544"}],"wp:term":[{"taxonomy":"product_brand","embeddable":true,"href":"https:\/\/ulpmat.com\/fr\/wp-json\/wp\/v2\/product_brand?post=10544"},{"taxonomy":"product_cat","embeddable":true,"href":"https:\/\/ulpmat.com\/fr\/wp-json\/wp\/v2\/product_cat?post=10544"},{"taxonomy":"product_tag","embeddable":true,"href":"https:\/\/ulpmat.com\/fr\/wp-json\/wp\/v2\/product_tag?post=10544"}],"curies":[{"name":"wp","href":"https:\/\/api.w.org\/{rel}","templated":true}]}}