{"id":10507,"date":"2025-07-18T17:15:28","date_gmt":"2025-07-18T09:15:28","guid":{"rendered":"https:\/\/ulpmat.com\/product\/erbium-metal-3\/"},"modified":"2025-07-18T17:15:28","modified_gmt":"2025-07-18T09:15:28","slug":"erbium-metal-3","status":"publish","type":"product","link":"https:\/\/ulpmat.com\/fr\/produit\/erbium-metal-3\/","title":{"rendered":"Erbium m\u00e9tal"},"content":{"rendered":"<h2><span style=\"font-size: 14pt;\"><strong>Granules d&rsquo;erbium m\u00e9tal Aper\u00e7u<\/strong><\/span><\/h2>\n<p><strong><span style=\"color: #0000ff;\"><a style=\"color: #0000ff;\" href=\"https:\/\/ulpmat.com\/fr\/recherche\/?type=name&#038;keyword=Erbium+metal\">Les granul\u00e9s d&rsquo;erbium m\u00e9tal<\/a><\/span><\/strong><strong data-start=\"91\" data-end=\"138\"> pour les alliages de terres rares<\/strong> sont des particules m\u00e9talliques de haute puret\u00e9 con\u00e7ues pour la pr\u00e9paration de mat\u00e9riaux fonctionnels de haute pr\u00e9cision. Leur puret\u00e9 et l&rsquo;uniformit\u00e9 des particules sont excellentes, ce qui garantit des performances stables et des r\u00e9sultats fiables dans divers processus avanc\u00e9s. Ces <strong data-start=\"378\" data-end=\"428\">granul\u00e9s de m\u00e9tal Erbium pour le d\u00e9p\u00f4t de couches minces<\/strong> sont largement utilis\u00e9s dans la pr\u00e9paration d&rsquo;alliages de terres rares, le d\u00e9veloppement de mat\u00e9riaux fonctionnels et la fabrication d&rsquo;appareils \u00e9lectroniques de haute performance.<\/p>\n<p data-start=\"584\" data-end=\"1031\">Nous fournissons des <strong data-start=\"595\" data-end=\"644\">granul\u00e9s d&rsquo;erbium m\u00e9tal pour la recherche scientifique<\/strong> avec diff\u00e9rentes tailles de particules et sp\u00e9cifications d&#8217;emballage pour r\u00e9pondre aux besoins des diff\u00e9rentes applications scientifiques et industrielles. Parall\u00e8lement, nous proposons des services personnalis\u00e9s afin de garantir que les produits r\u00e9pondent parfaitement \u00e0 vos exigences techniques. Une assistance technique compl\u00e8te et un service apr\u00e8s-vente sont \u00e9galement disponibles pour vous aider \u00e0 optimiser l&rsquo;utilisation et le processus.<\/p>\n<h2><span style=\"font-size: 14pt;\">Points forts des <strong>granul\u00e9s d&rsquo;erbium m\u00e9tal<\/strong><\/span><\/h2>\n<p>Puret\u00e9 : 99,9<br \/>\nParticules uniformes, taille des particules contr\u00f4lable<br \/>\nActivit\u00e9 \u00e9lev\u00e9e, facile \u00e0 traiter par la suite<br \/>\nConvient \u00e0 la fabrication d&rsquo;alliages fonctionnels de terres rares, de mat\u00e9riaux magn\u00e9tiques et d&rsquo;appareils \u00e9lectroniques<br \/>\nEmballage personnalisable<\/p>\n<h2><span style=\"font-size: 14pt;\">Applications des <strong>granul\u00e9s d&rsquo;erbium m\u00e9tal<\/strong><\/span><\/h2>\n<p>Pr\u00e9paration d&rsquo;alliages de terres rares : utilis\u00e9s pour fabriquer des alliages magn\u00e9tiques et des mat\u00e9riaux fonctionnels de haute performance.<br \/>\nIndustrie \u00e9lectronique : mati\u00e8re premi\u00e8re importante pour les appareils \u00e9lectroniques et les mat\u00e9riaux laser.<br \/>\nRecherche scientifique et d\u00e9veloppement : largement utilis\u00e9 dans la recherche en science des mat\u00e9riaux et le d\u00e9veloppement de nouveaux mat\u00e9riaux.<br \/>\nPr\u00e9paration de catalyseurs : joue un r\u00f4le important dans la pr\u00e9paration de catalyseurs efficaces.<\/p>\n<h2><span style=\"font-size: 14pt;\">Rapport<\/span><\/h2>\n<p>Chaque lot de produits est accompagn\u00e9 d&rsquo;un certificat d&rsquo;analyse (COA) et d&rsquo;une fiche de donn\u00e9es de s\u00e9curit\u00e9 (MSDS) d\u00e9taill\u00e9s, et est soumis \u00e0 des tests de qualit\u00e9 effectu\u00e9s par des tiers afin de garantir un achat en toute s\u00e9r\u00e9nit\u00e9.<\/p>\n","protected":false},"excerpt":{"rendered":"<p>Granules d&rsquo;erbium m\u00e9tal Aper\u00e7u Les granul\u00e9s d&rsquo;erbium m\u00e9tal pour les alliages de terres rares sont des particules m\u00e9talliques de haute puret\u00e9 con\u00e7ues pour la pr\u00e9paration de mat\u00e9riaux fonctionnels de haute pr\u00e9cision. Leur puret\u00e9 et l&rsquo;uniformit\u00e9 des particules sont excellentes, ce qui garantit des performances stables et des r\u00e9sultats fiables dans divers processus avanc\u00e9s. Ces granul\u00e9s [&hellip;]<\/p>\n","protected":false},"featured_media":6776,"template":"","meta":{"_acf_changed":false},"product_brand":[132],"product_cat":[296],"product_tag":[488,396],"class_list":{"0":"post-10507","1":"product","2":"type-product","3":"status-publish","4":"has-post-thumbnail","6":"product_brand-ulpmat","7":"product_cat-materiaux-devaporation","8":"product_tag-erbium-fr","9":"product_tag-materiaux-devaporation","11":"first","12":"instock","13":"shipping-taxable","14":"product-type-variable"},"acf":[],"_links":{"self":[{"href":"https:\/\/ulpmat.com\/fr\/wp-json\/wp\/v2\/product\/10507","targetHints":{"allow":["GET"]}}],"collection":[{"href":"https:\/\/ulpmat.com\/fr\/wp-json\/wp\/v2\/product"}],"about":[{"href":"https:\/\/ulpmat.com\/fr\/wp-json\/wp\/v2\/types\/product"}],"wp:featuredmedia":[{"embeddable":true,"href":"https:\/\/ulpmat.com\/fr\/wp-json\/wp\/v2\/media\/6776"}],"wp:attachment":[{"href":"https:\/\/ulpmat.com\/fr\/wp-json\/wp\/v2\/media?parent=10507"}],"wp:term":[{"taxonomy":"product_brand","embeddable":true,"href":"https:\/\/ulpmat.com\/fr\/wp-json\/wp\/v2\/product_brand?post=10507"},{"taxonomy":"product_cat","embeddable":true,"href":"https:\/\/ulpmat.com\/fr\/wp-json\/wp\/v2\/product_cat?post=10507"},{"taxonomy":"product_tag","embeddable":true,"href":"https:\/\/ulpmat.com\/fr\/wp-json\/wp\/v2\/product_tag?post=10507"}],"curies":[{"name":"wp","href":"https:\/\/api.w.org\/{rel}","templated":true}]}}