{"id":10436,"date":"2025-07-18T17:15:29","date_gmt":"2025-07-18T09:15:29","guid":{"rendered":"https:\/\/ulpmat.com\/product\/oxyde-derbium-3\/"},"modified":"2025-07-18T17:15:29","modified_gmt":"2025-07-18T09:15:29","slug":"oxyde-derbium-3","status":"publish","type":"product","link":"https:\/\/ulpmat.com\/fr\/produit\/oxyde-derbium-3\/","title":{"rendered":"Oxyde d&rsquo;Erbium"},"content":{"rendered":"<h2><span style=\"font-size: 14pt;\"><strong>Oxyde d&rsquo;erbium en granul\u00e9s Aper\u00e7u<\/strong><\/span><\/h2>\n<p><span style=\"color: #0000ff;\"><a style=\"color: #0000ff;\" href=\"https:\/\/ulpmat.com\/fr\/recherche\/?type=name&#038;keyword=Erbium+oxide\"><strong>Les granul\u00e9s d&rsquo;oxyde d&rsquo;erbium<\/strong> <\/a><\/span> les granul\u00e9s <strong data-start=\"122\" data-end=\"178\"> d&rsquo;<\/strong> oxyde d&rsquo;erbium <strong data-start=\"122\" data-end=\"178\"> pour mat\u00e9riaux de haute performance<\/strong> sont sp\u00e9cialement con\u00e7us pour la recherche, le d\u00e9veloppement et la pr\u00e9paration de mat\u00e9riaux fonctionnels avanc\u00e9s, avec une grande puret\u00e9 et des propri\u00e9t\u00e9s physiques et chimiques stables. Les particules sont uniformes et leur taille est contr\u00f4lable, ce qui garantit une excellente uniformit\u00e9 et d&rsquo;excellentes performances dans le traitement des mat\u00e9riaux et les processus de d\u00e9p\u00f4t de couches minces.<\/p>\n<p data-start=\"519\" data-end=\"988\">Nous fournissons des <strong data-start=\"530\" data-end=\"591\">granul\u00e9s d&rsquo;oxyde d&rsquo;erbium personnalis\u00e9s pour le d\u00e9p\u00f4t de couches minces<\/strong> avec de multiples sp\u00e9cifications et tailles de particules afin de r\u00e9pondre aux exigences de divers processus, du frittage de c\u00e9ramique \u00e0 la pulv\u00e9risation cathodique magn\u00e9tron. Ces granul\u00e9s peuvent \u00eatre adapt\u00e9s aux besoins du client et b\u00e9n\u00e9ficient d&rsquo;une assistance technique et d&rsquo;un service apr\u00e8s-vente complets pour garantir la r\u00e9ussite de votre projet avec des <strong data-start=\"913\" data-end=\"987\">granul\u00e9s d&rsquo;oxyde d&rsquo;erbium de haute qualit\u00e9 pour la pr\u00e9paration de mat\u00e9riaux fonctionnels<\/strong>.<\/p>\n<h2><span style=\"font-size: 14pt;\">Points forts des<strong>granul\u00e9s d&rsquo;oxyde d&rsquo;erbium<\/strong><\/span><\/h2>\n<p>Puret\u00e9 jusqu&rsquo;\u00e0 99,99 %<br \/>\nLes granul\u00e9s et l&#8217;emballage peuvent \u00eatre personnalis\u00e9s<br \/>\nExcellente stabilit\u00e9 thermique et chimique<br \/>\nConvient aux c\u00e9ramiques optiques, aux mat\u00e9riaux laser, \u00e0 la pulv\u00e9risation magn\u00e9tron et \u00e0 la pr\u00e9paration de films fonctionnels<\/p>\n<h2><span style=\"font-size: 14pt;\">Application des<strong>granul\u00e9s d&rsquo;oxyde d&rsquo;erbium<\/strong><\/span><\/h2>\n<p>C\u00e9ramiques optiques : utilis\u00e9es pour pr\u00e9parer des c\u00e9ramiques laser de haute performance et des mat\u00e9riaux pour fen\u00eatres optiques.<br \/>\nDispositifs laser : mati\u00e8res premi\u00e8res essentielles, largement utilis\u00e9es dans les mat\u00e9riaux laser Er:YAG.<br \/>\nCibles de pulv\u00e9risation magn\u00e9tron : les particules de haute qualit\u00e9 garantissent des cibles denses et uniformes et d&rsquo;excellentes propri\u00e9t\u00e9s de formation de film.<br \/>\nRev\u00eatements fonctionnels : Pr\u00e9paration de films \u00e0 indice de r\u00e9fraction \u00e9lev\u00e9 et \u00e0 transmission infrarouge, largement utilis\u00e9s en opto\u00e9lectronique.<\/p>\n<h2><span style=\"font-size: 14pt;\">Rapports<\/span><\/h2>\n<p>Chaque lot de granul\u00e9s d&rsquo;oxyde d&rsquo;erbium est accompagn\u00e9 d&rsquo;un certificat d&rsquo;analyse (COA) d\u00e9taill\u00e9, d&rsquo;une fiche de donn\u00e9es de s\u00e9curit\u00e9 (MSDS) et des rapports d&rsquo;essai correspondants. Les tests de qualit\u00e9 effectu\u00e9s par des tiers garantissent la stabilit\u00e9 des performances et de la qualit\u00e9 du produit.<\/p>\n","protected":false},"excerpt":{"rendered":"<p>Oxyde d&rsquo;erbium en granul\u00e9s Aper\u00e7u Les granul\u00e9s d&rsquo;oxyde d&rsquo;erbium les granul\u00e9s d&rsquo; oxyde d&rsquo;erbium pour mat\u00e9riaux de haute performance sont sp\u00e9cialement con\u00e7us pour la recherche, le d\u00e9veloppement et la pr\u00e9paration de mat\u00e9riaux fonctionnels avanc\u00e9s, avec une grande puret\u00e9 et des propri\u00e9t\u00e9s physiques et chimiques stables. Les particules sont uniformes et leur taille est contr\u00f4lable, ce [&hellip;]<\/p>\n","protected":false},"featured_media":6770,"template":"","meta":{"_acf_changed":false},"product_brand":[132],"product_cat":[296],"product_tag":[488,396],"class_list":{"0":"post-10436","1":"product","2":"type-product","3":"status-publish","4":"has-post-thumbnail","6":"product_brand-ulpmat","7":"product_cat-materiaux-devaporation","8":"product_tag-erbium-fr","9":"product_tag-materiaux-devaporation","11":"first","12":"instock","13":"shipping-taxable","14":"product-type-variable"},"acf":[],"_links":{"self":[{"href":"https:\/\/ulpmat.com\/fr\/wp-json\/wp\/v2\/product\/10436","targetHints":{"allow":["GET"]}}],"collection":[{"href":"https:\/\/ulpmat.com\/fr\/wp-json\/wp\/v2\/product"}],"about":[{"href":"https:\/\/ulpmat.com\/fr\/wp-json\/wp\/v2\/types\/product"}],"wp:featuredmedia":[{"embeddable":true,"href":"https:\/\/ulpmat.com\/fr\/wp-json\/wp\/v2\/media\/6770"}],"wp:attachment":[{"href":"https:\/\/ulpmat.com\/fr\/wp-json\/wp\/v2\/media?parent=10436"}],"wp:term":[{"taxonomy":"product_brand","embeddable":true,"href":"https:\/\/ulpmat.com\/fr\/wp-json\/wp\/v2\/product_brand?post=10436"},{"taxonomy":"product_cat","embeddable":true,"href":"https:\/\/ulpmat.com\/fr\/wp-json\/wp\/v2\/product_cat?post=10436"},{"taxonomy":"product_tag","embeddable":true,"href":"https:\/\/ulpmat.com\/fr\/wp-json\/wp\/v2\/product_tag?post=10436"}],"curies":[{"name":"wp","href":"https:\/\/api.w.org\/{rel}","templated":true}]}}