{"id":10336,"date":"2025-07-18T17:15:34","date_gmt":"2025-07-18T09:15:34","guid":{"rendered":"https:\/\/ulpmat.com\/product\/thulium-metal-2\/"},"modified":"2025-07-18T17:15:34","modified_gmt":"2025-07-18T09:15:34","slug":"thulium-metal-2","status":"publish","type":"product","link":"https:\/\/ulpmat.com\/fr\/produit\/thulium-metal-2\/","title":{"rendered":"Thulium m\u00e9tal"},"content":{"rendered":"<h2><span style=\"font-size: 14pt;\">Aper\u00e7u des<strong>granul\u00e9s de thulium m\u00e9tal<\/strong> <\/span><\/h2>\n<p><span style=\"color: #0000ff;\"><a style=\"color: #0000ff;\" href=\"https:\/\/ulpmat.com\/fr\/recherche\/?type=name&#038;keyword=Thulium+metal\"><strong>Les granul\u00e9s de thulium m\u00e9tal<\/strong> <\/a><\/span>sont des<span style=\"font-size: 16px;\"> mat\u00e9riaux de haute performance con\u00e7us pour la m\u00e9tallurgie du vide, les mat\u00e9riaux magn\u00e9to-optiques, les cristaux laser et les alliages de terres rares. D&rsquo;une puret\u00e9 pouvant atteindre 99,9 %, ces <\/span><strong style=\"font-size: 16px;\" data-start=\"188\" data-end=\"220\">granul\u00e9s de thulium de haute puret\u00e9<\/strong><span style=\"font-size: 16px;\"> se caract\u00e9risent par des particules uniformes, une faible teneur en oxyg\u00e8ne et d&rsquo;excellentes propri\u00e9t\u00e9s des m\u00e9taux des terres rares, notamment le paramagn\u00e9tisme, un num\u00e9ro atomique \u00e9lev\u00e9 et une bonne capacit\u00e9 de r\u00e9flexion dans l&rsquo;infrarouge. Ce produit convient au rev\u00eatement par \u00e9vaporation, \u00e0 l&rsquo;ajout d&rsquo;alliages, au frittage de cibles, \u00e0 la recherche et au d\u00e9veloppement de mat\u00e9riaux fonctionnels \u00e0 base de terres rares et \u00e0 d&rsquo;autres applications.<\/span><\/p>\n<div class=\"text-base my-auto mx-auto pb-10 [--thread-content-margin:--spacing(4)] @[37rem]:[--thread-content-margin:--spacing(6)] @[72rem]:[--thread-content-margin:--spacing(16)] px-(--thread-content-margin)\">\n<div class=\"[--thread-content-max-width:32rem] @[34rem]:[--thread-content-max-width:40rem] @[64rem]:[--thread-content-max-width:48rem] mx-auto max-w-(--thread-content-max-width) flex-1 group\/turn-messages focus-visible:outline-hidden relative flex w-full min-w-0 flex-col agent-turn\" tabindex=\"-1\">\n<div class=\"flex max-w-full flex-col grow\">\n<div class=\"min-h-8 text-message relative flex w-full flex-col items-end gap-2 text-start break-words whitespace-normal [.text-message+&amp;]:mt-5\" dir=\"auto\" data-message-author-role=\"assistant\" data-message-id=\"34d991dd-870b-49e8-b0cc-60c67936a7b7\" data-message-model-slug=\"gpt-5-mini\">\n<div class=\"flex w-full flex-col gap-1 empty:hidden first:pt-[3px]\">\n<div class=\"markdown prose dark:prose-invert w-full break-words light markdown-new-styling\">\n<article class=\"text-token-text-primary w-full focus:outline-none scroll-mt-[calc(var(--header-height)+min(200px,max(70px,20svh)))]\" dir=\"auto\" tabindex=\"-1\" data-turn-id=\"request-WEB:0cf552fb-ab25-4efd-ab4b-18b4999a1059-9\" data-testid=\"conversation-turn-12\" data-scroll-anchor=\"false\" data-turn=\"assistant\">\n<div class=\"text-base my-auto mx-auto [--thread-content-margin:--spacing(4)] @[37rem]:[--thread-content-margin:--spacing(6)] @[72rem]:[--thread-content-margin:--spacing(16)] px-(--thread-content-margin)\">\n<div class=\"[--thread-content-max-width:32rem] @[34rem]:[--thread-content-max-width:40rem] @[64rem]:[--thread-content-max-width:48rem] mx-auto max-w-(--thread-content-max-width) flex-1 group\/turn-messages focus-visible:outline-hidden relative flex w-full min-w-0 flex-col agent-turn\" tabindex=\"-1\">\n<div class=\"flex max-w-full flex-col grow\">\n<div class=\"min-h-8 text-message relative flex w-full flex-col items-end gap-2 text-start break-words whitespace-normal [.text-message+&amp;]:mt-5\" dir=\"auto\" data-message-author-role=\"assistant\" data-message-id=\"34d991dd-870b-49e8-b0cc-60c67936a7b7\" data-message-model-slug=\"gpt-5-mini\">\n<div class=\"flex w-full flex-col gap-1 empty:hidden first:pt-[3px]\">\n<div class=\"markdown prose dark:prose-invert w-full break-words light markdown-new-styling\">\n<p data-start=\"563\" data-end=\"978\" data-is-last-node=\"\" data-is-only-node=\"\">Nous fournissons une vari\u00e9t\u00e9 de gammes de tailles de particules pour les <strong data-start=\"612\" data-end=\"632\">granul\u00e9s de thulium<\/strong>, y compris les particules conventionnelles, les petites particules et les sp\u00e9cifications sp\u00e9ciales qui peuvent \u00eatre personnalis\u00e9es sur demande. L&#8217;emballage du produit est scell\u00e9 pour \u00e9viter l&rsquo;oxydation et est exp\u00e9di\u00e9 avec des informations techniques compl\u00e8tes. Si vous avez des questions pendant l&rsquo;utilisation, nous vous fournirons une assistance technique compl\u00e8te pour les applications de <strong data-start=\"932\" data-end=\"964\">granul\u00e9s de thulium de haute puret\u00e9<\/strong>.<\/p>\n<\/div>\n<\/div>\n<\/div>\n<\/div>\n<\/div>\n<\/div>\n<\/article>\n<\/div>\n<\/div>\n<\/div>\n<\/div>\n<\/div>\n<\/div>\n<h2><span style=\"font-size: 14pt;\">Points forts du produit <strong>Granules de thulium m\u00e9tal<\/strong> <\/span><\/h2>\n<p>Puret\u00e9 : 99,9%<br \/>\nFaible teneur en oxyg\u00e8ne et faible niveau d&rsquo;impuret\u00e9, adapt\u00e9 aux syst\u00e8mes \u00e0 vide pouss\u00e9 et \u00e0 haute puret\u00e9<br \/>\nDistribution uniforme des particules, adapt\u00e9e au dosage pr\u00e9cis et \u00e0 l&rsquo;alimentation automatique<br \/>\nBonnes propri\u00e9t\u00e9s physiques des m\u00e9taux des terres rares, y compris le paramagn\u00e9tisme et la r\u00e9flectivit\u00e9 infrarouge<br \/>\nPrise en charge de la taille des particules, de la m\u00e9thode d&#8217;emballage et des exigences de traitement de surface personnalis\u00e9es<\/p>\n<h2><span style=\"font-size: 14pt;\">Applications des <strong>granul\u00e9s de thulium m\u00e9tal<\/strong> <\/span><\/h2>\n<p>Rev\u00eatement par \u00e9vaporation sous vide : mat\u00e9riau source de terres rares pour le d\u00e9p\u00f4t de couches minces fonctionnelles pour les lasers et les dispositifs optiques<br \/>\nMat\u00e9riaux magn\u00e9to-optiques \u00e0 base de terres rares : parti<\/p>\n<p>mat\u00e9riaux magn\u00e9to-optiques \u00e0 base de terres rares : participation au dopage ou \u00e0 la pr\u00e9paration de cristaux magn\u00e9to-optiques \u00e0 base de grenat de fer et d&rsquo;yttrium<br \/>\nMat\u00e9riaux c\u00e9ramiques et cristallins fonctionnels : utilis\u00e9s pour pr\u00e9parer des cristaux de laser \u00e0 base de terres rares tels que Tm:YAG, Tm:YLF<br \/>\nPr\u00e9paration d&rsquo;alliages : en tant qu&rsquo;additif de trace pour participer \u00e0 la conception d&rsquo;alliages de m\u00e9taux de terres rares \u00e0 haute performance<br \/>\nRecherche scientifique et d\u00e9veloppement de mat\u00e9riaux : largement utilis\u00e9 dans la recherche sur la structure, le magn\u00e9tisme et l&rsquo;optique des m\u00e9taux des terres rares<\/p>\n<h2><span style=\"font-size: 14pt;\">Rapport<\/span><\/h2>\n<p>Nous fournissons un rapport d&rsquo;analyse complet (COA), une fiche de donn\u00e9es de s\u00e9curit\u00e9 (MSDS) et un rapport de test tiers facultatif pour chaque lot de granul\u00e9s de thulium m\u00e9tal afin de garantir que la puret\u00e9, la composition et la morphologie des particules du produit r\u00e9pondent aux besoins du client.<\/p>\n","protected":false},"excerpt":{"rendered":"<p>Aper\u00e7u desgranul\u00e9s de thulium m\u00e9tal Les granul\u00e9s de thulium m\u00e9tal sont des mat\u00e9riaux de haute performance con\u00e7us pour la m\u00e9tallurgie du vide, les mat\u00e9riaux magn\u00e9to-optiques, les cristaux laser et les alliages de terres rares. D&rsquo;une puret\u00e9 pouvant atteindre 99,9 %, ces granul\u00e9s de thulium de haute puret\u00e9 se caract\u00e9risent par des particules uniformes, une faible [&hellip;]<\/p>\n","protected":false},"featured_media":6038,"template":"","meta":{"_acf_changed":false},"product_brand":[132],"product_cat":[296],"product_tag":[396,482],"class_list":{"0":"post-10336","1":"product","2":"type-product","3":"status-publish","4":"has-post-thumbnail","6":"product_brand-ulpmat","7":"product_cat-materiaux-devaporation","8":"product_tag-materiaux-devaporation","9":"product_tag-thulium-fr","11":"first","12":"instock","13":"shipping-taxable","14":"product-type-variable"},"acf":[],"_links":{"self":[{"href":"https:\/\/ulpmat.com\/fr\/wp-json\/wp\/v2\/product\/10336","targetHints":{"allow":["GET"]}}],"collection":[{"href":"https:\/\/ulpmat.com\/fr\/wp-json\/wp\/v2\/product"}],"about":[{"href":"https:\/\/ulpmat.com\/fr\/wp-json\/wp\/v2\/types\/product"}],"wp:featuredmedia":[{"embeddable":true,"href":"https:\/\/ulpmat.com\/fr\/wp-json\/wp\/v2\/media\/6038"}],"wp:attachment":[{"href":"https:\/\/ulpmat.com\/fr\/wp-json\/wp\/v2\/media?parent=10336"}],"wp:term":[{"taxonomy":"product_brand","embeddable":true,"href":"https:\/\/ulpmat.com\/fr\/wp-json\/wp\/v2\/product_brand?post=10336"},{"taxonomy":"product_cat","embeddable":true,"href":"https:\/\/ulpmat.com\/fr\/wp-json\/wp\/v2\/product_cat?post=10336"},{"taxonomy":"product_tag","embeddable":true,"href":"https:\/\/ulpmat.com\/fr\/wp-json\/wp\/v2\/product_tag?post=10336"}],"curies":[{"name":"wp","href":"https:\/\/api.w.org\/{rel}","templated":true}]}}