{"id":10321,"date":"2025-07-18T17:15:34","date_gmt":"2025-07-18T09:15:34","guid":{"rendered":"https:\/\/ulpmat.com\/product\/thulium-metal\/"},"modified":"2025-07-18T17:15:34","modified_gmt":"2025-07-18T09:15:34","slug":"thulium-metal","status":"publish","type":"product","link":"https:\/\/ulpmat.com\/fr\/produit\/thulium-metal\/","title":{"rendered":"Thulium m\u00e9tal"},"content":{"rendered":"<h2><span style=\"font-size: 14pt;\"><strong>Cible de pulv\u00e9risation m\u00e9tallique de thulium Vue d&rsquo;ensemble<\/strong><\/span><\/h2>\n<p><span style=\"color: #0000ff;\"><a style=\"color: #0000ff;\" href=\"https:\/\/ulpmat.com\/fr\/recherche\/?type=name&#038;keyword=Thulium+metal\"><strong>Les cibles de pulv\u00e9risation m\u00e9tallique de thulium<\/strong><\/a><\/span> sont des mat\u00e9riaux de haute puret\u00e9 \u00e0 base de m\u00e9taux de terres rares, d\u00e9velopp\u00e9s sp\u00e9cifiquement pour les processus avanc\u00e9s de d\u00e9p\u00f4t de couches minces. Elles conviennent \u00e0 divers proc\u00e9d\u00e9s de d\u00e9p\u00f4t en phase vapeur (PVD) tels que la pulv\u00e9risation magn\u00e9tron, le d\u00e9p\u00f4t par faisceau d&rsquo;ions et l&rsquo;\u00e9vaporation par faisceau d&rsquo;\u00e9lectrons. Avec une puret\u00e9 allant jusqu&rsquo;\u00e0 99,9 %, une structure m\u00e9tallique dense et une formation de film uniforme, les <strong data-start=\"360\" data-end=\"408\" data-is-only-node=\"\">cibles de pulv\u00e9risation de thulium m\u00e9tal de haute puret\u00e9<\/strong> sont particuli\u00e8rement adapt\u00e9es aux domaines de haute technologie tels que les mat\u00e9riaux magn\u00e9to-optiques, les fen\u00eatres infrarouges, les dispositifs laser et les films fonctionnels pour la recherche.<\/p>\n<p data-start=\"560\" data-end=\"945\" data-is-last-node=\"\" data-is-only-node=\"\">Nous pouvons fournir des <strong data-start=\"575\" data-end=\"611\">cibles de pulv\u00e9risation de thulium m\u00e9tal de<\/strong> diff\u00e9rentes formes et tailles, y compris des cibles rondes, rectangulaires et de forme sp\u00e9ciale, ainsi que des sp\u00e9cifications personnalis\u00e9es pour s&rsquo;adapter \u00e0 l&rsquo;\u00e9quipement du client. Nous fournissons une gamme compl\u00e8te de services d&rsquo;assistance technique, y compris des services de fixation des cibles, afin d&rsquo;aider les clients \u00e0 passer en douceur de l&rsquo;exp\u00e9rimentation \u00e0 la production de masse.<\/p>\n<h2><span style=\"font-size: 14pt;\">Principaux produits des <strong>cibles de pulv\u00e9risation m\u00e9tallique de thulium<\/strong><\/span><\/h2>\n<p>Puret\u00e9 : 99,9<br \/>\nStructure \u00e0 haute densit\u00e9 : optimise l&rsquo;uniformit\u00e9 du d\u00e9p\u00f4t de couches minces<br \/>\nCaract\u00e9ristiques des m\u00e9taux des terres rares : paramagn\u00e9tisme, bonne r\u00e9flectivit\u00e9 dans l&rsquo;infrarouge, num\u00e9ro atomique \u00e9lev\u00e9<br \/>\nSupport de personnalisation : la taille, la forme, le fond de panier, les trous de montage, etc. peuvent \u00eatre personnalis\u00e9s en fonction des besoins<br \/>\nForte compatibilit\u00e9 : adaptation aux \u00e9quipements d&rsquo;enduction sous vide et aux plates-formes de R&amp;D les plus courants<br \/>\nFixation : possibilit\u00e9 de fixer la cible et de traiter le fond de panier<\/p>\n<h2><span style=\"font-size: 14pt;\">Applications des <strong>cibles de pulv\u00e9risation m\u00e9tallique de thulium<\/strong><\/span><\/h2>\n<p>Mat\u00e9riaux magn\u00e9to-optiques : utilis\u00e9s pour pr\u00e9parer des mat\u00e9riaux en couches minces tels que le stockage magn\u00e9to-optique et les isolateurs optiques afin d&rsquo;am\u00e9liorer la r\u00e9ponse magn\u00e9to-optique<br \/>\nOptique infrarouge : utilis\u00e9e pour les fen\u00eatres et les rev\u00eatements dans l&rsquo;infrarouge moyen et lointain afin d&rsquo;am\u00e9liorer la r\u00e9flexion thermique et les capacit\u00e9s de contr\u00f4le de l&rsquo;absorption<br \/>\nDispositifs laser et fluorescents : utilis\u00e9s comme \u00e9l\u00e9ments dopants ou couches de film activ\u00e9es dans les lasers \u00e0 infrarouge proche<br \/>\nRecherche en science des mat\u00e9riaux : en tant que source de m\u00e9taux des terres rares, utilis\u00e9s pour pr\u00e9parer des alliages multi-\u00e9l\u00e9ments, des structures en super-r\u00e9seaux et des films composites fonctionnels<\/p>\n<h2><span style=\"font-size: 14pt;\">Rapport<\/span><\/h2>\n<p>Nous fournissons des certificats d&rsquo;analyse d\u00e9taill\u00e9s, des fiches de donn\u00e9es de s\u00e9curit\u00e9 et d&rsquo;autres documents pertinents pour chaque lot de <strong>cibles de pulv\u00e9risation de thulium m\u00e9tal<\/strong> afin de garantir que les produits r\u00e9pondent aux exigences de qualit\u00e9 en mati\u00e8re de puret\u00e9 et d&rsquo;homog\u00e9n\u00e9it\u00e9. Dans le m\u00eame temps, nous soutenons les services d&rsquo;essai de tiers afin d&rsquo;am\u00e9liorer la fiabilit\u00e9 et la transparence des projets.<\/p>\n","protected":false},"excerpt":{"rendered":"<p>Cible de pulv\u00e9risation m\u00e9tallique de thulium Vue d&rsquo;ensemble Les cibles de pulv\u00e9risation m\u00e9tallique de thulium sont des mat\u00e9riaux de haute puret\u00e9 \u00e0 base de m\u00e9taux de terres rares, d\u00e9velopp\u00e9s sp\u00e9cifiquement pour les processus avanc\u00e9s de d\u00e9p\u00f4t de couches minces. Elles conviennent \u00e0 divers proc\u00e9d\u00e9s de d\u00e9p\u00f4t en phase vapeur (PVD) tels que la pulv\u00e9risation magn\u00e9tron, [&hellip;]<\/p>\n","protected":false},"featured_media":6080,"template":"","meta":{"_acf_changed":false},"product_brand":[132],"product_cat":[274],"product_tag":[476,482],"class_list":{"0":"post-10321","1":"product","2":"type-product","3":"status-publish","4":"has-post-thumbnail","6":"product_brand-ulpmat","7":"product_cat-cible-de-pulverisation-metallique","8":"product_tag-cible-de-pulverisation-metallique","9":"product_tag-thulium-fr","11":"first","12":"instock","13":"shipping-taxable","14":"product-type-variable"},"acf":[],"_links":{"self":[{"href":"https:\/\/ulpmat.com\/fr\/wp-json\/wp\/v2\/product\/10321","targetHints":{"allow":["GET"]}}],"collection":[{"href":"https:\/\/ulpmat.com\/fr\/wp-json\/wp\/v2\/product"}],"about":[{"href":"https:\/\/ulpmat.com\/fr\/wp-json\/wp\/v2\/types\/product"}],"wp:featuredmedia":[{"embeddable":true,"href":"https:\/\/ulpmat.com\/fr\/wp-json\/wp\/v2\/media\/6080"}],"wp:attachment":[{"href":"https:\/\/ulpmat.com\/fr\/wp-json\/wp\/v2\/media?parent=10321"}],"wp:term":[{"taxonomy":"product_brand","embeddable":true,"href":"https:\/\/ulpmat.com\/fr\/wp-json\/wp\/v2\/product_brand?post=10321"},{"taxonomy":"product_cat","embeddable":true,"href":"https:\/\/ulpmat.com\/fr\/wp-json\/wp\/v2\/product_cat?post=10321"},{"taxonomy":"product_tag","embeddable":true,"href":"https:\/\/ulpmat.com\/fr\/wp-json\/wp\/v2\/product_tag?post=10321"}],"curies":[{"name":"wp","href":"https:\/\/api.w.org\/{rel}","templated":true}]}}