{"id":10297,"date":"2025-07-18T17:15:34","date_gmt":"2025-07-18T09:15:34","guid":{"rendered":"https:\/\/ulpmat.com\/product\/oxyde-de-thulium-2\/"},"modified":"2025-07-18T17:15:34","modified_gmt":"2025-07-18T09:15:34","slug":"oxyde-de-thulium-2","status":"publish","type":"product","link":"https:\/\/ulpmat.com\/fr\/produit\/oxyde-de-thulium-2\/","title":{"rendered":"Oxyde de thulium"},"content":{"rendered":"<h2><span style=\"font-size: 14pt;\"><strong>Poudre d&rsquo;oxyde de thulium Aper\u00e7u<\/strong><\/span><\/h2>\n<p><span style=\"color: #0000ff;\"><a style=\"color: #0000ff;\" href=\"https:\/\/ulpmat.com\/fr\/recherche\/?type=name&#038;keyword=Thulium+Oxide\"><strong>La poudre d&rsquo;oxyde de thulium<\/strong><\/a> <\/span>est un oxyde de terre rare de haute puret\u00e9 sp\u00e9cialement utilis\u00e9 pour la pr\u00e9paration de mat\u00e9riaux avanc\u00e9s. Ils pr\u00e9sentent une excellente stabilit\u00e9 chimique et d&rsquo;excellentes propri\u00e9t\u00e9s optiques et \u00e9lectriques. Avec une puret\u00e9 allant jusqu&rsquo;\u00e0 99,99 %, la taille des particules des <strong data-start=\"248\" data-end=\"285\" data-is-only-node=\"\">poudres d&rsquo;oxyde de thulium de haute puret\u00e9<\/strong> est contr\u00f4lable et uniform\u00e9ment r\u00e9partie, ce qui les rend id\u00e9ales pour une utilisation dans des domaines de haute technologie tels que les films optiques, les c\u00e9ramiques, les cristaux laser, les mat\u00e9riaux magn\u00e9to-optiques et les composants \u00e9lectroniques.<\/p>\n<p>Nous fournissons des <strong data-start=\"11\" data-end=\"48\">poudres d&rsquo;oxyde de thulium de haute puret\u00e9<\/strong> dans une vari\u00e9t\u00e9 de gammes de tailles de particules et de sp\u00e9cifications, y compris de l&rsquo;<strong data-start=\"116\" data-end=\"143\">oxyde de thulium ultrafin<\/strong> et de la poudre conventionnelle de qualit\u00e9 micron, qui peuvent \u00eatre personnalis\u00e9es en fonction des besoins des clients. Nous proposons \u00e9galement une assistance technique apr\u00e8s-vente compl\u00e8te pour garantir une utilisation optimale de nos produits. Si vous avez des questions, n&rsquo;h\u00e9sitez pas \u00e0 nous contacter.<\/p>\n<h2><span style=\"font-size: 14pt;\">Caract\u00e9ristiques de la <strong>poudre d&rsquo;oxyde de thulium<\/strong><\/span><\/h2>\n<p>Puret\u00e9 : 99,99%<br \/>\nDistribution contr\u00f4lable de la taille des particules : convient \u00e0 une vari\u00e9t\u00e9 de processus de moulage et de frittage<br \/>\nStabilit\u00e9 thermique et isolation \u00e9lev\u00e9es : convient aux applications \u00e0 haute temp\u00e9rature<br \/>\nEmballage et sp\u00e9cifications personnalisables : r\u00e9pond aux exigences des laboratoires et de la production de masse<br \/>\nApplicable au d\u00e9veloppement de mat\u00e9riaux optiques, \u00e9lectroniques, c\u00e9ramiques et \u00e9nerg\u00e9tiques<\/p>\n<h2><span style=\"font-size: 14pt;\">Applications de la <strong>poudre d&rsquo;oxyde de thulium<\/strong><\/span><\/h2>\n<p>Mat\u00e9riaux optiques : utilis\u00e9s pour les fen\u00eatres infrarouges, les rev\u00eatements \u00e0 indice de r\u00e9fraction \u00e9lev\u00e9 et les sources d&rsquo;ions actifs dans les cristaux laser<br \/>\nMat\u00e9riaux magn\u00e9to-optiques : applications importantes dans le stockage magn\u00e9to-optique et la modulation de la lumi\u00e8re<br \/>\nDomaine de la c\u00e9ramique : additifs ou mat\u00e9riaux fonctionnels de la matrice c\u00e9ramique pour am\u00e9liorer la r\u00e9sistance structurelle et les performances fonctionnelles<br \/>\nComposants \u00e9lectroniques : en tant que mat\u00e9riaux di\u00e9lectriques \u00e0 haut k ou en tant que charges di\u00e9lectriques de condensateurs pour am\u00e9liorer les performances des appareils<br \/>\nRecherche scientifique et d\u00e9veloppement : comme pr\u00e9curseur cl\u00e9 dans la synth\u00e8se des nanomat\u00e9riaux et les syst\u00e8mes de dopage des terres rares<\/p>\n<h2><span style=\"font-size: 14pt;\">Rapport<\/span><\/h2>\n<p>Chaque lot de produits est accompagn\u00e9 d&rsquo;un certificat d&rsquo;analyse (COA), d&rsquo;une fiche de donn\u00e9es de s\u00e9curit\u00e9 (MSDS) et de documents de conformit\u00e9 connexes. Nous soutenons les services d&rsquo;essai de tiers afin d&rsquo;am\u00e9liorer la transparence de la qualit\u00e9 et la confiance, en veillant \u00e0 ce que votre R&amp;D et votre production soient plus efficaces et plus fiables.<\/p>\n","protected":false},"excerpt":{"rendered":"<p>Poudre d&rsquo;oxyde de thulium Aper\u00e7u La poudre d&rsquo;oxyde de thulium est un oxyde de terre rare de haute puret\u00e9 sp\u00e9cialement utilis\u00e9 pour la pr\u00e9paration de mat\u00e9riaux avanc\u00e9s. Ils pr\u00e9sentent une excellente stabilit\u00e9 chimique et d&rsquo;excellentes propri\u00e9t\u00e9s optiques et \u00e9lectriques. Avec une puret\u00e9 allant jusqu&rsquo;\u00e0 99,99 %, la taille des particules des poudres d&rsquo;oxyde de thulium [&hellip;]<\/p>\n","protected":false},"featured_media":6092,"template":"","meta":{"_acf_changed":false},"product_brand":[132],"product_cat":[314,335],"product_tag":[439,482],"class_list":{"0":"post-10297","1":"product","2":"type-product","3":"status-publish","4":"has-post-thumbnail","6":"product_brand-ulpmat","7":"product_cat-materiaux-a-base-de-terres-rares","8":"product_cat-oxydes","9":"product_tag-materiaux-a-base-de-terres-rares","10":"product_tag-thulium-fr","12":"first","13":"instock","14":"shipping-taxable","15":"product-type-variable"},"acf":[],"_links":{"self":[{"href":"https:\/\/ulpmat.com\/fr\/wp-json\/wp\/v2\/product\/10297","targetHints":{"allow":["GET"]}}],"collection":[{"href":"https:\/\/ulpmat.com\/fr\/wp-json\/wp\/v2\/product"}],"about":[{"href":"https:\/\/ulpmat.com\/fr\/wp-json\/wp\/v2\/types\/product"}],"wp:featuredmedia":[{"embeddable":true,"href":"https:\/\/ulpmat.com\/fr\/wp-json\/wp\/v2\/media\/6092"}],"wp:attachment":[{"href":"https:\/\/ulpmat.com\/fr\/wp-json\/wp\/v2\/media?parent=10297"}],"wp:term":[{"taxonomy":"product_brand","embeddable":true,"href":"https:\/\/ulpmat.com\/fr\/wp-json\/wp\/v2\/product_brand?post=10297"},{"taxonomy":"product_cat","embeddable":true,"href":"https:\/\/ulpmat.com\/fr\/wp-json\/wp\/v2\/product_cat?post=10297"},{"taxonomy":"product_tag","embeddable":true,"href":"https:\/\/ulpmat.com\/fr\/wp-json\/wp\/v2\/product_tag?post=10297"}],"curies":[{"name":"wp","href":"https:\/\/api.w.org\/{rel}","templated":true}]}}