{"id":10279,"date":"2025-07-18T17:15:34","date_gmt":"2025-07-18T09:15:34","guid":{"rendered":"https:\/\/ulpmat.com\/product\/oxyde-de-thulium\/"},"modified":"2025-07-18T17:15:34","modified_gmt":"2025-07-18T09:15:34","slug":"oxyde-de-thulium","status":"publish","type":"product","link":"https:\/\/ulpmat.com\/fr\/produit\/oxyde-de-thulium\/","title":{"rendered":"Oxyde de thulium"},"content":{"rendered":"<h2><span style=\"font-size: 14pt;\"> <strong>Cible de pulv\u00e9risation d&rsquo;oxyde de thulium Vue d&rsquo;ensemble<\/strong><\/span><\/h2>\n<p><span style=\"color: #0000ff;\"><a style=\"color: #0000ff;\" href=\"https:\/\/ulpmat.com\/fr\/recherche\/?type=name&#038;keyword=Thulium+Oxide\"><strong>Les cibles de pulv\u00e9risation d&rsquo;oxyde de thulium<\/strong><\/a><\/span> sont des mat\u00e9riaux d&rsquo;oxyde de terre rare \u00e0 haute performance con\u00e7us pour les processus avanc\u00e9s de d\u00e9p\u00f4t de couches minces. D&rsquo;une puret\u00e9 pouvant atteindre 99,99 %, elles pr\u00e9sentent une excellente stabilit\u00e9 chimique et des propri\u00e9t\u00e9s d&rsquo;isolation \u00e9lev\u00e9es. Elles sont largement utilis\u00e9es dans les dispositifs opto\u00e9lectroniques, les mat\u00e9riaux de stockage, les rev\u00eatements optiques et d&rsquo;autres domaines. <strong data-start=\"342\" data-end=\"390\" data-is-only-node=\"\">Les cibles de pulv\u00e9risation d&rsquo;oxyde de thulium de haute puret\u00e9<\/strong> conservent une bonne stabilit\u00e9 thermique dans des conditions de temp\u00e9rature et de vide \u00e9lev\u00e9s, ce qui les rend adapt\u00e9es aux processus exigeants.<\/p>\n<article class=\"text-token-text-primary w-full focus:outline-none scroll-mt-[calc(var(--header-height)+min(200px,max(70px,20svh)))]\" dir=\"auto\" tabindex=\"-1\" data-turn-id=\"request-WEB:0cf552fb-ab25-4efd-ab4b-18b4999a1059-15\" data-testid=\"conversation-turn-24\" data-scroll-anchor=\"true\" data-turn=\"assistant\">\n<div class=\"text-base my-auto mx-auto pb-10 [--thread-content-margin:--spacing(4)] @[37rem]:[--thread-content-margin:--spacing(6)] @[72rem]:[--thread-content-margin:--spacing(16)] px-(--thread-content-margin)\">\n<div class=\"[--thread-content-max-width:32rem] @[34rem]:[--thread-content-max-width:40rem] @[64rem]:[--thread-content-max-width:48rem] mx-auto max-w-(--thread-content-max-width) flex-1 group\/turn-messages focus-visible:outline-hidden relative flex w-full min-w-0 flex-col agent-turn\" tabindex=\"-1\">\n<div class=\"flex max-w-full flex-col grow\">\n<div class=\"min-h-8 text-message relative flex w-full flex-col items-end gap-2 text-start break-words whitespace-normal [.text-message+&amp;]:mt-5\" dir=\"auto\" data-message-author-role=\"assistant\" data-message-id=\"cafce732-9f4b-4606-8ea7-710c276c26e9\" data-message-model-slug=\"gpt-5-mini\">\n<div class=\"flex w-full flex-col gap-1 empty:hidden first:pt-[3px]\">\n<div class=\"markdown prose dark:prose-invert w-full break-words light markdown-new-styling\">\n<p data-start=\"521\" data-end=\"877\" data-is-last-node=\"\" data-is-only-node=\"\">Nous proposons des <strong data-start=\"530\" data-end=\"566\">cibles de pulv\u00e9risation d&rsquo;oxyde de thulium<\/strong> de diff\u00e9rentes formes et tailles, y compris des cibles rondes, rectangulaires et de forme sp\u00e9ciale, et nous pouvons fournir des services personnalis\u00e9s en fonction des besoins des clients. Parall\u00e8lement, nous fournissons des services d&rsquo;assistance apr\u00e8s-vente complets afin que vous n&rsquo;ayez aucun souci en termes de s\u00e9lection, d&rsquo;utilisation, d&rsquo;ad\u00e9quation avec les processus, etc.<\/p>\n<\/div>\n<\/div>\n<\/div>\n<\/div>\n<h2 class=\"flex min-h-[46px] justify-start\"><span style=\"font-size: 14pt;\">Points forts des <strong>cibles de pulv\u00e9risation d&rsquo;oxyde de thulium<\/strong><\/span><\/h2>\n<\/div>\n<\/div>\n<\/article>\n<p>Puret\u00e9 : 99,99%<br \/>\nStructure dense : assure un d\u00e9p\u00f4t de film uniforme et stable<br \/>\nHaute isolation et stabilit\u00e9 thermique : convient aux films di\u00e9lectriques et aux couches fonctionnelles de haute performance<br \/>\nTaille et forme personnalisables : r\u00e9pondent aux exigences de compatibilit\u00e9 de divers \u00e9quipements de d\u00e9p\u00f4t en phase vapeur (PVD)<br \/>\nCompatible avec les principaux syst\u00e8mes de d\u00e9p\u00f4t : s&rsquo;adapte aux \u00e9quipements tels que la pulv\u00e9risation magn\u00e9tron et l&rsquo;\u00e9vaporation par faisceau d&rsquo;\u00e9lectrons<br \/>\nService de reliure : des services de traitement et de reliure des fonds de panier peuvent \u00eatre fournis<\/p>\n<h2><span style=\"font-size: 14pt;\">Applications des <strong>cibles de pulv\u00e9risation d&rsquo;oxyde de thulium<\/strong><\/span><\/h2>\n<p>Dispositifs semi-conducteurs : en tant que mat\u00e9riaux di\u00e9lectriques \u00e0 haut k, ils optimisent la capacit\u00e9 et les performances de fuite des dispositifs<br \/>\nRev\u00eatement optique : utilis\u00e9 pour les composants optiques haut de gamme tels que les filtres, les fen\u00eatres infrarouges et les rev\u00eatements \u00e0 indice de r\u00e9fraction \u00e9lev\u00e9<br \/>\nStockage de l&rsquo;information : utilis\u00e9 pour les nouveaux mat\u00e9riaux de stockage optique et magn\u00e9to-optique en couches minces<br \/>\nDispositifs laser et mat\u00e9riaux phosphorescents : am\u00e9lioration de l&rsquo;efficacit\u00e9 de l&rsquo;excitation dans les syst\u00e8mes de dopage aux terres rares<\/p>\n<h2><span style=\"font-size: 14pt;\">Rapports<\/span><\/h2>\n<p>Nous fournissons un rapport d&rsquo;analyse complet (COA), une fiche de donn\u00e9es de s\u00e9curit\u00e9 (MSDS) et des documents de conformit\u00e9 (tels que RoHS, REACH) pour chaque lot. Nous soutenons les tests effectu\u00e9s par des tiers pour garantir que la qualit\u00e9 des produits est conforme aux normes internationales.<\/p>\n","protected":false},"excerpt":{"rendered":"<p>Cible de pulv\u00e9risation d&rsquo;oxyde de thulium Vue d&rsquo;ensemble Les cibles de pulv\u00e9risation d&rsquo;oxyde de thulium sont des mat\u00e9riaux d&rsquo;oxyde de terre rare \u00e0 haute performance con\u00e7us pour les processus avanc\u00e9s de d\u00e9p\u00f4t de couches minces. D&rsquo;une puret\u00e9 pouvant atteindre 99,99 %, elles pr\u00e9sentent une excellente stabilit\u00e9 chimique et des propri\u00e9t\u00e9s d&rsquo;isolation \u00e9lev\u00e9es. Elles sont largement [&hellip;]<\/p>\n","protected":false},"featured_media":6746,"template":"","meta":{"_acf_changed":false},"product_brand":[132],"product_cat":[449],"product_tag":[450,482],"class_list":{"0":"post-10279","1":"product","2":"type-product","3":"status-publish","4":"has-post-thumbnail","6":"product_brand-ulpmat","7":"product_cat-cible-de-pulverisation-ceramique","8":"product_tag-cible-de-pulverisation-ceramique","9":"product_tag-thulium-fr","11":"first","12":"instock","13":"shipping-taxable","14":"product-type-variable"},"acf":[],"_links":{"self":[{"href":"https:\/\/ulpmat.com\/fr\/wp-json\/wp\/v2\/product\/10279","targetHints":{"allow":["GET"]}}],"collection":[{"href":"https:\/\/ulpmat.com\/fr\/wp-json\/wp\/v2\/product"}],"about":[{"href":"https:\/\/ulpmat.com\/fr\/wp-json\/wp\/v2\/types\/product"}],"wp:featuredmedia":[{"embeddable":true,"href":"https:\/\/ulpmat.com\/fr\/wp-json\/wp\/v2\/media\/6746"}],"wp:attachment":[{"href":"https:\/\/ulpmat.com\/fr\/wp-json\/wp\/v2\/media?parent=10279"}],"wp:term":[{"taxonomy":"product_brand","embeddable":true,"href":"https:\/\/ulpmat.com\/fr\/wp-json\/wp\/v2\/product_brand?post=10279"},{"taxonomy":"product_cat","embeddable":true,"href":"https:\/\/ulpmat.com\/fr\/wp-json\/wp\/v2\/product_cat?post=10279"},{"taxonomy":"product_tag","embeddable":true,"href":"https:\/\/ulpmat.com\/fr\/wp-json\/wp\/v2\/product_tag?post=10279"}],"curies":[{"name":"wp","href":"https:\/\/api.w.org\/{rel}","templated":true}]}}