{"id":10267,"date":"2025-07-18T17:15:35","date_gmt":"2025-07-18T09:15:35","guid":{"rendered":"https:\/\/ulpmat.com\/product\/fluorure-de-thulium\/"},"modified":"2025-07-18T17:15:35","modified_gmt":"2025-07-18T09:15:35","slug":"fluorure-de-thulium","status":"publish","type":"product","link":"https:\/\/ulpmat.com\/fr\/produit\/fluorure-de-thulium\/","title":{"rendered":"Fluorure de thulium"},"content":{"rendered":"<h2><span style=\"color: #000000; font-size: 14pt;\"><strong>Aper\u00e7u de la poudre de fluorure de thulium<\/strong><\/span><\/h2>\n<p><span style=\"color: #0000ff;\"><a style=\"color: #0000ff;\" href=\"https:\/\/ulpmat.com\/fr\/recherche\/?type=name&#038;keyword=Thulium+Fluoride\"><strong>La poudre de fluorure de thulium<\/strong> <\/a><\/span><strong data-start=\"95\" data-end=\"152\"> pour les rev\u00eatements optiques infrarouges<\/strong> est un mat\u00e9riau \u00e0 base de fluorure de terres rares d\u00e9velopp\u00e9 sp\u00e9cifiquement pour le domaine de l&rsquo;optique, de l&rsquo;\u00e9lectronique et des c\u00e9ramiques fonctionnelles de haute performance. Avec les avantages d&rsquo;une grande puret\u00e9, d&rsquo;une faible impuret\u00e9 et d&rsquo;une taille de particule contr\u00f4lable, le produit est largement utilis\u00e9 dans des domaines de pointe tels que la <strong data-start=\"426\" data-end=\"481\">poudre de fluorure de thulium pour la synth\u00e8se de cristaux laser<\/strong>, le verre dop\u00e9 aux terres rares et la pulv\u00e9risation plasma.<\/p>\n<p data-start=\"531\" data-end=\"812\">Nous proposons des sp\u00e9cifications de <strong data-start=\"558\" data-end=\"618\">poudre de fluorure de thulium sur mesure pour les applications de recherche<\/strong>, qui peuvent \u00eatre personnalis\u00e9es en fonction de vos exigences sp\u00e9cifiques. Nous fournissons \u00e9galement un service apr\u00e8s-vente complet. N&rsquo;h\u00e9sitez donc pas \u00e0 nous contacter si vous avez des questions concernant l&rsquo;utilisation de ce produit.<\/p>\n<h2><span style=\"color: #000000; font-size: 14pt;\">Principaux produits de la <strong>poudre de fluorure de thulium<\/strong><\/span><\/h2>\n<p>Puret\u00e9 : 99,9 % \u00e0 99,99 % sur demande<br \/>\nTaille des particules : Personnalisable<br \/>\nFaible absorption d&rsquo;humidit\u00e9 : Sup\u00e9rieure \u00e0 la plupart des sels de terres rares pour faciliter le stockage et le traitement<br \/>\nBonne stabilit\u00e9 thermique : Structurellement stable \u00e0 haute temp\u00e9rature, convient aux processus de traitement \u00e0 haute temp\u00e9rature<br \/>\nContr\u00f4le strict des impuret\u00e9s : Le contr\u00f4le des impuret\u00e9s cl\u00e9s, telles que Fe, Si, Ca, Cl, etc., est sup\u00e9rieur \u00e0 la norme industrielle<br \/>\nEmballage : Emballage personnalis\u00e9 pour faciliter l&rsquo;utilisation et le conditionnement : Emballage personnalis\u00e9 pour faciliter l&rsquo;utilisation et le stockage<\/p>\n<h2><span style=\"font-size: 14pt;\"><strong>Applications de <span style=\"color: #000000;\">la <\/span>poudre de fluorure de thulium<\/strong><\/span><\/h2>\n<p>Mat\u00e9riaux optiques infrarouges : utilis\u00e9s dans les fen\u00eatres infrarouges, les filtres \u00e0 haute transmission et les rev\u00eatements laser infrarouges<br \/>\nSynth\u00e8se de cristaux laser : source de dopage des ions Tm\u00b3\u207a, utilis\u00e9e dans la croissance des cristaux laser YAG, YLF et autres<br \/>\nVerre haute performance : dop\u00e9 dans les fibres optiques et le verre de terre rare, ajustant la structure des niveaux d&rsquo;\u00e9nergie et am\u00e9liorant les propri\u00e9t\u00e9s optiques<br \/>\nRev\u00eatement par plasma : additif \u00e0 base de terres rares dans les mat\u00e9riaux de rev\u00eatement \u00e0 barri\u00e8re thermique pour l&rsquo;a\u00e9rospatiale Pulv\u00e9risation par plasma : additif \u00e0 base de terres rares dans les mat\u00e9riaux de rev\u00eatement \u00e0 barri\u00e8re thermique pour l&rsquo;a\u00e9rospatiale<br \/>\nMat\u00e9riaux magn\u00e9tiques : participation \u00e0 la r\u00e9gulation des performances des mat\u00e9riaux magn\u00e9tiques permanents \u00e0 base de terres rares<\/p>\n<h2><span style=\"font-size: 14pt;\">Rapports<\/span><\/h2>\n<p>Nous fournissons des certificats d&rsquo;analyse (COA), des fiches de donn\u00e9es de s\u00e9curit\u00e9 (MSDS) et d&rsquo;autres rapports pertinents sur la <strong>poudre de fluorure de thulium de haute puret\u00e9<\/strong>. En outre, nous prenons en charge les tests effectu\u00e9s par des tiers pour une meilleure assurance qualit\u00e9, garantissant ainsi que nos produits sont conformes aux normes industrielles les plus strictes.<\/p>\n","protected":false},"excerpt":{"rendered":"<p>Aper\u00e7u de la poudre de fluorure de thulium La poudre de fluorure de thulium pour les rev\u00eatements optiques infrarouges est un mat\u00e9riau \u00e0 base de fluorure de terres rares d\u00e9velopp\u00e9 sp\u00e9cifiquement pour le domaine de l&rsquo;optique, de l&rsquo;\u00e9lectronique et des c\u00e9ramiques fonctionnelles de haute performance. Avec les avantages d&rsquo;une grande puret\u00e9, d&rsquo;une faible impuret\u00e9 et [&hellip;]<\/p>\n","protected":false},"featured_media":6098,"template":"","meta":{"_acf_changed":false},"product_brand":[132],"product_cat":[314,313],"product_tag":[439,316,482],"class_list":{"0":"post-10267","1":"product","2":"type-product","3":"status-publish","4":"has-post-thumbnail","6":"product_brand-ulpmat","7":"product_cat-materiaux-a-base-de-terres-rares","8":"product_cat-materiaux-halogenes","9":"product_tag-materiaux-a-base-de-terres-rares","10":"product_tag-materiaux-optiques","11":"product_tag-thulium-fr","13":"first","14":"instock","15":"shipping-taxable","16":"product-type-variable"},"acf":[],"_links":{"self":[{"href":"https:\/\/ulpmat.com\/fr\/wp-json\/wp\/v2\/product\/10267","targetHints":{"allow":["GET"]}}],"collection":[{"href":"https:\/\/ulpmat.com\/fr\/wp-json\/wp\/v2\/product"}],"about":[{"href":"https:\/\/ulpmat.com\/fr\/wp-json\/wp\/v2\/types\/product"}],"wp:featuredmedia":[{"embeddable":true,"href":"https:\/\/ulpmat.com\/fr\/wp-json\/wp\/v2\/media\/6098"}],"wp:attachment":[{"href":"https:\/\/ulpmat.com\/fr\/wp-json\/wp\/v2\/media?parent=10267"}],"wp:term":[{"taxonomy":"product_brand","embeddable":true,"href":"https:\/\/ulpmat.com\/fr\/wp-json\/wp\/v2\/product_brand?post=10267"},{"taxonomy":"product_cat","embeddable":true,"href":"https:\/\/ulpmat.com\/fr\/wp-json\/wp\/v2\/product_cat?post=10267"},{"taxonomy":"product_tag","embeddable":true,"href":"https:\/\/ulpmat.com\/fr\/wp-json\/wp\/v2\/product_tag?post=10267"}],"curies":[{"name":"wp","href":"https:\/\/api.w.org\/{rel}","templated":true}]}}