{"id":10237,"date":"2025-07-18T17:15:36","date_gmt":"2025-07-18T09:15:36","guid":{"rendered":"https:\/\/ulpmat.com\/product\/ytterbium-metal-6\/"},"modified":"2025-07-18T17:15:36","modified_gmt":"2025-07-18T09:15:36","slug":"ytterbium-metal-6","status":"publish","type":"product","link":"https:\/\/ulpmat.com\/fr\/produit\/ytterbium-metal-6\/","title":{"rendered":"Ytterbium m\u00e9tal"},"content":{"rendered":"<h2><span style=\"font-size: 14pt;\"><strong>Aper\u00e7u des pastilles d&rsquo;ytterbium m\u00e9tal<\/strong><\/span><\/h2>\n<p><span style=\"color: #0000ff;\"><a style=\"color: #0000ff;\" href=\"https:\/\/ulpmat.com\/fr\/recherche\/?type=name&#038;keyword=Ytterbium+metal\"><strong>Les pastilles d&rsquo;ytterbium m\u00e9tal <\/strong><\/a><\/span>les pastilles d&rsquo;ytterbium m\u00e9tal sont des mati\u00e8res premi\u00e8res de terres rares de haute performance d\u00e9velopp\u00e9es sp\u00e9cifiquement pour la recherche scientifique, les alliages haut de gamme, l&rsquo;\u00e9vaporation sous vide et la pr\u00e9paration de mat\u00e9riaux sp\u00e9ciaux. D&rsquo;une grande puret\u00e9, d&rsquo;une granulom\u00e9trie uniforme et d&rsquo;une excellente stabilit\u00e9 chimique, ces <strong data-start=\"384\" data-end=\"423\">pastilles d&rsquo;ytterbium m\u00e9tal de haute puret\u00e9<\/strong> sont largement utilis\u00e9es dans les mat\u00e9riaux magn\u00e9tiques, les batteries de stockage d&rsquo;\u00e9nergie, les mat\u00e9riaux optiques et l&rsquo;ing\u00e9nierie additive.<\/p>\n<p data-start=\"535\" data-end=\"862\">Nous proposons des <strong data-start=\"544\" data-end=\"582\">pastilles d&rsquo;ytterbium m\u00e9tal personnalis\u00e9es<\/strong> dans une vari\u00e9t\u00e9 de sp\u00e9cifications, qui peuvent \u00eatre adapt\u00e9es \u00e0 vos besoins sp\u00e9cifiques. Nous fournissons \u00e9galement un service apr\u00e8s-vente complet. Si vous avez des questions sur l&rsquo;utilisation des <strong data-start=\"772\" data-end=\"799\">pastilles d&rsquo;ytterbium m\u00e9tal<\/strong> ou si vous avez besoin d&rsquo;une assistance technique, n&rsquo;h\u00e9sitez pas \u00e0 nous contacter.<\/p>\n<h2><span style=\"font-size: 14pt;\">Produits phares des <strong>pastilles d&rsquo;ytterbium m\u00e9tal<\/strong> <\/span><\/h2>\n<p>Puret\u00e9 : 99,95 % (personnalisable)<br \/>\nMorphologie des particules : particules r\u00e9guli\u00e8res\/irr\u00e9guli\u00e8res, pouvant \u00eatre personnalis\u00e9es en fonction de vos besoins<br \/>\nStabilit\u00e9 thermique et r\u00e9activit\u00e9 exceptionnelles : conviennent \u00e0 une large gamme de processus \u00e0 haute temp\u00e9rature ou en atmosph\u00e8re r\u00e9ductrice<br \/>\nGrande adaptabilit\u00e9 : convient \u00e0 la fusion, \u00e0 l&rsquo;alliage, \u00e0 l&rsquo;\u00e9vaporation par faisceau d&rsquo;\u00e9lectrons, au pr\u00e9traitement par pulv\u00e9risation magn\u00e9tron, etc.<br \/>\nEmballage : emballage personnalisable<\/p>\n<h2><span style=\"font-size: 14pt;\">Applications des <strong>pastilles d&rsquo;ytterbium m\u00e9tal<\/strong><\/span><\/h2>\n<p>Dopage des mat\u00e9riaux magn\u00e9tiques : utilis\u00e9 pour le contr\u00f4le des performances des alliages d&rsquo;aimants permanents \u00e0 base de terres rares afin d&rsquo;am\u00e9liorer l&rsquo;\u00e9nergie magn\u00e9tique produite et la stabilit\u00e9 de la temp\u00e9rature<br \/>\nMat\u00e9riaux de stockage d&rsquo;\u00e9nergie \u00e0 base de terres rares : utilis\u00e9s comme dopants fonctionnels dans les alliages de stockage d&rsquo;\u00e9nergie \u00e0 base d&rsquo;hydrog\u00e8ne et les anodes de lithium<br \/>\nMat\u00e9riaux de rev\u00eatement sous vide : conviennent au rev\u00eatement par \u00e9vaporation par faisceau d&rsquo;\u00e9lectrons de dispositifs optiques afin de leur conf\u00e9rer des propri\u00e9t\u00e9s de r\u00e9fraction ou de filtrage de la lumi\u00e8re \u00e9lev\u00e9es<br \/>\nFusion d&rsquo;alliages et d\u00e9veloppement de nouveaux mat\u00e9riaux : peut \u00eatre utilis\u00e9 pour former des alliages de terres rares aux propri\u00e9t\u00e9s uniques avec des alliages de Mg, Zn et Li, etc.<\/p>\n<h2><span style=\"font-size: 14pt;\">Rapports<\/span><\/h2>\n<p>Nous fournissons des certificats d&rsquo;analyse (COA), des fiches de donn\u00e9es de s\u00e9curit\u00e9 (MSDS) et d&rsquo;autres rapports pertinents pour chaque exp\u00e9dition. En outre, nous prenons en charge les tests effectu\u00e9s par des tiers pour une meilleure assurance qualit\u00e9.<\/p>\n","protected":false},"excerpt":{"rendered":"<p>Aper\u00e7u des pastilles d&rsquo;ytterbium m\u00e9tal Les pastilles d&rsquo;ytterbium m\u00e9tal les pastilles d&rsquo;ytterbium m\u00e9tal sont des mati\u00e8res premi\u00e8res de terres rares de haute performance d\u00e9velopp\u00e9es sp\u00e9cifiquement pour la recherche scientifique, les alliages haut de gamme, l&rsquo;\u00e9vaporation sous vide et la pr\u00e9paration de mat\u00e9riaux sp\u00e9ciaux. D&rsquo;une grande puret\u00e9, d&rsquo;une granulom\u00e9trie uniforme et d&rsquo;une excellente stabilit\u00e9 chimique, ces [&hellip;]<\/p>\n","protected":false},"featured_media":6110,"template":"","meta":{"_acf_changed":false},"product_brand":[132],"product_cat":[296],"product_tag":[439,396,421],"class_list":{"0":"post-10237","1":"product","2":"type-product","3":"status-publish","4":"has-post-thumbnail","6":"product_brand-ulpmat","7":"product_cat-materiaux-devaporation","8":"product_tag-materiaux-a-base-de-terres-rares","9":"product_tag-materiaux-devaporation","10":"product_tag-ytterbium-fr","12":"first","13":"instock","14":"shipping-taxable","15":"product-type-variable"},"acf":[],"_links":{"self":[{"href":"https:\/\/ulpmat.com\/fr\/wp-json\/wp\/v2\/product\/10237","targetHints":{"allow":["GET"]}}],"collection":[{"href":"https:\/\/ulpmat.com\/fr\/wp-json\/wp\/v2\/product"}],"about":[{"href":"https:\/\/ulpmat.com\/fr\/wp-json\/wp\/v2\/types\/product"}],"wp:featuredmedia":[{"embeddable":true,"href":"https:\/\/ulpmat.com\/fr\/wp-json\/wp\/v2\/media\/6110"}],"wp:attachment":[{"href":"https:\/\/ulpmat.com\/fr\/wp-json\/wp\/v2\/media?parent=10237"}],"wp:term":[{"taxonomy":"product_brand","embeddable":true,"href":"https:\/\/ulpmat.com\/fr\/wp-json\/wp\/v2\/product_brand?post=10237"},{"taxonomy":"product_cat","embeddable":true,"href":"https:\/\/ulpmat.com\/fr\/wp-json\/wp\/v2\/product_cat?post=10237"},{"taxonomy":"product_tag","embeddable":true,"href":"https:\/\/ulpmat.com\/fr\/wp-json\/wp\/v2\/product_tag?post=10237"}],"curies":[{"name":"wp","href":"https:\/\/api.w.org\/{rel}","templated":true}]}}