{"id":10195,"date":"2025-07-18T17:15:36","date_gmt":"2025-07-18T09:15:36","guid":{"rendered":"https:\/\/ulpmat.com\/product\/ytterbium-metal-3\/"},"modified":"2025-07-18T17:15:36","modified_gmt":"2025-07-18T09:15:36","slug":"ytterbium-metal-3","status":"publish","type":"product","link":"https:\/\/ulpmat.com\/fr\/produit\/ytterbium-metal-3\/","title":{"rendered":"Ytterbium m\u00e9tal"},"content":{"rendered":"<h2><span style=\"font-size: 14pt;\"><strong>Tige d&rsquo;<\/strong>Ytterbium<strong>m\u00e9tal Aper\u00e7u<\/strong><\/span><\/h2>\n<p><span style=\"color: #0000ff;\"><a style=\"color: #0000ff;\" href=\"https:\/\/ulpmat.com\/fr\/recherche\/?type=name&#038;keyword=Ytterbium+metal\"><strong>Le barreau m\u00e9tallique d&rsquo;ytterbium <\/strong><\/a><\/span>est un m\u00e9tal de terre rare con\u00e7u pour les exp\u00e9riences de recherche scientifique, le rev\u00eatement par \u00e9vaporation, l&rsquo;ajout d&rsquo;alliages haut de gamme et le d\u00e9veloppement de mat\u00e9riaux fonctionnels opto\u00e9lectroniques. Le produit pr\u00e9sente une puret\u00e9 extr\u00eamement \u00e9lev\u00e9e et une excellente densit\u00e9, et peut r\u00e9pondre aux exigences rigoureuses des processus de mat\u00e9riaux avanc\u00e9s en mati\u00e8re de faible taux d&rsquo;impuret\u00e9s et de stabilit\u00e9 \u00e9lev\u00e9e.<\/p>\n<p data-start=\"567\" data-end=\"783\">Nous pouvons personnaliser les <strong data-start=\"584\" data-end=\"627\">barres m\u00e9talliques d&rsquo;Ytterbium de haute puret\u00e9 pour la recherche de<\/strong> diff\u00e9rents diam\u00e8tres et longueurs. Nous fournissons \u00e9galement un service apr\u00e8s-vente complet. Si vous avez des questions sur l&rsquo;utilisation, n&rsquo;h\u00e9sitez pas \u00e0 nous contacter.<\/p>\n<h2><span style=\"font-size: 14pt;\">Points forts du produit Ytterbium<strong>m\u00e9tal en barre<\/strong><\/span><\/h2>\n<p>Niveau de puret\u00e9 : 99,9 %, r\u00e9pondant aux applications \u00e9lectroniques et de recherche scientifique<br \/>\nStructure dense et de haute densit\u00e9 : am\u00e9liore l&rsquo;uniformit\u00e9 du chauffage et la consistance du film<br \/>\nDiff\u00e9rentes tailles disponibles : les longueurs peuvent \u00eatre personnalis\u00e9es<br \/>\nBonne performance de traitement : convient aux syst\u00e8mes tels que l&rsquo;\u00e9vaporation par faisceau d&rsquo;\u00e9lectrons, les sources d&rsquo;\u00e9vaporation thermique ou la solidification directionnelle<\/p>\n<h2><span style=\"font-size: 14pt;\">Applications des <strong> tiges d&rsquo;ytterbium m\u00e9tal<\/strong><\/span><\/h2>\n<p>Recherche scientifique et exp\u00e9riences \u00e9ducatives : utilis\u00e9s pour le dopage de l&rsquo;\u00e9l\u00e9ment Yb, la recherche sur les lasers \u00e0 plasma et le d\u00e9veloppement de nouveaux mat\u00e9riaux optiques fonctionnels<br \/>\nRev\u00eatement par \u00e9vaporation : formation de couches fonctionnelles sur le verre, les plaquettes, les c\u00e9ramiques ou les substrats m\u00e9talliques<br \/>\nMat\u00e9riaux laser et dopage aux terres rares : convient aux pr\u00e9curseurs de cristaux laser tels que Yb:YAG, Yb:CaF\u2082<br \/>\nAjout d&rsquo;alliages m\u00e9talliques : comme r\u00e9gulateur d&rsquo;oligo-\u00e9l\u00e9ments dans les alliages \u00e0 haute performance<\/p>\n<h2><span style=\"font-size: 14pt;\">Rapports<\/span><\/h2>\n<p>Nous fournissons un certificat d&rsquo;analyse (COA), une fiche de donn\u00e9es de s\u00e9curit\u00e9 (MSDS) et d&rsquo;autres rapports pertinents pour chaque lot de marchandises. En outre, nous prenons \u00e9galement en charge les tests effectu\u00e9s par des tiers afin d&rsquo;am\u00e9liorer l&rsquo;assurance qualit\u00e9<\/p>\n","protected":false},"excerpt":{"rendered":"<p>Tige d&rsquo;Ytterbiumm\u00e9tal Aper\u00e7u Le barreau m\u00e9tallique d&rsquo;ytterbium est un m\u00e9tal de terre rare con\u00e7u pour les exp\u00e9riences de recherche scientifique, le rev\u00eatement par \u00e9vaporation, l&rsquo;ajout d&rsquo;alliages haut de gamme et le d\u00e9veloppement de mat\u00e9riaux fonctionnels opto\u00e9lectroniques. Le produit pr\u00e9sente une puret\u00e9 extr\u00eamement \u00e9lev\u00e9e et une excellente densit\u00e9, et peut r\u00e9pondre aux exigences rigoureuses des processus [&hellip;]<\/p>\n","protected":false},"featured_media":6128,"template":"","meta":{"_acf_changed":false},"product_brand":[132],"product_cat":[394],"product_tag":[439,406,421],"class_list":{"0":"post-10195","1":"product","2":"type-product","3":"status-publish","4":"has-post-thumbnail","6":"product_brand-ulpmat","7":"product_cat-autres-materiaux","8":"product_tag-materiaux-a-base-de-terres-rares","9":"product_tag-tige","10":"product_tag-ytterbium-fr","12":"first","13":"instock","14":"shipping-taxable","15":"product-type-variable"},"acf":[],"_links":{"self":[{"href":"https:\/\/ulpmat.com\/fr\/wp-json\/wp\/v2\/product\/10195","targetHints":{"allow":["GET"]}}],"collection":[{"href":"https:\/\/ulpmat.com\/fr\/wp-json\/wp\/v2\/product"}],"about":[{"href":"https:\/\/ulpmat.com\/fr\/wp-json\/wp\/v2\/types\/product"}],"wp:featuredmedia":[{"embeddable":true,"href":"https:\/\/ulpmat.com\/fr\/wp-json\/wp\/v2\/media\/6128"}],"wp:attachment":[{"href":"https:\/\/ulpmat.com\/fr\/wp-json\/wp\/v2\/media?parent=10195"}],"wp:term":[{"taxonomy":"product_brand","embeddable":true,"href":"https:\/\/ulpmat.com\/fr\/wp-json\/wp\/v2\/product_brand?post=10195"},{"taxonomy":"product_cat","embeddable":true,"href":"https:\/\/ulpmat.com\/fr\/wp-json\/wp\/v2\/product_cat?post=10195"},{"taxonomy":"product_tag","embeddable":true,"href":"https:\/\/ulpmat.com\/fr\/wp-json\/wp\/v2\/product_tag?post=10195"}],"curies":[{"name":"wp","href":"https:\/\/api.w.org\/{rel}","templated":true}]}}