{"id":9249,"date":"2025-06-09T14:20:54","date_gmt":"2025-06-09T06:20:54","guid":{"rendered":"https:\/\/ulpmat.com\/candidature\/impression-3d\/"},"modified":"2025-11-19T17:20:03","modified_gmt":"2025-11-19T09:20:03","slug":"impression-3d","status":"publish","type":"page","link":"https:\/\/ulpmat.com\/fr\/candidature\/impression-3d\/","title":{"rendered":"Impression 3D"},"content":{"rendered":"\t\t<div data-elementor-type=\"wp-page\" data-elementor-id=\"9249\" class=\"elementor elementor-9249 elementor-1069\" data-elementor-post-type=\"page\">\n\t\t\t\t<div class=\"elementor-element elementor-element-25500dc e-flex e-con-boxed e-con e-parent\" data-id=\"25500dc\" data-element_type=\"container\" data-e-type=\"container\">\n\t\t\t\t\t<div class=\"e-con-inner\">\n\t\t<div class=\"elementor-element elementor-element-459f0ca e-con-full e-flex e-con e-child\" data-id=\"459f0ca\" data-element_type=\"container\" data-e-type=\"container\" data-settings=\"{&quot;background_background&quot;:&quot;classic&quot;}\">\n\t\t\t\t<div class=\"elementor-element elementor-element-f722f52 elementor-widget elementor-widget-heading\" data-id=\"f722f52\" data-element_type=\"widget\" data-e-type=\"widget\" data-widget_type=\"heading.default\">\n\t\t\t\t<div class=\"elementor-widget-container\">\n\t\t\t\t\t<h1 class=\"elementor-heading-title elementor-size-default\">Impression 3D<\/h1>\t\t\t\t<\/div>\n\t\t\t\t<\/div>\n\t\t\t\t<div class=\"elementor-element elementor-element-96fbeaf elementor-widget elementor-widget-text-editor\" data-id=\"96fbeaf\" data-element_type=\"widget\" data-e-type=\"widget\" data-widget_type=\"text-editor.default\">\n\t\t\t\t<div class=\"elementor-widget-container\">\n\t\t\t\t\t\t\t\t\t<\/p> <p>Fabrication additive de pr\u00e9cision<\/p> <p>La fabrication additive de pr\u00e9cision\t\t\t\t\t\t\t\t<\/div>\n\t\t\t\t<\/div>\n\t\t\t\t<\/div>\n\t\t\t\t\t<\/div>\n\t\t\t\t<\/div>\n\t\t<div class=\"elementor-element elementor-element-1b5a06f e-flex e-con-boxed e-con e-parent\" data-id=\"1b5a06f\" data-element_type=\"container\" data-e-type=\"container\">\n\t\t\t\t\t<div class=\"e-con-inner\">\n\t\t<div class=\"elementor-element elementor-element-a55b7d4 e-con-full e-flex e-con e-child\" data-id=\"a55b7d4\" data-element_type=\"container\" data-e-type=\"container\" data-settings=\"{&quot;background_background&quot;:&quot;classic&quot;}\">\n\t\t\t\t<div class=\"elementor-element elementor-element-a62f65d elementor-widget elementor-widget-heading\" data-id=\"a62f65d\" data-element_type=\"widget\" data-e-type=\"widget\" data-widget_type=\"heading.default\">\n\t\t\t\t<div class=\"elementor-widget-container\">\n\t\t\t\t\t<h2 class=\"elementor-heading-title elementor-size-default\">Impression 3D<\/h2>\t\t\t\t<\/div>\n\t\t\t\t<\/div>\n\t\t\t\t<div class=\"elementor-element elementor-element-f3681a9 elementor-widget elementor-widget-text-editor\" data-id=\"f3681a9\" data-element_type=\"widget\" data-e-type=\"widget\" data-widget_type=\"text-editor.default\">\n\t\t\t\t<div class=\"elementor-widget-container\">\n\t\t\t\t\t\t\t\t\t<p style=\"font-weight : bold ; font-size : 20px ; color : #0e58cf ;\">Poudres sph\u00e9riques haute performance pour la fabrication additive<\/p><p>La poudre sph\u00e9rique pour l&rsquo;impression 3D, \u00e9galement connue sous le nom de <strong>Poudres sph\u00e9riques pour la fabrication additive (SPM)<\/strong>, d\u00e9signe des poudres de m\u00e9tal ou d&rsquo;alliage haute fluidit\u00e9 et haute puret\u00e9 dot\u00e9es d&rsquo;excellentes propri\u00e9t\u00e9s de densification.<\/p><p>Gr\u00e2ce \u00e0 leur forme sph\u00e9rique, ces poudres se r\u00e9pandent uniform\u00e9ment, fondent de mani\u00e8re coh\u00e9rente et forment des pi\u00e8ces de haute qualit\u00e9 pendant l&rsquo;impression. Ce sont des mat\u00e9riaux essentiels pour r\u00e9aliser des composants imprim\u00e9s en 3D de pr\u00e9cision et de haute performance.<\/p><p style=\"font-weight : bold ; font-size : 18px ; color : #0e58cf ;\">Mat\u00e9riaux en poudre sph\u00e9rique couramment utilis\u00e9s pour l&rsquo;impression 3D<\/p><p><strong>1. Poudres de m\u00e9tal pur:<\/strong> Titane (Ti), <span style=\"color : #0000ff ;\"><a style=\"color : #0000ff ;\" href=\"https:\/\/ulpmat.com\/fr\/produit\/metal-en-aluminium-7\/\">Aluminium (Al)<\/a><\/span>, Cuivre (Cu), Tungst\u00e8ne (W), Nickel (Ni)<br \/>\u2192 Id\u00e9al pour les applications n\u00e9cessitant une grande puret\u00e9 ou un alliage personnalis\u00e9.<\/p><p><strong>2. Alliages haute temp\u00e9rature:<\/strong> Inconel 718, Inconel 625, CoCrMo<br \/>\u2192 Utilis\u00e9s dans l&rsquo;a\u00e9rospatiale, l&rsquo;\u00e9nergie et les environnements \u00e0 haute temp\u00e9rature.<\/p><p><strong>3. titane et alliages de titane:<\/strong> Ti6Al4V (Grade 5), Ti64ELI (Grade 23)<\/p><p><strong>4. alliages d&rsquo;aluminium:<\/strong> AlSi10Mg, AlSi9Cu3<br \/>\u2192 L\u00e9gers et tr\u00e8s r\u00e9sistants, ils conviennent aux pi\u00e8ces structurelles et a\u00e9rospatiales.<\/p><p><strong>5. Cuivre et alliages de cuivre:<\/strong> Cuivre pur, CuCrZr<br \/>\u2192 Excellente conductivit\u00e9 thermique et \u00e9lectrique, utilis\u00e9 pour les dissipateurs thermiques et les \u00e9lectrodes.<\/p><p><strong>6. M\u00e9taux sp\u00e9ciaux et alliages sp\u00e9ciaux:<\/strong> Tungst\u00e8ne, molybd\u00e8ne, tantale, niobium<br \/>\u2192 Pour les environnements extr\u00eames impliquant une temp\u00e9rature, une densit\u00e9 et une r\u00e9sistance \u00e0 la corrosion \u00e9lev\u00e9es.<\/p><p><img decoding=\"async\" style=\"width : 300px ; margin : 20px 0 ;\" src=\"https:\/\/ulpmat.com\/wp-content\/uploads\/2025\/06\/Spherical-powder-1_W_1920px-300x237.webp\" alt=\"Poudre sph\u00e9rique pour l'impression 3D\" \/><\/p><p style=\"font-weight : bold ; font-size : 18px ; color : #0e58cf ;\">Exigences cl\u00e9s en mati\u00e8re de rendement<\/p><ul><li>\u2714\ufe0f sph\u00e9ricit\u00e9 \u00e9lev\u00e9e pour un \u00e9coulement fluide et la stratification de la poudre<\/li><li>\u2714\ufe0f distribution granulom\u00e9trique \u00e9troite pour la compatibilit\u00e9 laser\/faisceau \u00e9lectronique<\/li><li>\u2714\ufe0f puret\u00e9 \u00e9lev\u00e9e et faible teneur en oxyg\u00e8ne pour r\u00e9duire les d\u00e9fauts<\/li><li>\u2714\ufe0f densit\u00e9 en vrac et densit\u00e9 de piquage \u00e9lev\u00e9es pour assurer la formation de pi\u00e8ces denses<\/li><li>\u2714\ufe0f excellente capacit\u00e9 d&rsquo;\u00e9coulement pour une impression stable, stable et \u00e0 grande vitesse<\/li><li>\u2714\ufe0f pas de particules creuses\/satellites pour une qualit\u00e9 constante et une efficacit\u00e9 d&rsquo;utilisation<\/li><\/ul><p><img decoding=\"async\" style=\"width : 300px ; margin : 20px 0 ;\" src=\"https:\/\/ulpmat.com\/wp-content\/uploads\/2025\/06\/LLZO-Powder_W_1920px-300x300.webp\" alt=\"Microstructure de la poudre sph\u00e9rique\" \/><\/p><p style=\"font-weight : bold ; font-size : 18px ; color : #0e58cf ;\">Zones d&rsquo;application<\/p><ul style=\"line-height : 1.8 ;\"><li><strong>A\u00e9rospatiale:<\/strong> Composants structurels, pales de turbines et supports n\u00e9cessitant un poids l\u00e9ger et une r\u00e9sistance \u00e9lev\u00e9e.<\/li><li><strong>Dispositifs m\u00e9dicaux:<\/strong> <a href=\"https:\/\/en.wikipedia.org\/wiki\/List_of_orthopedic_implants#:~:text=An%20orthopedic%20implant%20is%20a,acts%20as%20an%20artificial%20cartilage.\" target=\"_blank\" rel=\"noopener\">Implants orthop\u00e9diques<\/a> et pi\u00e8ces dentaires fabriqu\u00e9es \u00e0 partir d&rsquo;alliages de titane ou de poudres d&rsquo;acier inoxydable pour la biocompatibilit\u00e9 et l&rsquo;ajustement sur mesure.<\/li><li><strong>Automobile:<\/strong> Pi\u00e8ces structurelles l\u00e9g\u00e8res, \u00e9changeurs de chaleur et outillage complexe pour am\u00e9liorer l&rsquo;efficacit\u00e9.<\/li><li><strong>\u00c9nergie et \u00e9quipement industriel:<\/strong> Pi\u00e8ces en alliage \u00e0 haute temp\u00e9rature utilis\u00e9es dans les secteurs du nucl\u00e9aire, du p\u00e9trole et du gaz et de la production d&rsquo;\u00e9nergie.<\/li><li><strong>\u00c9lectronique et syst\u00e8mes thermiques:<\/strong> Poudre de cuivre utilis\u00e9e pour les dissipateurs de chaleur imprim\u00e9s en 3D et les composants thermoconducteurs.<\/li><\/ul><p style=\"font-weight : bold ; font-size : 18px ; color : #0e58cf ;\">Pourquoi la poudre sph\u00e9rique est importante pour la fabrication additive<\/p><p>Lorsque la fabrication additive passe du prototypage \u00e0 la production de masse, la qualit\u00e9 de la poudre sph\u00e9rique d&rsquo;impression 3D a un impact direct sur la pr\u00e9cision, la r\u00e9sistance et la r\u00e9p\u00e9tabilit\u00e9 des pi\u00e8ces. La stabilit\u00e9, l&rsquo;uniformit\u00e9 de la composition et la propret\u00e9 de la microstructure sont essentielles pour obtenir des r\u00e9sultats constants et performants.<\/p><p style=\"font-weight : bold ; font-size : 18px ; color : #0e58cf ;\">Choisissez <span style=\"color : #000 ;\">ULPMAT<\/span>, choisissez la fiabilit\u00e9<\/p><ul style=\"line-height : 1.8 ;\"><li>\u2705 <strong>Haute puret\u00e9 &#038;amp ; Sph\u00e9ricit\u00e9:<\/strong> Production de qualit\u00e9 personnalis\u00e9e pour les applications exigeantes<\/li><li>\u2705 <strong>Taille de particule personnalis\u00e9e:<\/strong> Compatible avec SLM, DED, EBM, et les syst\u00e8mes de jet de liant<\/li><li>\u2705 <strong>Approvisionnement constant en lots :<\/strong> Logistique fiable et contr\u00f4le qualit\u00e9 strict pour chaque lot<\/li><li>\u2705 <strong>Support d&rsquo;application:<\/strong> Support technique expert pour l&rsquo;optimisation des param\u00e8tres<\/li><\/ul><p>\ud83d\udce9 <a href=\"https:\/\/ulpmat.com\/fr\/contactez-nous\/\"><strong>Contactez-nous<\/strong><\/a> pour demander des \u00e9chantillons ou discuter de vos besoins d&rsquo;impression. Laissez-nous vous aider \u00e0 franchir la prochaine \u00e9tape de la fabrication additive.<\/p>\t\t\t\t\t\t\t\t<\/div>\n\t\t\t\t<\/div>\n\t\t\t\t<\/div>\n\t\t<div class=\"elementor-element elementor-element-6aec947 e-con-full e-flex e-con e-child\" data-id=\"6aec947\" data-element_type=\"container\" data-e-type=\"container\" data-settings=\"{&quot;background_background&quot;:&quot;classic&quot;}\">\n\t\t\t\t<div class=\"elementor-element elementor-element-f291b8d elementor-widget elementor-widget-heading\" data-id=\"f291b8d\" data-element_type=\"widget\" data-e-type=\"widget\" data-widget_type=\"heading.default\">\n\t\t\t\t<div class=\"elementor-widget-container\">\n\t\t\t\t\t<h2 class=\"elementor-heading-title elementor-size-default\">Contactez nous<\/h2>\t\t\t\t<\/div>\n\t\t\t\t<\/div>\n\t\t\t\t<div class=\"elementor-element elementor-element-c43c1eb elementor-button-align-stretch elementor-widget elementor-widget-global elementor-global-13310 elementor-global-130 elementor-widget-form\" data-id=\"c43c1eb\" data-element_type=\"widget\" data-e-type=\"widget\" data-settings=\"{&quot;step_next_label&quot;:&quot;Suivant&quot;,&quot;step_previous_label&quot;:&quot;Pr\\u00e9c\\u00e9dent&quot;,&quot;button_width&quot;:&quot;100&quot;,&quot;step_type&quot;:&quot;number_text&quot;,&quot;step_icon_shape&quot;:&quot;circle&quot;}\" data-widget_type=\"form.default\">\n\t\t\t\t<div class=\"elementor-widget-container\">\n\t\t\t\t\t\t\t<form class=\"elementor-form\" method=\"post\" name=\"Formulaire de contact\" aria-label=\"Formulaire de contact\">\n\t\t\t<input type=\"hidden\" name=\"post_id\" value=\"9249\"\/>\n\t\t\t<input type=\"hidden\" name=\"form_id\" value=\"c43c1eb\"\/>\n\t\t\t<input type=\"hidden\" name=\"referer_title\" value=\"\" \/>\n\n\t\t\t\n\t\t\t<div class=\"elementor-form-fields-wrapper elementor-labels-above\">\n\t\t\t\t\t\t\t\t<div class=\"elementor-field-type-hidden elementor-field-group elementor-column elementor-field-group-p_image elementor-col-100\">\n\t\t\t\t\t\t\t\t\t\t\t\t\t<input size=\"1\" type=\"hidden\" name=\"form_fields[p_image]\" id=\"form-field-p_image\" class=\"elementor-field elementor-size-sm  elementor-field-textual\" value=\"&lt;img src=&quot;[field id=&quot;p_image&quot;]&quot; style=&quot;max-width:200px;max-height:200px&quot;&gt;\">\n\t\t\t\t\t\t\t\t\t\t\t<\/div>\n\t\t\t\t\t\t\t\t<div class=\"elementor-field-type-hidden elementor-field-group elementor-column elementor-field-group-p_name elementor-col-100\">\n\t\t\t\t\t\t\t\t\t\t\t\t\t<input size=\"1\" type=\"hidden\" name=\"form_fields[p_name]\" id=\"form-field-p_name\" class=\"elementor-field elementor-size-sm  elementor-field-textual\" value=\"&lt;img src=&quot;[field id=&quot;p_image&quot;]&quot; style=&quot;max-width:200px;max-height:200px&quot;&gt;\">\n\t\t\t\t\t\t\t\t\t\t\t<\/div>\n\t\t\t\t\t\t\t\t<div class=\"elementor-field-type-hidden elementor-field-group elementor-column elementor-field-group-p_purity elementor-col-100\">\n\t\t\t\t\t\t\t\t\t\t\t\t\t<input size=\"1\" type=\"hidden\" name=\"form_fields[p_purity]\" id=\"form-field-p_purity\" class=\"elementor-field elementor-size-sm  elementor-field-textual\">\n\t\t\t\t\t\t\t\t\t\t\t<\/div>\n\t\t\t\t\t\t\t\t<div class=\"elementor-field-type-hidden elementor-field-group elementor-column elementor-field-group-p_dimension elementor-col-100\">\n\t\t\t\t\t\t\t\t\t\t\t\t\t<input size=\"1\" type=\"hidden\" name=\"form_fields[p_dimension]\" id=\"form-field-p_dimension\" class=\"elementor-field elementor-size-sm  elementor-field-textual\">\n\t\t\t\t\t\t\t\t\t\t\t<\/div>\n\t\t\t\t\t\t\t\t<div class=\"elementor-field-type-text elementor-field-group elementor-column elementor-field-group-name elementor-col-50 elementor-field-required elementor-mark-required\">\n\t\t\t\t\t\t\t\t\t\t\t\t<label for=\"form-field-name\" class=\"elementor-field-label\">\n\t\t\t\t\t\t\t\tNom\t\t\t\t\t\t\t<\/label>\n\t\t\t\t\t\t\t\t\t\t\t\t\t\t<input size=\"1\" type=\"text\" name=\"form_fields[name]\" id=\"form-field-name\" class=\"elementor-field elementor-size-sm  elementor-field-textual\" required=\"required\">\n\t\t\t\t\t\t\t\t\t\t\t<\/div>\n\t\t\t\t\t\t\t\t<div class=\"elementor-field-type-email elementor-field-group elementor-column elementor-field-group-email elementor-col-50 elementor-field-required elementor-mark-required\">\n\t\t\t\t\t\t\t\t\t\t\t\t<label for=\"form-field-email\" class=\"elementor-field-label\">\n\t\t\t\t\t\t\t\tCourriel\t\t\t\t\t\t\t<\/label>\n\t\t\t\t\t\t\t\t\t\t\t\t\t\t<input size=\"1\" type=\"email\" name=\"form_fields[email]\" id=\"form-field-email\" class=\"elementor-field elementor-size-sm  elementor-field-textual\" required=\"required\">\n\t\t\t\t\t\t\t\t\t\t\t<\/div>\n\t\t\t\t\t\t\t\t<div class=\"elementor-field-type-tel elementor-field-group elementor-column elementor-field-group-tel elementor-col-50\">\n\t\t\t\t\t\t\t\t\t\t\t\t<label for=\"form-field-tel\" class=\"elementor-field-label\">\n\t\t\t\t\t\t\t\tT\u00e9l\u00e9phone\t\t\t\t\t\t\t<\/label>\n\t\t\t\t\t\t\t\t<input size=\"1\" type=\"tel\" name=\"form_fields[tel]\" id=\"form-field-tel\" class=\"elementor-field elementor-size-sm  elementor-field-textual\" pattern=\"[0-9()#&amp;+*-=.]+\" title=\"Seuls les caract\u00e8res de num\u00e9ros de t\u00e9l\u00e9phone (#, -, *, etc.) sont accept\u00e9s.\">\n\n\t\t\t\t\t\t<\/div>\n\t\t\t\t\t\t\t\t<div class=\"elementor-field-type-text elementor-field-group elementor-column elementor-field-group-country elementor-col-50\">\n\t\t\t\t\t\t\t\t\t\t\t\t<label for=\"form-field-country\" class=\"elementor-field-label\">\n\t\t\t\t\t\t\t\tPays\t\t\t\t\t\t\t<\/label>\n\t\t\t\t\t\t\t\t\t\t\t\t\t\t<input size=\"1\" type=\"text\" name=\"form_fields[country]\" id=\"form-field-country\" class=\"elementor-field elementor-size-sm  elementor-field-textual\">\n\t\t\t\t\t\t\t\t\t\t\t<\/div>\n\t\t\t\t\t\t\t\t<div class=\"elementor-field-type-text elementor-field-group elementor-column elementor-field-group-company elementor-col-100\">\n\t\t\t\t\t\t\t\t\t\t\t\t<label for=\"form-field-company\" class=\"elementor-field-label\">\n\t\t\t\t\t\t\t\tEntreprise\t\t\t\t\t\t\t<\/label>\n\t\t\t\t\t\t\t\t\t\t\t\t\t\t<input size=\"1\" type=\"text\" name=\"form_fields[company]\" id=\"form-field-company\" class=\"elementor-field elementor-size-sm  elementor-field-textual\">\n\t\t\t\t\t\t\t\t\t\t\t<\/div>\n\t\t\t\t\t\t\t\t<div class=\"elementor-field-type-textarea elementor-field-group elementor-column elementor-field-group-message elementor-col-100 elementor-field-required elementor-mark-required\">\n\t\t\t\t\t\t\t\t\t\t\t\t<label for=\"form-field-message\" class=\"elementor-field-label\">\n\t\t\t\t\t\t\t\tMessage\t\t\t\t\t\t\t<\/label>\n\t\t\t\t\t\t<textarea class=\"elementor-field-textual elementor-field  elementor-size-sm\" name=\"form_fields[message]\" id=\"form-field-message\" rows=\"4\" required=\"required\"><\/textarea>\t\t\t\t<\/div>\n\t\t\t\t\t\t\t\t<div class=\"elementor-field-group elementor-column elementor-field-type-submit elementor-col-100 e-form__buttons\">\n\t\t\t\t\t<button class=\"elementor-button elementor-size-sm\" type=\"submit\">\n\t\t\t\t\t\t<span class=\"elementor-button-content-wrapper\">\n\t\t\t\t\t\t\t\t\t\t\t\t\t\t\t\t\t\t\t\t\t\t<span class=\"elementor-button-text\">Soumettre<\/span>\n\t\t\t\t\t\t\t\t\t\t\t\t\t<\/span>\n\t\t\t\t\t<\/button>\n\t\t\t\t<\/div>\n\t\t\t<\/div>\n\t\t<\/form>\n\t\t\t\t\t\t<\/div>\n\t\t\t\t<\/div>\n\t\t\t\t<div class=\"elementor-element elementor-element-0ae7787 elementor-widget elementor-widget-heading\" data-id=\"0ae7787\" data-element_type=\"widget\" data-e-type=\"widget\" data-widget_type=\"heading.default\">\n\t\t\t\t<div class=\"elementor-widget-container\">\n\t\t\t\t\t<h2 class=\"elementor-heading-title elementor-size-default\">Plus d'informations<\/h2>\t\t\t\t<\/div>\n\t\t\t\t<\/div>\n\t\t\t\t<div class=\"elementor-element elementor-element-d311fbc elementor-icon-list--layout-traditional elementor-list-item-link-full_width elementor-widget elementor-widget-icon-list\" data-id=\"d311fbc\" data-element_type=\"widget\" data-e-type=\"widget\" data-widget_type=\"icon-list.default\">\n\t\t\t\t<div class=\"elementor-widget-container\">\n\t\t\t\t\t\t\t<ul class=\"elementor-icon-list-items\">\n\t\t\t\t\t\t\t<li class=\"elementor-icon-list-item\">\n\t\t\t\t\t\t\t\t\t\t\t<a href=\"tel:+862988993870\">\n\n\t\t\t\t\t\t\t\t\t\t\t\t<span class=\"elementor-icon-list-icon\">\n\t\t\t\t\t\t\t<svg aria-hidden=\"true\" class=\"e-font-icon-svg e-fas-mobile-alt\" viewBox=\"0 0 320 512\" xmlns=\"http:\/\/www.w3.org\/2000\/svg\"><path d=\"M272 0H48C21.5 0 0 21.5 0 48v416c0 26.5 21.5 48 48 48h224c26.5 0 48-21.5 48-48V48c0-26.5-21.5-48-48-48zM160 480c-17.7 0-32-14.3-32-32s14.3-32 32-32 32 14.3 32 32-14.3 32-32 32zm112-108c0 6.6-5.4 12-12 12H60c-6.6 0-12-5.4-12-12V60c0-6.6 5.4-12 12-12h200c6.6 0 12 5.4 12 12v312z\"><\/path><\/svg>\t\t\t\t\t\t<\/span>\n\t\t\t\t\t\t\t\t\t\t<span class=\"elementor-icon-list-text\"><b>PHONE\uff1a<\/b>+86-29-88993870<\/span>\n\t\t\t\t\t\t\t\t\t\t\t<\/a>\n\t\t\t\t\t\t\t\t\t<\/li>\n\t\t\t\t\t\t\t\t<li class=\"elementor-icon-list-item\">\n\t\t\t\t\t\t\t\t\t\t\t<a href=\"tel:+8618291498609\">\n\n\t\t\t\t\t\t\t\t\t\t\t\t<span class=\"elementor-icon-list-icon\">\n\t\t\t\t\t\t\t<svg aria-hidden=\"true\" class=\"e-font-icon-svg e-fab-whatsapp\" viewBox=\"0 0 448 512\" xmlns=\"http:\/\/www.w3.org\/2000\/svg\"><path d=\"M380.9 97.1C339 55.1 283.2 32 223.9 32c-122.4 0-222 99.6-222 222 0 39.1 10.2 77.3 29.6 111L0 480l117.7-30.9c32.4 17.7 68.9 27 106.1 27h.1c122.3 0 224.1-99.6 224.1-222 0-59.3-25.2-115-67.1-157zm-157 341.6c-33.2 0-65.7-8.9-94-25.7l-6.7-4-69.8 18.3L72 359.2l-4.4-7c-18.5-29.4-28.2-63.3-28.2-98.2 0-101.7 82.8-184.5 184.6-184.5 49.3 0 95.6 19.2 130.4 54.1 34.8 34.9 56.2 81.2 56.1 130.5 0 101.8-84.9 184.6-186.6 184.6zm101.2-138.2c-5.5-2.8-32.8-16.2-37.9-18-5.1-1.9-8.8-2.8-12.5 2.8-3.7 5.6-14.3 18-17.6 21.8-3.2 3.7-6.5 4.2-12 1.4-32.6-16.3-54-29.1-75.5-66-5.7-9.8 5.7-9.1 16.3-30.3 1.8-3.7.9-6.9-.5-9.7-1.4-2.8-12.5-30.1-17.1-41.2-4.5-10.8-9.1-9.3-12.5-9.5-3.2-.2-6.9-.2-10.6-.2-3.7 0-9.7 1.4-14.8 6.9-5.1 5.6-19.4 19-19.4 46.3 0 27.3 19.9 53.7 22.6 57.4 2.8 3.7 39.1 59.7 94.8 83.8 35.2 15.2 49 16.5 66.6 13.9 10.7-1.6 32.8-13.4 37.4-26.4 4.6-13 4.6-24.1 3.2-26.4-1.3-2.5-5-3.9-10.5-6.6z\"><\/path><\/svg>\t\t\t\t\t\t<\/span>\n\t\t\t\t\t\t\t\t\t\t<span class=\"elementor-icon-list-text\"><b>WHATSAPP\uff1a<\/b>+8618291498609<\/span>\n\t\t\t\t\t\t\t\t\t\t\t<\/a>\n\t\t\t\t\t\t\t\t\t<\/li>\n\t\t\t\t\t\t\t\t<li class=\"elementor-icon-list-item\">\n\t\t\t\t\t\t\t\t\t\t\t<a href=\"mailto:sales@funcmater.com\">\n\n\t\t\t\t\t\t\t\t\t\t\t\t<span class=\"elementor-icon-list-icon\">\n\t\t\t\t\t\t\t<svg aria-hidden=\"true\" class=\"e-font-icon-svg e-far-envelope\" viewBox=\"0 0 512 512\" xmlns=\"http:\/\/www.w3.org\/2000\/svg\"><path d=\"M464 64H48C21.49 64 0 85.49 0 112v288c0 26.51 21.49 48 48 48h416c26.51 0 48-21.49 48-48V112c0-26.51-21.49-48-48-48zm0 48v40.805c-22.422 18.259-58.168 46.651-134.587 106.49-16.841 13.247-50.201 45.072-73.413 44.701-23.208.375-56.579-31.459-73.413-44.701C106.18 199.465 70.425 171.067 48 152.805V112h416zM48 400V214.398c22.914 18.251 55.409 43.862 104.938 82.646 21.857 17.205 60.134 55.186 103.062 54.955 42.717.231 80.509-37.199 103.053-54.947 49.528-38.783 82.032-64.401 104.947-82.653V400H48z\"><\/path><\/svg>\t\t\t\t\t\t<\/span>\n\t\t\t\t\t\t\t\t\t\t<span class=\"elementor-icon-list-text\"><b>E-MAIL\uff1a<\/b>sales@funcmater.com<\/span>\n\t\t\t\t\t\t\t\t\t\t\t<\/a>\n\t\t\t\t\t\t\t\t\t<\/li>\n\t\t\t\t\t\t\t\t<li class=\"elementor-icon-list-item\">\n\t\t\t\t\t\t\t\t\t\t\t<span class=\"elementor-icon-list-icon\">\n\t\t\t\t\t\t\t<svg aria-hidden=\"true\" class=\"e-font-icon-svg e-fas-map-marker-alt\" viewBox=\"0 0 384 512\" xmlns=\"http:\/\/www.w3.org\/2000\/svg\"><path d=\"M172.268 501.67C26.97 291.031 0 269.413 0 192 0 85.961 85.961 0 192 0s192 85.961 192 192c0 77.413-26.97 99.031-172.268 309.67-9.535 13.774-29.93 13.773-39.464 0zM192 272c44.183 0 80-35.817 80-80s-35.817-80-80-80-80 35.817-80 80 35.817 80 80 80z\"><\/path><\/svg>\t\t\t\t\t\t<\/span>\n\t\t\t\t\t\t\t\t\t\t<span class=\"elementor-icon-list-text\"><b>ADRESSE\uff1a<\/b>A11, 5th Floor, Building 5, Digital China Xi'an Science Park, No. 20 Zhangba 4th Road, High-tech Zone, Xi'an, Shaanxi, Chine.  <\/span>\n\t\t\t\t\t\t\t\t\t<\/li>\n\t\t\t\t\t\t<\/ul>\n\t\t\t\t\t\t<\/div>\n\t\t\t\t<\/div>\n\t\t\t\t<\/div>\n\t\t\t\t\t<\/div>\n\t\t\t\t<\/div>\n\t\t\t\t<\/div>\n\t\t","protected":false},"excerpt":{"rendered":"<p>Impression 3D Fabrication additive de pr\u00e9cision La fabrication additive de pr\u00e9cision Impression 3D Poudres sph\u00e9riques haute performance pour la fabrication additive La poudre sph\u00e9rique pour l&rsquo;impression 3D, \u00e9galement connue sous le nom de Poudres sph\u00e9riques pour la fabrication additive (SPM), d\u00e9signe des poudres de m\u00e9tal ou d&rsquo;alliage haute fluidit\u00e9 et haute puret\u00e9 dot\u00e9es d&rsquo;excellentes propri\u00e9t\u00e9s [&hellip;]<\/p>\n","protected":false},"author":2,"featured_media":0,"parent":7833,"menu_order":0,"comment_status":"closed","ping_status":"closed","template":"","meta":{"_acf_changed":false,"footnotes":""},"class_list":["post-9249","page","type-page","status-publish","hentry"],"acf":[],"_links":{"self":[{"href":"https:\/\/ulpmat.com\/fr\/wp-json\/wp\/v2\/pages\/9249","targetHints":{"allow":["GET"]}}],"collection":[{"href":"https:\/\/ulpmat.com\/fr\/wp-json\/wp\/v2\/pages"}],"about":[{"href":"https:\/\/ulpmat.com\/fr\/wp-json\/wp\/v2\/types\/page"}],"author":[{"embeddable":true,"href":"https:\/\/ulpmat.com\/fr\/wp-json\/wp\/v2\/users\/2"}],"replies":[{"embeddable":true,"href":"https:\/\/ulpmat.com\/fr\/wp-json\/wp\/v2\/comments?post=9249"}],"version-history":[{"count":3,"href":"https:\/\/ulpmat.com\/fr\/wp-json\/wp\/v2\/pages\/9249\/revisions"}],"predecessor-version":[{"id":12950,"href":"https:\/\/ulpmat.com\/fr\/wp-json\/wp\/v2\/pages\/9249\/revisions\/12950"}],"up":[{"embeddable":true,"href":"https:\/\/ulpmat.com\/fr\/wp-json\/wp\/v2\/pages\/7833"}],"wp:attachment":[{"href":"https:\/\/ulpmat.com\/fr\/wp-json\/wp\/v2\/media?parent=9249"}],"curies":[{"name":"wp","href":"https:\/\/api.w.org\/{rel}","templated":true}]}}