{"id":9152,"date":"2025-06-09T13:22:16","date_gmt":"2025-06-09T05:22:16","guid":{"rendered":"https:\/\/ulpmat.com\/candidature\/solaire-photovoltaique\/"},"modified":"2025-11-19T17:20:01","modified_gmt":"2025-11-19T09:20:01","slug":"solaire-photovoltaique","status":"publish","type":"page","link":"https:\/\/ulpmat.com\/fr\/candidature\/solaire-photovoltaique\/","title":{"rendered":"Solaire photovolta\u00efque"},"content":{"rendered":"\t\t<div data-elementor-type=\"wp-page\" data-elementor-id=\"9152\" class=\"elementor elementor-9152 elementor-1051\" data-elementor-post-type=\"page\">\n\t\t\t\t<div class=\"elementor-element elementor-element-f262791 e-flex e-con-boxed e-con e-parent\" data-id=\"f262791\" data-element_type=\"container\" data-e-type=\"container\">\n\t\t\t\t\t<div class=\"e-con-inner\">\n\t\t<div class=\"elementor-element elementor-element-e1ff56c e-con-full e-flex e-con e-child\" data-id=\"e1ff56c\" data-element_type=\"container\" data-e-type=\"container\" data-settings=\"{&quot;background_background&quot;:&quot;classic&quot;}\">\n\t\t\t\t<div class=\"elementor-element elementor-element-6deeb0f elementor-widget elementor-widget-heading\" data-id=\"6deeb0f\" data-element_type=\"widget\" data-e-type=\"widget\" data-widget_type=\"heading.default\">\n\t\t\t\t<div class=\"elementor-widget-container\">\n\t\t\t\t\t<h1 class=\"elementor-heading-title elementor-size-default\">Solaire photovolta\u00efque<\/h1>\t\t\t\t<\/div>\n\t\t\t\t<\/div>\n\t\t\t\t<div class=\"elementor-element elementor-element-9481ca2 elementor-widget elementor-widget-text-editor\" data-id=\"9481ca2\" data-element_type=\"widget\" data-e-type=\"widget\" data-widget_type=\"text-editor.default\">\n\t\t\t\t<div class=\"elementor-widget-container\">\n\t\t\t\t\t\t\t\t\t<\/p> <p>Alimenter l&rsquo;avenir avec des solutions solaires avanc\u00e9es<\/p> <p>Les solutions solaires de pointe\t\t\t\t\t\t\t\t<\/div>\n\t\t\t\t<\/div>\n\t\t\t\t<\/div>\n\t\t\t\t\t<\/div>\n\t\t\t\t<\/div>\n\t\t<div class=\"elementor-element elementor-element-733cefd e-flex e-con-boxed e-con e-parent\" data-id=\"733cefd\" data-element_type=\"container\" data-e-type=\"container\">\n\t\t\t\t\t<div class=\"e-con-inner\">\n\t\t<div class=\"elementor-element elementor-element-2f387db e-con-full e-flex e-con e-child\" data-id=\"2f387db\" data-element_type=\"container\" data-e-type=\"container\" data-settings=\"{&quot;background_background&quot;:&quot;classic&quot;}\">\n\t\t\t\t<div class=\"elementor-element elementor-element-ae2685e elementor-widget elementor-widget-text-editor\" data-id=\"ae2685e\" data-element_type=\"widget\" data-e-type=\"widget\" data-widget_type=\"text-editor.default\">\n\t\t\t\t<div class=\"elementor-widget-container\">\n\t\t\t\t\t\t\t\t\t<p style=\"font-weight : bold ; font-size : 20px ; color : #0e58cf ;\">Mat\u00e9riaux solaires photovolta\u00efques (PV) Aper\u00e7u<\/p> <p>Les mat\u00e9riaux photovolta\u00efques sont au c\u0153ur des cellules solaires.\n<\/p> <p>Les mat\u00e9riaux photovolta\u00efques sont au c\u0153ur des cellules solaires, permettant la conversion directe de la lumi\u00e8re du soleil en \u00e9lectricit\u00e9 gr\u00e2ce \u00e0 l&rsquo;effet photovolta\u00efque. Alors que la demande mondiale d&rsquo;\u00e9nergie propre augmente, les mat\u00e9riaux photovolta\u00efques avanc\u00e9s jouent un r\u00f4le essentiel dans l&rsquo;am\u00e9lioration de l&rsquo;efficacit\u00e9 de la conversion, de la durabilit\u00e9 et de l&rsquo;\u00e9volutivit\u00e9.<\/p> <p>Les mat\u00e9riaux photovolta\u00efques sont au c\u0153ur des cellules solaires.\n\n<p><strong>Comment fonctionnent les mat\u00e9riaux photovolta\u00efques<\/strong><\/p> <p>Lorsque la lumi\u00e8re du soleil frappe les panneaux photovolta\u00efques, ces derniers se transforment en \u00e9lectricit\u00e9.\n<Lorsque la lumi\u00e8re du soleil frappe une cellule solaire, les photons excitent les \u00e9lectrons dans le silicium de type P et de type N, formant des paires \u00e9lectron-trou. Ces porteurs de charge sont ensuite collect\u00e9s pour produire de l'\u00e9lectricit\u00e9. L'efficacit\u00e9 de ce processus d\u00e9pend fortement des mat\u00e9riaux utilis\u00e9s.\n\n\n<p style=\"font-weight : bold ; color : #0e58cf ;\">Types de mat\u00e9riaux photovolta\u00efques<\/p> <p>\n\n<p><strong>Mat\u00e9riaux photovolta\u00efques \u00e0 base de silicium<\/strong><\/p> <p>Les mat\u00e9riaux photovolta\u00efques \u00e0 base de silicium<\/strong><p>.\n<ul>\n  <li>Silicium monocristallin (Mono-Si)<\/li>\n  <li>Silicium polycristallin (Poly-Si)<\/li>\n  <li>Silicium amorphe (a-Si)<\/li>\n<\/ul>\n\n<img decoding=\"async\" src=\"https:\/\/ulpmat.com\/wp-content\/uploads\/2025\/06\/In2S3-Target-_W_1920px-300x300.webp\" alt=\"In2S3 Target\" style=\"width:300px ; display:block ; margin-bottom:20px ;\" \/>\n\n<p><strong>Mat\u00e9riaux photovolta\u00efques en couches minces compos\u00e9es<\/strong><\/p> <p>Les mat\u00e9riaux photovolta\u00efques en couches minces compos\u00e9es\n<ul>\n  <li>S\u00e9l\u00e9niure de cuivre, d&rsquo;indium et de gallium (CIGS)<\/li>\n  <li>Telluride de Cadmium (CdTe)<\/li>\n<\/ul>\n\n<p><strong>Mat\u00e9riaux photovolta\u00efques en p\u00e9rovskite<\/strong><\/p> <p>Il existe des mat\u00e9riaux photovolta\u00efques en p\u00e9rovskite.\n<ul>\n  <li>Iodure de c\u00e9sium et de plomb (CsPbI<sub>3<\/sub>) et autres p\u00e9rovskites inorganiques<\/li>\n<\/ul>\n\n<p><strong>Mat\u00e9riaux conducteurs \u00e0 couche mince (TCO)<\/strong><\/p> <p>Mat\u00e9riaux conducteurs \u00e0 couche mince (TCO)<\/strong><\/p> <p>Mat\u00e9riaux conducteurs \u00e0 couche mince (TCO)\n<ul>\n  <li>Oxyde d&rsquo;\u00e9tain et d&rsquo;indium (ITO)<\/li>\n  <li>Oxyde d&rsquo;\u00e9tain dop\u00e9 au fluor (FTO)<\/li>\n  <li>Oxyde de zinc dop\u00e9 \u00e0 l&rsquo;aluminium (AZO)<\/li>\n<\/ul>\n\n<img decoding=\"async\" src=\"https:\/\/ulpmat.com\/wp-content\/uploads\/2025\/06\/CZTS-Target_W_1920px-300x300.webp\" alt=\"CZTS Target\" style=\"width:300px ; display:block ; margin-bottom:20px ;\" \/>\n\n<p><strong>Mat\u00e9riaux d&rsquo;enrobage et de dopage<\/strong><\/p> <p>Mat\u00e9riaux d&rsquo;enrobage et de dopage\n<ul>\n  <li><strong>Rev\u00eatement:<\/strong> SiO<sub>2<\/sub>, Al<sub>2<\/sub>O<sub>3<\/sub>, TiO<sub>2<\/sub>, MgF<sub>2<\/sub><\/li>\n  <li><strong>Dopage:<\/strong> Phosphore (P), Bore (B), Argent (Ag), Lithium (Li), Sodium (Na)<\/li>\n<\/ul>\n\n\n<p style=\"font-weight : bold ; color : #0e58cf ;\">Vaste gamme d&rsquo;options de mat\u00e9riaux photovolta\u00efques<\/p> <p>Nous proposons des mat\u00e9riaux personnalis\u00e9s et des mat\u00e9riaux de haute qualit\u00e9.\n<\/p> <p>Nous proposons des mat\u00e9riaux personnalis\u00e9s et de qualit\u00e9 standard, notamment :<\/p> <p>Les mat\u00e9riaux de qualit\u00e9 standard sont des mat\u00e9riaux de qualit\u00e9 sup\u00e9rieure.\n<ul style=\"columns:2 ;\">\n  <li>Silicium monocristallin (c-Si)<\/li>\n  <li>Silicium polycristallin (Poly-Si)<\/li>\n  <li>Silicium amorphe (a-Si)<\/li>\n  <li>AZO, CdTe, CdSe, CdS, CdZnTe<\/li>\n  <li>CsPbI<sub>3<\/sub>, CsPbBr<sub>3<\/sub><\/li>\n  <li>CIGS, CuInSe<sub>2<\/sub>, CZTS<\/li>\n  <li>GaAs, InP, In<sub>2<\/sub>S<sub>3<\/sub>, ITO<\/li>\n  <li>ZnS, CdWO<sub>4<\/sub>, Cd<sub>2<\/sub>SnO<sub>4<\/sub><\/li>\n<\/ul>\n\n<img decoding=\"async\" src=\"https:\/\/ulpmat.com\/wp-content\/uploads\/2025\/06\/ITO-Pellets-Granules_W_1920px-300x238.webp\" alt=\"ITO Pellets\" style=\"width:300px ; display:block ; margin-bottom:20px ;\" \/>\n\n\n<p style=\"font-weight : bold ; color : #0e58cf ;\">Propri\u00e9t\u00e9s cl\u00e9s des mat\u00e9riaux photovolta\u00efques<\/p> <p style=\"text-align : justify ;\">Mat\u00e9riaux photovolta\u00efques\n<ol style=\"line-height:1.6 ;\">\n  <li><strong>\u00c9nergie de bande interdite :<\/strong> Plage id\u00e9ale : 1,1-1,6 eV, permettant un rendement \u00e9lev\u00e9 de conversion solaire.<\/li>\n  <li><strong>Coefficient d&rsquo;absorption:<\/strong> Un coefficient plus \u00e9lev\u00e9 permet d&rsquo;obtenir des films plus fins et un co\u00fbt plus faible.<\/li>\n  <li><strong>Dur\u00e9e de vie des porteurs:<\/strong> Une dur\u00e9e de vie plus longue am\u00e9liore la collecte des charges et l&rsquo;efficacit\u00e9.<\/li>\n  <li><strong>Mobilit\u00e9 des porteurs :<\/strong> Une mobilit\u00e9 \u00e9lev\u00e9e r\u00e9duit les pertes et augmente la puissance de sortie.<\/li>\n  <li><strong>Tol\u00e9rance aux d\u00e9fauts:<\/strong> Les mat\u00e9riaux plus tol\u00e9rants sont plus faciles \u00e0 produire en masse.<\/li>\n  <li><strong>Stabilit\u00e9 chimique et thermique:<\/strong> Assure la performance et la fiabilit\u00e9 \u00e0 long terme.<\/li>\n  <li><strong>Traitement:<\/strong> Convient \u00e0 la pulv\u00e9risation, \u00e0 l&rsquo;\u00e9vaporation, \u00e0 l&rsquo;impression, etc.<\/li>\n  <li><strong>Respect de l&rsquo;environnement:<\/strong> Pr\u00e9f\u00e9rence pour les mat\u00e9riaux non toxiques et recyclables.<\/li>\n<\/ol>\n\n\n<p style=\"font-weight : bold ; font-size : 18px ; color : #0e58cf ;\">La puissance de votre innovation solaire<\/p> <p>La puissance de l&rsquo;innovation solaire\n<\/p> <p>Du silicium \u00e0 l&rsquo;\u00e9chelle de la plaquette et des cibles CIGS aux nanomat\u00e9riaux et aux encapsulants, ULPMAT est votre partenaire de confiance pour faire progresser les solutions solaires de la prochaine g\u00e9n\u00e9ration.<\/p> <p>La soci\u00e9t\u00e9 ULPMAT est un partenaire de confiance pour faire progresser les solutions solaires de la prochaine g\u00e9n\u00e9ration.\n<\/p><strong>Contactez-nous d\u00e8s aujourd&rsquo;hui<\/strong> pour explorer notre portefeuille complet de mat\u00e9riaux photovolta\u00efques et lib\u00e9rer tout le potentiel de l&rsquo;\u00e9nergie propre.<\/p>\n\t\t\t\t\t\t\t\t<\/div>\n\t\t\t\t<\/div>\n\t\t\t\t<\/div>\n\t\t<div class=\"elementor-element elementor-element-5665a66 e-con-full e-flex e-con e-child\" data-id=\"5665a66\" data-element_type=\"container\" data-e-type=\"container\" data-settings=\"{&quot;background_background&quot;:&quot;classic&quot;}\">\n\t\t\t\t<div class=\"elementor-element elementor-element-844ee58 elementor-widget elementor-widget-heading\" data-id=\"844ee58\" data-element_type=\"widget\" data-e-type=\"widget\" data-widget_type=\"heading.default\">\n\t\t\t\t<div class=\"elementor-widget-container\">\n\t\t\t\t\t<h2 class=\"elementor-heading-title elementor-size-default\">Contactez nous<\/h2>\t\t\t\t<\/div>\n\t\t\t\t<\/div>\n\t\t\t\t<div class=\"elementor-element elementor-element-5bee371 elementor-button-align-stretch elementor-widget elementor-widget-global elementor-global-13310 elementor-global-130 elementor-widget-form\" data-id=\"5bee371\" data-element_type=\"widget\" data-e-type=\"widget\" data-settings=\"{&quot;step_next_label&quot;:&quot;Suivant&quot;,&quot;step_previous_label&quot;:&quot;Pr\\u00e9c\\u00e9dent&quot;,&quot;button_width&quot;:&quot;100&quot;,&quot;step_type&quot;:&quot;number_text&quot;,&quot;step_icon_shape&quot;:&quot;circle&quot;}\" data-widget_type=\"form.default\">\n\t\t\t\t<div class=\"elementor-widget-container\">\n\t\t\t\t\t\t\t<form class=\"elementor-form\" method=\"post\" name=\"Formulaire de contact\" aria-label=\"Formulaire de contact\">\n\t\t\t<input type=\"hidden\" name=\"post_id\" value=\"9152\"\/>\n\t\t\t<input type=\"hidden\" name=\"form_id\" value=\"5bee371\"\/>\n\t\t\t<input type=\"hidden\" name=\"referer_title\" value=\"\" \/>\n\n\t\t\t\n\t\t\t<div class=\"elementor-form-fields-wrapper elementor-labels-above\">\n\t\t\t\t\t\t\t\t<div class=\"elementor-field-type-hidden elementor-field-group elementor-column elementor-field-group-p_image elementor-col-100\">\n\t\t\t\t\t\t\t\t\t\t\t\t\t<input size=\"1\" type=\"hidden\" name=\"form_fields[p_image]\" id=\"form-field-p_image\" class=\"elementor-field elementor-size-sm  elementor-field-textual\" value=\"&lt;img src=&quot;[field id=&quot;p_image&quot;]&quot; style=&quot;max-width:200px;max-height:200px&quot;&gt;\">\n\t\t\t\t\t\t\t\t\t\t\t<\/div>\n\t\t\t\t\t\t\t\t<div class=\"elementor-field-type-hidden elementor-field-group elementor-column elementor-field-group-p_name elementor-col-100\">\n\t\t\t\t\t\t\t\t\t\t\t\t\t<input size=\"1\" type=\"hidden\" name=\"form_fields[p_name]\" id=\"form-field-p_name\" class=\"elementor-field elementor-size-sm  elementor-field-textual\" value=\"&lt;img src=&quot;[field id=&quot;p_image&quot;]&quot; style=&quot;max-width:200px;max-height:200px&quot;&gt;\">\n\t\t\t\t\t\t\t\t\t\t\t<\/div>\n\t\t\t\t\t\t\t\t<div class=\"elementor-field-type-hidden elementor-field-group elementor-column elementor-field-group-p_purity elementor-col-100\">\n\t\t\t\t\t\t\t\t\t\t\t\t\t<input size=\"1\" type=\"hidden\" name=\"form_fields[p_purity]\" id=\"form-field-p_purity\" class=\"elementor-field elementor-size-sm  elementor-field-textual\">\n\t\t\t\t\t\t\t\t\t\t\t<\/div>\n\t\t\t\t\t\t\t\t<div class=\"elementor-field-type-hidden elementor-field-group elementor-column elementor-field-group-p_dimension elementor-col-100\">\n\t\t\t\t\t\t\t\t\t\t\t\t\t<input size=\"1\" type=\"hidden\" name=\"form_fields[p_dimension]\" id=\"form-field-p_dimension\" class=\"elementor-field elementor-size-sm  elementor-field-textual\">\n\t\t\t\t\t\t\t\t\t\t\t<\/div>\n\t\t\t\t\t\t\t\t<div class=\"elementor-field-type-text elementor-field-group elementor-column elementor-field-group-name elementor-col-50 elementor-field-required elementor-mark-required\">\n\t\t\t\t\t\t\t\t\t\t\t\t<label for=\"form-field-name\" class=\"elementor-field-label\">\n\t\t\t\t\t\t\t\tNom\t\t\t\t\t\t\t<\/label>\n\t\t\t\t\t\t\t\t\t\t\t\t\t\t<input size=\"1\" type=\"text\" name=\"form_fields[name]\" id=\"form-field-name\" class=\"elementor-field elementor-size-sm  elementor-field-textual\" required=\"required\">\n\t\t\t\t\t\t\t\t\t\t\t<\/div>\n\t\t\t\t\t\t\t\t<div class=\"elementor-field-type-email elementor-field-group elementor-column elementor-field-group-email elementor-col-50 elementor-field-required elementor-mark-required\">\n\t\t\t\t\t\t\t\t\t\t\t\t<label for=\"form-field-email\" class=\"elementor-field-label\">\n\t\t\t\t\t\t\t\tCourriel\t\t\t\t\t\t\t<\/label>\n\t\t\t\t\t\t\t\t\t\t\t\t\t\t<input size=\"1\" type=\"email\" name=\"form_fields[email]\" id=\"form-field-email\" class=\"elementor-field elementor-size-sm  elementor-field-textual\" required=\"required\">\n\t\t\t\t\t\t\t\t\t\t\t<\/div>\n\t\t\t\t\t\t\t\t<div class=\"elementor-field-type-tel elementor-field-group elementor-column elementor-field-group-tel elementor-col-50\">\n\t\t\t\t\t\t\t\t\t\t\t\t<label for=\"form-field-tel\" class=\"elementor-field-label\">\n\t\t\t\t\t\t\t\tT\u00e9l\u00e9phone\t\t\t\t\t\t\t<\/label>\n\t\t\t\t\t\t\t\t<input size=\"1\" type=\"tel\" name=\"form_fields[tel]\" id=\"form-field-tel\" class=\"elementor-field elementor-size-sm  elementor-field-textual\" pattern=\"[0-9()#&amp;+*-=.]+\" title=\"Seuls les caract\u00e8res de num\u00e9ros de t\u00e9l\u00e9phone (#, -, *, etc.) sont accept\u00e9s.\">\n\n\t\t\t\t\t\t<\/div>\n\t\t\t\t\t\t\t\t<div class=\"elementor-field-type-text elementor-field-group elementor-column elementor-field-group-country elementor-col-50\">\n\t\t\t\t\t\t\t\t\t\t\t\t<label for=\"form-field-country\" class=\"elementor-field-label\">\n\t\t\t\t\t\t\t\tPays\t\t\t\t\t\t\t<\/label>\n\t\t\t\t\t\t\t\t\t\t\t\t\t\t<input size=\"1\" type=\"text\" name=\"form_fields[country]\" id=\"form-field-country\" class=\"elementor-field elementor-size-sm  elementor-field-textual\">\n\t\t\t\t\t\t\t\t\t\t\t<\/div>\n\t\t\t\t\t\t\t\t<div class=\"elementor-field-type-text elementor-field-group elementor-column elementor-field-group-company elementor-col-100\">\n\t\t\t\t\t\t\t\t\t\t\t\t<label for=\"form-field-company\" class=\"elementor-field-label\">\n\t\t\t\t\t\t\t\tEntreprise\t\t\t\t\t\t\t<\/label>\n\t\t\t\t\t\t\t\t\t\t\t\t\t\t<input size=\"1\" type=\"text\" name=\"form_fields[company]\" id=\"form-field-company\" class=\"elementor-field elementor-size-sm  elementor-field-textual\">\n\t\t\t\t\t\t\t\t\t\t\t<\/div>\n\t\t\t\t\t\t\t\t<div class=\"elementor-field-type-textarea elementor-field-group elementor-column elementor-field-group-message elementor-col-100 elementor-field-required elementor-mark-required\">\n\t\t\t\t\t\t\t\t\t\t\t\t<label for=\"form-field-message\" class=\"elementor-field-label\">\n\t\t\t\t\t\t\t\tMessage\t\t\t\t\t\t\t<\/label>\n\t\t\t\t\t\t<textarea class=\"elementor-field-textual elementor-field  elementor-size-sm\" name=\"form_fields[message]\" id=\"form-field-message\" rows=\"4\" required=\"required\"><\/textarea>\t\t\t\t<\/div>\n\t\t\t\t\t\t\t\t<div class=\"elementor-field-group elementor-column elementor-field-type-submit elementor-col-100 e-form__buttons\">\n\t\t\t\t\t<button class=\"elementor-button elementor-size-sm\" type=\"submit\">\n\t\t\t\t\t\t<span class=\"elementor-button-content-wrapper\">\n\t\t\t\t\t\t\t\t\t\t\t\t\t\t\t\t\t\t\t\t\t\t<span class=\"elementor-button-text\">Soumettre<\/span>\n\t\t\t\t\t\t\t\t\t\t\t\t\t<\/span>\n\t\t\t\t\t<\/button>\n\t\t\t\t<\/div>\n\t\t\t<\/div>\n\t\t<\/form>\n\t\t\t\t\t\t<\/div>\n\t\t\t\t<\/div>\n\t\t\t\t<div class=\"elementor-element elementor-element-3d886dc elementor-widget elementor-widget-heading\" data-id=\"3d886dc\" data-element_type=\"widget\" data-e-type=\"widget\" data-widget_type=\"heading.default\">\n\t\t\t\t<div class=\"elementor-widget-container\">\n\t\t\t\t\t<h2 class=\"elementor-heading-title elementor-size-default\">Plus d'informations<\/h2>\t\t\t\t<\/div>\n\t\t\t\t<\/div>\n\t\t\t\t<div class=\"elementor-element elementor-element-98656e3 elementor-icon-list--layout-traditional elementor-list-item-link-full_width elementor-widget elementor-widget-icon-list\" data-id=\"98656e3\" data-element_type=\"widget\" data-e-type=\"widget\" data-widget_type=\"icon-list.default\">\n\t\t\t\t<div class=\"elementor-widget-container\">\n\t\t\t\t\t\t\t<ul class=\"elementor-icon-list-items\">\n\t\t\t\t\t\t\t<li class=\"elementor-icon-list-item\">\n\t\t\t\t\t\t\t\t\t\t\t<a href=\"tel:+862988993870\">\n\n\t\t\t\t\t\t\t\t\t\t\t\t<span class=\"elementor-icon-list-icon\">\n\t\t\t\t\t\t\t<svg aria-hidden=\"true\" class=\"e-font-icon-svg e-fas-mobile-alt\" viewBox=\"0 0 320 512\" xmlns=\"http:\/\/www.w3.org\/2000\/svg\"><path d=\"M272 0H48C21.5 0 0 21.5 0 48v416c0 26.5 21.5 48 48 48h224c26.5 0 48-21.5 48-48V48c0-26.5-21.5-48-48-48zM160 480c-17.7 0-32-14.3-32-32s14.3-32 32-32 32 14.3 32 32-14.3 32-32 32zm112-108c0 6.6-5.4 12-12 12H60c-6.6 0-12-5.4-12-12V60c0-6.6 5.4-12 12-12h200c6.6 0 12 5.4 12 12v312z\"><\/path><\/svg>\t\t\t\t\t\t<\/span>\n\t\t\t\t\t\t\t\t\t\t<span class=\"elementor-icon-list-text\"><b>PHONE\uff1a<\/b>+86-29-88993870<\/span>\n\t\t\t\t\t\t\t\t\t\t\t<\/a>\n\t\t\t\t\t\t\t\t\t<\/li>\n\t\t\t\t\t\t\t\t<li class=\"elementor-icon-list-item\">\n\t\t\t\t\t\t\t\t\t\t\t<a href=\"tel:+8618291498609\">\n\n\t\t\t\t\t\t\t\t\t\t\t\t<span class=\"elementor-icon-list-icon\">\n\t\t\t\t\t\t\t<svg aria-hidden=\"true\" class=\"e-font-icon-svg e-fab-whatsapp\" viewBox=\"0 0 448 512\" xmlns=\"http:\/\/www.w3.org\/2000\/svg\"><path d=\"M380.9 97.1C339 55.1 283.2 32 223.9 32c-122.4 0-222 99.6-222 222 0 39.1 10.2 77.3 29.6 111L0 480l117.7-30.9c32.4 17.7 68.9 27 106.1 27h.1c122.3 0 224.1-99.6 224.1-222 0-59.3-25.2-115-67.1-157zm-157 341.6c-33.2 0-65.7-8.9-94-25.7l-6.7-4-69.8 18.3L72 359.2l-4.4-7c-18.5-29.4-28.2-63.3-28.2-98.2 0-101.7 82.8-184.5 184.6-184.5 49.3 0 95.6 19.2 130.4 54.1 34.8 34.9 56.2 81.2 56.1 130.5 0 101.8-84.9 184.6-186.6 184.6zm101.2-138.2c-5.5-2.8-32.8-16.2-37.9-18-5.1-1.9-8.8-2.8-12.5 2.8-3.7 5.6-14.3 18-17.6 21.8-3.2 3.7-6.5 4.2-12 1.4-32.6-16.3-54-29.1-75.5-66-5.7-9.8 5.7-9.1 16.3-30.3 1.8-3.7.9-6.9-.5-9.7-1.4-2.8-12.5-30.1-17.1-41.2-4.5-10.8-9.1-9.3-12.5-9.5-3.2-.2-6.9-.2-10.6-.2-3.7 0-9.7 1.4-14.8 6.9-5.1 5.6-19.4 19-19.4 46.3 0 27.3 19.9 53.7 22.6 57.4 2.8 3.7 39.1 59.7 94.8 83.8 35.2 15.2 49 16.5 66.6 13.9 10.7-1.6 32.8-13.4 37.4-26.4 4.6-13 4.6-24.1 3.2-26.4-1.3-2.5-5-3.9-10.5-6.6z\"><\/path><\/svg>\t\t\t\t\t\t<\/span>\n\t\t\t\t\t\t\t\t\t\t<span class=\"elementor-icon-list-text\"><b>WHATSAPP\uff1a<\/b>+8618291498609<\/span>\n\t\t\t\t\t\t\t\t\t\t\t<\/a>\n\t\t\t\t\t\t\t\t\t<\/li>\n\t\t\t\t\t\t\t\t<li class=\"elementor-icon-list-item\">\n\t\t\t\t\t\t\t\t\t\t\t<a href=\"mailto:sales@funcmater.com\">\n\n\t\t\t\t\t\t\t\t\t\t\t\t<span class=\"elementor-icon-list-icon\">\n\t\t\t\t\t\t\t<svg aria-hidden=\"true\" class=\"e-font-icon-svg e-far-envelope\" viewBox=\"0 0 512 512\" xmlns=\"http:\/\/www.w3.org\/2000\/svg\"><path d=\"M464 64H48C21.49 64 0 85.49 0 112v288c0 26.51 21.49 48 48 48h416c26.51 0 48-21.49 48-48V112c0-26.51-21.49-48-48-48zm0 48v40.805c-22.422 18.259-58.168 46.651-134.587 106.49-16.841 13.247-50.201 45.072-73.413 44.701-23.208.375-56.579-31.459-73.413-44.701C106.18 199.465 70.425 171.067 48 152.805V112h416zM48 400V214.398c22.914 18.251 55.409 43.862 104.938 82.646 21.857 17.205 60.134 55.186 103.062 54.955 42.717.231 80.509-37.199 103.053-54.947 49.528-38.783 82.032-64.401 104.947-82.653V400H48z\"><\/path><\/svg>\t\t\t\t\t\t<\/span>\n\t\t\t\t\t\t\t\t\t\t<span class=\"elementor-icon-list-text\"><b>E-MAIL\uff1a<\/b>sales@funcmater.com<\/span>\n\t\t\t\t\t\t\t\t\t\t\t<\/a>\n\t\t\t\t\t\t\t\t\t<\/li>\n\t\t\t\t\t\t\t\t<li class=\"elementor-icon-list-item\">\n\t\t\t\t\t\t\t\t\t\t\t<span class=\"elementor-icon-list-icon\">\n\t\t\t\t\t\t\t<svg aria-hidden=\"true\" class=\"e-font-icon-svg e-fas-map-marker-alt\" viewBox=\"0 0 384 512\" xmlns=\"http:\/\/www.w3.org\/2000\/svg\"><path d=\"M172.268 501.67C26.97 291.031 0 269.413 0 192 0 85.961 85.961 0 192 0s192 85.961 192 192c0 77.413-26.97 99.031-172.268 309.67-9.535 13.774-29.93 13.773-39.464 0zM192 272c44.183 0 80-35.817 80-80s-35.817-80-80-80-80 35.817-80 80 35.817 80 80 80z\"><\/path><\/svg>\t\t\t\t\t\t<\/span>\n\t\t\t\t\t\t\t\t\t\t<span class=\"elementor-icon-list-text\"><b>ADRESSE\uff1a<\/b>A11, 5th Floor, Building 5, Digital China Xi'an Science Park, No. 20 Zhangba 4th Road, High-tech Zone, Xi'an, Shaanxi, Chine.  <\/span>\n\t\t\t\t\t\t\t\t\t<\/li>\n\t\t\t\t\t\t<\/ul>\n\t\t\t\t\t\t<\/div>\n\t\t\t\t<\/div>\n\t\t\t\t<\/div>\n\t\t\t\t\t<\/div>\n\t\t\t\t<\/div>\n\t\t\t\t<\/div>\n\t\t","protected":false},"excerpt":{"rendered":"<p>Solaire photovolta\u00efque Alimenter l&rsquo;avenir avec des solutions solaires avanc\u00e9es Les solutions solaires de pointe Mat\u00e9riaux solaires photovolta\u00efques (PV) Aper\u00e7u Les mat\u00e9riaux photovolta\u00efques sont au c\u0153ur des cellules solaires. Les mat\u00e9riaux photovolta\u00efques sont au c\u0153ur des cellules solaires, permettant la conversion directe de la lumi\u00e8re du soleil en \u00e9lectricit\u00e9 gr\u00e2ce \u00e0 l&rsquo;effet photovolta\u00efque. Alors que la [&hellip;]<\/p>\n","protected":false},"author":2,"featured_media":0,"parent":7833,"menu_order":0,"comment_status":"closed","ping_status":"closed","template":"","meta":{"_acf_changed":false,"footnotes":""},"class_list":["post-9152","page","type-page","status-publish","hentry"],"acf":[],"_links":{"self":[{"href":"https:\/\/ulpmat.com\/fr\/wp-json\/wp\/v2\/pages\/9152","targetHints":{"allow":["GET"]}}],"collection":[{"href":"https:\/\/ulpmat.com\/fr\/wp-json\/wp\/v2\/pages"}],"about":[{"href":"https:\/\/ulpmat.com\/fr\/wp-json\/wp\/v2\/types\/page"}],"author":[{"embeddable":true,"href":"https:\/\/ulpmat.com\/fr\/wp-json\/wp\/v2\/users\/2"}],"replies":[{"embeddable":true,"href":"https:\/\/ulpmat.com\/fr\/wp-json\/wp\/v2\/comments?post=9152"}],"version-history":[{"count":2,"href":"https:\/\/ulpmat.com\/fr\/wp-json\/wp\/v2\/pages\/9152\/revisions"}],"predecessor-version":[{"id":9154,"href":"https:\/\/ulpmat.com\/fr\/wp-json\/wp\/v2\/pages\/9152\/revisions\/9154"}],"up":[{"embeddable":true,"href":"https:\/\/ulpmat.com\/fr\/wp-json\/wp\/v2\/pages\/7833"}],"wp:attachment":[{"href":"https:\/\/ulpmat.com\/fr\/wp-json\/wp\/v2\/media?parent=9152"}],"curies":[{"name":"wp","href":"https:\/\/api.w.org\/{rel}","templated":true}]}}