{"id":7872,"date":"2025-04-15T14:27:30","date_gmt":"2025-04-15T06:27:30","guid":{"rendered":"https:\/\/ulpmat.com\/societe\/a-propos-dulpmat\/"},"modified":"2025-09-05T11:34:46","modified_gmt":"2025-09-05T03:34:46","slug":"a-propos-dulpmat","status":"publish","type":"page","link":"https:\/\/ulpmat.com\/fr\/societe\/a-propos-dulpmat\/","title":{"rendered":"A PROPOS D&rsquo;ULPMAT"},"content":{"rendered":"\t\t<div data-elementor-type=\"wp-page\" data-elementor-id=\"7872\" class=\"elementor elementor-7872 elementor-104\" data-elementor-post-type=\"page\">\n\t\t\t\t<div class=\"elementor-element elementor-element-3a762e1 e-flex e-con-boxed e-con e-parent\" data-id=\"3a762e1\" data-element_type=\"container\" data-e-type=\"container\">\n\t\t\t\t\t<div class=\"e-con-inner\">\n\t\t<div class=\"elementor-element elementor-element-9e38bad e-con-full e-flex e-con e-child\" data-id=\"9e38bad\" data-element_type=\"container\" data-e-type=\"container\" data-settings=\"{&quot;background_background&quot;:&quot;classic&quot;}\">\n\t\t\t\t<div class=\"elementor-element elementor-element-66e580e elementor-widget elementor-widget-image\" data-id=\"66e580e\" data-element_type=\"widget\" data-e-type=\"widget\" data-widget_type=\"image.default\">\n\t\t\t\t<div class=\"elementor-widget-container\">\n\t\t\t\t\t\t\t\t\t\t\t\t\t\t\t<img fetchpriority=\"high\" decoding=\"async\" width=\"2560\" height=\"1219\" src=\"https:\/\/ulpmat.com\/wp-content\/uploads\/2025\/07\/About-us-6.jpg\" class=\"attachment-full size-full wp-image-6332\" alt=\"\u00c0 propos d&#039;ULPMAT\" srcset=\"https:\/\/ulpmat.com\/wp-content\/uploads\/2025\/07\/About-us-6.jpg 2560w, https:\/\/ulpmat.com\/wp-content\/uploads\/2025\/07\/About-us-6-300x143.jpg 300w, https:\/\/ulpmat.com\/wp-content\/uploads\/2025\/07\/About-us-6-1024x488.jpg 1024w, https:\/\/ulpmat.com\/wp-content\/uploads\/2025\/07\/About-us-6-768x366.jpg 768w, https:\/\/ulpmat.com\/wp-content\/uploads\/2025\/07\/About-us-6-1536x731.jpg 1536w, https:\/\/ulpmat.com\/wp-content\/uploads\/2025\/07\/About-us-6-2048x975.jpg 2048w, https:\/\/ulpmat.com\/wp-content\/uploads\/2025\/07\/About-us-6-600x286.jpg 600w\" sizes=\"(max-width: 2560px) 100vw, 2560px\" \/>\t\t\t\t\t\t\t\t\t\t\t\t\t\t\t<\/div>\n\t\t\t\t<\/div>\n\t\t\t\t<\/div>\n\t\t<div class=\"elementor-element elementor-element-8b83305 e-con-full e-flex e-con e-child\" data-id=\"8b83305\" data-element_type=\"container\" data-e-type=\"container\" data-settings=\"{&quot;background_background&quot;:&quot;classic&quot;}\">\n\t\t\t\t<div class=\"elementor-element elementor-element-abc572f elementor-widget elementor-widget-heading\" data-id=\"abc572f\" data-element_type=\"widget\" data-e-type=\"widget\" data-widget_type=\"heading.default\">\n\t\t\t\t<div class=\"elementor-widget-container\">\n\t\t\t\t\t<h2 class=\"elementor-heading-title elementor-size-default\">Nous sommes ULPMAT<\/h2>\t\t\t\t<\/div>\n\t\t\t\t<\/div>\n\t\t\t\t<div class=\"elementor-element elementor-element-9ce7d09 elementor-widget elementor-widget-text-editor\" data-id=\"9ce7d09\" data-element_type=\"widget\" data-e-type=\"widget\" data-widget_type=\"text-editor.default\">\n\t\t\t\t<div class=\"elementor-widget-container\">\n\t\t\t\t\t\t\t\t\t<p>UltraPurMat Group Co. Ltd (ULPMAT) est sp\u00e9cialis\u00e9 dans les mat\u00e9riaux de d\u00e9p\u00f4t de films de haute puret\u00e9 et les poudres inorganiques avanc\u00e9es. En tant qu&rsquo;entreprise int\u00e9gr\u00e9e de R&amp;D, de fabrication et de vente, nous nous concentrons sur l&rsquo;innovation continue dans le domaine des mat\u00e9riaux avanc\u00e9s, avec l&rsquo;appui d&rsquo;une \u00e9quipe technique professionnelle et d&rsquo;un syst\u00e8me complet de production et de service. <\/p><p>Notre activit\u00e9 principale comprend les mat\u00e9riaux de rev\u00eatement par d\u00e9p\u00f4t (m\u00e9tal pur, alliage, cibles de pulv\u00e9risation en c\u00e9ramique et mat\u00e9riaux d&rsquo;\u00e9vaporation) et les poudres de compos\u00e9s inorganiques (m\u00e9taux de haute puret\u00e9, terres rares, chalcog\u00e9nures, halog\u00e9nures, nitrures, borures, siliciures, etc.) Au service d&rsquo;industries telles que les semi-conducteurs, l&rsquo;a\u00e9rospatiale, l&rsquo;\u00e9lectronique et les nouvelles \u00e9nergies, ULPMAT collabore avec des universit\u00e9s et des instituts de premier plan, proposant des laboratoires communs, des partenariats d&rsquo;experts et des solutions personnalis\u00e9es pour r\u00e9pondre aux besoins \u00e9volutifs des clients. <\/p>\t\t\t\t\t\t\t\t<\/div>\n\t\t\t\t<\/div>\n\t\t\t\t<\/div>\n\t\t\t\t\t<\/div>\n\t\t\t\t<\/div>\n\t\t<div class=\"elementor-element elementor-element-8e21c1f e-flex e-con-boxed e-con e-parent\" data-id=\"8e21c1f\" data-element_type=\"container\" data-e-type=\"container\">\n\t\t\t\t\t<div class=\"e-con-inner\">\n\t\t<div class=\"elementor-element elementor-element-86c786b e-con-full e-flex e-con e-child\" data-id=\"86c786b\" data-element_type=\"container\" data-e-type=\"container\" data-settings=\"{&quot;background_background&quot;:&quot;classic&quot;}\">\n\t\t\t\t<div class=\"elementor-element elementor-element-7cb364e elementor-widget elementor-widget-image\" data-id=\"7cb364e\" data-element_type=\"widget\" data-e-type=\"widget\" data-widget_type=\"image.default\">\n\t\t\t\t<div class=\"elementor-widget-container\">\n\t\t\t\t\t\t\t\t\t\t\t\t\t\t\t<img decoding=\"async\" width=\"1920\" height=\"1580\" src=\"https:\/\/ulpmat.com\/wp-content\/uploads\/2025\/06\/Mission-1-_W_1920px.webp\" class=\"attachment-full size-full wp-image-4340\" alt=\"\" srcset=\"https:\/\/ulpmat.com\/wp-content\/uploads\/2025\/06\/Mission-1-_W_1920px.webp 1920w, https:\/\/ulpmat.com\/wp-content\/uploads\/2025\/06\/Mission-1-_W_1920px-600x494.webp 600w, https:\/\/ulpmat.com\/wp-content\/uploads\/2025\/06\/Mission-1-_W_1920px-300x247.webp 300w, https:\/\/ulpmat.com\/wp-content\/uploads\/2025\/06\/Mission-1-_W_1920px-1024x843.webp 1024w, https:\/\/ulpmat.com\/wp-content\/uploads\/2025\/06\/Mission-1-_W_1920px-768x632.webp 768w, https:\/\/ulpmat.com\/wp-content\/uploads\/2025\/06\/Mission-1-_W_1920px-1536x1264.webp 1536w\" sizes=\"(max-width: 1920px) 100vw, 1920px\">\t\t\t\t\t\t\t\t\t\t\t\t\t\t\t<\/div>\n\t\t\t\t<\/div>\n\t\t\t\t<\/div>\n\t\t<div class=\"elementor-element elementor-element-556f535 e-con-full e-flex e-con e-child\" data-id=\"556f535\" data-element_type=\"container\" data-e-type=\"container\" data-settings=\"{&quot;background_background&quot;:&quot;classic&quot;}\">\n\t\t\t\t<div class=\"elementor-element elementor-element-eefcb18 elementor-widget elementor-widget-heading\" data-id=\"eefcb18\" data-element_type=\"widget\" data-e-type=\"widget\" data-widget_type=\"heading.default\">\n\t\t\t\t<div class=\"elementor-widget-container\">\n\t\t\t\t\t<h2 class=\"elementor-heading-title elementor-size-default\">Mission et valeurs<\/h2>\t\t\t\t<\/div>\n\t\t\t\t<\/div>\n\t\t\t\t<div class=\"elementor-element elementor-element-064abf7 elementor-widget elementor-widget-text-editor\" data-id=\"064abf7\" data-element_type=\"widget\" data-e-type=\"widget\" data-widget_type=\"text-editor.default\">\n\t\t\t\t<div class=\"elementor-widget-container\">\n\t\t\t\t\t\t\t\t\t<p>En tant que fournisseur professionnel de mat\u00e9riaux PVD et de poudres inorganiques de haute puret\u00e9, ULPMAT se consacre \u00e0 la fourniture de solutions fiables et de haute qualit\u00e9 dans le monde entier. Avec une approche centr\u00e9e sur le client, nous nous concentrons sur des produits personnalis\u00e9s et innovants qui am\u00e9liorent les performances et donnent \u00e0 nos clients un avantage concurrentiel. Nous pensons que la compr\u00e9hension des besoins de nos clients est essentielle pour faire progresser notre technologie, d\u00e9passer les attentes et cr\u00e9er de la valeur \u00e0 long terme.  <\/p><p>Guid\u00e9s par l&rsquo;honn\u00eatet\u00e9 et le professionnalisme, nous voulons \u00eatre votre partenaire de confiance \u00e0 long terme. Dans le m\u00eame temps, nous encourageons les mat\u00e9riaux respectueux de l&rsquo;environnement et le d\u00e9veloppement durable, en recherchant un \u00e9quilibre entre la croissance \u00e9conomique et la responsabilit\u00e9 sociale. Gr\u00e2ce \u00e0 l&rsquo;excellence de ses produits et de ses services, ULPMAT fait progresser l&rsquo;industrie du d\u00e9p\u00f4t en phase vapeur (PVD) et des mat\u00e9riaux de haute puret\u00e9, en aidant ses clients \u00e0 \u00e9largir leurs possibilit\u00e9s.  <\/p>\t\t\t\t\t\t\t\t<\/div>\n\t\t\t\t<\/div>\n\t\t\t\t<\/div>\n\t\t\t\t\t<\/div>\n\t\t\t\t<\/div>\n\t\t<div class=\"elementor-element elementor-element-a34693c e-flex e-con-boxed e-con e-parent\" data-id=\"a34693c\" data-element_type=\"container\" data-e-type=\"container\">\n\t\t\t\t\t<div class=\"e-con-inner\">\n\t\t<div class=\"elementor-element elementor-element-e087d67 e-con-full e-flex e-con e-child\" data-id=\"e087d67\" data-element_type=\"container\" data-e-type=\"container\" data-settings=\"{&quot;background_background&quot;:&quot;classic&quot;}\">\n\t\t\t\t<div class=\"elementor-element elementor-element-fda185a elementor-widget elementor-widget-heading\" data-id=\"fda185a\" data-element_type=\"widget\" data-e-type=\"widget\" data-widget_type=\"heading.default\">\n\t\t\t\t<div class=\"elementor-widget-container\">\n\t\t\t\t\t<h2 class=\"elementor-heading-title elementor-size-default\"><a href=\"https:\/\/ulpmat.com\/product-category\/thin-film-deposition-materials\/\">Mat\u00e9riaux de rev\u00eatement par d\u00e9p\u00f4t<\/a><\/h2>\t\t\t\t<\/div>\n\t\t\t\t<\/div>\n\t\t\t\t<div class=\"elementor-element elementor-element-b68e467 elementor-widget elementor-widget-text-editor\" data-id=\"b68e467\" data-element_type=\"widget\" data-e-type=\"widget\" data-widget_type=\"text-editor.default\">\n\t\t\t\t<div class=\"elementor-widget-container\">\n\t\t\t\t\t\t\t\t\t<p>Les mat\u00e9riaux de rev\u00eatement par d\u00e9p\u00f4t sont des mat\u00e9riaux cl\u00e9s pour la production de couches minces de haute performance dans le processus de d\u00e9p\u00f4t physique en phase vapeur (PVD). Ces mat\u00e9riaux offrent des avantages tels qu&rsquo;une grande puret\u00e9, une excellente homog\u00e9n\u00e9it\u00e9, une adh\u00e9rence et une densification \u00e9lev\u00e9es, ainsi qu&rsquo;une stabilit\u00e9 sous contrainte thermique ou chimique. Nous proposons des mat\u00e9riaux de rev\u00eatement en m\u00e9tal, en alliage, en c\u00e9ramique et en composite qui permettent d&rsquo;obtenir des rev\u00eatements fiables et performants pour des applications exigeantes.  <\/p>\t\t\t\t\t\t\t\t<\/div>\n\t\t\t\t<\/div>\n\t\t\t\t<\/div>\n\t\t<div class=\"elementor-element elementor-element-57fe4d8 e-con-full e-flex e-con e-child\" data-id=\"57fe4d8\" data-element_type=\"container\" data-e-type=\"container\" data-settings=\"{&quot;background_background&quot;:&quot;classic&quot;}\">\n\t\t\t\t<div class=\"elementor-element elementor-element-5d789f7 elementor-widget elementor-widget-heading\" data-id=\"5d789f7\" data-element_type=\"widget\" data-e-type=\"widget\" data-widget_type=\"heading.default\">\n\t\t\t\t<div class=\"elementor-widget-container\">\n\t\t\t\t\t<h2 class=\"elementor-heading-title elementor-size-default\">Poudres chimiques inorganiques<\/h2>\t\t\t\t<\/div>\n\t\t\t\t<\/div>\n\t\t\t\t<div class=\"elementor-element elementor-element-6b421ac elementor-widget elementor-widget-text-editor\" data-id=\"6b421ac\" data-element_type=\"widget\" data-e-type=\"widget\" data-widget_type=\"text-editor.default\">\n\t\t\t\t<div class=\"elementor-widget-container\">\n\t\t\t\t\t\t\t\t\t<p>Les poudres chimiques inorganiques sont des mat\u00e9riaux cl\u00e9s pour les technologies de pointe, offrant une grande puret\u00e9, une grande stabilit\u00e9 et des propri\u00e9t\u00e9s sur mesure pour une large gamme d&rsquo;applications. Nous assurons un contr\u00f4le strict de la qualit\u00e9 et chaque lot est accompagn\u00e9 d&rsquo;un certificat d&rsquo;analyse pour garantir la stabilit\u00e9 et la r\u00e9p\u00e9tabilit\u00e9 du produit. <\/p>\t\t\t\t\t\t\t\t<\/div>\n\t\t\t\t<\/div>\n\t\t\t\t<\/div>\n\t\t\t\t\t<\/div>\n\t\t\t\t<\/div>\n\t\t<div class=\"elementor-element elementor-element-fd820d7 e-flex e-con-boxed e-con e-parent\" data-id=\"fd820d7\" data-element_type=\"container\" data-e-type=\"container\">\n\t\t\t\t\t<div class=\"e-con-inner\">\n\t\t\t\t<div class=\"elementor-element elementor-element-1bcd649 elementor-widget elementor-widget-heading\" data-id=\"1bcd649\" data-element_type=\"widget\" data-e-type=\"widget\" data-widget_type=\"heading.default\">\n\t\t\t\t<div class=\"elementor-widget-container\">\n\t\t\t\t\t<h2 class=\"elementor-heading-title elementor-size-default\">Avantages<\/h2>\t\t\t\t<\/div>\n\t\t\t\t<\/div>\n\t\t<div class=\"elementor-element elementor-element-8ede86c e-grid e-con-full e-con e-child\" data-id=\"8ede86c\" data-element_type=\"container\" data-e-type=\"container\">\n\t\t\t\t<div class=\"elementor-element elementor-element-4480352 elementor-view-default elementor-position-block-start elementor-mobile-position-block-start elementor-widget elementor-widget-icon-box\" data-id=\"4480352\" data-element_type=\"widget\" data-e-type=\"widget\" data-widget_type=\"icon-box.default\">\n\t\t\t\t<div class=\"elementor-widget-container\">\n\t\t\t\t\t\t\t<div class=\"elementor-icon-box-wrapper\">\n\n\t\t\t\t\t\t<div class=\"elementor-icon-box-icon\">\n\t\t\t\t<span  class=\"elementor-icon\">\n\t\t\t\t<svg aria-hidden=\"true\" class=\"e-font-icon-svg e-fas-thumbs-up\" viewBox=\"0 0 512 512\" xmlns=\"http:\/\/www.w3.org\/2000\/svg\"><path d=\"M104 224H24c-13.255 0-24 10.745-24 24v240c0 13.255 10.745 24 24 24h80c13.255 0 24-10.745 24-24V248c0-13.255-10.745-24-24-24zM64 472c-13.255 0-24-10.745-24-24s10.745-24 24-24 24 10.745 24 24-10.745 24-24 24zM384 81.452c0 42.416-25.97 66.208-33.277 94.548h101.723c33.397 0 59.397 27.746 59.553 58.098.084 17.938-7.546 37.249-19.439 49.197l-.11.11c9.836 23.337 8.237 56.037-9.308 79.469 8.681 25.895-.069 57.704-16.382 74.757 4.298 17.598 2.244 32.575-6.148 44.632C440.202 511.587 389.616 512 346.839 512l-2.845-.001c-48.287-.017-87.806-17.598-119.56-31.725-15.957-7.099-36.821-15.887-52.651-16.178-6.54-.12-11.783-5.457-11.783-11.998v-213.77c0-3.2 1.282-6.271 3.558-8.521 39.614-39.144 56.648-80.587 89.117-113.111 14.804-14.832 20.188-37.236 25.393-58.902C282.515 39.293 291.817 0 312 0c24 0 72 8 72 81.452z\"><\/path><\/svg>\t\t\t\t<\/span>\n\t\t\t<\/div>\n\t\t\t\n\t\t\t\t\t\t<div class=\"elementor-icon-box-content\">\n\n\t\t\t\t\t\t\t\t\t<h3 class=\"elementor-icon-box-title\">\n\t\t\t\t\t\t<span  >\n\t\t\t\t\t\t\tPuret\u00e9 et qualit\u00e9 \u00e9lev\u00e9es\t\t\t\t\t\t<\/span>\n\t\t\t\t\t<\/h3>\n\t\t\t\t\n\t\t\t\t\t\t\t\t\t<p class=\"elementor-icon-box-description\">\n\t\t\t\t\t\tNos produits sont soumis \u00e0 un contr\u00f4le de qualit\u00e9 rigoureux afin de garantir une grande puret\u00e9 et des performances constantes.\t\t\t\t\t<\/p>\n\t\t\t\t\n\t\t\t<\/div>\n\t\t\t\n\t\t<\/div>\n\t\t\t\t\t\t<\/div>\n\t\t\t\t<\/div>\n\t\t\t\t<div class=\"elementor-element elementor-element-9f2be0a elementor-view-default elementor-position-block-start elementor-mobile-position-block-start elementor-widget elementor-widget-icon-box\" data-id=\"9f2be0a\" data-element_type=\"widget\" data-e-type=\"widget\" data-widget_type=\"icon-box.default\">\n\t\t\t\t<div class=\"elementor-widget-container\">\n\t\t\t\t\t\t\t<div class=\"elementor-icon-box-wrapper\">\n\n\t\t\t\t\t\t<div class=\"elementor-icon-box-icon\">\n\t\t\t\t<span  class=\"elementor-icon\">\n\t\t\t\t<svg aria-hidden=\"true\" class=\"e-font-icon-svg e-fas-medal\" viewBox=\"0 0 512 512\" xmlns=\"http:\/\/www.w3.org\/2000\/svg\"><path d=\"M223.75 130.75L154.62 15.54A31.997 31.997 0 0 0 127.18 0H16.03C3.08 0-4.5 14.57 2.92 25.18l111.27 158.96c29.72-27.77 67.52-46.83 109.56-53.39zM495.97 0H384.82c-11.24 0-21.66 5.9-27.44 15.54l-69.13 115.21c42.04 6.56 79.84 25.62 109.56 53.38L509.08 25.18C516.5 14.57 508.92 0 495.97 0zM256 160c-97.2 0-176 78.8-176 176s78.8 176 176 176 176-78.8 176-176-78.8-176-176-176zm92.52 157.26l-37.93 36.96 8.97 52.22c1.6 9.36-8.26 16.51-16.65 12.09L256 393.88l-46.9 24.65c-8.4 4.45-18.25-2.74-16.65-12.09l8.97-52.22-37.93-36.96c-6.82-6.64-3.05-18.23 6.35-19.59l52.43-7.64 23.43-47.52c2.11-4.28 6.19-6.39 10.28-6.39 4.11 0 8.22 2.14 10.33 6.39l23.43 47.52 52.43 7.64c9.4 1.36 13.17 12.95 6.35 19.59z\"><\/path><\/svg>\t\t\t\t<\/span>\n\t\t\t<\/div>\n\t\t\t\n\t\t\t\t\t\t<div class=\"elementor-icon-box-content\">\n\n\t\t\t\t\t\t\t\t\t<h3 class=\"elementor-icon-box-title\">\n\t\t\t\t\t\t<span  >\n\t\t\t\t\t\t\tExcellente uniformit\u00e9\t\t\t\t\t\t<\/span>\n\t\t\t\t\t<\/h3>\n\t\t\t\t\n\t\t\t\t\t\t\t\t\t<p class=\"elementor-icon-box-description\">\n\t\t\t\t\t\tLes mat\u00e9riaux sont con\u00e7us pour que la taille et la composition des particules soient uniformes, ce qui garantit des r\u00e9sultats fiables et reproductibles.\t\t\t\t\t<\/p>\n\t\t\t\t\n\t\t\t<\/div>\n\t\t\t\n\t\t<\/div>\n\t\t\t\t\t\t<\/div>\n\t\t\t\t<\/div>\n\t\t\t\t<div class=\"elementor-element elementor-element-44f26fd elementor-view-default elementor-position-block-start elementor-mobile-position-block-start elementor-widget elementor-widget-icon-box\" data-id=\"44f26fd\" data-element_type=\"widget\" data-e-type=\"widget\" data-widget_type=\"icon-box.default\">\n\t\t\t\t<div class=\"elementor-widget-container\">\n\t\t\t\t\t\t\t<div class=\"elementor-icon-box-wrapper\">\n\n\t\t\t\t\t\t<div class=\"elementor-icon-box-icon\">\n\t\t\t\t<span  class=\"elementor-icon\">\n\t\t\t\t<svg aria-hidden=\"true\" class=\"e-font-icon-svg e-fas-users-cog\" viewBox=\"0 0 640 512\" xmlns=\"http:\/\/www.w3.org\/2000\/svg\"><path d=\"M610.5 341.3c2.6-14.1 2.6-28.5 0-42.6l25.8-14.9c3-1.7 4.3-5.2 3.3-8.5-6.7-21.6-18.2-41.2-33.2-57.4-2.3-2.5-6-3.1-9-1.4l-25.8 14.9c-10.9-9.3-23.4-16.5-36.9-21.3v-29.8c0-3.4-2.4-6.4-5.7-7.1-22.3-5-45-4.8-66.2 0-3.3.7-5.7 3.7-5.7 7.1v29.8c-13.5 4.8-26 12-36.9 21.3l-25.8-14.9c-2.9-1.7-6.7-1.1-9 1.4-15 16.2-26.5 35.8-33.2 57.4-1 3.3.4 6.8 3.3 8.5l25.8 14.9c-2.6 14.1-2.6 28.5 0 42.6l-25.8 14.9c-3 1.7-4.3 5.2-3.3 8.5 6.7 21.6 18.2 41.1 33.2 57.4 2.3 2.5 6 3.1 9 1.4l25.8-14.9c10.9 9.3 23.4 16.5 36.9 21.3v29.8c0 3.4 2.4 6.4 5.7 7.1 22.3 5 45 4.8 66.2 0 3.3-.7 5.7-3.7 5.7-7.1v-29.8c13.5-4.8 26-12 36.9-21.3l25.8 14.9c2.9 1.7 6.7 1.1 9-1.4 15-16.2 26.5-35.8 33.2-57.4 1-3.3-.4-6.8-3.3-8.5l-25.8-14.9zM496 368.5c-26.8 0-48.5-21.8-48.5-48.5s21.8-48.5 48.5-48.5 48.5 21.8 48.5 48.5-21.7 48.5-48.5 48.5zM96 224c35.3 0 64-28.7 64-64s-28.7-64-64-64-64 28.7-64 64 28.7 64 64 64zm224 32c1.9 0 3.7-.5 5.6-.6 8.3-21.7 20.5-42.1 36.3-59.2 7.4-8 17.9-12.6 28.9-12.6 6.9 0 13.7 1.8 19.6 5.3l7.9 4.6c.8-.5 1.6-.9 2.4-1.4 7-14.6 11.2-30.8 11.2-48 0-61.9-50.1-112-112-112S208 82.1 208 144c0 61.9 50.1 112 112 112zm105.2 194.5c-2.3-1.2-4.6-2.6-6.8-3.9-8.2 4.8-15.3 9.8-27.5 9.8-10.9 0-21.4-4.6-28.9-12.6-18.3-19.8-32.3-43.9-40.2-69.6-10.7-34.5 24.9-49.7 25.8-50.3-.1-2.6-.1-5.2 0-7.8l-7.9-4.6c-3.8-2.2-7-5-9.8-8.1-3.3.2-6.5.6-9.8.6-24.6 0-47.6-6-68.5-16h-8.3C179.6 288 128 339.6 128 403.2V432c0 26.5 21.5 48 48 48h255.4c-3.7-6-6.2-12.8-6.2-20.3v-9.2zM173.1 274.6C161.5 263.1 145.6 256 128 256H64c-35.3 0-64 28.7-64 64v32c0 17.7 14.3 32 32 32h65.9c6.3-47.4 34.9-87.3 75.2-109.4z\"><\/path><\/svg>\t\t\t\t<\/span>\n\t\t\t<\/div>\n\t\t\t\n\t\t\t\t\t\t<div class=\"elementor-icon-box-content\">\n\n\t\t\t\t\t\t\t\t\t<h3 class=\"elementor-icon-box-title\">\n\t\t\t\t\t\t<span  >\n\t\t\t\t\t\t\tLarge gamme de mat\u00e9riaux\t\t\t\t\t\t<\/span>\n\t\t\t\t\t<\/h3>\n\t\t\t\t\n\t\t\t\t\t\t\t\t\t<p class=\"elementor-icon-box-description\">\n\t\t\t\t\t\tOffre de m\u00e9taux, d'alliages, de c\u00e9ramiques et de composites avanc\u00e9s pour r\u00e9pondre aux besoins d'applications diverses.\t\t\t\t\t<\/p>\n\t\t\t\t\n\t\t\t<\/div>\n\t\t\t\n\t\t<\/div>\n\t\t\t\t\t\t<\/div>\n\t\t\t\t<\/div>\n\t\t\t\t<div class=\"elementor-element elementor-element-5161fce elementor-view-default elementor-position-block-start elementor-mobile-position-block-start elementor-widget elementor-widget-icon-box\" data-id=\"5161fce\" data-element_type=\"widget\" data-e-type=\"widget\" data-widget_type=\"icon-box.default\">\n\t\t\t\t<div class=\"elementor-widget-container\">\n\t\t\t\t\t\t\t<div class=\"elementor-icon-box-wrapper\">\n\n\t\t\t\t\t\t<div class=\"elementor-icon-box-icon\">\n\t\t\t\t<span  class=\"elementor-icon\">\n\t\t\t\t<svg aria-hidden=\"true\" class=\"e-font-icon-svg e-fas-ruler\" viewBox=\"0 0 640 512\" xmlns=\"http:\/\/www.w3.org\/2000\/svg\"><path d=\"M635.7 167.2L556.1 31.7c-8.8-15-28.3-20.1-43.5-11.5l-69 39.1L503.3 161c2.2 3.8.9 8.5-2.9 10.7l-13.8 7.8c-3.8 2.2-8.7.9-10.9-2.9L416 75l-55.2 31.3 27.9 47.4c2.2 3.8.9 8.5-2.9 10.7l-13.8 7.8c-3.8 2.2-8.7.9-10.9-2.9L333.2 122 278 153.3 337.8 255c2.2 3.7.9 8.5-2.9 10.7l-13.8 7.8c-3.8 2.2-8.7.9-10.9-2.9l-59.7-101.7-55.2 31.3 27.9 47.4c2.2 3.8.9 8.5-2.9 10.7l-13.8 7.8c-3.8 2.2-8.7.9-10.9-2.9l-27.9-47.5-55.2 31.3 59.7 101.7c2.2 3.7.9 8.5-2.9 10.7l-13.8 7.8c-3.8 2.2-8.7.9-10.9-2.9L84.9 262.9l-69 39.1C.7 310.7-4.6 329.8 4.2 344.8l79.6 135.6c8.8 15 28.3 20.1 43.5 11.5L624.1 210c15.2-8.6 20.4-27.8 11.6-42.8z\"><\/path><\/svg>\t\t\t\t<\/span>\n\t\t\t<\/div>\n\t\t\t\n\t\t\t\t\t\t<div class=\"elementor-icon-box-content\">\n\n\t\t\t\t\t\t\t\t\t<h3 class=\"elementor-icon-box-title\">\n\t\t\t\t\t\t<span  >\n\t\t\t\t\t\t\tSp\u00e9cifications personnalisables\t\t\t\t\t\t<\/span>\n\t\t\t\t\t<\/h3>\n\t\t\t\t\n\t\t\t\t\t\t\t\t\t<p class=\"elementor-icon-box-description\">\n\t\t\t\t\t\tNous proposons des options flexibles en termes de taille, de forme, de puret\u00e9 et de composition pour r\u00e9pondre aux besoins sp\u00e9cifiques des clients.\t\t\t\t\t<\/p>\n\t\t\t\t\n\t\t\t<\/div>\n\t\t\t\n\t\t<\/div>\n\t\t\t\t\t\t<\/div>\n\t\t\t\t<\/div>\n\t\t\t\t<div class=\"elementor-element elementor-element-787dead elementor-view-default elementor-position-block-start elementor-mobile-position-block-start elementor-widget elementor-widget-icon-box\" data-id=\"787dead\" data-element_type=\"widget\" data-e-type=\"widget\" data-widget_type=\"icon-box.default\">\n\t\t\t\t<div class=\"elementor-widget-container\">\n\t\t\t\t\t\t\t<div class=\"elementor-icon-box-wrapper\">\n\n\t\t\t\t\t\t<div class=\"elementor-icon-box-icon\">\n\t\t\t\t<span  class=\"elementor-icon\">\n\t\t\t\t<svg aria-hidden=\"true\" class=\"e-font-icon-svg e-fas-star-of-david\" viewBox=\"0 0 464 512\" xmlns=\"http:\/\/www.w3.org\/2000\/svg\"><path d=\"M405.68 256l53.21-89.39C473.3 142.4 455.48 112 426.88 112H319.96l-55.95-93.98C256.86 6.01 244.43 0 232 0s-24.86 6.01-32.01 18.02L144.04 112H37.11c-28.6 0-46.42 30.4-32.01 54.61L58.32 256 5.1 345.39C-9.31 369.6 8.51 400 37.11 400h106.93l55.95 93.98C207.14 505.99 219.57 512 232 512s24.86-6.01 32.01-18.02L319.96 400h106.93c28.6 0 46.42-30.4 32.01-54.61L405.68 256zm-12.78-88l-19.8 33.26L353.3 168h39.6zm-52.39 88l-52.39 88H175.88l-52.39-88 52.38-88h112.25l52.39 88zM232 73.72L254.79 112h-45.57L232 73.72zM71.1 168h39.6l-19.8 33.26L71.1 168zm0 176l19.8-33.26L110.7 344H71.1zM232 438.28L209.21 400h45.57L232 438.28zM353.29 344l19.8-33.26L392.9 344h-39.61z\"><\/path><\/svg>\t\t\t\t<\/span>\n\t\t\t<\/div>\n\t\t\t\n\t\t\t\t\t\t<div class=\"elementor-icon-box-content\">\n\n\t\t\t\t\t\t\t\t\t<h3 class=\"elementor-icon-box-title\">\n\t\t\t\t\t\t<span  >\n\t\t\t\t\t\t\tCompatibilit\u00e9 avec les processus avanc\u00e9s\t\t\t\t\t\t<\/span>\n\t\t\t\t\t<\/h3>\n\t\t\t\t\n\t\t\t\t\t\t\t\t\t<p class=\"elementor-icon-box-description\">\n\t\t\t\t\t\tNos produits sont optimis\u00e9s pour diverses techniques de d\u00e9p\u00f4t, y compris la pulv\u00e9risation cathodique et l'\u00e9vaporation, ce qui garantit des rev\u00eatements efficaces et de haute qualit\u00e9.\t\t\t\t\t<\/p>\n\t\t\t\t\n\t\t\t<\/div>\n\t\t\t\n\t\t<\/div>\n\t\t\t\t\t\t<\/div>\n\t\t\t\t<\/div>\n\t\t\t\t<\/div>\n\t\t\t\t\t<\/div>\n\t\t\t\t<\/div>\n\t\t\t\t<\/div>\n\t\t","protected":false},"excerpt":{"rendered":"<p>Nous sommes ULPMAT UltraPurMat Group Co. Ltd (ULPMAT) est sp\u00e9cialis\u00e9 dans les mat\u00e9riaux de d\u00e9p\u00f4t de films de haute puret\u00e9 et les poudres inorganiques avanc\u00e9es. En tant qu&rsquo;entreprise int\u00e9gr\u00e9e de R&amp;D, de fabrication et de vente, nous nous concentrons sur l&rsquo;innovation continue dans le domaine des mat\u00e9riaux avanc\u00e9s, avec l&rsquo;appui d&rsquo;une \u00e9quipe technique professionnelle et [&hellip;]<\/p>\n","protected":false},"author":2,"featured_media":0,"parent":7161,"menu_order":0,"comment_status":"closed","ping_status":"closed","template":"","meta":{"_acf_changed":false,"footnotes":""},"class_list":["post-7872","page","type-page","status-publish","hentry"],"acf":[],"_links":{"self":[{"href":"https:\/\/ulpmat.com\/fr\/wp-json\/wp\/v2\/pages\/7872","targetHints":{"allow":["GET"]}}],"collection":[{"href":"https:\/\/ulpmat.com\/fr\/wp-json\/wp\/v2\/pages"}],"about":[{"href":"https:\/\/ulpmat.com\/fr\/wp-json\/wp\/v2\/types\/page"}],"author":[{"embeddable":true,"href":"https:\/\/ulpmat.com\/fr\/wp-json\/wp\/v2\/users\/2"}],"replies":[{"embeddable":true,"href":"https:\/\/ulpmat.com\/fr\/wp-json\/wp\/v2\/comments?post=7872"}],"version-history":[{"count":2,"href":"https:\/\/ulpmat.com\/fr\/wp-json\/wp\/v2\/pages\/7872\/revisions"}],"predecessor-version":[{"id":9244,"href":"https:\/\/ulpmat.com\/fr\/wp-json\/wp\/v2\/pages\/7872\/revisions\/9244"}],"up":[{"embeddable":true,"href":"https:\/\/ulpmat.com\/fr\/wp-json\/wp\/v2\/pages\/7161"}],"wp:attachment":[{"href":"https:\/\/ulpmat.com\/fr\/wp-json\/wp\/v2\/media?parent=7872"}],"curies":[{"name":"wp","href":"https:\/\/api.w.org\/{rel}","templated":true}]}}