{"id":7190,"date":"2025-06-09T10:05:05","date_gmt":"2025-06-09T02:05:05","guid":{"rendered":"https:\/\/ulpmat.com\/societe\/faq\/"},"modified":"2025-08-21T16:47:39","modified_gmt":"2025-08-21T08:47:39","slug":"faq","status":"publish","type":"page","link":"https:\/\/ulpmat.com\/fr\/societe\/faq\/","title":{"rendered":"FAQ"},"content":{"rendered":"\t\t<div data-elementor-type=\"wp-page\" data-elementor-id=\"7190\" class=\"elementor elementor-7190 elementor-939\" data-elementor-post-type=\"page\">\n\t\t\t\t<div class=\"elementor-element elementor-element-7b78e57 e-flex e-con-boxed e-con e-parent\" data-id=\"7b78e57\" data-element_type=\"container\" data-e-type=\"container\">\n\t\t\t\t\t<div class=\"e-con-inner\">\n\t\t<div class=\"elementor-element elementor-element-f288501 e-con-full e-flex e-con e-child\" data-id=\"f288501\" data-element_type=\"container\" data-e-type=\"container\" data-settings=\"{&quot;background_background&quot;:&quot;classic&quot;}\">\n\t\t\t\t<div class=\"elementor-element elementor-element-cc40108 elementor-widget elementor-widget-heading\" data-id=\"cc40108\" data-element_type=\"widget\" data-e-type=\"widget\" data-widget_type=\"heading.default\">\n\t\t\t\t<div class=\"elementor-widget-container\">\n\t\t\t\t\t<h1 class=\"elementor-heading-title elementor-size-default\">FAQ<\/h1>\t\t\t\t<\/div>\n\t\t\t\t<\/div>\n\t\t\t\t<\/div>\n\t\t\t\t\t<\/div>\n\t\t\t\t<\/div>\n\t\t<div class=\"elementor-element elementor-element-d18847c e-flex e-con-boxed e-con e-parent\" data-id=\"d18847c\" data-element_type=\"container\" data-e-type=\"container\">\n\t\t\t\t\t<div class=\"e-con-inner\">\n\t\t\t\t<div class=\"elementor-element elementor-element-ab7fe90 elementor-widget elementor-widget-n-accordion\" data-id=\"ab7fe90\" data-element_type=\"widget\" data-e-type=\"widget\" data-settings=\"{&quot;default_state&quot;:&quot;all_collapsed&quot;,&quot;max_items_expended&quot;:&quot;one&quot;,&quot;n_accordion_animation_duration&quot;:{&quot;unit&quot;:&quot;ms&quot;,&quot;size&quot;:400,&quot;sizes&quot;:[]}}\" data-widget_type=\"nested-accordion.default\">\n\t\t\t\t<div class=\"elementor-widget-container\">\n\t\t\t\t\t\t\t<div class=\"e-n-accordion\" aria-label=\"Accordion. Open links with Enter or Space, close with Escape, and navigate with Arrow Keys\">\n\t\t\t\t\t\t<details id=\"e-n-accordion-item-1790\" class=\"e-n-accordion-item\" >\n\t\t\t\t<summary class=\"e-n-accordion-item-title\" data-accordion-index=\"1\" tabindex=\"0\" aria-expanded=\"false\" aria-controls=\"e-n-accordion-item-1790\" >\n\t\t\t\t\t<span class='e-n-accordion-item-title-header'><h3 class=\"e-n-accordion-item-title-text\"> Quels sont les principaux produits propos\u00e9s par ULPMAT ? <\/h3><\/span>\n\t\t\t\t\t\t\t<span class='e-n-accordion-item-title-icon'>\n\t\t\t<span class='e-opened' ><svg aria-hidden=\"true\" class=\"e-font-icon-svg e-fas-minus\" viewBox=\"0 0 448 512\" xmlns=\"http:\/\/www.w3.org\/2000\/svg\"><path d=\"M416 208H32c-17.67 0-32 14.33-32 32v32c0 17.67 14.33 32 32 32h384c17.67 0 32-14.33 32-32v-32c0-17.67-14.33-32-32-32z\"><\/path><\/svg><\/span>\n\t\t\t<span class='e-closed'><svg aria-hidden=\"true\" class=\"e-font-icon-svg e-fas-plus\" viewBox=\"0 0 448 512\" xmlns=\"http:\/\/www.w3.org\/2000\/svg\"><path d=\"M416 208H272V64c0-17.67-14.33-32-32-32h-32c-17.67 0-32 14.33-32 32v144H32c-17.67 0-32 14.33-32 32v32c0 17.67 14.33 32 32 32h144v144c0 17.67 14.33 32 32 32h32c17.67 0 32-14.33 32-32V304h144c17.67 0 32-14.33 32-32v-32c0-17.67-14.33-32-32-32z\"><\/path><\/svg><\/span>\n\t\t<\/span>\n\n\t\t\t\t\t\t<\/summary>\n\t\t\t\t<div role=\"region\" aria-labelledby=\"e-n-accordion-item-1790\" class=\"elementor-element elementor-element-7bd4fe0 e-con-full e-flex e-con e-child\" data-id=\"7bd4fe0\" data-element_type=\"container\" data-e-type=\"container\">\n\t\t\t\t<div class=\"elementor-element elementor-element-1ddddb9 elementor-widget elementor-widget-text-editor\" data-id=\"1ddddb9\" data-element_type=\"widget\" data-e-type=\"widget\" data-widget_type=\"text-editor.default\">\n\t\t\t\t<div class=\"elementor-widget-container\">\n\t\t\t\t\t\t\t\t\t<p>Nous sommes sp\u00e9cialis\u00e9s dans le d\u00e9veloppement et la fourniture de mat\u00e9riaux fonctionnels et nos principaux produits sont les suivants :<\/p><p>Cibles de pulv\u00e9risation : Cibles m\u00e9talliques, cibles c\u00e9ramiques, cibles d&rsquo;oxyde, cibles conductrices transparentes (par exemple ITO, IZO, AZO).<\/p><p>Mat\u00e9riaux de d\u00e9p\u00f4t en phase vapeur (granul\u00e9s, pastilles)<\/p><p>M\u00e9taux et alliages de haute puret\u00e9 (poudre, granul\u00e9s, morceaux)<\/p><p>Mat\u00e9riaux compos\u00e9s de soufre : sulfures, s\u00e9l\u00e9niures, tellurures<\/p><p>Halog\u00e9nures anhydres<\/p><p>Mat\u00e9riaux pour batteries (mat\u00e9riaux pour \u00e9lectrodes positives et n\u00e9gatives, \u00e9lectrolytes \u00e0 l&rsquo;\u00e9tat solide, sels de lithium m\u00e9tal\/lithium)<\/p><p>Mat\u00e9riaux optiques (verre infrarouge, fluorure, oxyde, germanium, silicium)<\/p><p>Nanomat\u00e9riaux et poudres compos\u00e9es<\/p><p>Impression 3D de poudres m\u00e9talliques sph\u00e9riques<\/p><p>Poudre de projection thermique (m\u00e9tal\/c\u00e9ramique\/composite)<\/p>\t\t\t\t\t\t\t\t<\/div>\n\t\t\t\t<\/div>\n\t\t\t\t<\/div>\n\t\t\t\t\t<\/details>\n\t\t\t\t\t\t<details id=\"e-n-accordion-item-1791\" class=\"e-n-accordion-item\" >\n\t\t\t\t<summary class=\"e-n-accordion-item-title\" data-accordion-index=\"2\" tabindex=\"-1\" aria-expanded=\"false\" aria-controls=\"e-n-accordion-item-1791\" >\n\t\t\t\t\t<span class='e-n-accordion-item-title-header'><h3 class=\"e-n-accordion-item-title-text\"> Vos mat\u00e9riaux permettent-ils la personnalisation ? <\/h3><\/span>\n\t\t\t\t\t\t\t<span class='e-n-accordion-item-title-icon'>\n\t\t\t<span class='e-opened' ><svg aria-hidden=\"true\" class=\"e-font-icon-svg e-fas-minus\" viewBox=\"0 0 448 512\" xmlns=\"http:\/\/www.w3.org\/2000\/svg\"><path d=\"M416 208H32c-17.67 0-32 14.33-32 32v32c0 17.67 14.33 32 32 32h384c17.67 0 32-14.33 32-32v-32c0-17.67-14.33-32-32-32z\"><\/path><\/svg><\/span>\n\t\t\t<span class='e-closed'><svg aria-hidden=\"true\" class=\"e-font-icon-svg e-fas-plus\" viewBox=\"0 0 448 512\" xmlns=\"http:\/\/www.w3.org\/2000\/svg\"><path d=\"M416 208H272V64c0-17.67-14.33-32-32-32h-32c-17.67 0-32 14.33-32 32v144H32c-17.67 0-32 14.33-32 32v32c0 17.67 14.33 32 32 32h144v144c0 17.67 14.33 32 32 32h32c17.67 0 32-14.33 32-32V304h144c17.67 0 32-14.33 32-32v-32c0-17.67-14.33-32-32-32z\"><\/path><\/svg><\/span>\n\t\t<\/span>\n\n\t\t\t\t\t\t<\/summary>\n\t\t\t\t<div role=\"region\" aria-labelledby=\"e-n-accordion-item-1791\" class=\"elementor-element elementor-element-5efb827 e-con-full e-flex e-con e-child\" data-id=\"5efb827\" data-element_type=\"container\" data-e-type=\"container\">\n\t\t\t\t<div class=\"elementor-element elementor-element-bf67e3f elementor-widget elementor-widget-text-editor\" data-id=\"bf67e3f\" data-element_type=\"widget\" data-e-type=\"widget\" data-widget_type=\"text-editor.default\">\n\t\t\t\t<div class=\"elementor-widget-container\">\n\t\t\t\t\t\t\t\t\t<p>Oui, nous prenons en charge la personnalisation \u00e0 la demande, y compris mais sans s&rsquo;y limiter :<\/p><p>Personnalisation de la composition (taux d&rsquo;alliage, taux de dopage)<\/p><p>Personnalisation de la taille et de la granulom\u00e9trie (poudres micron\/nano, \u00e9paisseur et diam\u00e8tre cibles)<\/p><p>Personnalisation de la puret\u00e9 (de 3N \u00e0 plus de 6N)<\/p><p>Forme ou structure particuli\u00e8re (sph\u00e9rique, flocon, composite noyau-coquille)<\/p><p>Emballages sp\u00e9ciaux (encapsulation sous vide, protection par gaz inerte, emballages de petit format)<\/p>\t\t\t\t\t\t\t\t<\/div>\n\t\t\t\t<\/div>\n\t\t\t\t<\/div>\n\t\t\t\t\t<\/details>\n\t\t\t\t\t\t<details id=\"e-n-accordion-item-1792\" class=\"e-n-accordion-item\" >\n\t\t\t\t<summary class=\"e-n-accordion-item-title\" data-accordion-index=\"3\" tabindex=\"-1\" aria-expanded=\"false\" aria-controls=\"e-n-accordion-item-1792\" >\n\t\t\t\t\t<span class='e-n-accordion-item-title-header'><h3 class=\"e-n-accordion-item-title-text\"> Fournissez-vous des rapports d'essai pour les mat\u00e9riaux ? <\/h3><\/span>\n\t\t\t\t\t\t\t<span class='e-n-accordion-item-title-icon'>\n\t\t\t<span class='e-opened' ><svg aria-hidden=\"true\" class=\"e-font-icon-svg e-fas-minus\" viewBox=\"0 0 448 512\" xmlns=\"http:\/\/www.w3.org\/2000\/svg\"><path d=\"M416 208H32c-17.67 0-32 14.33-32 32v32c0 17.67 14.33 32 32 32h384c17.67 0 32-14.33 32-32v-32c0-17.67-14.33-32-32-32z\"><\/path><\/svg><\/span>\n\t\t\t<span class='e-closed'><svg aria-hidden=\"true\" class=\"e-font-icon-svg e-fas-plus\" viewBox=\"0 0 448 512\" xmlns=\"http:\/\/www.w3.org\/2000\/svg\"><path d=\"M416 208H272V64c0-17.67-14.33-32-32-32h-32c-17.67 0-32 14.33-32 32v144H32c-17.67 0-32 14.33-32 32v32c0 17.67 14.33 32 32 32h144v144c0 17.67 14.33 32 32 32h32c17.67 0 32-14.33 32-32V304h144c17.67 0 32-14.33 32-32v-32c0-17.67-14.33-32-32-32z\"><\/path><\/svg><\/span>\n\t\t<\/span>\n\n\t\t\t\t\t\t<\/summary>\n\t\t\t\t<div role=\"region\" aria-labelledby=\"e-n-accordion-item-1792\" class=\"elementor-element elementor-element-c278784 e-con-full e-flex e-con e-child\" data-id=\"c278784\" data-element_type=\"container\" data-e-type=\"container\">\n\t\t\t\t<div class=\"elementor-element elementor-element-25b4d8b elementor-widget elementor-widget-text-editor\" data-id=\"25b4d8b\" data-element_type=\"widget\" data-e-type=\"widget\" data-widget_type=\"text-editor.default\">\n\t\t\t\t<div class=\"elementor-widget-container\">\n\t\t\t\t\t\t\t\t\t<p>Nous fournissons un COA (rapport d&rsquo;analyse) pour chaque lot de produits exp\u00e9di\u00e9s, y compris :<\/p><p>Analyse de la composition (ICP-OES, XRF, GDMS, etc.)<\/p><p>Distribution de la taille des particules (granulom\u00e8tre laser)<\/p><p>Composition des phases (XRD)<\/p><p>Surface sp\u00e9cifique (BET, pour les nanopoudres)<\/p><p>Rapport de contr\u00f4le de qualit\u00e9 densit\u00e9\/puret\u00e9\/apparence<\/p>\t\t\t\t\t\t\t\t<\/div>\n\t\t\t\t<\/div>\n\t\t\t\t<\/div>\n\t\t\t\t\t<\/details>\n\t\t\t\t\t\t<details id=\"e-n-accordion-item-1793\" class=\"e-n-accordion-item\" >\n\t\t\t\t<summary class=\"e-n-accordion-item-title\" data-accordion-index=\"4\" tabindex=\"-1\" aria-expanded=\"false\" aria-controls=\"e-n-accordion-item-1793\" >\n\t\t\t\t\t<span class='e-n-accordion-item-title-header'><h3 class=\"e-n-accordion-item-title-text\"> Avec quels syst\u00e8mes de rev\u00eatement vos cibles sont-elles compatibles ? <\/h3><\/span>\n\t\t\t\t\t\t\t<span class='e-n-accordion-item-title-icon'>\n\t\t\t<span class='e-opened' ><svg aria-hidden=\"true\" class=\"e-font-icon-svg e-fas-minus\" viewBox=\"0 0 448 512\" xmlns=\"http:\/\/www.w3.org\/2000\/svg\"><path d=\"M416 208H32c-17.67 0-32 14.33-32 32v32c0 17.67 14.33 32 32 32h384c17.67 0 32-14.33 32-32v-32c0-17.67-14.33-32-32-32z\"><\/path><\/svg><\/span>\n\t\t\t<span class='e-closed'><svg aria-hidden=\"true\" class=\"e-font-icon-svg e-fas-plus\" viewBox=\"0 0 448 512\" xmlns=\"http:\/\/www.w3.org\/2000\/svg\"><path d=\"M416 208H272V64c0-17.67-14.33-32-32-32h-32c-17.67 0-32 14.33-32 32v144H32c-17.67 0-32 14.33-32 32v32c0 17.67 14.33 32 32 32h144v144c0 17.67 14.33 32 32 32h32c17.67 0 32-14.33 32-32V304h144c17.67 0 32-14.33 32-32v-32c0-17.67-14.33-32-32-32z\"><\/path><\/svg><\/span>\n\t\t<\/span>\n\n\t\t\t\t\t\t<\/summary>\n\t\t\t\t<div role=\"region\" aria-labelledby=\"e-n-accordion-item-1793\" class=\"elementor-element elementor-element-9c519af e-flex e-con-boxed e-con e-child\" data-id=\"9c519af\" data-element_type=\"container\" data-e-type=\"container\">\n\t\t\t\t\t<div class=\"e-con-inner\">\n\t\t\t\t<div class=\"elementor-element elementor-element-0e7d3d6 elementor-widget elementor-widget-text-editor\" data-id=\"0e7d3d6\" data-element_type=\"widget\" data-e-type=\"widget\" data-widget_type=\"text-editor.default\">\n\t\t\t\t<div class=\"elementor-widget-container\">\n\t\t\t\t\t\t\t\t\t<p>Nos cibles sont compatibles avec la plupart des principaux syst\u00e8mes de rev\u00eatement sous vide, notamment :<\/p><p>Pulv\u00e9risation magn\u00e9tron (MS)<\/p><p>Evaporation par faisceau d&rsquo;\u00e9lectrons<\/p><p>\u00c9vaporation thermique<\/p><p>Pulv\u00e9risation par faisceau d&rsquo;ions (IBS)<\/p><p>Co-sput\u00e9risation, syst\u00e8mes de d\u00e9p\u00f4t altern\u00e9 multi-cibles<\/p><p> <\/p><p>Les cibles r\u00e9pondent aux sp\u00e9cifications rectangulaires, circulaires, rotatives, annulaires et autres pour les lignes de production des laboratoires et de l&rsquo;industrie.<\/p>\t\t\t\t\t\t\t\t<\/div>\n\t\t\t\t<\/div>\n\t\t\t\t\t<\/div>\n\t\t\t\t<\/div>\n\t\t\t\t\t<\/details>\n\t\t\t\t\t\t<details id=\"e-n-accordion-item-1794\" class=\"e-n-accordion-item\" >\n\t\t\t\t<summary class=\"e-n-accordion-item-title\" data-accordion-index=\"5\" tabindex=\"-1\" aria-expanded=\"false\" aria-controls=\"e-n-accordion-item-1794\" >\n\t\t\t\t\t<span class='e-n-accordion-item-title-header'><h3 class=\"e-n-accordion-item-title-text\"> Pouvez-vous assurer l'exp\u00e9dition internationale ? Existe-t-il une quantit\u00e9 minimale de commande (MOQ) ?  <\/h3><\/span>\n\t\t\t\t\t\t\t<span class='e-n-accordion-item-title-icon'>\n\t\t\t<span class='e-opened' ><svg aria-hidden=\"true\" class=\"e-font-icon-svg e-fas-minus\" viewBox=\"0 0 448 512\" xmlns=\"http:\/\/www.w3.org\/2000\/svg\"><path d=\"M416 208H32c-17.67 0-32 14.33-32 32v32c0 17.67 14.33 32 32 32h384c17.67 0 32-14.33 32-32v-32c0-17.67-14.33-32-32-32z\"><\/path><\/svg><\/span>\n\t\t\t<span class='e-closed'><svg aria-hidden=\"true\" class=\"e-font-icon-svg e-fas-plus\" viewBox=\"0 0 448 512\" xmlns=\"http:\/\/www.w3.org\/2000\/svg\"><path d=\"M416 208H272V64c0-17.67-14.33-32-32-32h-32c-17.67 0-32 14.33-32 32v144H32c-17.67 0-32 14.33-32 32v32c0 17.67 14.33 32 32 32h144v144c0 17.67 14.33 32 32 32h32c17.67 0 32-14.33 32-32V304h144c17.67 0 32-14.33 32-32v-32c0-17.67-14.33-32-32-32z\"><\/path><\/svg><\/span>\n\t\t<\/span>\n\n\t\t\t\t\t\t<\/summary>\n\t\t\t\t<div role=\"region\" aria-labelledby=\"e-n-accordion-item-1794\" class=\"elementor-element elementor-element-b746804 e-flex e-con-boxed e-con e-child\" data-id=\"b746804\" data-element_type=\"container\" data-e-type=\"container\">\n\t\t\t\t\t<div class=\"e-con-inner\">\n\t\t\t\t<div class=\"elementor-element elementor-element-5232d9d elementor-widget elementor-widget-text-editor\" data-id=\"5232d9d\" data-element_type=\"widget\" data-e-type=\"widget\" data-widget_type=\"text-editor.default\">\n\t\t\t\t<div class=\"elementor-widget-container\">\n\t\t\t\t\t\t\t\t\t<p>Nous servons des clients du monde entier et pouvons exp\u00e9dier nos produits en Europe, en Am\u00e9rique, en Asie, en Australie et dans d&rsquo;autres r\u00e9gions.<\/p><p>La plupart des produits sont en stock, les petites quantit\u00e9s sont prises en charge par le MOQ.<\/p><p>Les produits personnalis\u00e9s sont g\u00e9n\u00e9ralement soumis \u00e0 une exigence de qualit\u00e9 minimale, veuillez v\u00e9rifier aupr\u00e8s de notre repr\u00e9sentant commercial.<\/p>\t\t\t\t\t\t\t\t<\/div>\n\t\t\t\t<\/div>\n\t\t\t\t\t<\/div>\n\t\t\t\t<\/div>\n\t\t\t\t\t<\/details>\n\t\t\t\t\t\t<details id=\"e-n-accordion-item-1795\" class=\"e-n-accordion-item\" >\n\t\t\t\t<summary class=\"e-n-accordion-item-title\" data-accordion-index=\"6\" tabindex=\"-1\" aria-expanded=\"false\" aria-controls=\"e-n-accordion-item-1795\" >\n\t\t\t\t\t<span class='e-n-accordion-item-title-header'><h3 class=\"e-n-accordion-item-title-text\"> Fournissez-vous une assistance technique ou des conseils en mati\u00e8re de s\u00e9lection ? <\/h3><\/span>\n\t\t\t\t\t\t\t<span class='e-n-accordion-item-title-icon'>\n\t\t\t<span class='e-opened' ><svg aria-hidden=\"true\" class=\"e-font-icon-svg e-fas-minus\" viewBox=\"0 0 448 512\" xmlns=\"http:\/\/www.w3.org\/2000\/svg\"><path d=\"M416 208H32c-17.67 0-32 14.33-32 32v32c0 17.67 14.33 32 32 32h384c17.67 0 32-14.33 32-32v-32c0-17.67-14.33-32-32-32z\"><\/path><\/svg><\/span>\n\t\t\t<span class='e-closed'><svg aria-hidden=\"true\" class=\"e-font-icon-svg e-fas-plus\" viewBox=\"0 0 448 512\" xmlns=\"http:\/\/www.w3.org\/2000\/svg\"><path d=\"M416 208H272V64c0-17.67-14.33-32-32-32h-32c-17.67 0-32 14.33-32 32v144H32c-17.67 0-32 14.33-32 32v32c0 17.67 14.33 32 32 32h144v144c0 17.67 14.33 32 32 32h32c17.67 0 32-14.33 32-32V304h144c17.67 0 32-14.33 32-32v-32c0-17.67-14.33-32-32-32z\"><\/path><\/svg><\/span>\n\t\t<\/span>\n\n\t\t\t\t\t\t<\/summary>\n\t\t\t\t<div role=\"region\" aria-labelledby=\"e-n-accordion-item-1795\" class=\"elementor-element elementor-element-e8ba6a1 e-flex e-con-boxed e-con e-child\" data-id=\"e8ba6a1\" data-element_type=\"container\" data-e-type=\"container\">\n\t\t\t\t\t<div class=\"e-con-inner\">\n\t\t\t\t<div class=\"elementor-element elementor-element-8d36f66 elementor-widget elementor-widget-text-editor\" data-id=\"8d36f66\" data-element_type=\"widget\" data-e-type=\"widget\" data-widget_type=\"text-editor.default\">\n\t\t\t\t<div class=\"elementor-widget-container\">\n\t\t\t\t\t\t\t\t\t<p>Oui, bien s\u00fbr. Notre \u00e9quipe technique poss\u00e8de une formation pluridisciplinaire en science des mat\u00e9riaux, en physique, en rev\u00eatement sous vide, en m\u00e9tallurgie des poudres, etc : <\/p><p>S\u00e9lection des mat\u00e9riaux et recommandations de substitution<\/p><p>Correspondance des processus et recommandations de param\u00e8tres<\/p><p>Aide \u00e0 l&rsquo;optimisation des performances et \u00e0 l&rsquo;analyse des d\u00e9faillances<\/p><p>Aide \u00e0 la mise en conformit\u00e9 des fiches techniques, des fiches de donn\u00e9es de s\u00e9curit\u00e9 et des fiches ROHS\/REACH<\/p>\t\t\t\t\t\t\t\t<\/div>\n\t\t\t\t<\/div>\n\t\t\t\t\t<\/div>\n\t\t\t\t<\/div>\n\t\t\t\t\t<\/details>\n\t\t\t\t\t\t<details id=\"e-n-accordion-item-1796\" class=\"e-n-accordion-item\" >\n\t\t\t\t<summary class=\"e-n-accordion-item-title\" data-accordion-index=\"7\" tabindex=\"-1\" aria-expanded=\"false\" aria-controls=\"e-n-accordion-item-1796\" >\n\t\t\t\t\t<span class='e-n-accordion-item-title-header'><h3 class=\"e-n-accordion-item-title-text\"> Comment puis-je obtenir des devis et des \u00e9chantillons ? <\/h3><\/span>\n\t\t\t\t\t\t\t<span class='e-n-accordion-item-title-icon'>\n\t\t\t<span class='e-opened' ><svg aria-hidden=\"true\" class=\"e-font-icon-svg e-fas-minus\" viewBox=\"0 0 448 512\" xmlns=\"http:\/\/www.w3.org\/2000\/svg\"><path d=\"M416 208H32c-17.67 0-32 14.33-32 32v32c0 17.67 14.33 32 32 32h384c17.67 0 32-14.33 32-32v-32c0-17.67-14.33-32-32-32z\"><\/path><\/svg><\/span>\n\t\t\t<span class='e-closed'><svg aria-hidden=\"true\" class=\"e-font-icon-svg e-fas-plus\" viewBox=\"0 0 448 512\" xmlns=\"http:\/\/www.w3.org\/2000\/svg\"><path d=\"M416 208H272V64c0-17.67-14.33-32-32-32h-32c-17.67 0-32 14.33-32 32v144H32c-17.67 0-32 14.33-32 32v32c0 17.67 14.33 32 32 32h144v144c0 17.67 14.33 32 32 32h32c17.67 0 32-14.33 32-32V304h144c17.67 0 32-14.33 32-32v-32c0-17.67-14.33-32-32-32z\"><\/path><\/svg><\/span>\n\t\t<\/span>\n\n\t\t\t\t\t\t<\/summary>\n\t\t\t\t<div role=\"region\" aria-labelledby=\"e-n-accordion-item-1796\" class=\"elementor-element elementor-element-8e7a8dd e-flex e-con-boxed e-con e-child\" data-id=\"8e7a8dd\" data-element_type=\"container\" data-e-type=\"container\">\n\t\t\t\t\t<div class=\"e-con-inner\">\n\t\t\t\t<div class=\"elementor-element elementor-element-7b51e4f elementor-widget elementor-widget-text-editor\" data-id=\"7b51e4f\" data-element_type=\"widget\" data-e-type=\"widget\" data-widget_type=\"text-editor.default\">\n\t\t\t\t<div class=\"elementor-widget-container\">\n\t\t\t\t\t\t\t\t\t<p>Vous pouvez nous contacter pour obtenir un devis ou demander un \u00e9chantillon de la mani\u00e8re suivante :<\/p><p>Envoyez un courriel \u00e0 sales@funcmater.com<\/p><p>Appelez-nous au +86-29-88993870<\/p><p>Laissez un message via le formulaire du site web<\/p><p>Ajoutez WhatsApp pour une communication rapide<\/p><p> <\/p><p>Veuillez indiquer le nom du produit, les sp\u00e9cifications, la quantit\u00e9 et le lieu de livraison. Nous vous enverrons un devis et une date de livraison dans les meilleurs d\u00e9lais.<\/p>\t\t\t\t\t\t\t\t<\/div>\n\t\t\t\t<\/div>\n\t\t\t\t\t<\/div>\n\t\t\t\t<\/div>\n\t\t\t\t\t<\/details>\n\t\t\t\t\t<\/div>\n\t\t\t\t\t<script type=\"application\/ld+json\">{\"@context\":\"https:\\\/\\\/schema.org\",\"@type\":\"FAQPage\",\"mainEntity\":[{\"@type\":\"Question\",\"name\":\"Quels sont les principaux produits propos\\u00e9s par ULPMAT ?\",\"acceptedAnswer\":{\"@type\":\"Answer\",\"text\":\"Nous sommes sp\\u00e9cialis\\u00e9s dans le d\\u00e9veloppement et la fourniture de mat\\u00e9riaux fonctionnels et nos principaux produits sont les suivants :Cibles de pulv\\u00e9risation : Cibles m\\u00e9talliques, cibles c\\u00e9ramiques, cibles d&rsquo;oxyde, cibles conductrices transparentes (par exemple ITO, IZO, AZO).Mat\\u00e9riaux de d\\u00e9p\\u00f4t en phase vapeur (granul\\u00e9s, pastilles)M\\u00e9taux et alliages de haute puret\\u00e9 (poudre, granul\\u00e9s, morceaux)Mat\\u00e9riaux compos\\u00e9s de soufre : sulfures, s\\u00e9l\\u00e9niures, tellururesHalog\\u00e9nures anhydresMat\\u00e9riaux pour batteries (mat\\u00e9riaux pour \\u00e9lectrodes positives et n\\u00e9gatives, \\u00e9lectrolytes \\u00e0 l&rsquo;\\u00e9tat solide, sels de lithium m\\u00e9tal\\\/lithium)Mat\\u00e9riaux optiques (verre infrarouge, fluorure, oxyde, germanium, silicium)Nanomat\\u00e9riaux et poudres compos\\u00e9esImpression 3D de poudres m\\u00e9talliques sph\\u00e9riquesPoudre de projection thermique (m\\u00e9tal\\\/c\\u00e9ramique\\\/composite)\"}},{\"@type\":\"Question\",\"name\":\"Vos mat\\u00e9riaux permettent-ils la personnalisation ?\",\"acceptedAnswer\":{\"@type\":\"Answer\",\"text\":\"Oui, nous prenons en charge la personnalisation \\u00e0 la demande, y compris mais sans s&rsquo;y limiter :Personnalisation de la composition (taux d&rsquo;alliage, taux de dopage)Personnalisation de la taille et de la granulom\\u00e9trie (poudres micron\\\/nano, \\u00e9paisseur et diam\\u00e8tre cibles)Personnalisation de la puret\\u00e9 (de 3N \\u00e0 plus de 6N)Forme ou structure particuli\\u00e8re (sph\\u00e9rique, flocon, composite noyau-coquille)Emballages sp\\u00e9ciaux (encapsulation sous vide, protection par gaz inerte, emballages de petit format)\"}},{\"@type\":\"Question\",\"name\":\"Fournissez-vous des rapports d'essai pour les mat\\u00e9riaux ?\",\"acceptedAnswer\":{\"@type\":\"Answer\",\"text\":\"Nous fournissons un COA (rapport d&rsquo;analyse) pour chaque lot de produits exp\\u00e9di\\u00e9s, y compris :Analyse de la composition (ICP-OES, XRF, GDMS, etc.)Distribution de la taille des particules (granulom\\u00e8tre laser)Composition des phases (XRD)Surface sp\\u00e9cifique (BET, pour les nanopoudres)Rapport de contr\\u00f4le de qualit\\u00e9 densit\\u00e9\\\/puret\\u00e9\\\/apparence\"}},{\"@type\":\"Question\",\"name\":\"Avec quels syst\\u00e8mes de rev\\u00eatement vos cibles sont-elles compatibles ?\",\"acceptedAnswer\":{\"@type\":\"Answer\",\"text\":\"Nos cibles sont compatibles avec la plupart des principaux syst\\u00e8mes de rev\\u00eatement sous vide, notamment :Pulv\\u00e9risation magn\\u00e9tron (MS)Evaporation par faisceau d&rsquo;\\u00e9lectrons\\u00c9vaporation thermiquePulv\\u00e9risation par faisceau d&rsquo;ions (IBS)Co-sput\\u00e9risation, syst\\u00e8mes de d\\u00e9p\\u00f4t altern\\u00e9 multi-cibles Les cibles r\\u00e9pondent aux sp\\u00e9cifications rectangulaires, circulaires, rotatives, annulaires et autres pour les lignes de production des laboratoires et de l&rsquo;industrie.\"}},{\"@type\":\"Question\",\"name\":\"Pouvez-vous assurer l'exp\\u00e9dition internationale ? Existe-t-il une quantit\\u00e9 minimale de commande (MOQ) ?\",\"acceptedAnswer\":{\"@type\":\"Answer\",\"text\":\"Nous servons des clients du monde entier et pouvons exp\\u00e9dier nos produits en Europe, en Am\\u00e9rique, en Asie, en Australie et dans d&rsquo;autres r\\u00e9gions.La plupart des produits sont en stock, les petites quantit\\u00e9s sont prises en charge par le MOQ.Les produits personnalis\\u00e9s sont g\\u00e9n\\u00e9ralement soumis \\u00e0 une exigence de qualit\\u00e9 minimale, veuillez v\\u00e9rifier aupr\\u00e8s de notre repr\\u00e9sentant commercial.\"}},{\"@type\":\"Question\",\"name\":\"Fournissez-vous une assistance technique ou des conseils en mati\\u00e8re de s\\u00e9lection ?\",\"acceptedAnswer\":{\"@type\":\"Answer\",\"text\":\"Oui, bien s\\u00fbr. Notre \\u00e9quipe technique poss\\u00e8de une formation pluridisciplinaire en science des mat\\u00e9riaux, en physique, en rev\\u00eatement sous vide, en m\\u00e9tallurgie des poudres, etc : S\\u00e9lection des mat\\u00e9riaux et recommandations de substitutionCorrespondance des processus et recommandations de param\\u00e8tresAide \\u00e0 l&rsquo;optimisation des performances et \\u00e0 l&rsquo;analyse des d\\u00e9faillancesAide \\u00e0 la mise en conformit\\u00e9 des fiches techniques, des fiches de donn\\u00e9es de s\\u00e9curit\\u00e9 et des fiches ROHS\\\/REACH\"}},{\"@type\":\"Question\",\"name\":\"Comment puis-je obtenir des devis et des \\u00e9chantillons ?\",\"acceptedAnswer\":{\"@type\":\"Answer\",\"text\":\"Vous pouvez nous contacter pour obtenir un devis ou demander un \\u00e9chantillon de la mani\\u00e8re suivante :Envoyez un courriel \\u00e0 sales@funcmater.comAppelez-nous au +86-29-88993870Laissez un message via le formulaire du site webAjoutez WhatsApp pour une communication rapide Veuillez indiquer le nom du produit, les sp\\u00e9cifications, la quantit\\u00e9 et le lieu de livraison. Nous vous enverrons un devis et une date de livraison dans les meilleurs d\\u00e9lais.\"}}]}<\/script>\n\t\t\t\t\t\t\t<\/div>\n\t\t\t\t<\/div>\n\t\t\t\t\t<\/div>\n\t\t\t\t<\/div>\n\t\t\t\t<\/div>\n\t\t","protected":false},"excerpt":{"rendered":"<p>FAQ Quels sont les principaux produits propos\u00e9s par ULPMAT ? Nous sommes sp\u00e9cialis\u00e9s dans le d\u00e9veloppement et la fourniture de mat\u00e9riaux fonctionnels et nos principaux produits sont les suivants : Cibles de pulv\u00e9risation : Cibles m\u00e9talliques, cibles c\u00e9ramiques, cibles d&#8217;oxyde, cibles conductrices transparentes (par exemple ITO, IZO, AZO). Mat\u00e9riaux de d\u00e9p\u00f4t en phase vapeur (granul\u00e9s, [&hellip;]<\/p>\n","protected":false},"author":2,"featured_media":0,"parent":7161,"menu_order":0,"comment_status":"closed","ping_status":"closed","template":"","meta":{"_acf_changed":false,"footnotes":""},"class_list":["post-7190","page","type-page","status-publish","hentry"],"acf":[],"_links":{"self":[{"href":"https:\/\/ulpmat.com\/fr\/wp-json\/wp\/v2\/pages\/7190","targetHints":{"allow":["GET"]}}],"collection":[{"href":"https:\/\/ulpmat.com\/fr\/wp-json\/wp\/v2\/pages"}],"about":[{"href":"https:\/\/ulpmat.com\/fr\/wp-json\/wp\/v2\/types\/page"}],"author":[{"embeddable":true,"href":"https:\/\/ulpmat.com\/fr\/wp-json\/wp\/v2\/users\/2"}],"replies":[{"embeddable":true,"href":"https:\/\/ulpmat.com\/fr\/wp-json\/wp\/v2\/comments?post=7190"}],"version-history":[{"count":1,"href":"https:\/\/ulpmat.com\/fr\/wp-json\/wp\/v2\/pages\/7190\/revisions"}],"predecessor-version":[{"id":7193,"href":"https:\/\/ulpmat.com\/fr\/wp-json\/wp\/v2\/pages\/7190\/revisions\/7193"}],"up":[{"embeddable":true,"href":"https:\/\/ulpmat.com\/fr\/wp-json\/wp\/v2\/pages\/7161"}],"wp:attachment":[{"href":"https:\/\/ulpmat.com\/fr\/wp-json\/wp\/v2\/media?parent=7190"}],"curies":[{"name":"wp","href":"https:\/\/api.w.org\/{rel}","templated":true}]}}