{"id":24926,"date":"2025-06-09T10:57:14","date_gmt":"2025-06-09T02:57:14","guid":{"rendered":"https:\/\/ulpmat.com\/service\/service-apres-vente\/"},"modified":"2025-11-19T17:20:00","modified_gmt":"2025-11-19T09:20:00","slug":"service-apres-vente","status":"publish","type":"page","link":"https:\/\/ulpmat.com\/fr\/service\/service-apres-vente\/","title":{"rendered":"Service apr\u00e8s-vente"},"content":{"rendered":"\t\t<div data-elementor-type=\"wp-page\" data-elementor-id=\"24926\" class=\"elementor elementor-24926 elementor-1005\" data-elementor-post-type=\"page\">\n\t\t\t\t<div class=\"elementor-element elementor-element-00a7d45 e-flex e-con-boxed e-con e-parent\" data-id=\"00a7d45\" data-element_type=\"container\" data-e-type=\"container\">\n\t\t\t\t\t<div class=\"e-con-inner\">\n\t\t<div class=\"elementor-element elementor-element-e4d380d e-con-full e-flex e-con e-child\" data-id=\"e4d380d\" data-element_type=\"container\" data-e-type=\"container\" data-settings=\"{&quot;background_background&quot;:&quot;classic&quot;}\">\n\t\t\t\t<div class=\"elementor-element elementor-element-5c274f7 elementor-widget elementor-widget-heading\" data-id=\"5c274f7\" data-element_type=\"widget\" data-e-type=\"widget\" data-widget_type=\"heading.default\">\n\t\t\t\t<div class=\"elementor-widget-container\">\n\t\t\t\t\t<h2 class=\"elementor-heading-title elementor-size-default\">Service apr\u00e8s-vente<\/h2>\t\t\t\t<\/div>\n\t\t\t\t<\/div>\n\t\t\t\t<\/div>\n\t\t\t\t\t<\/div>\n\t\t\t\t<\/div>\n\t\t<div class=\"elementor-element elementor-element-e2bea9a e-flex e-con-boxed e-con e-parent\" data-id=\"e2bea9a\" data-element_type=\"container\" data-e-type=\"container\">\n\t\t\t\t\t<div class=\"e-con-inner\">\n\t\t<div class=\"elementor-element elementor-element-c04f0c9 e-con-full e-flex e-con e-child\" data-id=\"c04f0c9\" data-element_type=\"container\" data-e-type=\"container\" data-settings=\"{&quot;background_background&quot;:&quot;classic&quot;}\">\n\t\t\t\t<div class=\"elementor-element elementor-element-9268d56 elementor-widget elementor-widget-text-editor\" data-id=\"9268d56\" data-element_type=\"widget\" data-e-type=\"widget\" data-widget_type=\"text-editor.default\">\n\t\t\t\t<div class=\"elementor-widget-container\">\n\t\t\t\t\t\t\t\t\t<p>ULPMAT appr\u00e9cie les partenariats \u00e0 long terme avec ses clients, et notre engagement va au-del\u00e0 de la livraison des produits &#8211; nous nous engageons \u00e0 fournir un service apr\u00e8s-vente fiable, r\u00e9actif et professionnel. Nous comprenons que nos mat\u00e9riaux sont essentiels \u00e0 votre processus, c&rsquo;est pourquoi nous nous engageons \u00e0 faire en sorte que votre exp\u00e9rience soit toujours fluide, efficace et r\u00e9ussie.<\/p>\t\t\t\t\t\t\t\t<\/div>\n\t\t\t\t<\/div>\n\t\t\t\t<div class=\"elementor-element elementor-element-6462b66 elementor-widget elementor-widget-heading\" data-id=\"6462b66\" data-element_type=\"widget\" data-e-type=\"widget\" data-widget_type=\"heading.default\">\n\t\t\t\t<div class=\"elementor-widget-container\">\n\t\t\t\t\t<h2 class=\"elementor-heading-title elementor-size-default\">Que proposons-nous ?<\/h2>\t\t\t\t<\/div>\n\t\t\t\t<\/div>\n\t\t\t\t<div class=\"elementor-element elementor-element-75e82d0 elementor-widget elementor-widget-text-editor\" data-id=\"75e82d0\" data-element_type=\"widget\" data-e-type=\"widget\" data-widget_type=\"text-editor.default\">\n\t\t\t\t<div class=\"elementor-widget-container\">\n\t\t\t\t\t\t\t\t\t<p><strong>Suivi technique<\/strong><\/p><p>Nous assurons un suivi proactif de nos clients apr\u00e8s la livraison afin de nous assurer que le mat\u00e9riel r\u00e9pond aux attentes en mati\u00e8re de performances. Si un probl\u00e8me survient en cours d&rsquo;utilisation, nos experts techniques sont pr\u00eats \u00e0 vous aider \u00e0 r\u00e9soudre les probl\u00e8mes.<\/p><p><strong>Documentation et soutien \u00e0 la conformit\u00e9<\/strong><\/p><p>Nous fournissons une documentation compl\u00e8te et transparente, notamment des <a href=\"https:\/\/ulpmat.com\/fr\/documents\/certificat-danalyse\/\">certificats d&rsquo;analyse<\/a>, des <a href=\"https:\/\/ulpmat.com\/fr\/documents\/fiche-de-donnees-de-securite\/\">fiches de donn\u00e9es de s\u00e9curit\u00e9<\/a>, des d\u00e9clarations de conformit\u00e9 RoHS\/REACH et, le cas \u00e9ch\u00e9ant, des rapports de tests effectu\u00e9s par des tiers.<\/p><p><strong>Boucle de retour d&rsquo;information sur les performances des produits<\/strong><\/p><p>Vos commentaires sont essentiels. Nous enregistrons les donn\u00e9es relatives aux performances et les commentaires des clients afin d&rsquo;am\u00e9liorer continuellement nos mat\u00e9riaux et nos processus et de mieux r\u00e9pondre \u00e0 l&rsquo;\u00e9volution de vos besoins.<\/p><p><strong> Politique de retour et d&rsquo;\u00e9change<\/strong><\/p><p>Dans le cas improbable de d\u00e9viations ou de d\u00e9fauts des mat\u00e9riaux, nous proposons un processus de retour et d&rsquo;\u00e9change clair qui r\u00e9pond aux normes internationales et minimise les perturbations de votre flux de travail.<\/p><p><strong>Gestion des stocks sp\u00e9cifique au client<\/strong><\/p><p>Pour les commandes r\u00e9p\u00e9t\u00e9es, nous proposons une aide \u00e0 la programmation, une r\u00e9servation \u00e0 l&rsquo;avance et un emballage personnalis\u00e9 afin de garantir une livraison dans les d\u00e9lais et une qualit\u00e9 constante.<\/p>\t\t\t\t\t\t\t\t<\/div>\n\t\t\t\t<\/div>\n\t\t\t\t<div class=\"elementor-element elementor-element-ac2e897 elementor-widget elementor-widget-heading\" data-id=\"ac2e897\" data-element_type=\"widget\" data-e-type=\"widget\" data-widget_type=\"heading.default\">\n\t\t\t\t<div class=\"elementor-widget-container\">\n\t\t\t\t\t<h2 class=\"elementor-heading-title elementor-size-default\">Canaux de soutien<\/h2>\t\t\t\t<\/div>\n\t\t\t\t<\/div>\n\t\t\t\t<div class=\"elementor-element elementor-element-67599b7 elementor-widget elementor-widget-text-editor\" data-id=\"67599b7\" data-element_type=\"widget\" data-e-type=\"widget\" data-widget_type=\"text-editor.default\">\n\t\t\t\t<div class=\"elementor-widget-container\">\n\t\t\t\t\t\t\t\t\t<p><strong>\ud83d\udcde Communication directe<\/strong><\/p><p>Vous aurez une personne de contact d\u00e9di\u00e9e pour vos services d&rsquo;assistance, et cette relation se poursuit apr\u00e8s la fin de votre commande, car nous voulons \u00eatre \u00e0 votre disposition si vous avez besoin d&rsquo;une assistance suppl\u00e9mentaire.<\/p><p>Si vous souhaitez parler \u00e0 votre gestionnaire de compte, veuillez appeler le +86-29-88993870.<\/p><p><strong>\ud83d\udce7 Assistance virtuelle et par courrier \u00e9lectronique<\/strong><\/p><p>R\u00e9ponse rapide dans les 24 heures. En cas de probl\u00e8me li\u00e9 aux mat\u00e9riaux que nous fournissons, nos experts techniques sont toujours disponibles pour vous apporter leur soutien et vous permettre de mieux comprendre les diff\u00e9rences entre les produits.<\/p><p>Pour toute question relative aux produits et \u00e0 l&rsquo;assistance technique, veuillez envoyer un courriel \u00e0 <a href=\"mailto:sales@funcmater.com\">sales@funcmater.com<\/a> ou appeler le +86-29-88993870.<\/p><p><strong>\ud83e\uddea R\u00e9\u00e9valuation et r\u00e9analyse en laboratoire<\/strong><\/p><p>Si n\u00e9cessaire, nous pouvons tester \u00e0 nouveau les mat\u00e9riaux en interne ou par l&rsquo;interm\u00e9diaire d&rsquo;un laboratoire tiers pour valider ou r\u00e9soudre les probl\u00e8mes.<\/p><p>Pour les besoins connexes, veuillez envoyer un courriel \u00e0 sales@funcmater.com ou appeler +86-29-88993870.<\/p><p><strong>\ud83d\udce6 Assistance logistique<\/strong><\/p><p>Nous fournissons une assistance en mati\u00e8re de suivi logistique, de conseils d&#8217;emballage, de documentation d&rsquo;importation\/exportation et de r\u00e9solution des probl\u00e8mes li\u00e9s \u00e0 l&rsquo;exp\u00e9dition.<\/p><p>Si vous avez des questions \u00e0 ce sujet, veuillez envoyer un courriel \u00e0 sales@funcmater.com ou appeler +86-29-88993870.<\/p>\t\t\t\t\t\t\t\t<\/div>\n\t\t\t\t<\/div>\n\t\t\t\t<div class=\"elementor-element elementor-element-ad39e4c elementor-widget elementor-widget-heading\" data-id=\"ad39e4c\" data-element_type=\"widget\" data-e-type=\"widget\" data-widget_type=\"heading.default\">\n\t\t\t\t<div class=\"elementor-widget-container\">\n\t\t\t\t\t<h2 class=\"elementor-heading-title elementor-size-default\">Pourquoi choisir l'assistance technique d'ULPMAT ?<\/h2>\t\t\t\t<\/div>\n\t\t\t\t<\/div>\n\t\t\t\t<div class=\"elementor-element elementor-element-df618c2 elementor-widget elementor-widget-text-editor\" data-id=\"df618c2\" data-element_type=\"widget\" data-e-type=\"widget\" data-widget_type=\"text-editor.default\">\n\t\t\t\t<div class=\"elementor-widget-container\">\n\t\t\t\t\t\t\t\t\t<p><strong>\ud83d\udd2c Une forte expertise interne<\/strong><\/p><p>Notre \u00e9quipe comprend des scientifiques des mat\u00e9riaux titulaires d&rsquo;un doctorat et des ing\u00e9nieurs d&rsquo;application exp\u00e9riment\u00e9s ayant une formation en chimie inorganique, en d\u00e9p\u00f4t de couches minces, en physique de l&rsquo;\u00e9tat solide et en traitement des poudres.<\/p><p><strong>\ud83c\udf0d Une exp\u00e9rience mondiale<\/strong><\/p><p>Nous soutenons des clients dans un large \u00e9ventail d&rsquo;industries et sur tous les continents &#8211; nous comprenons les besoins des laboratoires de pointe ainsi que les exigences de production en grand volume.<\/p><p><strong>\ud83d\udcca Orient\u00e9s vers les donn\u00e9es et les solutions<\/strong><\/p><p>Nous ne nous contentons pas de fournir des r\u00e9ponses, nous les analysons. Notre soutien s&rsquo;appuie sur des donn\u00e9es r\u00e9elles, des r\u00e9sultats de tests et des strat\u00e9gies d&rsquo;optimisation \u00e9prouv\u00e9es.<\/p><p><strong>\ud83d\udd17 Une coop\u00e9ration \u00e9troite avec la R&amp;D et la production<\/strong><\/p><p>Gr\u00e2ce \u00e0 la coop\u00e9ration \u00e9troite de notre \u00e9quipe d&rsquo;assistance avec les laboratoires de R&amp;D et les lignes de production, nous pouvons rapidement transformer les retours d&rsquo;exp\u00e9rience en actions.<\/p>\t\t\t\t\t\t\t\t<\/div>\n\t\t\t\t<\/div>\n\t\t\t\t<div class=\"elementor-element elementor-element-17af1ac elementor-widget elementor-widget-heading\" data-id=\"17af1ac\" data-element_type=\"widget\" data-e-type=\"widget\" data-widget_type=\"heading.default\">\n\t\t\t\t<div class=\"elementor-widget-container\">\n\t\t\t\t\t<h2 class=\"elementor-heading-title elementor-size-default\">Qu'est-ce qui distingue nos services d'assistance apr\u00e8s-vente ?<\/h2>\t\t\t\t<\/div>\n\t\t\t\t<\/div>\n\t\t\t\t<div class=\"elementor-element elementor-element-9119ecb elementor-widget elementor-widget-text-editor\" data-id=\"9119ecb\" data-element_type=\"widget\" data-e-type=\"widget\" data-widget_type=\"text-editor.default\">\n\t\t\t\t<div class=\"elementor-widget-container\">\n\t\t\t\t\t\t\t\t\t<p>\u2714\ufe0f R\u00e9activit\u00e9 &#8211; Assistance rapide et amicale avec un temps de r\u00e9ponse minimal.<\/p><p>\u2714\ufe0f Responsabilit\u00e9 &#8211; Des politiques claires et une approche professionnelle de la r\u00e9solution des probl\u00e8mes.<\/p><p>\u2714\ufe0f Profondeur technique &#8211; Acc\u00e8s int\u00e9gr\u00e9 \u00e0 nos \u00e9quipes internes de R&amp;D et de contr\u00f4le de la qualit\u00e9.<\/p><p>\u2714\ufe0f Orientation client &#8211; Nous donnons la priorit\u00e9 \u00e0 votre satisfaction et \u00e0 votre r\u00e9ussite \u00e0 long terme. <\/p>\t\t\t\t\t\t\t\t<\/div>\n\t\t\t\t<\/div>\n\t\t\t\t<div class=\"elementor-element elementor-element-fec7e6a elementor-widget elementor-widget-heading\" data-id=\"fec7e6a\" data-element_type=\"widget\" data-e-type=\"widget\" data-widget_type=\"heading.default\">\n\t\t\t\t<div class=\"elementor-widget-container\">\n\t\t\t\t\t<h2 class=\"elementor-heading-title elementor-size-default\">Votre partenaire de confiance pour les mat\u00e9riaux<\/h2>\t\t\t\t<\/div>\n\t\t\t\t<\/div>\n\t\t\t\t<div class=\"elementor-element elementor-element-72ed804 elementor-widget elementor-widget-text-editor\" data-id=\"72ed804\" data-element_type=\"widget\" data-e-type=\"widget\" data-widget_type=\"text-editor.default\">\n\t\t\t\t<div class=\"elementor-widget-container\">\n\t\t\t\t\t\t\t\t\t<p>ULPMAT s&rsquo;engage \u00e0 construire des relations \u00e0 long terme, et pas seulement \u00e0 fournir des produits uniques. C&rsquo;est pourquoi nous traitons chaque demande apr\u00e8s-vente avec autant de s\u00e9rieux et de responsabilit\u00e9 que la commande initiale.<\/p><p>\ud83d\udcac Besoin d&rsquo;aide, de commentaires ou de conseils techniques ? <strong><a href=\"https:\/\/ulpmat.com\/fr\/contactez-nous\/\">Prenez contact avec nous<\/a><\/strong> &#8211; nous sommes l\u00e0 pour vous aider.<\/p>\t\t\t\t\t\t\t\t<\/div>\n\t\t\t\t<\/div>\n\t\t\t\t<\/div>\n\t\t<div class=\"elementor-element elementor-element-a6809c4 e-con-full e-flex e-con e-child\" data-id=\"a6809c4\" data-element_type=\"container\" data-e-type=\"container\" data-settings=\"{&quot;background_background&quot;:&quot;classic&quot;}\">\n\t\t\t\t<div class=\"elementor-element elementor-element-19fc8a5 elementor-widget elementor-widget-heading\" data-id=\"19fc8a5\" data-element_type=\"widget\" data-e-type=\"widget\" data-widget_type=\"heading.default\">\n\t\t\t\t<div class=\"elementor-widget-container\">\n\t\t\t\t\t<h2 class=\"elementor-heading-title elementor-size-default\">Contactez nous<\/h2>\t\t\t\t<\/div>\n\t\t\t\t<\/div>\n\t\t\t\t<div class=\"elementor-element elementor-element-51d4f9d elementor-button-align-stretch elementor-widget elementor-widget-global elementor-global-13310 elementor-global-130 elementor-widget-form\" data-id=\"51d4f9d\" data-element_type=\"widget\" data-e-type=\"widget\" data-settings=\"{&quot;step_next_label&quot;:&quot;Suivant&quot;,&quot;step_previous_label&quot;:&quot;Pr\\u00e9c\\u00e9dent&quot;,&quot;button_width&quot;:&quot;100&quot;,&quot;step_type&quot;:&quot;number_text&quot;,&quot;step_icon_shape&quot;:&quot;circle&quot;}\" data-widget_type=\"form.default\">\n\t\t\t\t<div class=\"elementor-widget-container\">\n\t\t\t\t\t\t\t<form class=\"elementor-form\" method=\"post\" name=\"Formulaire de contact\" aria-label=\"Formulaire de contact\">\n\t\t\t<input type=\"hidden\" name=\"post_id\" value=\"24926\"\/>\n\t\t\t<input type=\"hidden\" name=\"form_id\" value=\"51d4f9d\"\/>\n\t\t\t<input type=\"hidden\" name=\"referer_title\" value=\"\" \/>\n\n\t\t\t\n\t\t\t<div class=\"elementor-form-fields-wrapper elementor-labels-above\">\n\t\t\t\t\t\t\t\t<div class=\"elementor-field-type-hidden elementor-field-group elementor-column elementor-field-group-p_image elementor-col-100\">\n\t\t\t\t\t\t\t\t\t\t\t\t\t<input size=\"1\" type=\"hidden\" name=\"form_fields[p_image]\" id=\"form-field-p_image\" class=\"elementor-field elementor-size-sm  elementor-field-textual\" value=\"&lt;img src=&quot;[field id=&quot;p_image&quot;]&quot; style=&quot;max-width:200px;max-height:200px&quot;&gt;\">\n\t\t\t\t\t\t\t\t\t\t\t<\/div>\n\t\t\t\t\t\t\t\t<div class=\"elementor-field-type-hidden elementor-field-group elementor-column elementor-field-group-p_name elementor-col-100\">\n\t\t\t\t\t\t\t\t\t\t\t\t\t<input size=\"1\" type=\"hidden\" name=\"form_fields[p_name]\" id=\"form-field-p_name\" class=\"elementor-field elementor-size-sm  elementor-field-textual\" value=\"&lt;img src=&quot;[field id=&quot;p_image&quot;]&quot; style=&quot;max-width:200px;max-height:200px&quot;&gt;\">\n\t\t\t\t\t\t\t\t\t\t\t<\/div>\n\t\t\t\t\t\t\t\t<div class=\"elementor-field-type-hidden elementor-field-group elementor-column elementor-field-group-p_purity elementor-col-100\">\n\t\t\t\t\t\t\t\t\t\t\t\t\t<input size=\"1\" type=\"hidden\" name=\"form_fields[p_purity]\" id=\"form-field-p_purity\" class=\"elementor-field elementor-size-sm  elementor-field-textual\">\n\t\t\t\t\t\t\t\t\t\t\t<\/div>\n\t\t\t\t\t\t\t\t<div class=\"elementor-field-type-hidden elementor-field-group elementor-column elementor-field-group-p_dimension elementor-col-100\">\n\t\t\t\t\t\t\t\t\t\t\t\t\t<input size=\"1\" type=\"hidden\" name=\"form_fields[p_dimension]\" id=\"form-field-p_dimension\" class=\"elementor-field elementor-size-sm  elementor-field-textual\">\n\t\t\t\t\t\t\t\t\t\t\t<\/div>\n\t\t\t\t\t\t\t\t<div class=\"elementor-field-type-text elementor-field-group elementor-column elementor-field-group-name elementor-col-50 elementor-field-required elementor-mark-required\">\n\t\t\t\t\t\t\t\t\t\t\t\t<label for=\"form-field-name\" class=\"elementor-field-label\">\n\t\t\t\t\t\t\t\tNom\t\t\t\t\t\t\t<\/label>\n\t\t\t\t\t\t\t\t\t\t\t\t\t\t<input size=\"1\" type=\"text\" name=\"form_fields[name]\" id=\"form-field-name\" class=\"elementor-field elementor-size-sm  elementor-field-textual\" required=\"required\">\n\t\t\t\t\t\t\t\t\t\t\t<\/div>\n\t\t\t\t\t\t\t\t<div class=\"elementor-field-type-email elementor-field-group elementor-column elementor-field-group-email elementor-col-50 elementor-field-required elementor-mark-required\">\n\t\t\t\t\t\t\t\t\t\t\t\t<label for=\"form-field-email\" class=\"elementor-field-label\">\n\t\t\t\t\t\t\t\tCourriel\t\t\t\t\t\t\t<\/label>\n\t\t\t\t\t\t\t\t\t\t\t\t\t\t<input size=\"1\" type=\"email\" name=\"form_fields[email]\" id=\"form-field-email\" class=\"elementor-field elementor-size-sm  elementor-field-textual\" required=\"required\">\n\t\t\t\t\t\t\t\t\t\t\t<\/div>\n\t\t\t\t\t\t\t\t<div class=\"elementor-field-type-tel elementor-field-group elementor-column elementor-field-group-tel elementor-col-50\">\n\t\t\t\t\t\t\t\t\t\t\t\t<label for=\"form-field-tel\" class=\"elementor-field-label\">\n\t\t\t\t\t\t\t\tT\u00e9l\u00e9phone\t\t\t\t\t\t\t<\/label>\n\t\t\t\t\t\t\t\t<input size=\"1\" type=\"tel\" name=\"form_fields[tel]\" id=\"form-field-tel\" class=\"elementor-field elementor-size-sm  elementor-field-textual\" pattern=\"[0-9()#&amp;+*-=.]+\" title=\"Seuls les caract\u00e8res de num\u00e9ros de t\u00e9l\u00e9phone (#, -, *, etc.) sont accept\u00e9s.\">\n\n\t\t\t\t\t\t<\/div>\n\t\t\t\t\t\t\t\t<div class=\"elementor-field-type-text elementor-field-group elementor-column elementor-field-group-country elementor-col-50\">\n\t\t\t\t\t\t\t\t\t\t\t\t<label for=\"form-field-country\" class=\"elementor-field-label\">\n\t\t\t\t\t\t\t\tPays\t\t\t\t\t\t\t<\/label>\n\t\t\t\t\t\t\t\t\t\t\t\t\t\t<input size=\"1\" type=\"text\" name=\"form_fields[country]\" id=\"form-field-country\" class=\"elementor-field elementor-size-sm  elementor-field-textual\">\n\t\t\t\t\t\t\t\t\t\t\t<\/div>\n\t\t\t\t\t\t\t\t<div class=\"elementor-field-type-text elementor-field-group elementor-column elementor-field-group-company elementor-col-100\">\n\t\t\t\t\t\t\t\t\t\t\t\t<label for=\"form-field-company\" class=\"elementor-field-label\">\n\t\t\t\t\t\t\t\tEntreprise\t\t\t\t\t\t\t<\/label>\n\t\t\t\t\t\t\t\t\t\t\t\t\t\t<input size=\"1\" type=\"text\" name=\"form_fields[company]\" id=\"form-field-company\" class=\"elementor-field elementor-size-sm  elementor-field-textual\">\n\t\t\t\t\t\t\t\t\t\t\t<\/div>\n\t\t\t\t\t\t\t\t<div class=\"elementor-field-type-textarea elementor-field-group elementor-column elementor-field-group-message elementor-col-100 elementor-field-required elementor-mark-required\">\n\t\t\t\t\t\t\t\t\t\t\t\t<label for=\"form-field-message\" class=\"elementor-field-label\">\n\t\t\t\t\t\t\t\tMessage\t\t\t\t\t\t\t<\/label>\n\t\t\t\t\t\t<textarea class=\"elementor-field-textual elementor-field  elementor-size-sm\" name=\"form_fields[message]\" id=\"form-field-message\" rows=\"4\" required=\"required\"><\/textarea>\t\t\t\t<\/div>\n\t\t\t\t\t\t\t\t<div class=\"elementor-field-group elementor-column elementor-field-type-submit elementor-col-100 e-form__buttons\">\n\t\t\t\t\t<button class=\"elementor-button elementor-size-sm\" type=\"submit\">\n\t\t\t\t\t\t<span class=\"elementor-button-content-wrapper\">\n\t\t\t\t\t\t\t\t\t\t\t\t\t\t\t\t\t\t\t\t\t\t<span class=\"elementor-button-text\">Soumettre<\/span>\n\t\t\t\t\t\t\t\t\t\t\t\t\t<\/span>\n\t\t\t\t\t<\/button>\n\t\t\t\t<\/div>\n\t\t\t<\/div>\n\t\t<\/form>\n\t\t\t\t\t\t<\/div>\n\t\t\t\t<\/div>\n\t\t\t\t<div class=\"elementor-element elementor-element-b44c79f elementor-widget elementor-widget-heading\" data-id=\"b44c79f\" data-element_type=\"widget\" data-e-type=\"widget\" data-widget_type=\"heading.default\">\n\t\t\t\t<div class=\"elementor-widget-container\">\n\t\t\t\t\t<h2 class=\"elementor-heading-title elementor-size-default\">Plus d'informations<\/h2>\t\t\t\t<\/div>\n\t\t\t\t<\/div>\n\t\t\t\t<div class=\"elementor-element elementor-element-886a676 elementor-icon-list--layout-traditional elementor-list-item-link-full_width elementor-widget elementor-widget-icon-list\" data-id=\"886a676\" data-element_type=\"widget\" data-e-type=\"widget\" data-widget_type=\"icon-list.default\">\n\t\t\t\t<div class=\"elementor-widget-container\">\n\t\t\t\t\t\t\t<ul class=\"elementor-icon-list-items\">\n\t\t\t\t\t\t\t<li class=\"elementor-icon-list-item\">\n\t\t\t\t\t\t\t\t\t\t\t<a href=\"tel:+862988993870\">\n\n\t\t\t\t\t\t\t\t\t\t\t\t<span class=\"elementor-icon-list-icon\">\n\t\t\t\t\t\t\t<svg aria-hidden=\"true\" class=\"e-font-icon-svg e-fas-mobile-alt\" viewBox=\"0 0 320 512\" xmlns=\"http:\/\/www.w3.org\/2000\/svg\"><path d=\"M272 0H48C21.5 0 0 21.5 0 48v416c0 26.5 21.5 48 48 48h224c26.5 0 48-21.5 48-48V48c0-26.5-21.5-48-48-48zM160 480c-17.7 0-32-14.3-32-32s14.3-32 32-32 32 14.3 32 32-14.3 32-32 32zm112-108c0 6.6-5.4 12-12 12H60c-6.6 0-12-5.4-12-12V60c0-6.6 5.4-12 12-12h200c6.6 0 12 5.4 12 12v312z\"><\/path><\/svg>\t\t\t\t\t\t<\/span>\n\t\t\t\t\t\t\t\t\t\t<span class=\"elementor-icon-list-text\"><b>PHONE\uff1a+86-29-88993870<\/b><\/span>\n\t\t\t\t\t\t\t\t\t\t\t<\/a>\n\t\t\t\t\t\t\t\t\t<\/li>\n\t\t\t\t\t\t\t\t<li class=\"elementor-icon-list-item\">\n\t\t\t\t\t\t\t\t\t\t\t<a href=\"tel:+8618291498609\">\n\n\t\t\t\t\t\t\t\t\t\t\t\t<span class=\"elementor-icon-list-icon\">\n\t\t\t\t\t\t\t<svg aria-hidden=\"true\" class=\"e-font-icon-svg e-fab-whatsapp\" viewBox=\"0 0 448 512\" xmlns=\"http:\/\/www.w3.org\/2000\/svg\"><path d=\"M380.9 97.1C339 55.1 283.2 32 223.9 32c-122.4 0-222 99.6-222 222 0 39.1 10.2 77.3 29.6 111L0 480l117.7-30.9c32.4 17.7 68.9 27 106.1 27h.1c122.3 0 224.1-99.6 224.1-222 0-59.3-25.2-115-67.1-157zm-157 341.6c-33.2 0-65.7-8.9-94-25.7l-6.7-4-69.8 18.3L72 359.2l-4.4-7c-18.5-29.4-28.2-63.3-28.2-98.2 0-101.7 82.8-184.5 184.6-184.5 49.3 0 95.6 19.2 130.4 54.1 34.8 34.9 56.2 81.2 56.1 130.5 0 101.8-84.9 184.6-186.6 184.6zm101.2-138.2c-5.5-2.8-32.8-16.2-37.9-18-5.1-1.9-8.8-2.8-12.5 2.8-3.7 5.6-14.3 18-17.6 21.8-3.2 3.7-6.5 4.2-12 1.4-32.6-16.3-54-29.1-75.5-66-5.7-9.8 5.7-9.1 16.3-30.3 1.8-3.7.9-6.9-.5-9.7-1.4-2.8-12.5-30.1-17.1-41.2-4.5-10.8-9.1-9.3-12.5-9.5-3.2-.2-6.9-.2-10.6-.2-3.7 0-9.7 1.4-14.8 6.9-5.1 5.6-19.4 19-19.4 46.3 0 27.3 19.9 53.7 22.6 57.4 2.8 3.7 39.1 59.7 94.8 83.8 35.2 15.2 49 16.5 66.6 13.9 10.7-1.6 32.8-13.4 37.4-26.4 4.6-13 4.6-24.1 3.2-26.4-1.3-2.5-5-3.9-10.5-6.6z\"><\/path><\/svg>\t\t\t\t\t\t<\/span>\n\t\t\t\t\t\t\t\t\t\t<span class=\"elementor-icon-list-text\"><b>WHATSAPP\uff1a+8618291498609<\/b><\/span>\n\t\t\t\t\t\t\t\t\t\t\t<\/a>\n\t\t\t\t\t\t\t\t\t<\/li>\n\t\t\t\t\t\t\t\t<li class=\"elementor-icon-list-item\">\n\t\t\t\t\t\t\t\t\t\t\t<a href=\"mailto:sales@funcmater.com\">\n\n\t\t\t\t\t\t\t\t\t\t\t\t<span class=\"elementor-icon-list-icon\">\n\t\t\t\t\t\t\t<svg aria-hidden=\"true\" class=\"e-font-icon-svg e-far-envelope\" viewBox=\"0 0 512 512\" xmlns=\"http:\/\/www.w3.org\/2000\/svg\"><path d=\"M464 64H48C21.49 64 0 85.49 0 112v288c0 26.51 21.49 48 48 48h416c26.51 0 48-21.49 48-48V112c0-26.51-21.49-48-48-48zm0 48v40.805c-22.422 18.259-58.168 46.651-134.587 106.49-16.841 13.247-50.201 45.072-73.413 44.701-23.208.375-56.579-31.459-73.413-44.701C106.18 199.465 70.425 171.067 48 152.805V112h416zM48 400V214.398c22.914 18.251 55.409 43.862 104.938 82.646 21.857 17.205 60.134 55.186 103.062 54.955 42.717.231 80.509-37.199 103.053-54.947 49.528-38.783 82.032-64.401 104.947-82.653V400H48z\"><\/path><\/svg>\t\t\t\t\t\t<\/span>\n\t\t\t\t\t\t\t\t\t\t<span class=\"elementor-icon-list-text\"><b>E-MAIL\uff1asales@funcmater.com<\/b><\/span>\n\t\t\t\t\t\t\t\t\t\t\t<\/a>\n\t\t\t\t\t\t\t\t\t<\/li>\n\t\t\t\t\t\t\t\t<li class=\"elementor-icon-list-item\">\n\t\t\t\t\t\t\t\t\t\t\t<span class=\"elementor-icon-list-icon\">\n\t\t\t\t\t\t\t<svg aria-hidden=\"true\" class=\"e-font-icon-svg e-fas-map-marker-alt\" viewBox=\"0 0 384 512\" xmlns=\"http:\/\/www.w3.org\/2000\/svg\"><path d=\"M172.268 501.67C26.97 291.031 0 269.413 0 192 0 85.961 85.961 0 192 0s192 85.961 192 192c0 77.413-26.97 99.031-172.268 309.67-9.535 13.774-29.93 13.773-39.464 0zM192 272c44.183 0 80-35.817 80-80s-35.817-80-80-80-80 35.817-80 80 35.817 80 80 80z\"><\/path><\/svg>\t\t\t\t\t\t<\/span>\n\t\t\t\t\t\t\t\t\t\t<span class=\"elementor-icon-list-text\"><b>ADDRESS\uff1aA11<\/b>, 5th Floor, Building 5, Digital China Xi'an Science Park, No. 20 Zhangba 4th Road, High-tech Zone, Xi'an, Shaanxi, China.  <\/span>\n\t\t\t\t\t\t\t\t\t<\/li>\n\t\t\t\t\t\t<\/ul>\n\t\t\t\t\t\t<\/div>\n\t\t\t\t<\/div>\n\t\t\t\t<\/div>\n\t\t\t\t\t<\/div>\n\t\t\t\t<\/div>\n\t\t\t\t<\/div>\n\t\t","protected":false},"excerpt":{"rendered":"<p>Service apr\u00e8s-vente ULPMAT appr\u00e9cie les partenariats \u00e0 long terme avec ses clients, et notre engagement va au-del\u00e0 de la livraison des produits &#8211; nous nous engageons \u00e0 fournir un service apr\u00e8s-vente fiable, r\u00e9actif et professionnel. Nous comprenons que nos mat\u00e9riaux sont essentiels \u00e0 votre processus, c&rsquo;est pourquoi nous nous engageons \u00e0 faire en sorte que [&hellip;]<\/p>\n","protected":false},"author":2,"featured_media":0,"parent":7158,"menu_order":0,"comment_status":"closed","ping_status":"closed","template":"","meta":{"_acf_changed":false,"footnotes":""},"class_list":["post-24926","page","type-page","status-publish","hentry"],"acf":[],"_links":{"self":[{"href":"https:\/\/ulpmat.com\/fr\/wp-json\/wp\/v2\/pages\/24926","targetHints":{"allow":["GET"]}}],"collection":[{"href":"https:\/\/ulpmat.com\/fr\/wp-json\/wp\/v2\/pages"}],"about":[{"href":"https:\/\/ulpmat.com\/fr\/wp-json\/wp\/v2\/types\/page"}],"author":[{"embeddable":true,"href":"https:\/\/ulpmat.com\/fr\/wp-json\/wp\/v2\/users\/2"}],"replies":[{"embeddable":true,"href":"https:\/\/ulpmat.com\/fr\/wp-json\/wp\/v2\/comments?post=24926"}],"version-history":[{"count":2,"href":"https:\/\/ulpmat.com\/fr\/wp-json\/wp\/v2\/pages\/24926\/revisions"}],"predecessor-version":[{"id":24928,"href":"https:\/\/ulpmat.com\/fr\/wp-json\/wp\/v2\/pages\/24926\/revisions\/24928"}],"up":[{"embeddable":true,"href":"https:\/\/ulpmat.com\/fr\/wp-json\/wp\/v2\/pages\/7158"}],"wp:attachment":[{"href":"https:\/\/ulpmat.com\/fr\/wp-json\/wp\/v2\/media?parent=24926"}],"curies":[{"name":"wp","href":"https:\/\/api.w.org\/{rel}","templated":true}]}}