{"id":13025,"date":"2025-06-09T14:22:18","date_gmt":"2025-06-09T06:22:18","guid":{"rendered":"https:\/\/ulpmat.com\/candidature\/pulverisation-thermique\/"},"modified":"2025-11-19T17:20:04","modified_gmt":"2025-11-19T09:20:04","slug":"pulverisation-thermique","status":"publish","type":"page","link":"https:\/\/ulpmat.com\/fr\/candidature\/pulverisation-thermique\/","title":{"rendered":"Pulv\u00e9risation thermique"},"content":{"rendered":"\t\t<div data-elementor-type=\"wp-page\" data-elementor-id=\"13025\" class=\"elementor elementor-13025 elementor-1074\" data-elementor-post-type=\"page\">\n\t\t\t\t<div class=\"elementor-element elementor-element-12a21d8 e-flex e-con-boxed e-con e-parent\" data-id=\"12a21d8\" data-element_type=\"container\" data-e-type=\"container\">\n\t\t\t\t\t<div class=\"e-con-inner\">\n\t\t<div class=\"elementor-element elementor-element-2d0fba6 e-con-full e-flex e-con e-child\" data-id=\"2d0fba6\" data-element_type=\"container\" data-e-type=\"container\" data-settings=\"{&quot;background_background&quot;:&quot;classic&quot;}\">\n\t\t\t\t<div class=\"elementor-element elementor-element-5ac0ccc elementor-widget elementor-widget-heading\" data-id=\"5ac0ccc\" data-element_type=\"widget\" data-e-type=\"widget\" data-widget_type=\"heading.default\">\n\t\t\t\t<div class=\"elementor-widget-container\">\n\t\t\t\t\t<h1 class=\"elementor-heading-title elementor-size-default\">Pulv\u00e9risation thermique<\/h1>\t\t\t\t<\/div>\n\t\t\t\t<\/div>\n\t\t\t\t<div class=\"elementor-element elementor-element-02ce473 elementor-widget elementor-widget-text-editor\" data-id=\"02ce473\" data-element_type=\"widget\" data-e-type=\"widget\" data-widget_type=\"text-editor.default\">\n\t\t\t\t<div class=\"elementor-widget-container\">\n\t\t\t\t\t\t\t\t\t<p>Des rev\u00eatements con\u00e7us pour des performances extr\u00eames<\/p>\t\t\t\t\t\t\t\t<\/div>\n\t\t\t\t<\/div>\n\t\t\t\t<\/div>\n\t\t\t\t\t<\/div>\n\t\t\t\t<\/div>\n\t\t<div class=\"elementor-element elementor-element-6b2202e e-flex e-con-boxed e-con e-parent\" data-id=\"6b2202e\" data-element_type=\"container\" data-e-type=\"container\">\n\t\t\t\t\t<div class=\"e-con-inner\">\n\t\t<div class=\"elementor-element elementor-element-936b8ce e-con-full e-flex e-con e-child\" data-id=\"936b8ce\" data-element_type=\"container\" data-e-type=\"container\" data-settings=\"{&quot;background_background&quot;:&quot;classic&quot;}\">\n\t\t\t\t<div class=\"elementor-element elementor-element-2b59b62 elementor-widget elementor-widget-heading\" data-id=\"2b59b62\" data-element_type=\"widget\" data-e-type=\"widget\" data-widget_type=\"heading.default\">\n\t\t\t\t<div class=\"elementor-widget-container\">\n\t\t\t\t\t<h2 class=\"elementor-heading-title elementor-size-default\">Mat\u00e9riaux de projection thermique<\/h2>\t\t\t\t<\/div>\n\t\t\t\t<\/div>\n\t\t\t\t<div class=\"elementor-element elementor-element-3489a9c elementor-widget elementor-widget-text-editor\" data-id=\"3489a9c\" data-element_type=\"widget\" data-e-type=\"widget\" data-widget_type=\"text-editor.default\">\n\t\t\t\t<div class=\"elementor-widget-container\">\n\t\t\t\t\t\t\t\t\t<p style=\"font-size: 20px; font-weight: bold; color: #0e58cf;\">Poudres de projection thermique pour les rev\u00eatements fonctionnels et protecteurs<\/p><p>Les<strong>poudres de projection thermique<\/strong> sont des poudres m\u00e9talliques, c\u00e9ramiques ou composites utilis\u00e9es dans les processus de projection thermique, o\u00f9 elles sont chauff\u00e9es (par flamme, plasma, arc ou HVOF) jusqu&rsquo;\u00e0 un \u00e9tat fondu ou semi-fondu et projet\u00e9es sur des surfaces. Les rev\u00eatements ainsi obtenus am\u00e9liorent la durabilit\u00e9, la r\u00e9sistance \u00e0 l&rsquo;usure, la r\u00e9sistance \u00e0 la corrosion ou l&rsquo;isolation thermique des composants industriels.<\/p><p>La qualit\u00e9 de ces poudres est essentielle : elle a un impact direct sur les performances, l&rsquo;adh\u00e9rence et le cycle de vie du rev\u00eatement.<\/p><p style=\"font-weight: bold; font-size: 18px; color: #0e58cf;\">Types courants de poudres de projection thermique<\/p><p><strong>1. Poudres de m\u00e9tal \/ d&rsquo;alliage<\/strong><br \/>Alliages \u00e0 base de Ni, Co, Fe : NiCr, NiAl, CoCr, FeCrAl<br \/>Acier inoxydable : 304, 316, 420<br \/>Alliages de cuivre et d&rsquo;aluminium : CuSn, AlSi<br \/><span style=\"color: #555;\">\u25b6 Applications : Pr\u00e9vention de la corrosion, conductivit\u00e9 \u00e9lectrique et r\u00e9paration des surfaces<\/span><\/p><p><strong>2. Alliages durs<\/strong><br \/>WC-Co, WC-CoCr, <sub>Cr3C2-NiCr<\/sub><br \/><span style=\"color: #555;\">\u25b6 Applications : Rev\u00eatements r\u00e9sistants \u00e0 l&rsquo;\u00e9rosion et \u00e0 l&rsquo;usure<\/span><\/p><p><strong>3. C\u00e9ramiques d&rsquo;oxyde<\/strong><br \/><a href=\"https:\/\/ulpmat.com\/fr\/produit\/oxyde-daluminium-2\/\"><sub>Al2O3<\/sub><\/a>, <sub>Cr2O3<\/sub>, <sub>ZrO2<\/sub>, <sub>TiO2<\/sub>, <sub>Y2O3<\/sub><br \/><span style=\"color: #555;\">\u25b6 Applications : Isolation, rev\u00eatements \u00e0 barri\u00e8re thermique (par exemple, YSZ)<\/span><\/p><p><strong>4. Poudres composites<\/strong><br \/><sub>Al2O3-TiO2<\/sub>, <sub>NiCr-Cr3C2<\/sub> et autres<br \/><span style=\"color: #555;\">\u25b6 Applications : Performance multifonctionnelle &#8211; r\u00e9sistance \u00e0 l&rsquo;usure, \u00e0 la chaleur, \u00e0 la corrosion<\/span><\/p><p><strong>5. Alliages autofusibles<\/strong><br \/>Types d&rsquo;<strong>alliages<\/strong> autofusibles \u00e0 base de Ni, Co et Fe<br \/><span style=\"color: #555;\">\u25b6 Applications : Rechargement par laser ou soudage par pulv\u00e9risation avec densification post-fusion<\/span><\/p><p><img decoding=\"async\" style=\"width: 300px; margin: 20px 0;\" src=\"https:\/\/ulpmat.com\/wp-content\/uploads\/2025\/06\/Powder-1_W_1920px-300x271.webp\" alt=\"Thermal Spray Powder\" \/><\/p><p style=\"font-weight: bold; font-size: 18px; color: #0e58cf;\">Principales exigences en mati\u00e8re de performances<\/p><ul style=\"line-height: 1.8;\"><li>\u2714\ufe0f Distributions contr\u00f4l\u00e9es de la taille des particules (par exemple 15-45 \u03bcm, 45-105 \u03bcm)<\/li><li>\u2714\ufe0f Sph\u00e9ricit\u00e9 et fluidit\u00e9 \u00e9lev\u00e9es pour une alimentation efficace en poudre et une uniformit\u00e9 du rev\u00eatement<\/li><li>\u2714\ufe0f Grande puret\u00e9 avec des inclusions minimales et une faible teneur en oxyg\u00e8ne<\/li><li>\u2714\ufe0f Composition chimique homog\u00e8ne pour des propri\u00e9t\u00e9s de rev\u00eatement reproductibles<\/li><li>\u2714\ufe0f Traitements de surface optionnels : a\u00e9rosolisation, sph\u00e9ro\u00efdisation sous gaz inerte, r\u00e9sistance \u00e0 l&rsquo;oxydation<\/li><\/ul><p><img decoding=\"async\" style=\"width: 300px; margin: 20px 0;\" src=\"https:\/\/ulpmat.com\/wp-content\/uploads\/2025\/06\/Powder_W_1920px-300x171.webp\" alt=\"Spray Powder Surface\" \/><\/p><p style=\"font-weight: bold; font-size: 18px; color: #0e58cf;\">Domaines d&rsquo;application<\/p><ul style=\"line-height: 1.8;\"><li><strong>A\u00e9rospatiale :<\/strong> Composants de moteurs, barri\u00e8res thermiques, rev\u00eatements r\u00e9sistants \u00e0 l&rsquo;oxydation<\/li><li><strong>\u00c9nergie :<\/strong> aubes de turbines, tubes de chaudi\u00e8res, pi\u00e8ces r\u00e9sistantes \u00e0 la corrosion<\/li><li><strong>P\u00e9trochimie :<\/strong> Rev\u00eatements anti-corrosion et anti-\u00e9rosion pour les environnements chimiques<\/li><li><strong>Automobile :<\/strong> Rev\u00eatements r\u00e9sistants \u00e0 l&rsquo;usure pour les composants du moteur et de la transmission<\/li><li><strong>Machines g\u00e9n\u00e9rales :<\/strong> Moules, arbres, rouleaux n\u00e9cessitant une restauration ou un renforcement<\/li><li><strong>\u00c9lectronique :<\/strong> Isolation c\u00e9ramique et rev\u00eatements fonctionnels r\u00e9sistants \u00e0 la chaleur<\/li><\/ul><p style=\"font-weight: bold; font-size: 18px; color: #0e58cf;\">Pourquoi choisir ULPMAT ?<\/p><ul style=\"line-height: 1.8;\"><li>\u2705 Sph\u00e9ricit\u00e9 \u00e9lev\u00e9e et excellente fluidit\u00e9 &#8211; compatible avec les syst\u00e8mes plasma, HVOF, flamme, arc \u00e9lectrique<\/li><li>tailles de particules adapt\u00e9es aux diff\u00e9rentes m\u00e9thodes de projection thermique<\/li><li>\u2705 Gamme de mat\u00e9riaux diversifi\u00e9e &#8211; des qualit\u00e9s commerciales aux formulations personnalis\u00e9es de haute performance<\/li><li>\u2705 Composition et distribution personnalis\u00e9es pour r\u00e9pondre aux normes industrielles sp\u00e9ciales<\/li><li>syst\u00e8mes de contr\u00f4le de qualit\u00e9 certifi\u00e9s ISO et assistance technique sp\u00e9cialis\u00e9e<\/li><\/ul><p>\ud83d\udce9 <strong>Besoin d&rsquo;un fournisseur fiable de poudre de pulv\u00e9risation thermique ? <a href=\"https:\/\/ulpmat.com\/fr\/contactez-nous\/\">Contactez ULPMAT<\/a><\/strong> d\u00e8s aujourd&rsquo;hui pour demander des \u00e9chantillons ou explorer une solution personnalis\u00e9e pour vos d\u00e9fis de rev\u00eatement.<\/p>\t\t\t\t\t\t\t\t<\/div>\n\t\t\t\t<\/div>\n\t\t\t\t<\/div>\n\t\t<div class=\"elementor-element elementor-element-7a3475b e-con-full e-flex e-con e-child\" data-id=\"7a3475b\" data-element_type=\"container\" data-e-type=\"container\" data-settings=\"{&quot;background_background&quot;:&quot;classic&quot;}\">\n\t\t\t\t<div class=\"elementor-element elementor-element-7534847 elementor-widget elementor-widget-heading\" data-id=\"7534847\" data-element_type=\"widget\" data-e-type=\"widget\" data-widget_type=\"heading.default\">\n\t\t\t\t<div class=\"elementor-widget-container\">\n\t\t\t\t\t<h2 class=\"elementor-heading-title elementor-size-default\">Contactez nous<\/h2>\t\t\t\t<\/div>\n\t\t\t\t<\/div>\n\t\t\t\t<div class=\"elementor-element elementor-element-457ece9 elementor-button-align-stretch elementor-widget elementor-widget-global elementor-global-13310 elementor-global-130 elementor-widget-form\" data-id=\"457ece9\" data-element_type=\"widget\" data-e-type=\"widget\" data-settings=\"{&quot;step_next_label&quot;:&quot;Suivant&quot;,&quot;step_previous_label&quot;:&quot;Pr\\u00e9c\\u00e9dent&quot;,&quot;button_width&quot;:&quot;100&quot;,&quot;step_type&quot;:&quot;number_text&quot;,&quot;step_icon_shape&quot;:&quot;circle&quot;}\" data-widget_type=\"form.default\">\n\t\t\t\t<div class=\"elementor-widget-container\">\n\t\t\t\t\t\t\t<form class=\"elementor-form\" method=\"post\" name=\"Formulaire de contact\" aria-label=\"Formulaire de contact\">\n\t\t\t<input type=\"hidden\" name=\"post_id\" value=\"13025\"\/>\n\t\t\t<input type=\"hidden\" name=\"form_id\" value=\"457ece9\"\/>\n\t\t\t<input type=\"hidden\" name=\"referer_title\" value=\"\" \/>\n\n\t\t\t\n\t\t\t<div class=\"elementor-form-fields-wrapper elementor-labels-above\">\n\t\t\t\t\t\t\t\t<div class=\"elementor-field-type-hidden elementor-field-group elementor-column elementor-field-group-p_image elementor-col-100\">\n\t\t\t\t\t\t\t\t\t\t\t\t\t<input size=\"1\" type=\"hidden\" name=\"form_fields[p_image]\" id=\"form-field-p_image\" class=\"elementor-field elementor-size-sm  elementor-field-textual\" value=\"&lt;img src=&quot;[field id=&quot;p_image&quot;]&quot; style=&quot;max-width:200px;max-height:200px&quot;&gt;\">\n\t\t\t\t\t\t\t\t\t\t\t<\/div>\n\t\t\t\t\t\t\t\t<div class=\"elementor-field-type-hidden elementor-field-group elementor-column elementor-field-group-p_name elementor-col-100\">\n\t\t\t\t\t\t\t\t\t\t\t\t\t<input size=\"1\" type=\"hidden\" name=\"form_fields[p_name]\" id=\"form-field-p_name\" class=\"elementor-field elementor-size-sm  elementor-field-textual\" value=\"&lt;img src=&quot;[field id=&quot;p_image&quot;]&quot; style=&quot;max-width:200px;max-height:200px&quot;&gt;\">\n\t\t\t\t\t\t\t\t\t\t\t<\/div>\n\t\t\t\t\t\t\t\t<div class=\"elementor-field-type-hidden elementor-field-group elementor-column elementor-field-group-p_purity elementor-col-100\">\n\t\t\t\t\t\t\t\t\t\t\t\t\t<input size=\"1\" type=\"hidden\" name=\"form_fields[p_purity]\" id=\"form-field-p_purity\" class=\"elementor-field elementor-size-sm  elementor-field-textual\">\n\t\t\t\t\t\t\t\t\t\t\t<\/div>\n\t\t\t\t\t\t\t\t<div class=\"elementor-field-type-hidden elementor-field-group elementor-column elementor-field-group-p_dimension elementor-col-100\">\n\t\t\t\t\t\t\t\t\t\t\t\t\t<input size=\"1\" type=\"hidden\" name=\"form_fields[p_dimension]\" id=\"form-field-p_dimension\" class=\"elementor-field elementor-size-sm  elementor-field-textual\">\n\t\t\t\t\t\t\t\t\t\t\t<\/div>\n\t\t\t\t\t\t\t\t<div class=\"elementor-field-type-text elementor-field-group elementor-column elementor-field-group-name elementor-col-50 elementor-field-required elementor-mark-required\">\n\t\t\t\t\t\t\t\t\t\t\t\t<label for=\"form-field-name\" class=\"elementor-field-label\">\n\t\t\t\t\t\t\t\tNom\t\t\t\t\t\t\t<\/label>\n\t\t\t\t\t\t\t\t\t\t\t\t\t\t<input size=\"1\" type=\"text\" name=\"form_fields[name]\" id=\"form-field-name\" class=\"elementor-field elementor-size-sm  elementor-field-textual\" required=\"required\">\n\t\t\t\t\t\t\t\t\t\t\t<\/div>\n\t\t\t\t\t\t\t\t<div class=\"elementor-field-type-email elementor-field-group elementor-column elementor-field-group-email elementor-col-50 elementor-field-required elementor-mark-required\">\n\t\t\t\t\t\t\t\t\t\t\t\t<label for=\"form-field-email\" class=\"elementor-field-label\">\n\t\t\t\t\t\t\t\tCourriel\t\t\t\t\t\t\t<\/label>\n\t\t\t\t\t\t\t\t\t\t\t\t\t\t<input size=\"1\" type=\"email\" name=\"form_fields[email]\" id=\"form-field-email\" class=\"elementor-field elementor-size-sm  elementor-field-textual\" required=\"required\">\n\t\t\t\t\t\t\t\t\t\t\t<\/div>\n\t\t\t\t\t\t\t\t<div class=\"elementor-field-type-tel elementor-field-group elementor-column elementor-field-group-tel elementor-col-50\">\n\t\t\t\t\t\t\t\t\t\t\t\t<label for=\"form-field-tel\" class=\"elementor-field-label\">\n\t\t\t\t\t\t\t\tT\u00e9l\u00e9phone\t\t\t\t\t\t\t<\/label>\n\t\t\t\t\t\t\t\t<input size=\"1\" type=\"tel\" name=\"form_fields[tel]\" id=\"form-field-tel\" class=\"elementor-field elementor-size-sm  elementor-field-textual\" pattern=\"[0-9()#&amp;+*-=.]+\" title=\"Seuls les caract\u00e8res de num\u00e9ros de t\u00e9l\u00e9phone (#, -, *, etc.) sont accept\u00e9s.\">\n\n\t\t\t\t\t\t<\/div>\n\t\t\t\t\t\t\t\t<div class=\"elementor-field-type-text elementor-field-group elementor-column elementor-field-group-country elementor-col-50\">\n\t\t\t\t\t\t\t\t\t\t\t\t<label for=\"form-field-country\" class=\"elementor-field-label\">\n\t\t\t\t\t\t\t\tPays\t\t\t\t\t\t\t<\/label>\n\t\t\t\t\t\t\t\t\t\t\t\t\t\t<input size=\"1\" type=\"text\" name=\"form_fields[country]\" id=\"form-field-country\" class=\"elementor-field elementor-size-sm  elementor-field-textual\">\n\t\t\t\t\t\t\t\t\t\t\t<\/div>\n\t\t\t\t\t\t\t\t<div class=\"elementor-field-type-text elementor-field-group elementor-column elementor-field-group-company elementor-col-100\">\n\t\t\t\t\t\t\t\t\t\t\t\t<label for=\"form-field-company\" class=\"elementor-field-label\">\n\t\t\t\t\t\t\t\tEntreprise\t\t\t\t\t\t\t<\/label>\n\t\t\t\t\t\t\t\t\t\t\t\t\t\t<input size=\"1\" type=\"text\" name=\"form_fields[company]\" id=\"form-field-company\" class=\"elementor-field elementor-size-sm  elementor-field-textual\">\n\t\t\t\t\t\t\t\t\t\t\t<\/div>\n\t\t\t\t\t\t\t\t<div class=\"elementor-field-type-textarea elementor-field-group elementor-column elementor-field-group-message elementor-col-100 elementor-field-required elementor-mark-required\">\n\t\t\t\t\t\t\t\t\t\t\t\t<label for=\"form-field-message\" class=\"elementor-field-label\">\n\t\t\t\t\t\t\t\tMessage\t\t\t\t\t\t\t<\/label>\n\t\t\t\t\t\t<textarea class=\"elementor-field-textual elementor-field  elementor-size-sm\" name=\"form_fields[message]\" id=\"form-field-message\" rows=\"4\" required=\"required\"><\/textarea>\t\t\t\t<\/div>\n\t\t\t\t\t\t\t\t<div class=\"elementor-field-group elementor-column elementor-field-type-submit elementor-col-100 e-form__buttons\">\n\t\t\t\t\t<button class=\"elementor-button elementor-size-sm\" type=\"submit\">\n\t\t\t\t\t\t<span class=\"elementor-button-content-wrapper\">\n\t\t\t\t\t\t\t\t\t\t\t\t\t\t\t\t\t\t\t\t\t\t<span class=\"elementor-button-text\">Soumettre<\/span>\n\t\t\t\t\t\t\t\t\t\t\t\t\t<\/span>\n\t\t\t\t\t<\/button>\n\t\t\t\t<\/div>\n\t\t\t<\/div>\n\t\t<\/form>\n\t\t\t\t\t\t<\/div>\n\t\t\t\t<\/div>\n\t\t\t\t<div class=\"elementor-element elementor-element-84b7f96 elementor-widget elementor-widget-heading\" data-id=\"84b7f96\" data-element_type=\"widget\" data-e-type=\"widget\" data-widget_type=\"heading.default\">\n\t\t\t\t<div class=\"elementor-widget-container\">\n\t\t\t\t\t<h2 class=\"elementor-heading-title elementor-size-default\">Plus d'informations<\/h2>\t\t\t\t<\/div>\n\t\t\t\t<\/div>\n\t\t\t\t<div class=\"elementor-element elementor-element-de971af elementor-icon-list--layout-traditional elementor-list-item-link-full_width elementor-widget elementor-widget-icon-list\" data-id=\"de971af\" data-element_type=\"widget\" data-e-type=\"widget\" data-widget_type=\"icon-list.default\">\n\t\t\t\t<div class=\"elementor-widget-container\">\n\t\t\t\t\t\t\t<ul class=\"elementor-icon-list-items\">\n\t\t\t\t\t\t\t<li class=\"elementor-icon-list-item\">\n\t\t\t\t\t\t\t\t\t\t\t<a href=\"tel:+862988993870\">\n\n\t\t\t\t\t\t\t\t\t\t\t\t<span class=\"elementor-icon-list-icon\">\n\t\t\t\t\t\t\t<svg aria-hidden=\"true\" class=\"e-font-icon-svg e-fas-mobile-alt\" viewBox=\"0 0 320 512\" xmlns=\"http:\/\/www.w3.org\/2000\/svg\"><path d=\"M272 0H48C21.5 0 0 21.5 0 48v416c0 26.5 21.5 48 48 48h224c26.5 0 48-21.5 48-48V48c0-26.5-21.5-48-48-48zM160 480c-17.7 0-32-14.3-32-32s14.3-32 32-32 32 14.3 32 32-14.3 32-32 32zm112-108c0 6.6-5.4 12-12 12H60c-6.6 0-12-5.4-12-12V60c0-6.6 5.4-12 12-12h200c6.6 0 12 5.4 12 12v312z\"><\/path><\/svg>\t\t\t\t\t\t<\/span>\n\t\t\t\t\t\t\t\t\t\t<span class=\"elementor-icon-list-text\"><b>PHONE\uff1a+86-29-88993870<\/b><\/span>\n\t\t\t\t\t\t\t\t\t\t\t<\/a>\n\t\t\t\t\t\t\t\t\t<\/li>\n\t\t\t\t\t\t\t\t<li class=\"elementor-icon-list-item\">\n\t\t\t\t\t\t\t\t\t\t\t<a href=\"tel:+8618291498609\">\n\n\t\t\t\t\t\t\t\t\t\t\t\t<span class=\"elementor-icon-list-icon\">\n\t\t\t\t\t\t\t<svg aria-hidden=\"true\" class=\"e-font-icon-svg e-fab-whatsapp\" viewBox=\"0 0 448 512\" xmlns=\"http:\/\/www.w3.org\/2000\/svg\"><path d=\"M380.9 97.1C339 55.1 283.2 32 223.9 32c-122.4 0-222 99.6-222 222 0 39.1 10.2 77.3 29.6 111L0 480l117.7-30.9c32.4 17.7 68.9 27 106.1 27h.1c122.3 0 224.1-99.6 224.1-222 0-59.3-25.2-115-67.1-157zm-157 341.6c-33.2 0-65.7-8.9-94-25.7l-6.7-4-69.8 18.3L72 359.2l-4.4-7c-18.5-29.4-28.2-63.3-28.2-98.2 0-101.7 82.8-184.5 184.6-184.5 49.3 0 95.6 19.2 130.4 54.1 34.8 34.9 56.2 81.2 56.1 130.5 0 101.8-84.9 184.6-186.6 184.6zm101.2-138.2c-5.5-2.8-32.8-16.2-37.9-18-5.1-1.9-8.8-2.8-12.5 2.8-3.7 5.6-14.3 18-17.6 21.8-3.2 3.7-6.5 4.2-12 1.4-32.6-16.3-54-29.1-75.5-66-5.7-9.8 5.7-9.1 16.3-30.3 1.8-3.7.9-6.9-.5-9.7-1.4-2.8-12.5-30.1-17.1-41.2-4.5-10.8-9.1-9.3-12.5-9.5-3.2-.2-6.9-.2-10.6-.2-3.7 0-9.7 1.4-14.8 6.9-5.1 5.6-19.4 19-19.4 46.3 0 27.3 19.9 53.7 22.6 57.4 2.8 3.7 39.1 59.7 94.8 83.8 35.2 15.2 49 16.5 66.6 13.9 10.7-1.6 32.8-13.4 37.4-26.4 4.6-13 4.6-24.1 3.2-26.4-1.3-2.5-5-3.9-10.5-6.6z\"><\/path><\/svg>\t\t\t\t\t\t<\/span>\n\t\t\t\t\t\t\t\t\t\t<span class=\"elementor-icon-list-text\"><b>WHATSAPP\uff1a+8618291498609<\/b><\/span>\n\t\t\t\t\t\t\t\t\t\t\t<\/a>\n\t\t\t\t\t\t\t\t\t<\/li>\n\t\t\t\t\t\t\t\t<li class=\"elementor-icon-list-item\">\n\t\t\t\t\t\t\t\t\t\t\t<a href=\"mailto:sales@funcmater.com\">\n\n\t\t\t\t\t\t\t\t\t\t\t\t<span class=\"elementor-icon-list-icon\">\n\t\t\t\t\t\t\t<svg aria-hidden=\"true\" class=\"e-font-icon-svg e-far-envelope\" viewBox=\"0 0 512 512\" xmlns=\"http:\/\/www.w3.org\/2000\/svg\"><path d=\"M464 64H48C21.49 64 0 85.49 0 112v288c0 26.51 21.49 48 48 48h416c26.51 0 48-21.49 48-48V112c0-26.51-21.49-48-48-48zm0 48v40.805c-22.422 18.259-58.168 46.651-134.587 106.49-16.841 13.247-50.201 45.072-73.413 44.701-23.208.375-56.579-31.459-73.413-44.701C106.18 199.465 70.425 171.067 48 152.805V112h416zM48 400V214.398c22.914 18.251 55.409 43.862 104.938 82.646 21.857 17.205 60.134 55.186 103.062 54.955 42.717.231 80.509-37.199 103.053-54.947 49.528-38.783 82.032-64.401 104.947-82.653V400H48z\"><\/path><\/svg>\t\t\t\t\t\t<\/span>\n\t\t\t\t\t\t\t\t\t\t<span class=\"elementor-icon-list-text\"><b>E-MAIL\uff1asales@funcmater.com<\/b><\/span>\n\t\t\t\t\t\t\t\t\t\t\t<\/a>\n\t\t\t\t\t\t\t\t\t<\/li>\n\t\t\t\t\t\t\t\t<li class=\"elementor-icon-list-item\">\n\t\t\t\t\t\t\t\t\t\t\t<span class=\"elementor-icon-list-icon\">\n\t\t\t\t\t\t\t<svg aria-hidden=\"true\" class=\"e-font-icon-svg e-fas-map-marker-alt\" viewBox=\"0 0 384 512\" xmlns=\"http:\/\/www.w3.org\/2000\/svg\"><path d=\"M172.268 501.67C26.97 291.031 0 269.413 0 192 0 85.961 85.961 0 192 0s192 85.961 192 192c0 77.413-26.97 99.031-172.268 309.67-9.535 13.774-29.93 13.773-39.464 0zM192 272c44.183 0 80-35.817 80-80s-35.817-80-80-80-80 35.817-80 80 35.817 80 80 80z\"><\/path><\/svg>\t\t\t\t\t\t<\/span>\n\t\t\t\t\t\t\t\t\t\t<span class=\"elementor-icon-list-text\"><b>ADDRESS\uff1aA11<\/b>, 5th Floor, Building 5, Digital China Xi'an Science Park, No. 20 Zhangba 4th Road, High-tech Zone, Xi'an, Shaanxi, China.  <\/span>\n\t\t\t\t\t\t\t\t\t<\/li>\n\t\t\t\t\t\t<\/ul>\n\t\t\t\t\t\t<\/div>\n\t\t\t\t<\/div>\n\t\t\t\t<\/div>\n\t\t\t\t\t<\/div>\n\t\t\t\t<\/div>\n\t\t\t\t<\/div>\n\t\t","protected":false},"excerpt":{"rendered":"<p>Pulv\u00e9risation thermique Des rev\u00eatements con\u00e7us pour des performances extr\u00eames Mat\u00e9riaux de projection thermique Poudres de projection thermique pour les rev\u00eatements fonctionnels et protecteurs Lespoudres de projection thermique sont des poudres m\u00e9talliques, c\u00e9ramiques ou composites utilis\u00e9es dans les processus de projection thermique, o\u00f9 elles sont chauff\u00e9es (par flamme, plasma, arc ou HVOF) jusqu&rsquo;\u00e0 un \u00e9tat fondu [&hellip;]<\/p>\n","protected":false},"author":2,"featured_media":0,"parent":7833,"menu_order":0,"comment_status":"closed","ping_status":"closed","template":"","meta":{"_acf_changed":false,"footnotes":""},"class_list":["post-13025","page","type-page","status-publish","hentry"],"acf":[],"_links":{"self":[{"href":"https:\/\/ulpmat.com\/fr\/wp-json\/wp\/v2\/pages\/13025","targetHints":{"allow":["GET"]}}],"collection":[{"href":"https:\/\/ulpmat.com\/fr\/wp-json\/wp\/v2\/pages"}],"about":[{"href":"https:\/\/ulpmat.com\/fr\/wp-json\/wp\/v2\/types\/page"}],"author":[{"embeddable":true,"href":"https:\/\/ulpmat.com\/fr\/wp-json\/wp\/v2\/users\/2"}],"replies":[{"embeddable":true,"href":"https:\/\/ulpmat.com\/fr\/wp-json\/wp\/v2\/comments?post=13025"}],"version-history":[{"count":2,"href":"https:\/\/ulpmat.com\/fr\/wp-json\/wp\/v2\/pages\/13025\/revisions"}],"predecessor-version":[{"id":13027,"href":"https:\/\/ulpmat.com\/fr\/wp-json\/wp\/v2\/pages\/13025\/revisions\/13027"}],"up":[{"embeddable":true,"href":"https:\/\/ulpmat.com\/fr\/wp-json\/wp\/v2\/pages\/7833"}],"wp:attachment":[{"href":"https:\/\/ulpmat.com\/fr\/wp-json\/wp\/v2\/media?parent=13025"}],"curies":[{"name":"wp","href":"https:\/\/api.w.org\/{rel}","templated":true}]}}