{"id":55331,"date":"2026-05-14T13:57:29","date_gmt":"2026-05-14T05:57:29","guid":{"rendered":"https:\/\/ulpmat.com\/product\/cromo-metalico-6\/"},"modified":"2026-05-14T13:57:29","modified_gmt":"2026-05-14T05:57:29","slug":"cromo-metalico-6","status":"publish","type":"product","link":"https:\/\/ulpmat.com\/es\/producto\/cromo-metalico-6\/","title":{"rendered":"Cromo met\u00e1lico"},"content":{"rendered":"<h2><span style=\"font-size: 14pt;\">Descripci\u00f3n general de los blancos giratorios de cromo<\/span><\/h2>\n<p>Los blancos giratorios<br \/>\n<span style=\"color: #0000ff;\"><a style=\"color: #0000ff;\" href=\"https:\/\/ulpmat.com\/es\/buscar\/?type=name&#038;keyword=Chromium\">de cromo<\/a><\/span><br \/>\nson materiales de pulverizaci\u00f3n de cromo de alta densidad dise\u00f1ados para la deposici\u00f3n estable de pel\u00edculas finas en sistemas de pulverizaci\u00f3n cat\u00f3dica por magnetr\u00f3n de gran superficie. Gracias a su excelente dureza, resistencia a la corrosi\u00f3n y estabilidad en plasma, los blancos giratorios de cromo se utilizan ampliamente en el recubrimiento de vidrio arquitect\u00f3nico, PVD decorativo, pel\u00edculas \u00f3pticas y aplicaciones industriales de recubrimiento al vac\u00edo.<\/p>\n<p>En comparaci\u00f3n con los blancos planos convencionales, los blancos rotativos de cromo ofrecen una mayor utilizaci\u00f3n del blanco, ciclos de pulverizaci\u00f3n m\u00e1s largos y un comportamiento de erosi\u00f3n m\u00e1s uniforme, lo que los hace adecuados para la producci\u00f3n continua de recubrimientos en l\u00ednea.<\/p>\n<p>Suministramos blancos rotativos de Cr de alta pureza con dimensiones personalizables, estructuras de uni\u00f3n y procesos de fabricaci\u00f3n con control de ox\u00edgeno para satisfacer diversos requisitos de recubrimiento industrial.<\/p>\n<h2><span style=\"font-size: 14pt;\">Caracter\u00edsticas destacadas del producto<\/span><\/h2>\n<p>Material de cromo de alta pureza<br \/>\nDisponible con bajo contenido en ox\u00edgeno<br \/>\nAlta densidad y microestructura uniforme<br \/>\nRendimiento estable del plasma<br \/>\nExcelente eficiencia de pulverizaci\u00f3n rotativa<br \/>\nEstructura opcional unida o monol\u00edtica<br \/>\nDimensiones precisas y control de tolerancias<br \/>\nLongitudes y tama\u00f1os de tubo personalizables<br \/>\nEntrega r\u00e1pida y asistencia t\u00e9cnica<\/p>\n<h2><span style=\"font-size: 14pt;\">Aplicaciones de los blancos rotativos de cromo<\/span><\/h2>\n<p>Recubrimiento de vidrio arquitect\u00f3nico: Los blancos rotativos de cromo se utilizan ampliamente en sistemas de recubrimiento de vidrio Low-E como capas de adhesi\u00f3n y recubrimientos protectores funcionales. Su comportamiento estable durante la pulverizaci\u00f3n ayuda a mejorar la uniformidad del recubrimiento y la eficiencia de la producci\u00f3n.<\/p>\n<p>Recubrimiento PVD decorativo:<br \/>\nSe utiliza para recubrimientos decorativos en:<br \/>\nHerrajes<br \/>\nMolduras de automoci\u00f3n<br \/>\nProductos de consumo<br \/>\nSuperficies resistentes al desgaste<br \/>\nLos recubrimientos de cromo proporcionan un aspecto met\u00e1lico, dureza y resistencia a la corrosi\u00f3n.<\/p>\n<p>Pel\u00edculas \u00f3pticas finas:<br \/>\nLos blancos rotativos de Cr son adecuados para la deposici\u00f3n de pel\u00edculas \u00f3pticas que requieren:<br \/>\nDescarga de plasma estable<br \/>\nEspesor de recubrimiento uniforme<br \/>\nBaja generaci\u00f3n de part\u00edculas<br \/>\nRecubrimiento al vac\u00edo rollo a rollo<br \/>\nLos blancos tubulares de cromo de alta densidad se utilizan habitualmente en sistemas de recubrimiento continuo de banda debido a su rendimiento prolongado y a la alta utilizaci\u00f3n del blanco.<\/p>\n<h2><span style=\"font-size: 14pt;\">Preguntas frecuentes<\/span><\/h2>\n<p>P1: \u00bfQu\u00e9 niveles de pureza hay disponibles para los blancos de cromo?<br \/>\nR1: Podemos suministrar blancos rotativos de cromo con una pureza de hasta el 99,5 % y el 99,95 %, dependiendo de los requisitos de la aplicaci\u00f3n.<\/p>\n<p>P2: \u00bfSe pueden suministrar blancos rotativos de cromo con bajo contenido en ox\u00edgeno?<br \/>\nR2: S\u00ed. El procesamiento con bajo contenido en ox\u00edgeno est\u00e1 disponible para aplicaciones que requieren una mayor estabilidad del plasma y una reducci\u00f3n de los arcos el\u00e9ctricos durante la pulverizaci\u00f3n cat\u00f3dica de alta potencia.<\/p>\n<p>P3: \u00bfQu\u00e9 opciones de uni\u00f3n hay disponibles?<br \/>\nR3: Ofrecemos blancos rotativos de cromo unidos con diversas soluciones de tubos de soporte, dependiendo de los requisitos del sistema de c\u00e1todos.<\/p>\n<p>P4: \u00bfQu\u00e9 tama\u00f1os pueden fabricar?<br \/>\nR4: Se ofrecen dimensiones, longitudes, di\u00e1metros exteriores y espesores de pared personalizados seg\u00fan los planos del cliente o las especificaciones del sistema de pulverizaci\u00f3n.<\/p>\n<h2><span style=\"font-size: 14pt;\">Informe<\/span><\/h2>\n<p>Cada lote puede suministrarse con:<\/p>\n<p><span style=\"color: #0000ff;\"><a style=\"color: #0000ff;\" href=\"https:\/\/ulpmat.com\/es\/documentos\/certificado-de-analisis\/\"><u>Certificado de an\u00e1lisis (COA)<\/u><\/a><\/span><\/p>\n<p><span style=\"color: #0000ff;\"><a style=\"color: #0000ff;\" href=\"https:\/\/ulpmat.com\/es\/documentos\/ficha-tecnica\/\"><u>Ficha t\u00e9cnica (TDS)<\/u><\/a><\/span><\/p>\n<p><span style=\"color: #0000ff;\"><a style=\"color: #0000ff;\" href=\"https:\/\/ulpmat.com\/es\/documentos\/ficha-de-datos-de-seguridad\/\"><u>Ficha de datos de seguridad del material (MSDS)<\/u><\/a><\/span><br \/>\nInforme de inspecci\u00f3n dimensional<br \/>\nInformes de pruebas de densidad y pureza<br \/>\nInformes de pruebas de terceros bajo petici\u00f3n<\/p>\n<h2><span style=\"font-size: 14pt;\">. \u00bfPor qu\u00e9 elegirnos?<\/span><\/h2>\n<p>Nos especializamos en materiales de pulverizaci\u00f3n de alta pureza y en la fabricaci\u00f3n de blancos rotativos industriales. Nuestros blancos rotativos de cromo se producen bajo un estricto control de calidad para garantizar un rendimiento de pulverizaci\u00f3n estable, una calidad de uni\u00f3n fiable y propiedades del material uniformes. Con capacidades de personalizaci\u00f3n flexibles, una respuesta r\u00e1pida y asistencia t\u00e9cnica, ayudamos a los clientes a mejorar la estabilidad del recubrimiento y la eficiencia de la producci\u00f3n en aplicaciones exigentes de deposici\u00f3n al vac\u00edo.<\/p>\n","protected":false},"excerpt":{"rendered":"<p>Descripci\u00f3n general de los blancos giratorios de cromo Los blancos giratorios de cromo son materiales de pulverizaci\u00f3n de cromo de alta densidad dise\u00f1ados para la deposici\u00f3n estable de pel\u00edculas finas en sistemas de pulverizaci\u00f3n cat\u00f3dica por magnetr\u00f3n de gran superficie. Gracias a su excelente dureza, resistencia a la corrosi\u00f3n y estabilidad en plasma, los blancos [&hellip;]<\/p>\n","protected":false},"featured_media":55291,"template":"","meta":{"_acf_changed":false},"product_brand":[],"product_cat":[408],"product_tag":[8337],"class_list":{"0":"post-55331","1":"product","2":"type-product","3":"status-publish","4":"has-post-thumbnail","6":"product_cat-otros-materiales","7":"product_tag-blanco-giratorio-de-metal-cromado","9":"first","10":"instock","11":"shipping-taxable","12":"product-type-variable"},"acf":[],"_links":{"self":[{"href":"https:\/\/ulpmat.com\/es\/wp-json\/wp\/v2\/product\/55331","targetHints":{"allow":["GET"]}}],"collection":[{"href":"https:\/\/ulpmat.com\/es\/wp-json\/wp\/v2\/product"}],"about":[{"href":"https:\/\/ulpmat.com\/es\/wp-json\/wp\/v2\/types\/product"}],"wp:featuredmedia":[{"embeddable":true,"href":"https:\/\/ulpmat.com\/es\/wp-json\/wp\/v2\/media\/55291"}],"wp:attachment":[{"href":"https:\/\/ulpmat.com\/es\/wp-json\/wp\/v2\/media?parent=55331"}],"wp:term":[{"taxonomy":"product_brand","embeddable":true,"href":"https:\/\/ulpmat.com\/es\/wp-json\/wp\/v2\/product_brand?post=55331"},{"taxonomy":"product_cat","embeddable":true,"href":"https:\/\/ulpmat.com\/es\/wp-json\/wp\/v2\/product_cat?post=55331"},{"taxonomy":"product_tag","embeddable":true,"href":"https:\/\/ulpmat.com\/es\/wp-json\/wp\/v2\/product_tag?post=55331"}],"curies":[{"name":"wp","href":"https:\/\/api.w.org\/{rel}","templated":true}]}}