{"id":54785,"date":"2026-04-10T15:50:11","date_gmt":"2026-04-10T07:50:11","guid":{"rendered":"https:\/\/ulpmat.com\/product\/fosfato-pirofosfato-sodico-de-hierro-nfpp\/"},"modified":"2026-04-10T15:50:11","modified_gmt":"2026-04-10T07:50:11","slug":"fosfato-pirofosfato-sodico-de-hierro-nfpp","status":"publish","type":"product","link":"https:\/\/ulpmat.com\/es\/producto\/fosfato-pirofosfato-sodico-de-hierro-nfpp\/","title":{"rendered":"Fosfato pirofosfato s\u00f3dico de hierro (NFPP)"},"content":{"rendered":"<h2><span style=\"font-size: 14pt;\">Fosfato pirofosfato s\u00f3dico f\u00e9rrico (NFPP) en polvo Descripci\u00f3n general<\/span><\/h2>\n<p>El pirofosfato f\u00e9rrico fosfato de sodio (Na\u2084Fe\u2083(PO\u2084)\u2082P\u2082O\u2087, NFPP) es un material cat\u00f3dico avanzado para sistemas de bater\u00edas de iones de sodio. Con una estructura mixta estable de fosfato y pirofosfato, el NFPP ofrece una excelente estabilidad t\u00e9rmica, una elevada integridad estructural y un rendimiento fiable en el almacenamiento de iones de sodio.<\/p>\n<p>En comparaci\u00f3n con los materiales convencionales de fosfato de hierro, el NFPP combina las ventajas de las qu\u00edmicas de fosfato y pirofosfato, proporcionando una mayor densidad energ\u00e9tica, un ciclo de vida m\u00e1s largo y una mayor seguridad. Se utiliza ampliamente en bater\u00edas de iones de sodio, sistemas h\u00edbridos de almacenamiento de energ\u00eda y aplicaciones estacionarias de almacenamiento de energ\u00eda a gran escala.<\/p>\n<p>Proporcionamos polvos NFPP de gran pureza con tama\u00f1o de part\u00edcula, morfolog\u00eda, densidad de toma, revestimiento de carbono y mejora de la conductividad personalizables para satisfacer los distintos requisitos de fabricaci\u00f3n y rendimiento de las bater\u00edas. <span style=\"color: #0000ff;\"><a style=\"color: #0000ff;\" href=\"https:\/\/ulpmat.com\/es\/contacto\/\">P\u00f3ngase en contacto con nosotros<\/a><\/span> para obtener m\u00e1s informaci\u00f3n sobre nuestras soluciones de personalizaci\u00f3n.<\/p>\n<h2><span style=\"font-size: 14pt;\">Productos destacados<\/span><\/h2>\n<ul>\n<li>Estable estructura cristalina mixta de fosfato y pirofosfato<\/li>\n<li>Excelente estabilidad t\u00e9rmica y electroqu\u00edmica<\/li>\n<li>Mayor densidad energ\u00e9tica que los materiales de fosfato de hierro convencionales<\/li>\n<li>Larga vida \u00fatil y excelentes prestaciones de seguridad<\/li>\n<li>R\u00e1pida capacidad de transporte de iones de sodio<\/li>\n<li>Alta pureza y distribuci\u00f3n uniforme del tama\u00f1o de las part\u00edculas<\/li>\n<li>Recubrimiento de carbono y mejora de la conductividad disponibles<\/li>\n<li>Propiedades electroqu\u00edmicas personalizables para diferentes sistemas de bater\u00edas<\/li>\n<\/ul>\n<h2><span style=\"font-size: 14pt;\">Caracter\u00edsticas t\u00edpicas del material<\/span><\/h2>\n<table style=\"border-collapse: collapse; width: 68.3125%; height: 223px;\">\n<tbody>\n<tr style=\"height: 31px;\">\n<td style=\"width: 25.608%; height: 31px;\"><strong>Propiedad<\/strong><\/td>\n<td style=\"width: 42.7045%; height: 31px;\"><strong>Valor t\u00edpico<\/strong><\/td>\n<\/tr>\n<tr style=\"height: 24px;\">\n<td style=\"width: 25.608%; height: 24px;\">F\u00f3rmula qu\u00edmica<\/td>\n<td style=\"width: 42.7045%; height: 24px;\">Na\u2084Fe\u2083(PO\u2084)\u2082P\u2082O\u2087<\/td>\n<\/tr>\n<tr style=\"height: 24px;\">\n<td style=\"width: 25.608%; height: 24px;\">Abreviatura<\/td>\n<td style=\"width: 42.7045%; height: 24px;\">NFPP<\/td>\n<\/tr>\n<tr style=\"height: 24px;\">\n<td style=\"width: 25.608%; height: 24px;\">Aspecto<\/td>\n<td style=\"width: 42.7045%; height: 24px;\">Polvo de color gris a negro<\/td>\n<\/tr>\n<tr style=\"height: 24px;\">\n<td style=\"width: 25.608%; height: 24px;\">Estructura cristalina<\/td>\n<td style=\"width: 42.7045%; height: 24px;\">Estructura mixta de fosfato y pirofosfato<\/td>\n<\/tr>\n<tr style=\"height: 24px;\">\n<td style=\"width: 25.608%; height: 24px;\">Principal par redox<\/td>\n<td style=\"width: 42.7045%; height: 24px;\">Fe\u00b2\u207a \/ Fe\u00b3\u207a<\/td>\n<\/tr>\n<tr style=\"height: 24px;\">\n<td style=\"width: 25.608%; height: 24px;\">Densidad del grifo<\/td>\n<td style=\"width: 42.7045%; height: 24px;\">Personalizable<\/td>\n<\/tr>\n<tr style=\"height: 24px;\">\n<td style=\"width: 25.608%; height: 24px;\">Tama\u00f1o de part\u00edculas<\/td>\n<td style=\"width: 42.7045%; height: 24px;\">Personalizable<\/td>\n<\/tr>\n<tr style=\"height: 24px;\">\n<td style=\"width: 25.608%; height: 24px;\">Modificaci\u00f3n de la superficie<\/td>\n<td style=\"width: 42.7045%; height: 24px;\">Recubrimiento de carbono \/ Mejora de la conductividad disponible<\/td>\n<\/tr>\n<\/tbody>\n<\/table>\n<h2><span style=\"font-size: 14pt;\">Opciones de personalizaci\u00f3n<\/span><\/h2>\n<p>Para satisfacer los diferentes requisitos del proceso de bater\u00edas, ofrecemos soporte:<\/p>\n<ul>\n<li>Ajuste del tama\u00f1o de las part\u00edculas<\/li>\n<li>Control de la morfolog\u00eda de las part\u00edculas<\/li>\n<li>Optimizaci\u00f3n de la densidad de toma<\/li>\n<li>Modificaci\u00f3n del revestimiento de carbono<\/li>\n<li>Mejora de la conductividad<\/li>\n<li>Control personalizado de la relaci\u00f3n sodio-hierro y de la fase cristalina<\/li>\n<\/ul>\n<h2><span style=\"font-size: 14pt;\">Aplicaciones del <\/span><span style=\"font-size: 14pt;\">Pirofosfato f\u00e9rrico de sodio<\/span><span style=\"font-size: 14pt;\"> Polvo<\/span><\/h2>\n<p><strong>Materiales para c\u00e1todos de bater\u00edas de iones de sodio:<\/strong> Adecuado para bater\u00edas de iones de sodio de alta seguridad con densidad de energ\u00eda mejorada y larga vida de ciclo.<\/p>\n<p><strong>Sistemas de almacenamiento de energ\u00eda en red:<\/strong> Aplicados al almacenamiento de energ\u00eda renovable, la reducci\u00f3n de picos y los sistemas de equilibrio de carga.<\/p>\n<p><strong>Bater\u00edas de almacenamiento industriales y estacionarias:<\/strong> Utilizadas en sistemas de energ\u00eda de reserva, estaciones base de telecomunicaciones y almacenamiento de energ\u00eda distribuida.<\/p>\n<p><strong>Dispositivos h\u00edbridos de almacenamiento de energ\u00eda:<\/strong> Adecuados para condensadores de iones de sodio y sistemas de bater\u00edas h\u00edbridas que requieren un rendimiento equilibrado de potencia y energ\u00eda.<\/p>\n<h2><span style=\"color: #0000ff;\"><a style=\"color: #0000ff;\" href=\"https:\/\/ulpmat.com\/es\/empresa\/preguntas-frecuentes\/\"><span style=\"font-size: 14pt;\">Preguntas frecuentes<\/span><\/a><\/span><\/h2>\n<p>P1: \u00bfQu\u00e9 es el NFPP?<br \/>\nR1: El Na\u2084Fe\u2083(PO\u2084)\u2082P\u2082O\u2087 es un material para c\u00e1todos de bater\u00edas de iones de sodio con mezcla de fosfato y pirofosfato que presenta una estructura estable de polianiones y m\u00faltiples centros redox de hierro.<\/p>\n<p>P2: \u00bfPara qu\u00e9 se utiliza principalmente el NFPP?<br \/>\nA2: El NFPP se utiliza principalmente en c\u00e1todos de bater\u00edas de iones de sodio, almacenamiento de energ\u00eda a gran escala, sistemas de energ\u00edas renovables, energ\u00eda de reserva y dispositivos h\u00edbridos de bater\u00eda-condensador.<\/p>\n<p>P3: \u00bfSe puede personalizar?<br \/>\nA3: S\u00ed. Podemos personalizar el tama\u00f1o de las part\u00edculas, el revestimiento de carbono, la morfolog\u00eda, la densidad de toma y la mejora de la conductividad en funci\u00f3n de los requisitos espec\u00edficos de dise\u00f1o de las bater\u00edas.<\/p>\n<p>P4: \u00bfCu\u00e1les son las ventajas del NFPP?<br \/>\nR: Ofrece una seguridad excelente, una estructura cristalina estable, un ciclo de vida largo y una densidad energ\u00e9tica superior a la de muchos materiales cat\u00f3dicos convencionales a base de hierro.<\/p>\n<h2><span style=\"font-size: 14pt;\">Informes<\/span><\/h2>\n<p>Cada lote incluye:<br \/>\n<span style=\"color: #0000ff;\"><a style=\"color: #0000ff;\" href=\"https:\/\/ulpmat.com\/es\/documentos\/certificado-de-analisis\/\"><u>Certificado de an\u00e1lisis (COA)<\/u><\/a><\/span><br \/>\n<span style=\"color: #0000ff;\"><a style=\"color: #0000ff;\" href=\"https:\/\/ulpmat.com\/es\/documentos\/ficha-tecnica\/\"><u>Ficha t\u00e9cnica (TDS)<\/u><\/a><\/span><br \/>\n<span style=\"color: #0000ff;\"><a style=\"color: #0000ff;\" href=\"https:\/\/ulpmat.com\/es\/documentos\/ficha-de-datos-de-seguridad\/\"><u>Ficha de datos de seguridad (FDS)<\/u><\/a><\/span><br \/>\nInforme de inspecci\u00f3n de tama\u00f1o<br \/>\nInformes opcionales de pruebas de terceros<\/p>\n<h2><span style=\"font-size: 14pt;\">\u00bfPor qu\u00e9 elegirnos?<\/span><\/h2>\n<p>Nuestros materiales NFPP se desarrollan espec\u00edficamente para aplicaciones de bater\u00edas de iones de sodio de pr\u00f3xima generaci\u00f3n. Con una avanzada tecnolog\u00eda de s\u00edntesis, un estricto control de calidad y una flexible capacidad de personalizaci\u00f3n, proporcionamos productos altamente consistentes con un excelente rendimiento electroqu\u00edmico.<\/p>\n<p>Ayudamos a los clientes a optimizar la seguridad, la vida \u00fatil, la conductividad y la rentabilidad general de las bater\u00edas mediante soluciones de materiales a medida y un soporte t\u00e9cnico fiable.<\/p>\n","protected":false},"excerpt":{"rendered":"<p>Fosfato pirofosfato s\u00f3dico f\u00e9rrico (NFPP) en polvo Descripci\u00f3n general El pirofosfato f\u00e9rrico fosfato de sodio (Na\u2084Fe\u2083(PO\u2084)\u2082P\u2082O\u2087, NFPP) es un material cat\u00f3dico avanzado para sistemas de bater\u00edas de iones de sodio. Con una estructura mixta estable de fosfato y pirofosfato, el NFPP ofrece una excelente estabilidad t\u00e9rmica, una elevada integridad estructural y un rendimiento fiable en [&hellip;]<\/p>\n","protected":false},"featured_media":54758,"template":"","meta":{"_acf_changed":false},"product_brand":[],"product_cat":[946,945],"product_tag":[947],"class_list":{"0":"post-54785","1":"product","2":"type-product","3":"status-publish","4":"has-post-thumbnail","6":"product_cat-materiales-para-baterias","7":"product_cat-materiales-de-dopaje-para-baterias","8":"product_tag-materiales-para-baterias","10":"first","11":"instock","12":"shipping-taxable","13":"purchasable","14":"product-type-variable"},"acf":[],"_links":{"self":[{"href":"https:\/\/ulpmat.com\/es\/wp-json\/wp\/v2\/product\/54785","targetHints":{"allow":["GET"]}}],"collection":[{"href":"https:\/\/ulpmat.com\/es\/wp-json\/wp\/v2\/product"}],"about":[{"href":"https:\/\/ulpmat.com\/es\/wp-json\/wp\/v2\/types\/product"}],"wp:featuredmedia":[{"embeddable":true,"href":"https:\/\/ulpmat.com\/es\/wp-json\/wp\/v2\/media\/54758"}],"wp:attachment":[{"href":"https:\/\/ulpmat.com\/es\/wp-json\/wp\/v2\/media?parent=54785"}],"wp:term":[{"taxonomy":"product_brand","embeddable":true,"href":"https:\/\/ulpmat.com\/es\/wp-json\/wp\/v2\/product_brand?post=54785"},{"taxonomy":"product_cat","embeddable":true,"href":"https:\/\/ulpmat.com\/es\/wp-json\/wp\/v2\/product_cat?post=54785"},{"taxonomy":"product_tag","embeddable":true,"href":"https:\/\/ulpmat.com\/es\/wp-json\/wp\/v2\/product_tag?post=54785"}],"curies":[{"name":"wp","href":"https:\/\/api.w.org\/{rel}","templated":true}]}}