{"id":54773,"date":"2026-04-08T15:28:52","date_gmt":"2026-04-08T07:28:52","guid":{"rendered":"https:\/\/ulpmat.com\/product\/fosfato-sodico-de-vanadio\/"},"modified":"2026-04-08T15:28:52","modified_gmt":"2026-04-08T07:28:52","slug":"fosfato-sodico-de-vanadio","status":"publish","type":"product","link":"https:\/\/ulpmat.com\/es\/producto\/fosfato-sodico-de-vanadio\/","title":{"rendered":"Fosfato s\u00f3dico de vanadio"},"content":{"rendered":"<h2><span style=\"font-size: 14pt;\">Fosfato s\u00f3dico de vanadio recubierto de carbono Polvo Descripci\u00f3n general<\/span><\/h2>\n<p>El fosfato de sodio y vanadio recubierto de carbono (Na\u2083V\u2082(PO\u2084)\u2083\/C) es un material cat\u00f3dico de alto rendimiento para sistemas de bater\u00edas de iones de sodio. Con una estructura cristalina estable de tipo NASICON y un revestimiento de carbono conductor uniforme, proporciona un r\u00e1pido transporte de iones de sodio, una conductividad electr\u00f3nica mejorada, una excelente capacidad de velocidad y una larga estabilidad c\u00edclica.<\/p>\n<p>La capa de carbono conductor mejora significativamente la baja conductividad intr\u00ednseca del Na\u2083V\u2082(PO\u2084)\u2083, lo que hace que el fosfato de vanadio y sodio recubierto de carbono sea especialmente adecuado para bater\u00edas de iones de sodio de alta potencia, carga r\u00e1pida y larga duraci\u00f3n.<\/p>\n<p>Ofrecemos polvos de fosfato de vanadio y sodio recubiertos de carbono con contenido de carbono, tama\u00f1o de part\u00edcula, morfolog\u00eda, densidad de toma y mejora de la conductividad personalizables para satisfacer los distintos requisitos de fabricaci\u00f3n de bater\u00edas. <span style=\"color: #0000ff;\"><a style=\"color: #0000ff;\" href=\"https:\/\/ulpmat.com\/es\/contacto\/\">P\u00f3ngase en contacto con nosotros<\/a><\/span> para obtener m\u00e1s informaci\u00f3n sobre nuestro proceso de personalizaci\u00f3n.<\/p>\n<h2><span style=\"font-size: 14pt;\">Productos destacados<\/span><\/h2>\n<ul>\n<li>Estructura cristalina estable de tipo NASICON<\/li>\n<li>\n<p>Recubrimiento de carbono conductor uniforme<\/li>\n<li>\n<p>Capacidad de transporte r\u00e1pido de iones de sodio<\/li>\n<li>\n<p>Excelente rendimiento y larga vida \u00fatil<\/li>\n<li>\n<p>Conductividad electr\u00f3nica mejorada<\/li>\n<li>\n<p>Alta pureza y distribuci\u00f3n uniforme del tama\u00f1o de las part\u00edculas<\/li>\n<li>\n<p>Buena estabilidad t\u00e9rmica y seguridad<\/li>\n<li>\n<p>Contenido de carbono y propiedades electroqu\u00edmicas personalizables<\/li>\n<\/ul>\n<h2><span style=\"font-size: 14pt;\">Caracter\u00edsticas t\u00edpicas del material<\/span><\/h2>\n<table style=\"border-collapse: collapse; width: 52.7634%; height: 201px;\">\n<tbody>\n<tr style=\"height: 33px;\">\n<td style=\"width: 23.4709%; height: 33px;\"><strong>Propiedad<\/strong><\/td>\n<td style=\"width: 29.2925%; height: 33px;\"><strong>Valor t\u00edpico<\/strong><\/td>\n<\/tr>\n<tr style=\"height: 24px;\">\n<td style=\"width: 23.4709%; height: 24px;\">F\u00f3rmula qu\u00edmica<\/td>\n<td style=\"width: 29.2925%; height: 24px;\">Na\u2083V\u2082(PO\u2084)\u2083\/C<\/td>\n<\/tr>\n<tr style=\"height: 24px;\">\n<td style=\"width: 23.4709%; height: 24px;\">Aspecto<\/td>\n<td style=\"width: 29.2925%; height: 24px;\">Polvo de color gris oscuro a negro<\/td>\n<\/tr>\n<tr style=\"height: 24px;\">\n<td style=\"width: 23.4709%; height: 24px;\">Estructura cristalina<\/td>\n<td style=\"width: 29.2925%; height: 24px;\">Tipo NASICON, rombo\u00e9drica<\/td>\n<\/tr>\n<tr style=\"height: 24px;\">\n<td style=\"width: 23.4709%; height: 24px;\">Grupo espacial<\/td>\n<td style=\"width: 29.2925%; height: 24px;\">R-3c<\/td>\n<\/tr>\n<tr style=\"height: 24px;\">\n<td style=\"width: 23.4709%; height: 24px;\">Contenido de carbono<\/td>\n<td style=\"width: 29.2925%; height: 24px;\">Personalizable (normalmente 2-6 % en peso)<\/td>\n<\/tr>\n<tr style=\"height: 24px;\">\n<td style=\"width: 23.4709%; height: 24px;\">Tama\u00f1o de las part\u00edculas<\/td>\n<td style=\"width: 29.2925%; height: 24px;\">Personalizable<\/td>\n<\/tr>\n<tr style=\"height: 24px;\">\n<td style=\"width: 23.4709%; height: 24px;\">Modificaci\u00f3n de la superficie<\/td>\n<td style=\"width: 29.2925%; height: 24px;\">Recubrimiento de carbono conductor<\/td>\n<\/tr>\n<\/tbody>\n<\/table>\n<h2><span style=\"font-size: 14pt;\">Opciones de personalizaci\u00f3n<\/span><\/h2>\n<p>Para satisfacer los diferentes requisitos del proceso de bater\u00edas, ofrecemos soporte:<\/p>\n<ul>\n<li>Ajuste del contenido de carbono<\/li>\n<li>Optimizaci\u00f3n del tama\u00f1o de las part\u00edculas<\/li>\n<li>Control de la morfolog\u00eda<\/li>\n<li>Ajuste de la densidad de toma<\/li>\n<li>Mejora de la conductividad<\/li>\n<li>Rendimiento electroqu\u00edmico personalizado<\/li>\n<\/ul>\n<h2><span style=\"font-size: 14pt;\">Aplicaciones del <\/span><span style=\"font-size: 14pt;\">Fosfato s\u00f3dico de vanadio en polvo<\/span><\/h2>\n<p><strong>Materiales cat\u00f3dicos para bater\u00edas de iones de sodio:<\/strong> Ampliamente utilizado como material de c\u00e1todo para bater\u00edas de iones de sodio que requieren alta capacidad de tasa y estabilidad de ciclo a largo plazo.<\/p>\n<p><strong>Sistemas h\u00edbridos de condensadores y bater\u00edas:<\/strong> Adecuados para condensadores de iones de sodio y dispositivos h\u00edbridos de almacenamiento de energ\u00eda que requieren tanto una elevada potencia como una larga vida c\u00edclica.<\/p>\n<p><strong>Sistemas de almacenamiento de energ\u00eda a gran escala:<\/strong> Aplicable al almacenamiento de energ\u00eda en red, la integraci\u00f3n de energ\u00edas renovables y los sistemas de energ\u00eda de reserva.<\/p>\n<p><strong>Dispositivos de almacenamiento de energ\u00eda de alta potencia:<\/strong> Ideales para aplicaciones que requieren una carga\/descarga r\u00e1pida y un rendimiento electroqu\u00edmico estable.<\/p>\n<h2><span style=\"color: #0000ff;\"><a style=\"color: #0000ff;\" href=\"https:\/\/ulpmat.com\/es\/empresa\/preguntas-frecuentes\/\"><span style=\"font-size: 14pt;\">Preguntas frecuentes<\/span><\/a><\/span><\/h2>\n<p>P1: \u00bfQu\u00e9 es el fosfato de sodio y vanadio recubierto de carbono?<br \/>\nR: El fosfato de vanadio y sodio recubierto de carbono es Na\u2083V\u2082(PO\u2084)\u2083 recubierto de una capa conductora de carbono para mejorar la conductividad electr\u00f3nica y el rendimiento de la bater\u00eda.<\/p>\n<p>P2: \u00bfCu\u00e1les son las ventajas del fosfato de sodio y vanadio recubierto de carbono?<br \/>\nR: Ofrece un r\u00e1pido transporte de iones de sodio, mayor conductividad, excelente capacidad de velocidad, larga vida \u00fatil y gran seguridad.<\/p>\n<p>P3: \u00bfPara qu\u00e9 se utiliza principalmente?<br \/>\nR: Se utiliza principalmente en c\u00e1todos de bater\u00edas de iones de sodio, condensadores h\u00edbridos y sistemas de almacenamiento de energ\u00eda a gran escala.<\/p>\n<p>P4: \u00bfSe puede personalizar el contenido de carbono?<br \/>\nR: S\u00ed. Ofrecemos niveles de recubrimiento de carbono personalizables, normalmente del 2 al 6 % en peso, seg\u00fan los distintos requisitos de rendimiento de las bater\u00edas.<\/p>\n<h2><span style=\"font-size: 14pt;\">Informes<\/span><\/h2>\n<p>Cada lote incluye:<br \/>\n<span style=\"color: #0000ff;\"><a style=\"color: #0000ff;\" href=\"https:\/\/ulpmat.com\/es\/documentos\/certificado-de-analisis\/\"><u>Certificado de an\u00e1lisis (COA)<\/u><\/a><\/span><br \/>\n<span style=\"color: #0000ff;\"><a style=\"color: #0000ff;\" href=\"https:\/\/ulpmat.com\/es\/documentos\/ficha-tecnica\/\"><u>Ficha t\u00e9cnica (TDS)<\/u><\/a><\/span><br \/>\n<span style=\"color: #0000ff;\"><a style=\"color: #0000ff;\" href=\"https:\/\/ulpmat.com\/es\/documentos\/ficha-de-datos-de-seguridad\/\"><u>Ficha de datos de seguridad (FDS)<\/u><\/a><\/span><br \/>\nInforme de inspecci\u00f3n de tama\u00f1o<br \/>\nInformes de pruebas de terceros disponibles previa solicitud<\/p>\n<h2><span style=\"font-size: 14pt;\">\u00bfPor qu\u00e9 elegirnos?<\/span><\/h2>\n<p>Nuestros materiales de fosfato de vanadio y sodio recubiertos de carbono est\u00e1n especialmente dise\u00f1ados para aplicaciones de bater\u00edas de iones de sodio de pr\u00f3xima generaci\u00f3n. Mediante una avanzada tecnolog\u00eda de recubrimiento de carbono y un estricto control de calidad, ofrecemos materiales con una excelente conductividad, un rendimiento electroqu\u00edmico estable y una calidad de producto constante.<\/p>\n<p>Ofrecemos una personalizaci\u00f3n flexible y un servicio t\u00e9cnico fiable para ayudar a los clientes a desarrollar sistemas de bater\u00edas de iones de sodio de alto rendimiento, seguros y rentables.<\/p>\n","protected":false},"excerpt":{"rendered":"<p>Fosfato s\u00f3dico de vanadio recubierto de carbono Polvo Descripci\u00f3n general El fosfato de sodio y vanadio recubierto de carbono (Na\u2083V\u2082(PO\u2084)\u2083\/C) es un material cat\u00f3dico de alto rendimiento para sistemas de bater\u00edas de iones de sodio. Con una estructura cristalina estable de tipo NASICON y un revestimiento de carbono conductor uniforme, proporciona un r\u00e1pido transporte de [&hellip;]<\/p>\n","protected":false},"featured_media":54722,"template":"","meta":{"_acf_changed":false},"product_brand":[],"product_cat":[946,945],"product_tag":[947],"class_list":{"0":"post-54773","1":"product","2":"type-product","3":"status-publish","4":"has-post-thumbnail","6":"product_cat-materiales-para-baterias","7":"product_cat-materiales-de-dopaje-para-baterias","8":"product_tag-materiales-para-baterias","10":"first","11":"instock","12":"shipping-taxable","13":"purchasable","14":"product-type-variable"},"acf":[],"_links":{"self":[{"href":"https:\/\/ulpmat.com\/es\/wp-json\/wp\/v2\/product\/54773","targetHints":{"allow":["GET"]}}],"collection":[{"href":"https:\/\/ulpmat.com\/es\/wp-json\/wp\/v2\/product"}],"about":[{"href":"https:\/\/ulpmat.com\/es\/wp-json\/wp\/v2\/types\/product"}],"wp:featuredmedia":[{"embeddable":true,"href":"https:\/\/ulpmat.com\/es\/wp-json\/wp\/v2\/media\/54722"}],"wp:attachment":[{"href":"https:\/\/ulpmat.com\/es\/wp-json\/wp\/v2\/media?parent=54773"}],"wp:term":[{"taxonomy":"product_brand","embeddable":true,"href":"https:\/\/ulpmat.com\/es\/wp-json\/wp\/v2\/product_brand?post=54773"},{"taxonomy":"product_cat","embeddable":true,"href":"https:\/\/ulpmat.com\/es\/wp-json\/wp\/v2\/product_cat?post=54773"},{"taxonomy":"product_tag","embeddable":true,"href":"https:\/\/ulpmat.com\/es\/wp-json\/wp\/v2\/product_tag?post=54773"}],"curies":[{"name":"wp","href":"https:\/\/api.w.org\/{rel}","templated":true}]}}