{"id":54683,"date":"2026-04-08T10:28:12","date_gmt":"2026-04-08T02:28:12","guid":{"rendered":"https:\/\/ulpmat.com\/product\/fosfato-sodico-de-titanio\/"},"modified":"2026-04-08T10:28:12","modified_gmt":"2026-04-08T02:28:12","slug":"fosfato-sodico-de-titanio","status":"publish","type":"product","link":"https:\/\/ulpmat.com\/es\/producto\/fosfato-sodico-de-titanio\/","title":{"rendered":"Fosfato s\u00f3dico de titanio"},"content":{"rendered":"<h2><span style=\"font-size: 14pt;\">Descripci\u00f3n general del polvo de fosfato de sodio y titanio<\/span><\/h2>\n<p>El fosfato de sodio y titanio es un importante material para electrodos en sistemas de bater\u00edas acuosas, que se caracteriza por una estructura estable de tipo NASICON, una r\u00e1pida capacidad de transporte de iones de sodio y una excelente estabilidad c\u00edclica en electrolitos de base acuosa. Se utiliza ampliamente en bater\u00edas de iones de sodio acuosas, bater\u00edas de iones h\u00edbridas y otros sistemas de almacenamiento de energ\u00eda seguros y de bajo coste.<\/p>\n<p>Ofrecemos materiales de fosfato de sodio y titanio con diversas relaciones sodio-titanio y estructuras cristalinas, y ofrecemos servicios personalizados de tama\u00f1o de part\u00edcula, morfolog\u00eda, densidad aparente, recubrimiento de carbono y mejora de la conductividad para satisfacer los diferentes requisitos de los procesos de fabricaci\u00f3n de bater\u00edas. <span style=\"color: #0000ff;\"><a style=\"color: #0000ff;\" href=\"https:\/\/ulpmat.com\/es\/contacto\/\">P\u00f3ngase en contacto con nosotros<\/a><\/span><br \/>\npara obtener m\u00e1s informaci\u00f3n sobre nuestro proceso de personalizaci\u00f3n.<\/p>\n<h2><span style=\"font-size: 14pt;\">Caracter\u00edsticas destacadas del producto<\/span><\/h2>\n<ul>\n<li>Excelente estabilidad estructural<\/li>\n<li>Buena conductividad i\u00f3nica<\/li>\n<li>Composici\u00f3n y estructura ajustables<\/li>\n<li>Alta pureza y tama\u00f1o de part\u00edcula uniforme<\/li>\n<li>Alta seguridad y bajo coste<\/li>\n<li>Propiedades electroqu\u00edmicas personalizables<\/li>\n<\/ul>\n<h2><span style=\"font-size: 14pt;\">Aplicaciones del <\/span><span style=\"font-size: 14pt;\">polvo de fosfato de sodio y titanio<\/span><\/h2>\n<p><strong>Materiales de \u00e1nodo para bater\u00edas de iones de sodio acuosas:<\/strong><br \/>\nSe utiliza como material de \u00e1nodo de alta estabilidad para bater\u00edas de iones de sodio acuosas con una larga vida \u00fatil y capacidad de carga de alta velocidad.<\/p>\n<p><strong>Sistemas h\u00edbridos de condensadores y bater\u00edas:<\/strong><br \/>\nAdecuado para condensadores de iones de sodio acuosos y dispositivos h\u00edbridos de almacenamiento de energ\u00eda que requieren tanto alta potencia como alta durabilidad de ciclo.<\/p>\n<p><strong>Almacenamiento de energ\u00eda a gran escala:<\/strong><br \/>\nAplicable al almacenamiento de energ\u00eda en la red, la integraci\u00f3n de energ\u00edas renovables y los sistemas de energ\u00eda de respaldo, donde la seguridad y la larga vida \u00fatil son fundamentales.<\/p>\n<h2><span style=\"color: #0000ff;\"><a style=\"color: #0000ff;\" href=\"https:\/\/ulpmat.com\/es\/empresa\/preguntas-frecuentes\/\"><span style=\"font-size: 14pt;\">Preguntas frecuentes<\/span><\/a><\/span><\/h2>\n<p>P1: \u00bfQu\u00e9 es el fosfato de sodio y titanio?<br \/>\nR1: El fosfato de sodio y titanio es un material inorg\u00e1nico compuesto por sodio, titanio y f\u00f3sforo, con la f\u00f3rmula qu\u00edmica NaTi\u2082(PO\u2084)\u2083. Presenta una buena conductividad de iones de sodio y estabilidad estructural, y se utiliza principalmente en bater\u00edas acuosas de iones de sodio, electrolitos de estado s\u00f3lido y materiales de intercambio i\u00f3nico.<\/p>\n<p>P2: \u00bfPara qu\u00e9 se utiliza el fosfato de sodio y titanio?<br \/>\nR2: Se utiliza principalmente en los campos de los \u00e1nodos de bater\u00edas de iones de sodio acuosas, electrolitos s\u00f3lidos, intercambio i\u00f3nico, tratamiento de aguas y materiales de almacenamiento de energ\u00eda.<\/p>\n<p>P3: \u00bfC\u00f3mo seleccionar el fosfato de sodio y titanio?<br \/>\nR3: A la hora de seleccionar el fosfato de sodio y titanio, se debe elegir el modelo m\u00e1s adecuado para el rendimiento de la bater\u00eda o el almacenamiento de energ\u00eda en funci\u00f3n de la aplicaci\u00f3n, el tama\u00f1o de part\u00edcula, la pureza y los requisitos de modificaci\u00f3n de la conductividad.<\/p>\n<h2><span style=\"font-size: 14pt;\">Informes<\/span><\/h2>\n<p>Cada lote incluye:<br \/>\n<span style=\"color: #0000ff;\"><a style=\"color: #0000ff;\" href=\"https:\/\/ulpmat.com\/es\/documentos\/certificado-de-analisis\/\"><u>Certificado de an\u00e1lisis (COA)<\/u><\/a><\/span><\/p>\n<p><span style=\"color: #0000ff;\"><a style=\"color: #0000ff;\" href=\"https:\/\/ulpmat.com\/es\/documentos\/ficha-tecnica\/\"><u>Ficha t\u00e9cnica (TDS)<\/u><\/a><\/span><\/p>\n<p><span style=\"color: #0000ff;\"><a style=\"color: #0000ff;\" href=\"https:\/\/ulpmat.com\/es\/documentos\/ficha-de-datos-de-seguridad\/\"><u>Ficha de datos de seguridad (MSDS)<\/u><\/a><\/span><br \/>\nInforme de inspecci\u00f3n de tama\u00f1o<br \/>\nInformes de pruebas de terceros disponibles bajo petici\u00f3n<\/p>\n<h2><span style=\"font-size: 14pt;\">\u00bfPor qu\u00e9 elegirnos?<\/span><\/h2>\n<p>Nuestros materiales de fosfato de sodio y titanio est\u00e1n especialmente dise\u00f1ados para aplicaciones en bater\u00edas acuosas, ofreciendo un r\u00e1pido transporte de iones de sodio, una excelente estabilidad de ciclo y una alta seguridad. Ofrecemos composiciones personalizadas, tama\u00f1os de part\u00edcula, recubrimiento de carbono y mejora de la conductividad para satisfacer diferentes requisitos de proceso. Con alta pureza, calidad constante, producci\u00f3n flexible y soporte t\u00e9cnico fiable, ayudamos a los clientes a desarrollar sistemas de bater\u00edas acuosas de alto rendimiento y rentables.<\/p>\n","protected":false},"excerpt":{"rendered":"<p>Descripci\u00f3n general del polvo de fosfato de sodio y titanio El fosfato de sodio y titanio es un importante material para electrodos en sistemas de bater\u00edas acuosas, que se caracteriza por una estructura estable de tipo NASICON, una r\u00e1pida capacidad de transporte de iones de sodio y una excelente estabilidad c\u00edclica en electrolitos de base [&hellip;]<\/p>\n","protected":false},"featured_media":54668,"template":"","meta":{"_acf_changed":false},"product_brand":[],"product_cat":[946,945],"product_tag":[947],"class_list":{"0":"post-54683","1":"product","2":"type-product","3":"status-publish","4":"has-post-thumbnail","6":"product_cat-materiales-para-baterias","7":"product_cat-materiales-de-dopaje-para-baterias","8":"product_tag-materiales-para-baterias","10":"first","11":"instock","12":"shipping-taxable","13":"purchasable","14":"product-type-variable"},"acf":[],"_links":{"self":[{"href":"https:\/\/ulpmat.com\/es\/wp-json\/wp\/v2\/product\/54683","targetHints":{"allow":["GET"]}}],"collection":[{"href":"https:\/\/ulpmat.com\/es\/wp-json\/wp\/v2\/product"}],"about":[{"href":"https:\/\/ulpmat.com\/es\/wp-json\/wp\/v2\/types\/product"}],"wp:featuredmedia":[{"embeddable":true,"href":"https:\/\/ulpmat.com\/es\/wp-json\/wp\/v2\/media\/54668"}],"wp:attachment":[{"href":"https:\/\/ulpmat.com\/es\/wp-json\/wp\/v2\/media?parent=54683"}],"wp:term":[{"taxonomy":"product_brand","embeddable":true,"href":"https:\/\/ulpmat.com\/es\/wp-json\/wp\/v2\/product_brand?post=54683"},{"taxonomy":"product_cat","embeddable":true,"href":"https:\/\/ulpmat.com\/es\/wp-json\/wp\/v2\/product_cat?post=54683"},{"taxonomy":"product_tag","embeddable":true,"href":"https:\/\/ulpmat.com\/es\/wp-json\/wp\/v2\/product_tag?post=54683"}],"curies":[{"name":"wp","href":"https:\/\/api.w.org\/{rel}","templated":true}]}}