{"id":54146,"date":"2025-12-29T16:47:17","date_gmt":"2025-12-29T08:47:17","guid":{"rendered":"https:\/\/ulpmat.com\/product\/fosfuro-de-cobalto\/"},"modified":"2025-12-29T16:47:17","modified_gmt":"2025-12-29T08:47:17","slug":"fosfuro-de-cobalto","status":"publish","type":"product","link":"https:\/\/ulpmat.com\/es\/producto\/fosfuro-de-cobalto\/","title":{"rendered":"Fosfuro de cobalto"},"content":{"rendered":"<h2><span style=\"font-size: 14pt;\">Descripci\u00f3n general del polvo de fosfuro de cobalto<\/span><\/h2>\n<p>El polvo<br \/>\n<span style=\"color: #0000ff;\"><a style=\"color: #0000ff;\" href=\"https:\/\/ulpmat.com\/es\/buscar\/?type=name&#038;keyword=Cobalt+phosphide\">de fosfuro de cobalto<\/a><\/span><br \/>\nposee una excelente conductividad el\u00e9ctrica y actividad catal\u00edtica, lo que lo hace muy utilizado en la producci\u00f3n de bater\u00edas, catalizadores y materiales de aleaci\u00f3n.<\/p>\n<p>Ofrecemos polvo de fosfuro de cobalto de alta pureza para satisfacer diversas necesidades industriales. <span style=\"color: #0000ff;\"><a style=\"color: #0000ff;\" href=\"https:\/\/ulpmat.com\/es\/contacto\/\">P\u00f3ngase en contacto con nosotros<\/a><\/span><br \/>\npara obtener m\u00e1s informaci\u00f3n sobre los servicios personalizados.<\/p>\n<h2><span style=\"font-size: 14pt;\">Caracter\u00edsticas destacadas del producto<\/span><\/h2>\n<p>Su alta pureza garantiza un rendimiento estable.<br \/>\nExcelente conductividad el\u00e9ctrica, adecuada para aplicaciones electr\u00f3nicas y en bater\u00edas.<br \/>\nBuena actividad catal\u00edtica, ampliamente utilizada en reacciones qu\u00edmicas.<br \/>\nAlta resistencia a la corrosi\u00f3n, adecuada para entornos hostiles.<br \/>\nEl tama\u00f1o fino de las part\u00edculas garantiza una distribuci\u00f3n uniforme y reacciones eficientes.<br \/>\nEl estricto control de calidad garantiza la consistencia del producto<\/p>\n<h2><span style=\"font-size: 14pt;\">. Aplicaciones del polvo de fosfuro de cobalto<\/span><\/h2>\n<p>Fabricaci\u00f3n<br \/>\n<span style=\"color: #0000ff;\"><a style=\"color: #0000ff;\" href=\"https:\/\/ulpmat.com\/es\/solicitud\/materiales-para-baterias\/\">de bater\u00edas<\/a><\/span><br \/>\n: se utiliza com\u00fanmente en materiales de electrodos para bater\u00edas de ionen litio con el fin de mejorar la densidad energ\u00e9tica y la eficiencia de carga\/descarga.<br \/>\nCatalizadores: como catalizador altamente eficiente, el fosfuro de cobalto tiene amplias aplicaciones en reacciones petroqu\u00edmicas, de protecci\u00f3n medioambiental y de producci\u00f3n de hidr\u00f3geno.<br \/>\nProducci\u00f3n de aleaciones: desempe\u00f1a un papel importante en la fabricaci\u00f3n de aleaciones de alta temperatura, mejorando su resistencia y resistencia a la corrosi\u00f3n.<br \/>\nIndustria electr\u00f3nica: se utiliza en la fabricaci\u00f3n de diversos componentes electr\u00f3nicos, proporcionando una excelente conductividad y estabilidad.<\/p>\n<h2><span style=\"color: #0000ff;\"><a style=\"color: #0000ff;\" href=\"https:\/\/ulpmat.com\/es\/empresa\/preguntas-frecuentes\/\"><span style=\"font-size: 14pt;\">Preguntas frecuentes<\/span><\/a><\/span><\/h2>\n<p>P1: \u00bfCu\u00e1l es la pureza del polvo de fosfuro de cobalto?<br \/>\nR1: Nuestro polvo de fosfuro de cobalto tiene una pureza de hasta el 99,9 %, lo que garantiza su excelente rendimiento en aplicaciones como bater\u00edas, catalizadores y aleaciones.<\/p>\n<p>P2: \u00bfEs este polvo adecuado para reacciones catal\u00edticas?<br \/>\nR2: S\u00ed, tiene una buena actividad catal\u00edtica y se utiliza ampliamente en petroqu\u00edmica, protecci\u00f3n medioambiental y producci\u00f3n de hidr\u00f3geno.<\/p>\n<p>P3: \u00bfC\u00f3mo se debe almacenar?<br \/>\nR3: Almac\u00e9nelo en un lugar seco y fresco, evitando el contacto con la humedad y las sustancias corrosivas.<\/p>\n<p>P4: \u00bfSe puede utilizar el polvo de fosfuro de cobalto en aplicaciones a alta temperatura?<br \/>\nR4: S\u00ed, tiene una buena resistencia a las altas temperaturas y es adecuado para reacciones catal\u00edticas y la fabricaci\u00f3n de aleaciones en entornos de alta temperatura.<\/p>\n<h2><span style=\"font-size: 14pt;\">Informes<\/span><\/h2>\n<p>Cada lote se suministra con:<br \/>\n<span style=\"color: #0000ff;\"><a style=\"color: #0000ff;\" href=\"https:\/\/ulpmat.com\/es\/documentos\/certificado-de-analisis\/\">Certificado de an\u00e1lisis (COA)<\/a><\/span><\/p>\n<p><span style=\"color: #0000ff;\"><a style=\"color: #0000ff;\" href=\"https:\/\/ulpmat.com\/es\/documentos\/ficha-tecnica\/\">Ficha t\u00e9cnica (TDS)<\/a><\/span><\/p>\n<p><span style=\"color: #0000ff;\"><a style=\"color: #0000ff;\" href=\"https:\/\/ulpmat.com\/es\/documentos\/ficha-de-datos-de-seguridad\/\">Ficha de datos de seguridad (MSDS)<\/a><\/span><br \/>\nInformes de pruebas de terceros disponibles bajo petici\u00f3n<\/p>\n<h2><span style=\"font-size: 14pt;\">\u00bfPor qu\u00e9 elegirnos?<\/span><\/h2>\n<p>Nuestro polvo de fosfuro de cobalto cuenta con una alta pureza y un rendimiento catal\u00edtico estable. En combinaci\u00f3n con servicios personalizados y <span style=\"color: #0000ff;\"><a style=\"color: #0000ff;\" href=\"https:\/\/ulpmat.com\/es\/servicio\/servicio-posventa\/\">asistencia posventa<\/a><\/span><br \/>\nprofesional, garantizamos soluciones de materiales fiables para sus proyectos.<\/p>\n","protected":false},"excerpt":{"rendered":"<p>Descripci\u00f3n general del polvo de fosfuro de cobalto El polvo de fosfuro de cobalto posee una excelente conductividad el\u00e9ctrica y actividad catal\u00edtica, lo que lo hace muy utilizado en la producci\u00f3n de bater\u00edas, catalizadores y materiales de aleaci\u00f3n. Ofrecemos polvo de fosfuro de cobalto de alta pureza para satisfacer diversas necesidades industriales. P\u00f3ngase en contacto [&hellip;]<\/p>\n","protected":false},"featured_media":54147,"template":"","meta":{"_acf_changed":false},"product_brand":[132],"product_cat":[1195],"product_tag":[8322,8321],"class_list":{"0":"post-54146","1":"product","2":"type-product","3":"status-publish","4":"has-post-thumbnail","6":"product_brand-ulpmat","7":"product_cat-materiales-fosforados","8":"product_tag-fosfuro","9":"product_tag-fosfuro-de-cobalto-en-polvo","11":"first","12":"instock","13":"shipping-taxable","14":"product-type-variable"},"acf":[],"_links":{"self":[{"href":"https:\/\/ulpmat.com\/es\/wp-json\/wp\/v2\/product\/54146","targetHints":{"allow":["GET"]}}],"collection":[{"href":"https:\/\/ulpmat.com\/es\/wp-json\/wp\/v2\/product"}],"about":[{"href":"https:\/\/ulpmat.com\/es\/wp-json\/wp\/v2\/types\/product"}],"wp:featuredmedia":[{"embeddable":true,"href":"https:\/\/ulpmat.com\/es\/wp-json\/wp\/v2\/media\/54147"}],"wp:attachment":[{"href":"https:\/\/ulpmat.com\/es\/wp-json\/wp\/v2\/media?parent=54146"}],"wp:term":[{"taxonomy":"product_brand","embeddable":true,"href":"https:\/\/ulpmat.com\/es\/wp-json\/wp\/v2\/product_brand?post=54146"},{"taxonomy":"product_cat","embeddable":true,"href":"https:\/\/ulpmat.com\/es\/wp-json\/wp\/v2\/product_cat?post=54146"},{"taxonomy":"product_tag","embeddable":true,"href":"https:\/\/ulpmat.com\/es\/wp-json\/wp\/v2\/product_tag?post=54146"}],"curies":[{"name":"wp","href":"https:\/\/api.w.org\/{rel}","templated":true}]}}