{"id":54127,"date":"2025-12-29T16:47:17","date_gmt":"2025-12-29T08:47:17","guid":{"rendered":"https:\/\/ulpmat.com\/product\/tetroxido-de-tricobalto-oxido-de-cobalto-3\/"},"modified":"2025-12-29T16:47:17","modified_gmt":"2025-12-29T08:47:17","slug":"tetroxido-de-tricobalto-oxido-de-cobalto-3","status":"publish","type":"product","link":"https:\/\/ulpmat.com\/es\/producto\/tetroxido-de-tricobalto-oxido-de-cobalto-3\/","title":{"rendered":"Tetr\u00f3xido de tricobalto (\u00f3xido de cobalto)"},"content":{"rendered":"<h2><span style=\"font-size: 14pt;\">Descripci\u00f3n general de los gr\u00e1nulos de tetr\u00f3xido de tricobalto<\/span><\/h2>\n<p>Los gr\u00e1nulos de tetr\u00f3xido de tricobalto poseen excelentes propiedades catal\u00edticas y de conductividad, lo que los hace muy utilizados en bater\u00edas, catalizadores y sensores.<\/p>\n<p>Ofrecemos gr\u00e1nulos de Co3O4 de alta pureza para satisfacer diversas necesidades industriales. <span style=\"color: #0000ff;\"><a style=\"color: #0000ff;\" href=\"https:\/\/ulpmat.com\/es\/contacto\/\">P\u00f3ngase en contacto con nosotros<\/a><\/span><br \/>\nen cualquier momento para obtener soluciones personalizadas.<\/p>\n<h2><span style=\"font-size: 14pt;\">Caracter\u00edsticas destacadas del producto<\/span><\/h2>\n<p>Su alta pureza garantiza una gran eficiencia.<br \/>\nExcelente actividad catal\u00edtica, ampliamente aplicable en reacciones qu\u00edmicas.<br \/>\nBuena conductividad, adecuada para bater\u00edas y componentes electr\u00f3nicos.<br \/>\nEl tama\u00f1o uniforme de las part\u00edculas garantiza resultados de aplicaci\u00f3n consistentes.<br \/>\nAlta estabilidad, adecuada para uso a largo plazo.<br \/>\nEl estricto control de calidad garantiza una calidad constante en todos los lotes.<\/p>\n<h2><span style=\"font-size: 14pt;\">Aplicaciones de los gr\u00e1nulos de tetr\u00f3xido de tricobalto<\/span><\/h2>\n<p>Fabricaci\u00f3n<br \/>\n<span style=\"color: #0000ff;\"><a style=\"color: #0000ff;\" href=\"https:\/\/ulpmat.com\/es\/solicitud\/materiales-para-baterias\/\">de bater\u00edas<\/a><\/span><br \/>\n: se puede utilizar como material para electrodos en bater\u00edas de ionen litio, mejorando la densidad energ\u00e9tica y la eficiencia de carga.<br \/>\nCatalizadores: como catalizadores, los gr\u00e1nulos de tetr\u00f3xido de tricobalto se utilizan ampliamente en reacciones como el tratamiento de emisiones de autom\u00f3viles y la s\u00edntesis qu\u00edmica org\u00e1nica para mejorar la eficiencia de la reacci\u00f3n.<br \/>\nSensores: se utilizan en sensores de gas, proporcionando capacidades de detecci\u00f3n precisas, ampliamente aplicadas en la monitorizaci\u00f3n medioambiental y el control industrial.<br \/>\nMateriales de aleaci\u00f3n: en la producci\u00f3n de aleaciones, mejora la resistencia y la resistencia a altas temperaturas de las aleaciones, lo que las hace adecuadas para equipos industriales de alta temperatura.<\/p>\n<h2><span style=\"color: #0000ff;\"><a style=\"color: #0000ff;\" href=\"https:\/\/ulpmat.com\/es\/empresa\/preguntas-frecuentes\/\"><span style=\"font-size: 14pt;\">Preguntas frecuentes<\/span><\/a><\/span><\/h2>\n<p>P1: \u00bfCu\u00e1l es la pureza de los gr\u00e1nulos de tetr\u00f3xido de tricobalto?<br \/>\nR1: Nuestros gr\u00e1nulos tienen una pureza del 99,95 %, lo que garantiza un rendimiento excelente en aplicaciones de alta precisi\u00f3n.<\/p>\n<p>P2: \u00bfPara qu\u00e9 aplicaciones son adecuados los gr\u00e1nulos de Co3O4?<br \/>\nR2: Se utilizan ampliamente en bater\u00edas, equipos el\u00e9ctricos, catalizadores y sensores de gas.<\/p>\n<p>P3: \u00bfCu\u00e1les son los requisitos de almacenamiento?<br \/>\nR3: Deben almacenarse en un entorno seco y fresco, evitando el contacto con la humedad y sustancias corrosivas.<\/p>\n<p>P4: \u00bfSon los gr\u00e1nulos de Co3O4 adecuados para aplicaciones a alta temperatura?<br \/>\nR: S\u00ed, este producto tiene una buena resistencia a las altas temperaturas y es adecuado para la cat\u00e1lisis y la producci\u00f3n de aleaciones en entornos de alta temperatura.<\/p>\n<h2><span style=\"font-size: 14pt;\">Informes<\/span><\/h2>\n<p>Cada lote se suministra con:<br \/>\n<span style=\"color: #0000ff;\"><a style=\"color: #0000ff;\" href=\"https:\/\/ulpmat.com\/es\/documentos\/certificado-de-analisis\/\">Certificado de an\u00e1lisis (COA)<\/a><\/span><\/p>\n<p><span style=\"color: #0000ff;\"><a style=\"color: #0000ff;\" href=\"https:\/\/ulpmat.com\/es\/documentos\/ficha-tecnica\/\">Ficha t\u00e9cnica (TDS)<\/a><\/span><\/p>\n<p><span style=\"color: #0000ff;\"><a style=\"color: #0000ff;\" href=\"https:\/\/ulpmat.com\/es\/documentos\/ficha-de-datos-de-seguridad\/\">Ficha de datos de seguridad (MSDS)<\/a><\/span><br \/>\nInforme de inspecci\u00f3n de tama\u00f1o<br \/>\nInformes de pruebas de terceros disponibles bajo petici\u00f3n<\/p>\n<h2><span style=\"font-size: 14pt;\">\u00bfPor qu\u00e9 elegirnos?<\/span><\/h2>\n<p>Nuestros productos se caracterizan por su alta pureza y su rendimiento catal\u00edtico estable. En combinaci\u00f3n con servicios personalizados y asistencia <span style=\"color: #0000ff;\"><a style=\"color: #0000ff;\" href=\"https:\/\/ulpmat.com\/es\/servicio\/servicio-posventa\/\">posventa<\/a><\/span><br \/>\nprofesional, garantizamos soluciones de materiales fiables para sus proyectos.<\/p>\n","protected":false},"excerpt":{"rendered":"<p>Descripci\u00f3n general de los gr\u00e1nulos de tetr\u00f3xido de tricobalto Los gr\u00e1nulos de tetr\u00f3xido de tricobalto poseen excelentes propiedades catal\u00edticas y de conductividad, lo que los hace muy utilizados en bater\u00edas, catalizadores y sensores. Ofrecemos gr\u00e1nulos de Co3O4 de alta pureza para satisfacer diversas necesidades industriales. P\u00f3ngase en contacto con nosotros en cualquier momento para obtener [&hellip;]<\/p>\n","protected":false},"featured_media":54128,"template":"","meta":{"_acf_changed":false},"product_brand":[132],"product_cat":[340],"product_tag":[8310],"class_list":{"0":"post-54127","1":"product","2":"type-product","3":"status-publish","4":"has-post-thumbnail","6":"product_brand-ulpmat","7":"product_cat-materiales-de-evaporacion","8":"product_tag-tetroxido-de-tricobalto-oxido-de-cobalto-en-granulos","10":"first","11":"instock","12":"shipping-taxable","13":"product-type-variable"},"acf":[],"_links":{"self":[{"href":"https:\/\/ulpmat.com\/es\/wp-json\/wp\/v2\/product\/54127","targetHints":{"allow":["GET"]}}],"collection":[{"href":"https:\/\/ulpmat.com\/es\/wp-json\/wp\/v2\/product"}],"about":[{"href":"https:\/\/ulpmat.com\/es\/wp-json\/wp\/v2\/types\/product"}],"wp:featuredmedia":[{"embeddable":true,"href":"https:\/\/ulpmat.com\/es\/wp-json\/wp\/v2\/media\/54128"}],"wp:attachment":[{"href":"https:\/\/ulpmat.com\/es\/wp-json\/wp\/v2\/media?parent=54127"}],"wp:term":[{"taxonomy":"product_brand","embeddable":true,"href":"https:\/\/ulpmat.com\/es\/wp-json\/wp\/v2\/product_brand?post=54127"},{"taxonomy":"product_cat","embeddable":true,"href":"https:\/\/ulpmat.com\/es\/wp-json\/wp\/v2\/product_cat?post=54127"},{"taxonomy":"product_tag","embeddable":true,"href":"https:\/\/ulpmat.com\/es\/wp-json\/wp\/v2\/product_tag?post=54127"}],"curies":[{"name":"wp","href":"https:\/\/api.w.org\/{rel}","templated":true}]}}