{"id":54031,"date":"2025-12-29T16:47:19","date_gmt":"2025-12-29T08:47:19","guid":{"rendered":"https:\/\/ulpmat.com\/product\/boruro-de-cobalto\/"},"modified":"2025-12-29T16:47:19","modified_gmt":"2025-12-29T08:47:19","slug":"boruro-de-cobalto","status":"publish","type":"product","link":"https:\/\/ulpmat.com\/es\/producto\/boruro-de-cobalto\/","title":{"rendered":"Boruro de cobalto"},"content":{"rendered":"<h2><span style=\"font-size: 14pt;\">Descripci\u00f3n general de los blancos de pulverizaci\u00f3n de boruro de cobalto<\/span><\/h2>\n<p>Los blancos de pulverizaci\u00f3n<br \/>\n<span style=\"color: #0000ff;\"><a style=\"color: #0000ff;\" href=\"https:\/\/ulpmat.com\/es\/buscar\/?type=name&#038;keyword=Cobalt+Boride\">de boruro de cobalto<\/a><\/span><br \/>\nson blancos cer\u00e1micos de alto rendimiento para la deposici\u00f3n f\u00edsica en fase vapor (PVD), dise\u00f1ados espec\u00edficamente para depositar pel\u00edculas delgadas de boruro de cobalto que ofrecen una excelente resistencia al desgaste, alta dureza y buena estabilidad qu\u00edmica.<\/p>\n<p>Ofrecemos blancos de boruro de cobalto de alta calidad y pureza, que admiten la personalizaci\u00f3n del tama\u00f1o y la uni\u00f3n. <span style=\"color: #0000ff;\"><a style=\"color: #0000ff;\" href=\"https:\/\/ulpmat.com\/es\/contacto\/\">P\u00f3ngase en contacto con nosotros<\/a><\/span><br \/>\npara obtener informaci\u00f3n t\u00e9cnica detallada y soluciones.<\/p>\n<h2><span style=\"font-size: 14pt;\">Caracter\u00edsticas destacadas del producto<\/span><\/h2>\n<p>Estricto control de calidad: el control preciso de la composici\u00f3n qu\u00edmica y la microestructura garantiza un rendimiento estable de la pel\u00edcula.<br \/>\nDensidad superior: los procesos avanzados de sinterizaci\u00f3n garantizan una alta densidad y una baja porosidad, lo que mejora la eficiencia de pulverizaci\u00f3n y la calidad de la pel\u00edcula.<br \/>\nPulverizaci\u00f3n estable: el estricto control del contenido de \u00f3xido de boro de bajo punto de fusi\u00f3n suprime eficazmente la generaci\u00f3n de polvo y las descargas anormales durante la pulverizaci\u00f3n.<br \/>\n<span style=\"color: #0000ff;\"><a style=\"color: #0000ff;\" href=\"https:\/\/ulpmat.com\/es\/servicio\/vinculacion-de-objetivos\/\">Uni\u00f3n<\/a><\/span><br \/>\nprofesional: las soluciones optimizadas de uni\u00f3n de la placa base garantizan una excelente conductividad t\u00e9rmica y estabilidad mec\u00e1nica, lo que prolonga la vida \u00fatil del objetivo.<br \/>\nPersonalizaci\u00f3n flexible: admite la investigaci\u00f3n, el desarrollo y la producci\u00f3n de objetivos con tama\u00f1os, formas y proporciones de composici\u00f3n espec\u00edficas no est\u00e1ndar.<br \/>\nAsistencia completa: proporcionamos <span style=\"color: #0000ff;\"><a style=\"color: #0000ff;\" href=\"https:\/\/ulpmat.com\/es\/servicio\/servicio-posventa\/\">servicios t\u00e9cnicos<\/a><\/span><br \/>\nintegrales de preventa y <span style=\"color: #0000ff;\"><a style=\"color: #0000ff;\" href=\"https:\/\/ulpmat.com\/es\/servicio\/servicio-posventa\/\">posventa<\/a><\/span><br \/>\n, desde la selecci\u00f3n y la orientaci\u00f3n para la instalaci\u00f3n hasta la optimizaci\u00f3n de los procesos.<\/p>\n<h2><span style=\"font-size: 14pt;\">Aplicaciones de los blancos de pulverizaci\u00f3n de boruro de cobalto<\/span><\/h2>\n<p>Recubrimientos superduros y resistentes al desgaste: Las pel\u00edculas de boruro de cobalto depositadas tienen una dureza extremadamente alta, lo que las hace ideales para el refuerzo de superficies de herramientas, moldes y componentes mec\u00e1nicos cr\u00edticos, mejorando significativamente la resistencia al desgaste y la vida \u00fatil.<br \/>\nMateriales electr\u00f3nicos de pel\u00edcula delgada: En el campo de la microelectr\u00f3nica, se pueden utilizar para depositar capas especiales de barrera de difusi\u00f3n o pel\u00edculas delgadas funcionales para cumplir con los estrictos requisitos el\u00e9ctricos y de estabilidad de dispositivos espec\u00edficos.<br \/>\nI+D en tecnolog\u00eda de vanguardia: como material de recubrimiento compuesto de alto rendimiento, proporciona una fuente clave de deposici\u00f3n de pel\u00edculas delgadas para la investigaci\u00f3n b\u00e1sica y el desarrollo de aplicaciones en campos como los nuevos materiales y las nuevas energ\u00edas.<\/p>\n<h2><span style=\"color: #0000ff;\"><a style=\"color: #0000ff;\" href=\"https:\/\/ulpmat.com\/es\/empresa\/preguntas-frecuentes\/\"><span style=\"font-size: 14pt;\">Preguntas frecuentes<\/span><\/a><\/span><\/h2>\n<p>P1: \u00bfPor qu\u00e9 es necesario controlar espec\u00edficamente el contenido de \u00f3xido de boro durante la pulverizaci\u00f3n de boruro de cobalto?<br \/>\nR1: El exceso de \u00f3xido de boro libre puede fundirse durante el calentamiento de la pulverizaci\u00f3n, convirti\u00e9ndose en una fuente de part\u00edculas de polvo y arcos anormales. Controlar estrictamente su contenido es crucial para obtener pel\u00edculas delgadas limpias y uniformes.<\/p>\n<p>P2: \u00bfEn qu\u00e9 campos industriales se utiliza normalmente este objetivo?<br \/>\nR2: Se utiliza principalmente en campos con requisitos extremadamente altos de dureza superficial y resistencia al desgaste, como recubrimientos protectores para herramientas de corte de alta gama y moldes de precisi\u00f3n. Tambi\u00e9n se utiliza en la preparaci\u00f3n de ciertas pel\u00edculas funcionales especiales.<\/p>\n<p>P3: \u00bfC\u00f3mo se garantiza la consistencia del rendimiento entre los diferentes lotes de materiales objetivo?<br \/>\nR3: Aplicamos normas estrictas desde la pureza de la materia prima y el proceso de preparaci\u00f3n hasta las pruebas finales. Llevamos a cabo un control a nivel de lote de indicadores clave como la composici\u00f3n, la densidad y el tama\u00f1o del grano para garantizar un rendimiento estable y fiable.<\/p>\n<p>P4: \u00bfPueden personalizar los materiales objetivo para nuestros nuevos equipos o aplicaciones especiales?<br \/>\nR4: S\u00ed. Ofrecemos servicios de personalizaci\u00f3n integrales, personalizando materiales objetivo de diferentes formas, tama\u00f1os y proporciones de composici\u00f3n de acuerdo con el dise\u00f1o de la cavidad de su equipo y los requisitos del proceso de recubrimiento.<\/p>\n<h2><span style=\"font-size: 14pt;\">Informes<\/span><\/h2>\n<p>Cada lote se suministra con:<br \/>\n<span style=\"color: #0000ff;\"><a style=\"color: #0000ff;\" href=\"https:\/\/ulpmat.com\/es\/documentos\/certificado-de-analisis\/\">Certificado de an\u00e1lisis (COA)<\/a><\/span><\/p>\n<p><span style=\"color: #0000ff;\"><a style=\"color: #0000ff;\" href=\"https:\/\/ulpmat.com\/es\/documentos\/ficha-tecnica\/\">Ficha t\u00e9cnica (TDS)<\/a><\/span><\/p>\n<p><span style=\"color: #0000ff;\"><a style=\"color: #0000ff;\" href=\"https:\/\/ulpmat.com\/es\/documentos\/ficha-de-datos-de-seguridad\/\">Ficha de datos de seguridad (MSDS)<\/a><\/span><br \/>\nInforme de inspecci\u00f3n de tama\u00f1o<br \/>\nInformes de pruebas de terceros disponibles bajo petici\u00f3n<\/p>\n<h2><span style=\"font-size: 14pt;\">. \u00bfPor qu\u00e9 elegirnos?<\/span><\/h2>\n<p>Contamos con una amplia experiencia en el campo de los blancos de pulverizaci\u00f3n compuestos de alto rendimiento, y poseemos un profundo conocimiento de los retos tecnol\u00f3gicos fundamentales y los requisitos de aplicaci\u00f3n de los materiales de boruro de cobalto. No solo ofrecemos productos que cumplen con los altos est\u00e1ndares de la industria, sino que tambi\u00e9n nos dedicamos a resolver sus problemas pr\u00e1cticos en los procesos de recubrimiento mediante el dise\u00f1o profesional de materiales y el control de procesos. Elegirnos significa elegir un socio fiable respaldado por la innovaci\u00f3n tecnol\u00f3gica y centrado en el \u00e9xito de su proceso.<\/p>\n","protected":false},"excerpt":{"rendered":"<p>Descripci\u00f3n general de los blancos de pulverizaci\u00f3n de boruro de cobalto Los blancos de pulverizaci\u00f3n de boruro de cobalto son blancos cer\u00e1micos de alto rendimiento para la deposici\u00f3n f\u00edsica en fase vapor (PVD), dise\u00f1ados espec\u00edficamente para depositar pel\u00edculas delgadas de boruro de cobalto que ofrecen una excelente resistencia al desgaste, alta dureza y buena estabilidad [&hellip;]<\/p>\n","protected":false},"featured_media":54032,"template":"","meta":{"_acf_changed":false},"product_brand":[132],"product_cat":[457],"product_tag":[392,8292],"class_list":{"0":"post-54031","1":"product","2":"type-product","3":"status-publish","4":"has-post-thumbnail","6":"product_brand-ulpmat","7":"product_cat-blanco-ceramico-para-sputtering","8":"product_tag-blanco-para-sputtering","9":"product_tag-blanco-para-sputtering-de-boruro-de-cobalto","11":"first","12":"instock","13":"shipping-taxable","14":"product-type-variable"},"acf":[],"_links":{"self":[{"href":"https:\/\/ulpmat.com\/es\/wp-json\/wp\/v2\/product\/54031","targetHints":{"allow":["GET"]}}],"collection":[{"href":"https:\/\/ulpmat.com\/es\/wp-json\/wp\/v2\/product"}],"about":[{"href":"https:\/\/ulpmat.com\/es\/wp-json\/wp\/v2\/types\/product"}],"wp:featuredmedia":[{"embeddable":true,"href":"https:\/\/ulpmat.com\/es\/wp-json\/wp\/v2\/media\/54032"}],"wp:attachment":[{"href":"https:\/\/ulpmat.com\/es\/wp-json\/wp\/v2\/media?parent=54031"}],"wp:term":[{"taxonomy":"product_brand","embeddable":true,"href":"https:\/\/ulpmat.com\/es\/wp-json\/wp\/v2\/product_brand?post=54031"},{"taxonomy":"product_cat","embeddable":true,"href":"https:\/\/ulpmat.com\/es\/wp-json\/wp\/v2\/product_cat?post=54031"},{"taxonomy":"product_tag","embeddable":true,"href":"https:\/\/ulpmat.com\/es\/wp-json\/wp\/v2\/product_tag?post=54031"}],"curies":[{"name":"wp","href":"https:\/\/api.w.org\/{rel}","templated":true}]}}