{"id":53990,"date":"2025-12-29T16:47:20","date_gmt":"2025-12-29T08:47:20","guid":{"rendered":"https:\/\/ulpmat.com\/product\/aluminato-de-cobalto-oxido-de-cobalto-y-aluminio\/"},"modified":"2025-12-29T16:47:20","modified_gmt":"2025-12-29T08:47:20","slug":"aluminato-de-cobalto-oxido-de-cobalto-y-aluminio","status":"publish","type":"product","link":"https:\/\/ulpmat.com\/es\/producto\/aluminato-de-cobalto-oxido-de-cobalto-y-aluminio\/","title":{"rendered":"Aluminato de cobalto (\u00f3xido de cobalto y aluminio)"},"content":{"rendered":"<h2><span style=\"font-size: 14pt;\">Descripci\u00f3n general del blanco de pulverizaci\u00f3n de aluminato de cobalto<\/span><\/h2>\n<p>Los blancos de pulverizaci\u00f3n<br \/>\n<span style=\"color: #0000ff;\"><a style=\"color: #0000ff;\" href=\"https:\/\/ulpmat.com\/es\/buscar\/?type=name&#038;keyword=Cobalt+Aluminate\">de aluminato de cobalto<\/a><\/span><br \/>\nson blancos cer\u00e1micos de alto rendimiento que se utilizan en la deposici\u00f3n f\u00edsica de vapor (PVD), principalmente para preparar pel\u00edculas delgadas con excelente estabilidad t\u00e9rmica, resistencia a la corrosi\u00f3n y propiedades \u00f3pticas espec\u00edficas.<\/p>\n<p>Ofrecemos blancos de pulverizaci\u00f3n de aluminato de cobalto de alta pureza y alta densidad, que admiten la personalizaci\u00f3n en diversas especificaciones y m\u00e9todos de uni\u00f3n. P\u00f3ngase <span style=\"color: #0000ff;\"><a style=\"color: #0000ff;\" href=\"https:\/\/ulpmat.com\/es\/contacto\/\">en contacto con nosotros<\/a><\/span><br \/>\npara obtener par\u00e1metros t\u00e9cnicos detallados y un presupuesto personalizado.<\/p>\n<h2><span style=\"font-size: 14pt;\">Caracter\u00edsticas destacadas del producto<\/span><\/h2>\n<p>Excelente estabilidad qu\u00edmica<br \/>\nPropiedades t\u00e9rmicas superiores<br \/>\nAlta pureza y alta densidad<br \/>\nEstructura cristalina controlable<br \/>\nUni\u00f3n y procesamiento profesionales<br \/>\n<span style=\"color: #0000ff;\"><a style=\"color: #0000ff;\" href=\"https:\/\/ulpmat.com\/es\/servicio\/asistencia-tecnica\/\">Asistencia t\u00e9cnica<\/a><\/span><br \/>\nfiable<\/p>\n<h2><span style=\"font-size: 14pt;\">Aplicaciones de los blancos de pulverizaci\u00f3n de aluminato de cobalto<\/span><\/h2>\n<p>Barreras t\u00e9rmicas y recubrimientos protectores: utilizados en componentes de alta temperatura, como las palas de los motores aeron\u00e1uticos, las pel\u00edculas de aluminato de cobalto depositadas a\u00edslan eficazmente el calor y resisten la oxidaci\u00f3n y la corrosi\u00f3n t\u00e9rmica. Pel\u00edculas delgadas<br \/>\n<span style=\"color: #0000ff;\"><a style=\"color: #0000ff;\" href=\"https:\/\/ulpmat.com\/es\/solicitud\/materiales-opticos\/\">\u00f3pticas<\/a><\/span><br \/>\ny decorativas: debido a su tono azul estable y su durabilidad, se utilizan com\u00fanmente para preparar filtros \u00f3pticos de alta gama, recubrimientos decorativos resistentes a la intemperie y recubrimientos de vidrio art\u00edstico.<br \/>\n<span style=\"color: #0000ff;\"><a style=\"color: #0000ff;\" href=\"https:\/\/ulpmat.com\/es\/solicitud\/materiales-semiconductores\/\">Semiconductores<\/a><\/span><br \/>\ny pel\u00edculas delgadas funcionales: en el campo de la microelectr\u00f3nica, puede servir como capa diel\u00e9ctrica especial, capa de pasivaci\u00f3n o fuente de material para preparar nuevas pel\u00edculas delgadas funcionales magn\u00e9ticas y catal\u00edticas.<\/p>\n<h2><span style=\"color: #0000ff;\"><a style=\"color: #0000ff;\" href=\"https:\/\/ulpmat.com\/es\/empresa\/preguntas-frecuentes\/\"><span style=\"font-size: 14pt;\">Preguntas frecuentes<\/span><\/a><\/span><\/h2>\n<p>P1: \u00bfCu\u00e1l es la resistencia a la temperatura de los blancos de espinela de aluminio y cobalto?<br \/>\nR1: Excelente. Su estructura de espinela es extremadamente estable a altas temperaturas, lo que la hace adecuada para la preparaci\u00f3n de pel\u00edculas delgadas que requieren una exposici\u00f3n prolongada a entornos de alta temperatura.<\/p>\n<p>P2: \u00bfDe qu\u00e9 color es la pel\u00edcula depositada con este blanco?<br \/>\nR2: Normalmente presenta un color azul estable y vibrante. El tono espec\u00edfico se puede ajustar con precisi\u00f3n modificando los par\u00e1metros del proceso de pulverizaci\u00f3n.<\/p>\n<p>P3: \u00bfCu\u00e1l es la diferencia entre este y los blancos de al\u00famina?<br \/>\nR3: La principal diferencia radica en la composici\u00f3n y las propiedades. El aluminato de cobalto incorpora cobalto, que, adem\u00e1s de mantener una alta estabilidad, confiere al material un color azul \u00fanico y propiedades funcionales potenciales.<\/p>\n<p>P4: \u00bfSe admiten tama\u00f1os no est\u00e1ndar hechos a medida?<br \/>\nR4: S\u00ed. Podemos personalizar blancos de diferentes formas, tama\u00f1os y espesores seg\u00fan los requisitos de cavidad y proceso de su equipo de recubrimiento.<\/p>\n<h2><span style=\"font-size: 14pt;\">Informes<\/span><\/h2>\n<p>Cada lote se suministra con:<br \/>\n<span style=\"color: #0000ff;\"><a style=\"color: #0000ff;\" href=\"https:\/\/ulpmat.com\/es\/documentos\/certificado-de-analisis\/\">Certificado de an\u00e1lisis (COA)<\/a><\/span><\/p>\n<p><span style=\"color: #0000ff;\"><a style=\"color: #0000ff;\" href=\"https:\/\/ulpmat.com\/es\/documentos\/ficha-tecnica\/\">Ficha t\u00e9cnica (TDS)<\/a><\/span><\/p>\n<p><span style=\"color: #0000ff;\"><a style=\"color: #0000ff;\" href=\"https:\/\/ulpmat.com\/es\/documentos\/ficha-de-datos-de-seguridad\/\">Ficha de datos de seguridad (MSDS)<\/a><\/span><br \/>\nInforme de inspecci\u00f3n de tama\u00f1o<br \/>\nInformes de pruebas de terceros disponibles bajo petici\u00f3n<\/p>\n<h2><span style=\"font-size: 14pt;\">. \u00bfPor qu\u00e9 elegirnos?<\/span><\/h2>\n<p>Contamos con una amplia experiencia en blancos de pulverizaci\u00f3n cer\u00e1micos avanzados y un profundo conocimiento de los retos que plantean la s\u00edntesis y la aplicaci\u00f3n de los materiales de aluminato de cobalto. Elegirnos significa elegir un socio fiable respaldado por amplios conocimientos profesionales, dedicado a resolver los retos de la tecnolog\u00eda de recubrimiento de vanguardia con nuestros clientes.<\/p>\n","protected":false},"excerpt":{"rendered":"<p>Descripci\u00f3n general del blanco de pulverizaci\u00f3n de aluminato de cobalto Los blancos de pulverizaci\u00f3n de aluminato de cobalto son blancos cer\u00e1micos de alto rendimiento que se utilizan en la deposici\u00f3n f\u00edsica de vapor (PVD), principalmente para preparar pel\u00edculas delgadas con excelente estabilidad t\u00e9rmica, resistencia a la corrosi\u00f3n y propiedades \u00f3pticas espec\u00edficas. Ofrecemos blancos de pulverizaci\u00f3n [&hellip;]<\/p>\n","protected":false},"featured_media":53991,"template":"","meta":{"_acf_changed":false},"product_brand":[132],"product_cat":[457],"product_tag":[392,8280],"class_list":{"0":"post-53990","1":"product","2":"type-product","3":"status-publish","4":"has-post-thumbnail","6":"product_brand-ulpmat","7":"product_cat-blanco-ceramico-para-sputtering","8":"product_tag-blanco-para-sputtering","9":"product_tag-catodos-para-sputtering-de-aluminato-de-cobalto-oxido-de-cobalto-aluminio","11":"first","12":"instock","13":"shipping-taxable","14":"product-type-variable"},"acf":[],"_links":{"self":[{"href":"https:\/\/ulpmat.com\/es\/wp-json\/wp\/v2\/product\/53990","targetHints":{"allow":["GET"]}}],"collection":[{"href":"https:\/\/ulpmat.com\/es\/wp-json\/wp\/v2\/product"}],"about":[{"href":"https:\/\/ulpmat.com\/es\/wp-json\/wp\/v2\/types\/product"}],"wp:featuredmedia":[{"embeddable":true,"href":"https:\/\/ulpmat.com\/es\/wp-json\/wp\/v2\/media\/53991"}],"wp:attachment":[{"href":"https:\/\/ulpmat.com\/es\/wp-json\/wp\/v2\/media?parent=53990"}],"wp:term":[{"taxonomy":"product_brand","embeddable":true,"href":"https:\/\/ulpmat.com\/es\/wp-json\/wp\/v2\/product_brand?post=53990"},{"taxonomy":"product_cat","embeddable":true,"href":"https:\/\/ulpmat.com\/es\/wp-json\/wp\/v2\/product_cat?post=53990"},{"taxonomy":"product_tag","embeddable":true,"href":"https:\/\/ulpmat.com\/es\/wp-json\/wp\/v2\/product_tag?post=53990"}],"curies":[{"name":"wp","href":"https:\/\/api.w.org\/{rel}","templated":true}]}}