{"id":53911,"date":"2025-12-29T16:47:21","date_gmt":"2025-12-29T08:47:21","guid":{"rendered":"https:\/\/ulpmat.com\/product\/aleacion-de-cobalto-y-cromo\/"},"modified":"2025-12-29T16:47:21","modified_gmt":"2025-12-29T08:47:21","slug":"aleacion-de-cobalto-y-cromo","status":"publish","type":"product","link":"https:\/\/ulpmat.com\/es\/producto\/aleacion-de-cobalto-y-cromo\/","title":{"rendered":"Aleaci\u00f3n de cobalto y cromo"},"content":{"rendered":"<h2><span style=\"font-size: 14pt;\">Objetivo de pulverizaci\u00f3n de aleaci\u00f3n de cobalto y cromo Descripci\u00f3n general<\/span><\/h2>\n<p>Los objetivos de pulverizaci\u00f3n de aleaci\u00f3n<br \/>\n<span style=\"color: #0000ff;\"><a style=\"color: #0000ff;\" href=\"https:\/\/ulpmat.com\/es\/buscar\/?type=element&#038;keyword=Co%2CCr\">de cobalto y cromo<\/a><\/span><br \/>\nson objetivos met\u00e1licos de alto rendimiento que se utilizan para depositar pel\u00edculas delgadas de aleaci\u00f3n con una excelente resistencia al desgaste, resistencia a la corrosi\u00f3n y buena biocompatibilidad, fundamentales en recubrimientos de herramientas de precisi\u00f3n, dispositivos m\u00e9dicos y componentes electr\u00f3nicos.<\/p>\n<p>Suministramos una variedad de objetivos de aleaci\u00f3n de cobalto y cromo de alta pureza y alta densidad, compatibles con el procesamiento de uni\u00f3n. <span style=\"color: #0000ff;\"><a style=\"color: #0000ff;\" href=\"https:\/\/ulpmat.com\/es\/contacto\/\">P\u00f3ngase en contacto con nosotros<\/a><\/span><br \/>\npara obtener una lista completa de especificaciones y asesoramiento t\u00e9cnico.<\/p>\n<h2><span style=\"font-size: 14pt;\">Caracter\u00edsticas destacadas del producto<\/span><\/h2>\n<p>Pureza ultraalta, control estricto de impurezas<br \/>\nEstructura densa y uniforme, granos finos<br \/>\nVelocidad de pulverizaci\u00f3n estable, excelente calidad de la pel\u00edcula<br \/>\nUni\u00f3n profesional del soporte, excelente conductividad t\u00e9rmica<br \/>\nSe proporciona soporte inicial para los procesos de recubrimiento. Posibilidad de<br \/>\n<span style=\"color: #0000ff;\"><a style=\"color: #0000ff;\" href=\"https:\/\/ulpmat.com\/es\/servicio\/personalizacion\/\">personalizaci\u00f3n<\/a><\/span><br \/>\nseg\u00fan planos<\/p>\n<h2><span style=\"font-size: 14pt;\">.<br \/>\nAplicaciones de los blancos de pulverizaci\u00f3n de aleaci\u00f3n de cobalto y cromo<\/span><\/h2>\n<p>Recubrimiento de superficies de implantes m\u00e9dicos: deposici\u00f3n de pel\u00edculas altamente biocompatibles en las superficies de articulaciones artificiales e implantes dentales, lo que mejora la resistencia al desgaste y la biocompatibilidad.<br \/>\nMejora de la resistencia al desgaste de herramientas de alta gama: recubrimiento superficial para herramientas de corte y moldes, lo que mejora significativamente su dureza, lubricidad y vida \u00fatil.<br \/>\nPel\u00edculas delgadas funcionales microelectr\u00f3nicas: se utilizan como capas de barrera de difusi\u00f3n o capas funcionales especiales en dispositivos semiconductores y sistemas microelectromec\u00e1nicos (MEMS).<br \/>\nRecubrimientos protectores aeroespaciales: proporcionan pel\u00edculas protectoras a base de aleaci\u00f3n de cobalto y cromo resistentes a la oxidaci\u00f3n y al desgaste a altas temperaturas para componentes cr\u00edticos de motores.<\/p>\n<h2><span style=\"color: #0000ff;\"><a style=\"color: #0000ff;\" href=\"https:\/\/ulpmat.com\/es\/empresa\/preguntas-frecuentes\/\"><span style=\"font-size: 14pt;\">Preguntas frecuentes<\/span><\/a><\/span><\/h2>\n<p>P1: \u00bfQu\u00e9 es lo que determina principalmente el precio de este material objetivo?<br \/>\nR1: Depende principalmente de la proporci\u00f3n de la aleaci\u00f3n, la pureza, el tama\u00f1o y los requisitos de uni\u00f3n. Ofrecemos soluciones rentables.<\/p>\n<p>P2: \u00bfCu\u00e1l es la dureza y la resistencia al desgaste de la pel\u00edcula depositada?<br \/>\nR2: La pel\u00edcula de aleaci\u00f3n de cobalto y cromo depositada tiene una alta dureza y una excelente resistencia al desgaste, muy superior a la de materiales comunes como el acero inoxidable.<\/p>\n<p>P3: \u00bfCu\u00e1les son las principales diferencias entre este material y los objetivos de acero inoxidable?<br \/>\nR3: Las propiedades basadas en cobalto de la aleaci\u00f3n de cobalto y cromo confieren a su pel\u00edcula ventajas en cuanto a biocompatibilidad, resistencia a la corrosi\u00f3n y alta resistencia.<\/p>\n<p>P4: \u00bfOfrecen personalizaci\u00f3n de tama\u00f1os peque\u00f1os o formas irregulares?<br \/>\nR4: S\u00ed, podemos personalizar diferentes formas y tama\u00f1os seg\u00fan los requisitos de cavidad y recubrimiento de su dispositivo.<\/p>\n<h2><span style=\"font-size: 14pt;\">Informes<\/span><\/h2>\n<p>Cada lote se suministra con:<br \/>\n<span style=\"color: #0000ff;\"><a style=\"color: #0000ff;\" href=\"https:\/\/ulpmat.com\/es\/documentos\/certificado-de-analisis\/\">Certificado de an\u00e1lisis (COA)<\/a><\/span><\/p>\n<p><span style=\"color: #0000ff;\"><a style=\"color: #0000ff;\" href=\"https:\/\/ulpmat.com\/es\/documentos\/ficha-tecnica\/\">Ficha t\u00e9cnica (TDS)<\/a><\/span><\/p>\n<p><span style=\"color: #0000ff;\"><a style=\"color: #0000ff;\" href=\"https:\/\/ulpmat.com\/es\/documentos\/ficha-de-datos-de-seguridad\/\">Ficha de datos de seguridad (MSDS)<\/a><\/span><br \/>\nInforme de inspecci\u00f3n de tama\u00f1o<br \/>\nInformes de pruebas de terceros disponibles bajo petici\u00f3n<\/p>\n<h2><span style=\"font-size: 14pt;\">\u00bfPor qu\u00e9 elegirnos?<\/span><\/h2>\n<p>Gracias a nuestro profundo conocimiento de las propiedades de los materiales de aleaci\u00f3n de cobalto y cromo y a nuestras capacidades de mecanizado de precisi\u00f3n, nos aseguramos de proporcionarle blancos de pulverizaci\u00f3n de alta calidad que son fiables y ofrecen un rendimiento elevado y constante.<\/p>\n","protected":false},"excerpt":{"rendered":"<p>Objetivo de pulverizaci\u00f3n de aleaci\u00f3n de cobalto y cromo Descripci\u00f3n general Los objetivos de pulverizaci\u00f3n de aleaci\u00f3n de cobalto y cromo son objetivos met\u00e1licos de alto rendimiento que se utilizan para depositar pel\u00edculas delgadas de aleaci\u00f3n con una excelente resistencia al desgaste, resistencia a la corrosi\u00f3n y buena biocompatibilidad, fundamentales en recubrimientos de herramientas de [&hellip;]<\/p>\n","protected":false},"featured_media":53912,"template":"","meta":{"_acf_changed":false},"product_brand":[132],"product_cat":[570],"product_tag":[8244,392,8250,8220],"class_list":{"0":"post-53911","1":"product","2":"type-product","3":"status-publish","4":"has-post-thumbnail","6":"product_brand-ulpmat","7":"product_cat-catodos-para-sputtering-de-aleaciones","8":"product_tag-aleacion-de-cobalto","9":"product_tag-blanco-para-sputtering","10":"product_tag-catodos-para-sputtering-de-aleaciones-de-cobalto-y-cromo","11":"product_tag-objetivo-de-aleacion","13":"first","14":"instock","15":"shipping-taxable","16":"product-type-variable"},"acf":[],"_links":{"self":[{"href":"https:\/\/ulpmat.com\/es\/wp-json\/wp\/v2\/product\/53911","targetHints":{"allow":["GET"]}}],"collection":[{"href":"https:\/\/ulpmat.com\/es\/wp-json\/wp\/v2\/product"}],"about":[{"href":"https:\/\/ulpmat.com\/es\/wp-json\/wp\/v2\/types\/product"}],"wp:featuredmedia":[{"embeddable":true,"href":"https:\/\/ulpmat.com\/es\/wp-json\/wp\/v2\/media\/53912"}],"wp:attachment":[{"href":"https:\/\/ulpmat.com\/es\/wp-json\/wp\/v2\/media?parent=53911"}],"wp:term":[{"taxonomy":"product_brand","embeddable":true,"href":"https:\/\/ulpmat.com\/es\/wp-json\/wp\/v2\/product_brand?post=53911"},{"taxonomy":"product_cat","embeddable":true,"href":"https:\/\/ulpmat.com\/es\/wp-json\/wp\/v2\/product_cat?post=53911"},{"taxonomy":"product_tag","embeddable":true,"href":"https:\/\/ulpmat.com\/es\/wp-json\/wp\/v2\/product_tag?post=53911"}],"curies":[{"name":"wp","href":"https:\/\/api.w.org\/{rel}","templated":true}]}}