{"id":53717,"date":"2026-01-05T10:36:56","date_gmt":"2026-01-05T02:36:56","guid":{"rendered":"https:\/\/ulpmat.com\/product\/metal-de-hierro-4\/"},"modified":"2026-01-05T10:36:56","modified_gmt":"2026-01-05T02:36:56","slug":"metal-de-hierro-4","status":"publish","type":"product","link":"https:\/\/ulpmat.com\/es\/producto\/metal-de-hierro-4\/","title":{"rendered":"Metal de hierro"},"content":{"rendered":"<h2><span style=\"font-size: 14pt;\">Resumen de los gr\u00e1nulos de hierro met\u00e1lico<\/span><\/h2>\n<p>Los gr\u00e1nulos<br \/>\n<span style=\"color: #0000ff;\"><a style=\"color: #0000ff;\" href=\"https:\/\/ulpmat.com\/es\/buscar\/?type=name&#038;keyword=Iron+metal\">de hierro met\u00e1lico<\/a><\/span><br \/>\n, caracterizados por su alta pureza y tama\u00f1o uniforme de part\u00edcula, se utilizan ampliamente en materiales para bater\u00edas, blindaje electromagn\u00e9tico, recubrimientos met\u00e1licos y cat\u00e1lisis, y son adecuados para diversas necesidades industriales y de investigaci\u00f3n.<\/p>\n<p>Ofrecemos gr\u00e1nulos de metal ferroso de alta calidad que cumplen con los est\u00e1ndares de la industria y satisfacen los diversos requisitos de los clientes. No dude en <span style=\"color: #0000ff;\"><a style=\"color: #0000ff;\" href=\"https:\/\/ulpmat.com\/es\/contacto\/\">ponerse en contacto con nosotros<\/a><\/span><br \/>\nsi tiene alguna pregunta sobre nuestros productos.<\/p>\n<h2><span style=\"font-size: 14pt;\">Caracter\u00edsticas destacadas del producto<\/span><\/h2>\n<p>Alta pureza.<br \/>\nTama\u00f1o uniforme de las part\u00edculas.<br \/>\nBuena conductividad el\u00e9ctrica.<br \/>\nExcelente resistencia a la corrosi\u00f3n. Servicios<br \/>\n<span style=\"color: #0000ff;\"><a style=\"color: #0000ff;\" href=\"https:\/\/ulpmat.com\/es\/servicio\/personalizacion\/\">de personalizaci\u00f3n<\/a><\/span><br \/>\ndisponibles<\/p>\n<h2><span style=\"font-size: 14pt;\">.<br \/>\nAplicaciones de los gr\u00e1nulos de hierro metalico<\/span><\/h2>\n<p>Materiales<br \/>\n<span style=\"color: #0000ff;\"><a style=\"color: #0000ff;\" href=\"https:\/\/ulpmat.com\/es\/solicitud\/materiales-para-baterias\/\">para bater\u00edas<\/a><\/span><br \/>\n: ampliamente utilizados como materiales para electrodos negativos en bater\u00edas de litio para mejorar la eficiencia de carga y descarga.<br \/>\nBlindaje electromagn\u00e9tico: se utiliza para la protecci\u00f3n contra ondas electromagn\u00e9ticas, mejorando la estabilidad de los equipos y la capacidad antiinterferencias.<br \/>\nRecubrimientos met\u00e1licos: se pueden utilizar en procesos de recubrimiento para mejorar la dureza y la resistencia al desgaste del recubrimiento.<br \/>\nCatalizadores: los gr\u00e1nulos de hierro met\u00e1lico pueden actuar como catalizadores, aumentando las velocidades de reacci\u00f3n y la selectividad en las reacciones qu\u00edmicas.<\/p>\n<h2><span style=\"color: #0000ff;\"><a style=\"color: #0000ff;\" href=\"https:\/\/ulpmat.com\/es\/empresa\/preguntas-frecuentes\/\"><span style=\"font-size: 14pt;\">Preguntas frecuentes<\/span><\/a><\/span><\/h2>\n<p>P1: \u00bfCu\u00e1les son sus aplicaciones?<br \/>\nR1: Se utiliza ampliamente en materiales para bater\u00edas, blindaje electromagn\u00e9tico, recubrimientos met\u00e1licos y cat\u00e1lisis, satisfaciendo diversas necesidades industriales.<\/p>\n<p>P2: \u00bfCu\u00e1l es la pureza de nuestros gr\u00e1nulos de hierro?<br \/>\nR2: Nuestros gr\u00e1nulos de hierro tienen una pureza superior al 99,99 %, lo que garantiza un alto rendimiento del producto.<\/p>\n<p>P3: \u00bfC\u00f3mo debemos almacenarlo?<br \/>\nR3: Para mantener la calidad de los gr\u00e1nulos de hierro, recomendamos almacenarlos en un entorno seco y bien ventilado, evitando la humedad y las altas temperaturas.<\/p>\n<p>P4: \u00bfOfrecen un servicio personalizado?<br \/>\nR4: S\u00ed, ofrecemos servicios de personalizaci\u00f3n y podemos ajustar el tama\u00f1o de las part\u00edculas y la pureza seg\u00fan las necesidades espec\u00edficas del cliente.<\/p>\n<h2><span style=\"font-size: 14pt;\">Informes<\/span><\/h2>\n<p>Cada lote se suministra con:<br \/>\n<span style=\"color: #0000ff;\"><a style=\"color: #0000ff;\" href=\"https:\/\/ulpmat.com\/es\/documentos\/certificado-de-analisis\/\">Certificado de an\u00e1lisis (COA)<\/a><\/span><\/p>\n<p><span style=\"color: #0000ff;\"><a style=\"color: #0000ff;\" href=\"https:\/\/ulpmat.com\/es\/documentos\/ficha-tecnica\/\">Ficha t\u00e9cnica (TDS)<\/a><\/span><\/p>\n<p><span style=\"color: #0000ff;\"><a style=\"color: #0000ff;\" href=\"https:\/\/ulpmat.com\/es\/documentos\/ficha-de-datos-de-seguridad\/\">Ficha de datos de seguridad (MSDS)<\/a><\/span><br \/>\nInformes de pruebas de terceros disponibles bajo petici\u00f3n<\/p>\n<h2><span style=\"font-size: 14pt;\">\u00bfPor qu\u00e9 elegirnos?<\/span><\/h2>\n<p>Elegirnos significa recibir gr\u00e1nulos de hierro de alta calidad, un riguroso control de calidad y un servicio posventa profesional. Nos comprometemos a proporcionar a nuestros clientes productos y soluciones de la m\u00e1s alta calidad, garantizando que se satisfagan sus necesidades.<\/p>\n","protected":false},"excerpt":{"rendered":"<p>Resumen de los gr\u00e1nulos de hierro met\u00e1lico Los gr\u00e1nulos de hierro met\u00e1lico , caracterizados por su alta pureza y tama\u00f1o uniforme de part\u00edcula, se utilizan ampliamente en materiales para bater\u00edas, blindaje electromagn\u00e9tico, recubrimientos met\u00e1licos y cat\u00e1lisis, y son adecuados para diversas necesidades industriales y de investigaci\u00f3n. Ofrecemos gr\u00e1nulos de metal ferroso de alta calidad que [&hellip;]<\/p>\n","protected":false},"featured_media":53718,"template":"","meta":{"_acf_changed":false},"product_brand":[132],"product_cat":[340],"product_tag":[8190],"class_list":{"0":"post-53717","1":"product","2":"type-product","3":"status-publish","4":"has-post-thumbnail","6":"product_brand-ulpmat","7":"product_cat-materiales-de-evaporacion","8":"product_tag-hierro-metal-granulado","10":"first","11":"instock","12":"shipping-taxable","13":"product-type-variable"},"acf":[],"_links":{"self":[{"href":"https:\/\/ulpmat.com\/es\/wp-json\/wp\/v2\/product\/53717","targetHints":{"allow":["GET"]}}],"collection":[{"href":"https:\/\/ulpmat.com\/es\/wp-json\/wp\/v2\/product"}],"about":[{"href":"https:\/\/ulpmat.com\/es\/wp-json\/wp\/v2\/types\/product"}],"wp:featuredmedia":[{"embeddable":true,"href":"https:\/\/ulpmat.com\/es\/wp-json\/wp\/v2\/media\/53718"}],"wp:attachment":[{"href":"https:\/\/ulpmat.com\/es\/wp-json\/wp\/v2\/media?parent=53717"}],"wp:term":[{"taxonomy":"product_brand","embeddable":true,"href":"https:\/\/ulpmat.com\/es\/wp-json\/wp\/v2\/product_brand?post=53717"},{"taxonomy":"product_cat","embeddable":true,"href":"https:\/\/ulpmat.com\/es\/wp-json\/wp\/v2\/product_cat?post=53717"},{"taxonomy":"product_tag","embeddable":true,"href":"https:\/\/ulpmat.com\/es\/wp-json\/wp\/v2\/product_tag?post=53717"}],"curies":[{"name":"wp","href":"https:\/\/api.w.org\/{rel}","templated":true}]}}