{"id":53681,"date":"2026-01-05T10:36:56","date_gmt":"2026-01-05T02:36:56","guid":{"rendered":"https:\/\/ulpmat.com\/product\/metal-de-hierro-3\/"},"modified":"2026-01-05T10:36:56","modified_gmt":"2026-01-05T02:36:56","slug":"metal-de-hierro-3","status":"publish","type":"product","link":"https:\/\/ulpmat.com\/es\/producto\/metal-de-hierro-3\/","title":{"rendered":"Metal de hierro"},"content":{"rendered":"<h2><span style=\"font-size: 14pt;\">Descripci\u00f3n general del polvo de hierro met\u00e1lico<\/span><\/h2>\n<p>El polvo<br \/>\n<span style=\"color: #0000ff;\"><a style=\"color: #0000ff;\" href=\"https:\/\/ulpmat.com\/es\/buscar\/?type=name&#038;keyword=Iron+metal\">de hierro met\u00e1lico<\/a><\/span><br \/>\nes un material industrial fundamental con propiedades magn\u00e9ticas y reactividad excepcionales, ampliamente utilizado en campos de vanguardia como la fabricaci\u00f3n aditiva, la metalurgia de polvos, la cat\u00e1lisis qu\u00edmica y la electr\u00f3nica.<\/p>\n<p>Nos especializamos en proporcionar polvo de hierro met\u00e1lico de alta pureza en m\u00faltiples especificaciones y alto rendimiento, con soporte de personalizaci\u00f3n disponible. <span style=\"color: #0000ff;\"><a style=\"color: #0000ff;\" href=\"https:\/\/ulpmat.com\/es\/contacto\/\">Cont\u00e1ctenos<\/a><\/span><br \/>\npara obtener soluciones personalizadas e informaci\u00f3n detallada.<\/p>\n<h2><span style=\"font-size: 14pt;\">Caracter\u00edsticas destacadas del producto<\/span><\/h2>\n<p>Pureza ultra alta<br \/>\nTama\u00f1o de part\u00edcula ajustable<br \/>\nBajo contenido de ox\u00edgeno<br \/>\nConsistencia de los lotes<br \/>\nEnvases personalizables Producci\u00f3n<br \/>\n<span style=\"color: #0000ff;\"><a style=\"color: #0000ff;\" href=\"https:\/\/ulpmat.com\/es\/servicio\/personalizacion\/\">personalizable<\/a><\/span><\/p>\n<p>Suministro estable<\/p>\n<h2><span style=\"font-size: 14pt;\">Aplicaciones del polvo de hierro<\/span><\/h2>\n<p>Fabricaci\u00f3n aditiva (<span style=\"color: #0000ff;\"><a style=\"color: #0000ff;\" href=\"https:\/\/ulpmat.com\/es\/solicitud\/impresion-3d\/\">impresi\u00f3n 3D<\/a><\/span><br \/>\n): sirve como materia prima para procesos como la fusi\u00f3n selectiva por l\u00e1ser (SLM), lo que permite la fabricaci\u00f3n directa de componentes estructurales met\u00e1licos complejos y ligeros.<br \/>\nPiezas de pulvimetalurgia: produce en masa componentes mec\u00e1nicos de alta resistencia y precisi\u00f3n, como engranajes y cojinetes, mediante prensado y sinterizaci\u00f3n.<br \/>\nCompuestos magn\u00e9ticos: material de relleno central para la fabricaci\u00f3n de materiales funcionales magn\u00e9ticos de alto rendimiento, como n\u00facleos de polvo magn\u00e9tico blando y fluidos magnetorreol\u00f3gicos.<br \/>\nIndustrias qu\u00edmicas y medioambientales: se utiliza en reacciones de reducci\u00f3n para el tratamiento de aguas residuales o como portadores de catalizadores en procesos qu\u00edmicos como la s\u00edntesis de amon\u00edaco.<\/p>\n<h2><span style=\"color: #0000ff;\"><a style=\"color: #0000ff;\" href=\"https:\/\/ulpmat.com\/es\/empresa\/preguntas-frecuentes\/\"><span style=\"font-size: 14pt;\">Preguntas frecuentes<\/span><\/a><\/span><\/h2>\n<p>P1: \u00bfC\u00f3mo se debe almacenar el polvo de hierro? \u00bfCu\u00e1l es su vida \u00fatil?<br \/>\nR1: Almac\u00e9nelo en un recipiente herm\u00e9tico en un entorno fresco y seco, libre de gases \u00e1cidos o alcalinos corrosivos. En condiciones de almacenamiento adecuadas, el producto suele mantener su calidad durante m\u00e1s de 2 a\u00f1os.<\/p>\n<p>P2: \u00bfC\u00f3mo selecciono el tama\u00f1o de part\u00edcula adecuado para mi proceso?<br \/>\nR2: Esto depende principalmente de su proceso de conformado. Por ejemplo, la impresi\u00f3n 3D suele requerir un polvo fino de entre 15 y 53 micras, mientras que el prensado puede admitir un rango de tama\u00f1os de part\u00edculas m\u00e1s amplio. Nuestro equipo t\u00e9cnico puede proporcionarle asesoramiento profesional para la selecci\u00f3n.<\/p>\n<p>P3: \u00bfQu\u00e9 precauciones de seguridad se deben tomar al utilizar polvo de hierro?<br \/>\nR3: El polvo de hierro es un polvo combustible. Evite las llamas abiertas en el entorno de trabajo y aseg\u00farese de que haya una ventilaci\u00f3n adecuada para evitar explosiones de nubes de polvo. Utilice mascarillas antipolvo para minimizar la inhalaci\u00f3n.<\/p>\n<p>P4: \u00bfPueden suministrar polvos modificados aleados o recubiertos?<br \/>\nR4: S\u00ed. Ofrecemos polvos prealeados a base de hierro (por ejemplo, Fe-Ni, Fe-Si) o realizamos tratamientos superficiales como el recubrimiento de cobre y el recubrimiento de \u00f3xido para cumplir con requisitos de rendimiento especializados.<\/p>\n<h2><span style=\"font-size: 14pt;\">Informes<\/span><\/h2>\n<p>Cada lote se suministra con:<br \/>\n<span style=\"color: #0000ff;\"><a style=\"color: #0000ff;\" href=\"https:\/\/ulpmat.com\/es\/documentos\/certificado-de-analisis\/\">Certificado de an\u00e1lisis (COA)<\/a><\/span><\/p>\n<p><span style=\"color: #0000ff;\"><a style=\"color: #0000ff;\" href=\"https:\/\/ulpmat.com\/es\/documentos\/ficha-tecnica\/\">Ficha t\u00e9cnica (TDS)<\/a><\/span><\/p>\n<p><span style=\"color: #0000ff;\"><a style=\"color: #0000ff;\" href=\"https:\/\/ulpmat.com\/es\/documentos\/ficha-de-datos-de-seguridad\/\">Ficha de datos de seguridad (MSDS)<\/a><\/span><br \/>\nInformes de pruebas de terceros disponibles bajo petici\u00f3n<\/p>\n<h2><span style=\"font-size: 14pt;\">\u00bfPor qu\u00e9 elegirnos?<\/span><\/h2>\n<p>Gracias a nuestra amplia experiencia en I+D de materiales met\u00e1licos y a nuestro estricto control del proceso de producci\u00f3n, garantizamos que cada lote de polvo de hierro ofrece una calidad excepcional y constante. Desde el control preciso del tama\u00f1o de las part\u00edculas hasta la rigurosa gesti\u00f3n de las impurezas, comprendemos y damos prioridad a cada detalle que afecta al rendimiento de su producto final. Al elegirnos, no solo obtendr\u00e1 productos fiables, sino tambi\u00e9n un socio de confianza, receptivo y a largo plazo que le ofrecer\u00e1 un soporte t\u00e9cnico completo.<\/p>\n","protected":false},"excerpt":{"rendered":"<p>Descripci\u00f3n general del polvo de hierro met\u00e1lico El polvo de hierro met\u00e1lico es un material industrial fundamental con propiedades magn\u00e9ticas y reactividad excepcionales, ampliamente utilizado en campos de vanguardia como la fabricaci\u00f3n aditiva, la metalurgia de polvos, la cat\u00e1lisis qu\u00edmica y la electr\u00f3nica. Nos especializamos en proporcionar polvo de hierro met\u00e1lico de alta pureza en [&hellip;]<\/p>\n","protected":false},"featured_media":53682,"template":"","meta":{"_acf_changed":false},"product_brand":[132],"product_cat":[338],"product_tag":[8184],"class_list":{"0":"post-53681","1":"product","2":"type-product","3":"status-publish","4":"has-post-thumbnail","6":"product_brand-ulpmat","7":"product_cat-metales-puros-y-aleaciones","8":"product_tag-polvo-metalico-de-hierro","10":"first","11":"instock","12":"shipping-taxable","13":"product-type-variable"},"acf":[],"_links":{"self":[{"href":"https:\/\/ulpmat.com\/es\/wp-json\/wp\/v2\/product\/53681","targetHints":{"allow":["GET"]}}],"collection":[{"href":"https:\/\/ulpmat.com\/es\/wp-json\/wp\/v2\/product"}],"about":[{"href":"https:\/\/ulpmat.com\/es\/wp-json\/wp\/v2\/types\/product"}],"wp:featuredmedia":[{"embeddable":true,"href":"https:\/\/ulpmat.com\/es\/wp-json\/wp\/v2\/media\/53682"}],"wp:attachment":[{"href":"https:\/\/ulpmat.com\/es\/wp-json\/wp\/v2\/media?parent=53681"}],"wp:term":[{"taxonomy":"product_brand","embeddable":true,"href":"https:\/\/ulpmat.com\/es\/wp-json\/wp\/v2\/product_brand?post=53681"},{"taxonomy":"product_cat","embeddable":true,"href":"https:\/\/ulpmat.com\/es\/wp-json\/wp\/v2\/product_cat?post=53681"},{"taxonomy":"product_tag","embeddable":true,"href":"https:\/\/ulpmat.com\/es\/wp-json\/wp\/v2\/product_tag?post=53681"}],"curies":[{"name":"wp","href":"https:\/\/api.w.org\/{rel}","templated":true}]}}