{"id":53595,"date":"2026-01-05T10:36:58","date_gmt":"2026-01-05T02:36:58","guid":{"rendered":"https:\/\/ulpmat.com\/product\/metal-de-hierro\/"},"modified":"2026-01-05T10:36:58","modified_gmt":"2026-01-05T02:36:58","slug":"metal-de-hierro","status":"publish","type":"product","link":"https:\/\/ulpmat.com\/es\/producto\/metal-de-hierro\/","title":{"rendered":"Metal de hierro"},"content":{"rendered":"<h2><span style=\"font-size: 14pt;\">Blanco de pulverizaci\u00f3n de hierro met\u00e1lico Descripci\u00f3n general del producto<\/span><\/h2>\n<p>Los blancos de pulverizaci\u00f3n<br \/>\n<a href=\"https:\/\/ulpmat.com\/es\/buscar\/?type=name&#038;keyword=Iron+metal\"><span style=\"color: #0000ff;\">de hierro<\/span><\/a><br \/>\nson un material fundamental para la fabricaci\u00f3n de pel\u00edculas delgadas funcionales mediante t\u00e9cnicas de deposici\u00f3n f\u00edsica de vapor (PVD), como la pulverizaci\u00f3n cat\u00f3dica con magnetr\u00f3n. Sus principales ventajas son su excepcional pureza met\u00e1lica y sus excelentes propiedades ferromagn\u00e9ticas. Estos blancos se utilizan principalmente en la fabricaci\u00f3n de semiconductores, paneles de visualizaci\u00f3n, almacenamiento de datos e investigaci\u00f3n cient\u00edfica para depositar pel\u00edculas delgadas a nanoescala con una conductividad, magnetismo y estabilidad superiores.<\/p>\n<p>Ofrecemos diversos materiales de blanco <span style=\"color: #0000ff;\"><a style=\"color: #0000ff;\" href=\"https:\/\/ulpmat.com\/es\/buscar\/?type=name&#038;keyword=iron\">de hierro<\/a><\/span><br \/>\nmet\u00e1lico de alta pureza en especificaciones circulares, rectangulares y otras. Disponemos de servicios profesionales de uni\u00f3n con placas de respaldo de cobre sin ox\u00edgeno para optimizar la disipaci\u00f3n del calor y mejorar la estabilidad de la pulverizaci\u00f3n. Adem\u00e1s, ofrecemos una amplia personalizaci\u00f3n de las dimensiones, la pureza, las formas e incluso las composiciones de las aleaciones para satisfacer los requisitos espec\u00edficos de la c\u00e1mara y el proceso de su equipo. P\u00f3ngase <span style=\"color: #0000ff;\"><a style=\"color: #0000ff;\" href=\"https:\/\/ulpmat.com\/es\/contacto\/\">en contacto con nosotros<\/a><\/span><br \/>\nen cualquier momento si tiene alguna pregunta.<\/p>\n<h2><span style=\"font-size: 14pt;\">Caracter\u00edsticas destacadas del producto<\/span><\/h2>\n<p>Pureza ultraalta.<br \/>\nAlta densidad.<br \/>\nPropiedades magn\u00e9ticas superiores.<br \/>\nProceso de uni\u00f3n profesional<\/p>\n<h2><span style=\"font-size: 14pt;\">. Aplicaciones de los blancos de pulverizaci\u00f3n de hierro<\/span><\/h2>\n<p><span style=\"color: #0000ff;\"><a style=\"color: #0000ff;\" href=\"https:\/\/ulpmat.com\/es\/solicitud\/materiales-semiconductores\/\">Semiconductores<\/a><\/span><br \/>\ny microelectr\u00f3nica: se utilizan para la deposici\u00f3n de electrodos, interconexiones y capas de barrera en la fabricaci\u00f3n de circuitos integrados, cumpliendo con los requisitos de miniaturizaci\u00f3n y alto rendimiento de los dispositivos.<br \/>\nTecnolog\u00eda de pantallas planas: se emplean en la producci\u00f3n de LCD, OLED y otras pantallas para fabricar circuitos conductores de precisi\u00f3n y capas de pel\u00edcula cr\u00edticas en transistores de pel\u00edcula delgada (TFT).<br \/>\nAlmacenamiento de datos y dispositivos magn\u00e9ticos: sirven como material objetivo principal para la fabricaci\u00f3n de soportes de grabaci\u00f3n magn\u00e9tica en platos de discos duros, diversos cabezales magn\u00e9ticos y sensores magn\u00e9ticos de alta sensibilidad.<br \/>\nInvestigaci\u00f3n de vanguardia y recubrimiento \u00f3ptico: proporciona soporte de material de alta pureza para el desarrollo de nuevos materiales (por ejemplo, dispositivos espintr\u00f3nicos) en universidades e institutos de investigaci\u00f3n, as\u00ed como recubrimientos funcionales para componentes \u00f3pticos.<\/p>\n<h2><span style=\"color: #0000ff;\"><a style=\"color: #0000ff;\" href=\"https:\/\/ulpmat.com\/es\/empresa\/preguntas-frecuentes\/\"><span style=\"font-size: 14pt;\">Preguntas frecuentes<\/span><\/a><\/span><\/h2>\n<p>P1: \u00bfC\u00f3mo se mide la pureza de los blancos de hierro? \u00bfQu\u00e9 elementos se controlan principalmente en cuanto a impurezas?<br \/>\nR1: La pureza se expresa normalmente en porcentaje. Sometemos a rigurosas pruebas y controles las impurezas clave, incluidos los metales alcalinos, los metales pesados y los elementos gaseosos (ox\u00edgeno, nitr\u00f3geno), utilizando m\u00e9todos de precisi\u00f3n como la espectrometr\u00eda de masas con descarga luminiscente (GD-MS) para garantizar el cumplimiento de las normas de aplicaci\u00f3n de alta gama.<\/p>\n<p>P2: \u00bfEs el hierro un material fuertemente magn\u00e9tico?<br \/>\nR2: S\u00ed. El fuerte magnetismo de los blancos de hierro puede blindar los campos magn\u00e9ticos, lo que podr\u00eda afectar a la estabilidad del plasma de pulverizaci\u00f3n.<\/p>\n<p>P3: \u00bfPor qu\u00e9 algunos blancos de hierro requieren la uni\u00f3n a una placa de soporte (por ejemplo, de cobre)?<br \/>\nR3: Es fundamental unir una placa de soporte de alta conductividad t\u00e9rmica. Esta disipa r\u00e1pidamente el calor generado durante la pulverizaci\u00f3n, lo que evita que el blanco se agriete o se deforme por un sobrecalentamiento localizado. Esto mejora significativamente la utilizaci\u00f3n del blanco y la seguridad operativa, especialmente en procesos de pulverizaci\u00f3n de alta potencia.<\/p>\n<p>P4: \u00bfSe pueden personalizar los blancos a base de hierro con dimensiones no est\u00e1ndar o composiciones de aleaciones especiales?<br \/>\nR4: Por supuesto. Contamos con capacidades de proceso completas, desde la fundici\u00f3n y la forja hasta el mecanizado de precisi\u00f3n, lo que nos permite personalizar blancos de cualquier tama\u00f1o y forma bas\u00e1ndonos en los planos que nos proporcione.<\/p>\n<h2><span style=\"font-size: 14pt;\">Informes<\/span><\/h2>\n<p>Cada lote se suministra con:<br \/>\n<span style=\"color: #0000ff;\"><a style=\"color: #0000ff;\" href=\"https:\/\/ulpmat.com\/es\/documentos\/certificado-de-analisis\/\">Certificado de an\u00e1lisis (COA)<\/a><\/span><\/p>\n<p><span style=\"color: #0000ff;\"><a style=\"color: #0000ff;\" href=\"https:\/\/ulpmat.com\/es\/documentos\/ficha-tecnica\/\">Ficha t\u00e9cnica (TDS)<\/a><\/span><\/p>\n<p><span style=\"color: #0000ff;\"><a style=\"color: #0000ff;\" href=\"https:\/\/ulpmat.com\/es\/documentos\/ficha-de-datos-de-seguridad\/\">Ficha de datos de seguridad (MSDS)<\/a><\/span><br \/>\nInforme de inspecci\u00f3n de tama\u00f1o<br \/>\nInformes de pruebas de terceros disponibles bajo petici\u00f3n<\/p>\n<h2><span style=\"font-size: 14pt;\">. \u00bfPor qu\u00e9 elegirnos?<\/span><\/h2>\n<p>Nos especializamos en materiales met\u00e1licos de alta pureza, ofreciendo no solo productos, sino soluciones integrales. Desde nuestro profundo conocimiento de los retos que plantea la pulverizaci\u00f3n en blancos ferromagn\u00e9ticos hasta nuestro riguroso control de calidad de principio a fin, desde la purificaci\u00f3n de la materia prima hasta el embalaje final, nos aseguramos de que cada blanco presente un rendimiento excepcional y constante.<\/p>\n","protected":false},"excerpt":{"rendered":"<p>Blanco de pulverizaci\u00f3n de hierro met\u00e1lico Descripci\u00f3n general del producto Los blancos de pulverizaci\u00f3n de hierro son un material fundamental para la fabricaci\u00f3n de pel\u00edculas delgadas funcionales mediante t\u00e9cnicas de deposici\u00f3n f\u00edsica de vapor (PVD), como la pulverizaci\u00f3n cat\u00f3dica con magnetr\u00f3n. Sus principales ventajas son su excepcional pureza met\u00e1lica y sus excelentes propiedades ferromagn\u00e9ticas. Estos [&hellip;]<\/p>\n","protected":false},"featured_media":53596,"template":"","meta":{"_acf_changed":false},"product_brand":[132],"product_cat":[309],"product_tag":[392,8172],"class_list":{"0":"post-53595","1":"product","2":"type-product","3":"status-publish","4":"has-post-thumbnail","6":"product_brand-ulpmat","7":"product_cat-blanco-metalico-para-sputtering","8":"product_tag-blanco-para-sputtering","9":"product_tag-blanco-para-sputtering-de-hierro-metalico","11":"first","12":"instock","13":"shipping-taxable","14":"product-type-variable"},"acf":[],"_links":{"self":[{"href":"https:\/\/ulpmat.com\/es\/wp-json\/wp\/v2\/product\/53595","targetHints":{"allow":["GET"]}}],"collection":[{"href":"https:\/\/ulpmat.com\/es\/wp-json\/wp\/v2\/product"}],"about":[{"href":"https:\/\/ulpmat.com\/es\/wp-json\/wp\/v2\/types\/product"}],"wp:featuredmedia":[{"embeddable":true,"href":"https:\/\/ulpmat.com\/es\/wp-json\/wp\/v2\/media\/53596"}],"wp:attachment":[{"href":"https:\/\/ulpmat.com\/es\/wp-json\/wp\/v2\/media?parent=53595"}],"wp:term":[{"taxonomy":"product_brand","embeddable":true,"href":"https:\/\/ulpmat.com\/es\/wp-json\/wp\/v2\/product_brand?post=53595"},{"taxonomy":"product_cat","embeddable":true,"href":"https:\/\/ulpmat.com\/es\/wp-json\/wp\/v2\/product_cat?post=53595"},{"taxonomy":"product_tag","embeddable":true,"href":"https:\/\/ulpmat.com\/es\/wp-json\/wp\/v2\/product_tag?post=53595"}],"curies":[{"name":"wp","href":"https:\/\/api.w.org\/{rel}","templated":true}]}}